{"id":9381,"date":"2021-11-12T14:04:04","date_gmt":"2021-11-12T12:04:04","guid":{"rendered":"http:\/\/comdiflex.com\/noticias-id\/"},"modified":"2026-01-21T12:06:27","modified_gmt":"2026-01-21T10:06:27","slug":"noticias-id","status":"publish","type":"page","link":"https:\/\/comdiflex.com\/pt\/noticias-id\/","title":{"rendered":"Not\u00edcias I+D"},"content":{"rendered":"<div class=\"fusion-fullwidth fullwidth-box fusion-builder-row-1 fusion-flex-container nonhundred-percent-fullwidth non-hundred-percent-height-scrolling\" style=\"background-color: rgba(255,255,255,0);background-position: center center;background-repeat: no-repeat;border-width: 0px 0px 0px 0px;border-color:#eae9e9;border-style:solid;\" ><div class=\"fusion-builder-row fusion-row fusion-flex-align-items-flex-start\" style=\"max-width:1012.96px;margin-left: calc(-4% \/ 2 );margin-right: calc(-4% \/ 2 );\"><div class=\"fusion-layout-column fusion_builder_column fusion-builder-column-0 fusion_builder_column_1_1 1_1 fusion-flex-column\"><div class=\"fusion-column-wrapper fusion-flex-justify-content-flex-start fusion-content-layout-column\" style=\"background-position:left top;background-repeat:no-repeat;-webkit-background-size:cover;-moz-background-size:cover;-o-background-size:cover;background-size:cover;padding: 0px 0px 0px 0px;\"><div class=\"fusion-recent-posts fusion-recent-posts-1 avada-container layout-default layout-columns-2\"><section class=\"fusion-columns columns fusion-columns-2 columns-2\"><article class=\"post fusion-column column col col-lg-6 col-md-6 col-sm-6\"><div class=\"fusion-flexslider fusion-flexslider-loading flexslider flexslider-hover-type-zoomin\"><ul class=\"slides\"><li><a href=\"https:\/\/comdiflex.com\/pt\/dilatacao-termica-instalacoes-industriais\/\" aria-label=\"Compensadores de dilata\u00e7\u00e3o em instala\u00e7\u00f5es industriais: quando s\u00e3o necess\u00e1rios e como escolh\u00ea-los\" class=\"hover-type-zoomin\"><img decoding=\"async\" width=\"700\" height=\"441\" src=\"https:\/\/comdiflex.com\/wp-content\/uploads\/2026\/01\/expansion-termica-tuberias-industriales-700x441.png\" class=\"attachment-recent-posts size-recent-posts lazyload\" alt=\"\" srcset=\"data:image\/svg+xml,%3Csvg%20xmlns%3D%27http%3A%2F%2Fwww.w3.org%2F2000%2Fsvg%27%20width%3D%271280%27%20height%3D%27896%27%20viewBox%3D%270%200%201280%20896%27%3E%3Crect%20width%3D%271280%27%20height%3D%273896%27%20fill-opacity%3D%220%22%2F%3E%3C%2Fsvg%3E\" data-orig-src=\"https:\/\/comdiflex.com\/wp-content\/uploads\/2026\/01\/expansion-termica-tuberias-industriales-700x441.png\" data-srcset=\"https:\/\/comdiflex.com\/wp-content\/uploads\/2026\/01\/expansion-termica-tuberias-industriales-320x202.png 320w, https:\/\/comdiflex.com\/wp-content\/uploads\/2026\/01\/expansion-termica-tuberias-industriales-700x441.png 700w\" data-sizes=\"auto\" \/><\/a><\/li><\/ul><\/div><div class=\"recent-posts-content\"><span class=\"vcard\" style=\"display: none;\"><span class=\"fn\"><a href=\"https:\/\/comdiflex.com\/pt\/author\/picabea\/\" title=\"Posts by Picabea\" rel=\"author\">Picabea<\/a><\/span><\/span><span class=\"updated\" style=\"display:none;\">2026-01-15T16:16:53+02:00<\/span><h4 class=\"entry-title\"><a href=\"https:\/\/comdiflex.com\/pt\/dilatacao-termica-instalacoes-industriais\/\">Compensadores de dilata\u00e7\u00e3o em instala\u00e7\u00f5es industriais: quando s\u00e3o necess\u00e1rios e como escolh\u00ea-los<\/a><\/h4><p class=\"meta\"><span class=\"vcard\" style=\"display: none;\"><span class=\"fn\"><a href=\"https:\/\/comdiflex.com\/pt\/author\/picabea\/\" title=\"Posts by Picabea\" rel=\"author\">Picabea<\/a><\/span><\/span><span class=\"updated\" style=\"display:none;\">2026-01-15T16:16:53+02:00<\/span><\/p><p> Em instala\u00e7\u00f5es industriais atuais, as varia\u00e7\u00f5es de temperatura, press\u00e3o e carga mec\u00e2nica geram movimentos inevit\u00e1veis em tubula\u00e7\u00f5es, condutos e equipamentos. Se esses movimentos n\u00e3o forem geridos corretamente, podem resultar em tens\u00f5es estruturais, vibra\u00e7\u00f5es excessivas,<\/p><\/div><\/article><article class=\"post fusion-column column col col-lg-6 col-md-6 col-sm-6\"><div class=\"fusion-flexslider fusion-flexslider-loading flexslider flexslider-hover-type-zoomin\"><ul class=\"slides\"><li><a href=\"https:\/\/comdiflex.com\/pt\/um-compromisso-com-a-arte-e-a-cultura\/\" aria-label=\"Inauguramos nossa Sede Social:\" class=\"hover-type-zoomin\"><img decoding=\"async\" width=\"700\" height=\"441\" src=\"https:\/\/comdiflex.com\/wp-content\/uploads\/2025\/09\/Jose-Ruiz-Villandiego-44-700x441.jpg\" class=\"attachment-recent-posts size-recent-posts lazyload\" alt=\"Sede Social Comdiflex | Kempchen Gallery Donostia-San Sebasti\u00e1n\" srcset=\"data:image\/svg+xml,%3Csvg%20xmlns%3D%27http%3A%2F%2Fwww.w3.org%2F2000%2Fsvg%27%20width%3D%272560%27%20height%3D%271707%27%20viewBox%3D%270%200%202560%201707%27%3E%3Crect%20width%3D%272560%27%20height%3D%2731707%27%20fill-opacity%3D%220%22%2F%3E%3C%2Fsvg%3E\" data-orig-src=\"https:\/\/comdiflex.com\/wp-content\/uploads\/2025\/09\/Jose-Ruiz-Villandiego-44-700x441.jpg\" data-srcset=\"https:\/\/comdiflex.com\/wp-content\/uploads\/2025\/09\/Jose-Ruiz-Villandiego-44-320x202.jpg 320w, https:\/\/comdiflex.com\/wp-content\/uploads\/2025\/09\/Jose-Ruiz-Villandiego-44-700x441.jpg 700w\" data-sizes=\"auto\" \/><\/a><\/li><\/ul><\/div><div class=\"recent-posts-content\"><span class=\"vcard\" style=\"display: none;\"><span class=\"fn\"><a href=\"https:\/\/comdiflex.com\/pt\/author\/janbiel\/\" title=\"Posts by Janbiel\" rel=\"author\">Janbiel<\/a><\/span><\/span><span class=\"updated\" style=\"display:none;\">2026-01-07T19:02:14+02:00<\/span><h4 class=\"entry-title\"><a href=\"https:\/\/comdiflex.com\/pt\/um-compromisso-com-a-arte-e-a-cultura\/\">Inauguramos nossa Sede Social:<\/a><\/h4><p class=\"meta\"><span class=\"vcard\" style=\"display: none;\"><span class=\"fn\"><a href=\"https:\/\/comdiflex.com\/pt\/author\/janbiel\/\" title=\"Posts by Janbiel\" rel=\"author\">Janbiel<\/a><\/span><\/span><span class=\"updated\" style=\"display:none;\">2026-01-07T19:02:14+02:00<\/span><\/p><p> Una apuesta por el arte y la cultura     O Kempchen Comdiflex Industrial Group tem o prazer de anunciar a inaugura\u00e7\u00e3o da KEMPCHEN GALLERY, a nossa nova galeria de arte e<\/p><\/div><\/article><article class=\"post fusion-column column col col-lg-6 col-md-6 col-sm-6\"><div class=\"fusion-flexslider fusion-flexslider-loading flexslider flexslider-hover-type-zoomin\"><ul class=\"slides\"><li><a href=\"https:\/\/comdiflex.com\/pt\/fixadores-porcas-e-parafusos-de-alta-performance-para-aplicacoes-exigentes\/\" aria-label=\"Fixadores, Porcas e Parafusos de Alta Performance para Aplica\u00e7\u00f5es Exigentes\" class=\"hover-type-zoomin\"><img decoding=\"async\" width=\"700\" height=\"420\" src=\"data:image\/svg+xml,%3Csvg%20xmlns%3D%27http%3A%2F%2Fwww.w3.org%2F2000%2Fsvg%27%20width%3D%27976%27%20height%3D%27420%27%20viewBox%3D%270%200%20976%20420%27%3E%3Crect%20width%3D%27976%27%20height%3D%273420%27%20fill-opacity%3D%220%22%2F%3E%3C%2Fsvg%3E\" class=\"attachment-recent-posts size-recent-posts lazyload\" alt=\"TORNILLER\u00cdA\" data-orig-src=\"https:\/\/comdiflex.com\/wp-content\/uploads\/2025\/06\/Tornilleria-home-700x420.jpg\" \/><\/a><\/li><\/ul><\/div><div class=\"recent-posts-content\"><span class=\"vcard\" style=\"display: none;\"><span class=\"fn\"><a href=\"https:\/\/comdiflex.com\/pt\/author\/janbiel\/\" title=\"Posts by Janbiel\" rel=\"author\">Janbiel<\/a><\/span><\/span><span class=\"updated\" style=\"display:none;\">2025-06-13T13:30:22+02:00<\/span><h4 class=\"entry-title\"><a href=\"https:\/\/comdiflex.com\/pt\/fixadores-porcas-e-parafusos-de-alta-performance-para-aplicacoes-exigentes\/\">Fixadores, Porcas e Parafusos de Alta Performance para Aplica\u00e7\u00f5es Exigentes<\/a><\/h4><p class=\"meta\"><span class=\"vcard\" style=\"display: none;\"><span class=\"fn\"><a href=\"https:\/\/comdiflex.com\/pt\/author\/janbiel\/\" title=\"Posts by Janbiel\" rel=\"author\">Janbiel<\/a><\/span><\/span><span class=\"updated\" style=\"display:none;\">2025-06-13T13:30:22+02:00<\/span><\/p><p> Kempchen Comdiflex: Especialistas em solu\u00e7\u00f5es de fixa\u00e7\u00e3o industrial de alto n\u00edvel  No setor de elementos de fixa\u00e7\u00e3o, precis\u00e3o, resist\u00eancia e confiabilidade s\u00e3o fatores essenciais. Na Kempchen Comdiflex, oferecemos uma linha completa de fixadores<\/p><\/div><\/article><article class=\"post fusion-column column col col-lg-6 col-md-6 col-sm-6\"><div class=\"fusion-flexslider fusion-flexslider-loading flexslider flexslider-hover-type-zoomin\"><ul class=\"slides\"><li><a href=\"https:\/\/comdiflex.com\/pt\/solucoes-de-detecao-de-fugas-comdiflex-protecao-e-controlo-com-tecnologia-avancada\/\" aria-label=\"Solu\u00e7\u00f5es de Dete\u00e7\u00e3o de Fugas Comdiflex: Prote\u00e7\u00e3o e Controlo com Tecnologia Avan\u00e7ada\" class=\"hover-type-zoomin\"><img decoding=\"async\" width=\"700\" height=\"346\" src=\"data:image\/svg+xml,%3Csvg%20xmlns%3D%27http%3A%2F%2Fwww.w3.org%2F2000%2Fsvg%27%20width%3D%27974%27%20height%3D%27346%27%20viewBox%3D%270%200%20974%20346%27%3E%3Crect%20width%3D%27974%27%20height%3D%273346%27%20fill-opacity%3D%220%22%2F%3E%3C%2Fsvg%3E\" class=\"attachment-recent-posts size-recent-posts lazyload\" alt=\"detector fugas\" data-orig-src=\"https:\/\/comdiflex.com\/wp-content\/uploads\/2021\/11\/detector-fugas-pag-700x346.jpg\" \/><\/a><\/li><\/ul><\/div><div class=\"recent-posts-content\"><span class=\"vcard\" style=\"display: none;\"><span class=\"fn\"><a href=\"https:\/\/comdiflex.com\/pt\/author\/janbiel\/\" title=\"Posts by Janbiel\" rel=\"author\">Janbiel<\/a><\/span><\/span><span class=\"updated\" style=\"display:none;\">2025-06-13T12:33:50+02:00<\/span><h4 class=\"entry-title\"><a href=\"https:\/\/comdiflex.com\/pt\/solucoes-de-detecao-de-fugas-comdiflex-protecao-e-controlo-com-tecnologia-avancada\/\">Solu\u00e7\u00f5es de Dete\u00e7\u00e3o de Fugas Comdiflex: Prote\u00e7\u00e3o e Controlo com Tecnologia Avan\u00e7ada<\/a><\/h4><p class=\"meta\"><span class=\"vcard\" style=\"display: none;\"><span class=\"fn\"><a href=\"https:\/\/comdiflex.com\/pt\/author\/janbiel\/\" title=\"Posts by Janbiel\" rel=\"author\">Janbiel<\/a><\/span><\/span><span class=\"updated\" style=\"display:none;\">2025-06-13T12:33:50+02:00<\/span><\/p><p> As fugas em instala\u00e7\u00f5es industriais podem parecer pequenas, mas as suas consequ\u00eancias podem ser significativas. Perdas econ\u00f3micas, riscos ambientais ou at\u00e9 mesmo acidentes podem resultar da dete\u00e7\u00e3o tardia. Na Comdiflex, compreendemos a import\u00e2ncia da<\/p><\/div><\/article><article class=\"post fusion-column column col col-lg-6 col-md-6 col-sm-6\"><div class=\"fusion-flexslider fusion-flexslider-loading flexslider flexslider-hover-type-zoomin\"><ul class=\"slides\"><li><a href=\"https:\/\/comdiflex.com\/pt\/compensadores-de-dilatacao-peca-chave-para-a-eficiencia-e-seguranca-das-instalacoes-industriai\/\" aria-label=\"Compensadores de dilata\u00e7\u00e3o: pe\u00e7a-chave para a efici\u00eancia e seguran\u00e7a das instala\u00e7\u00f5es industriai\" class=\"hover-type-zoomin\"><img decoding=\"async\" width=\"225\" height=\"225\" src=\"https:\/\/comdiflex.com\/wp-content\/uploads\/2025\/05\/COMPENSADOR-METALICO.jpg\" class=\"attachment-recent-posts size-recent-posts lazyload\" alt=\"\" srcset=\"data:image\/svg+xml,%3Csvg%20xmlns%3D%27http%3A%2F%2Fwww.w3.org%2F2000%2Fsvg%27%20width%3D%27225%27%20height%3D%27225%27%20viewBox%3D%270%200%20225%20225%27%3E%3Crect%20width%3D%27225%27%20height%3D%273225%27%20fill-opacity%3D%220%22%2F%3E%3C%2Fsvg%3E\" data-orig-src=\"https:\/\/comdiflex.com\/wp-content\/uploads\/2025\/05\/COMPENSADOR-METALICO.jpg\" data-srcset=\"https:\/\/comdiflex.com\/wp-content\/uploads\/2025\/05\/COMPENSADOR-METALICO-66x66.jpg 66w, https:\/\/comdiflex.com\/wp-content\/uploads\/2025\/05\/COMPENSADOR-METALICO-150x150.jpg 150w, https:\/\/comdiflex.com\/wp-content\/uploads\/2025\/05\/COMPENSADOR-METALICO-200x200.jpg 200w, https:\/\/comdiflex.com\/wp-content\/uploads\/2025\/05\/COMPENSADOR-METALICO.jpg 225w\" data-sizes=\"auto\" \/><\/a><\/li><\/ul><\/div><div class=\"recent-posts-content\"><span class=\"vcard\" style=\"display: none;\"><span class=\"fn\"><a href=\"https:\/\/comdiflex.com\/pt\/author\/janbiel\/\" title=\"Posts by Janbiel\" rel=\"author\">Janbiel<\/a><\/span><\/span><span class=\"updated\" style=\"display:none;\">2025-05-23T12:30:01+02:00<\/span><h4 class=\"entry-title\"><a href=\"https:\/\/comdiflex.com\/pt\/compensadores-de-dilatacao-peca-chave-para-a-eficiencia-e-seguranca-das-instalacoes-industriai\/\">Compensadores de dilata\u00e7\u00e3o: pe\u00e7a-chave para a efici\u00eancia e seguran\u00e7a das instala\u00e7\u00f5es industriai<\/a><\/h4><p class=\"meta\"><span class=\"vcard\" style=\"display: none;\"><span class=\"fn\"><a href=\"https:\/\/comdiflex.com\/pt\/author\/janbiel\/\" title=\"Posts by Janbiel\" rel=\"author\">Janbiel<\/a><\/span><\/span><span class=\"updated\" style=\"display:none;\">2025-05-23T12:30:01+02:00<\/span><\/p><p>  Nas redes de tubula\u00e7\u00f5es industriais, onde os sistemas est\u00e3o sujeitos a altas temperaturas, press\u00f5es e movimentos constantes, \u00e9 fundamental contar com componentes que absorvam e compensem essas tens\u00f5es. \u00c9 nesse contexto que entram<\/p><\/div><\/article><article class=\"post fusion-column column col col-lg-6 col-md-6 col-sm-6\"><div class=\"fusion-flexslider fusion-flexslider-loading flexslider flexslider-hover-type-zoomin\"><ul class=\"slides\"><li><a href=\"https:\/\/comdiflex.com\/pt\/tecnica-de-guia-comente-a-escolha-da-junta-adaptada-a-sua-aplicacao\/\" aria-label=\"T\u00e9cnica de guia\u00a0: Comente a escolha da junta adaptada \u00e0 sua aplica\u00e7\u00e3o\" class=\"hover-type-zoomin\"><img decoding=\"async\" width=\"583\" height=\"441\" src=\"data:image\/svg+xml,%3Csvg%20xmlns%3D%27http%3A%2F%2Fwww.w3.org%2F2000%2Fsvg%27%20width%3D%27583%27%20height%3D%27652%27%20viewBox%3D%270%200%20583%20652%27%3E%3Crect%20width%3D%27583%27%20height%3D%273652%27%20fill-opacity%3D%220%22%2F%3E%3C%2Fsvg%3E\" class=\"attachment-recent-posts size-recent-posts lazyload\" alt=\"guia juntas\" data-orig-src=\"https:\/\/comdiflex.com\/wp-content\/uploads\/2025\/05\/guia-juntas-583x441.jpg\" \/><\/a><\/li><\/ul><\/div><div class=\"recent-posts-content\"><span class=\"vcard\" style=\"display: none;\"><span class=\"fn\"><a href=\"https:\/\/comdiflex.com\/pt\/author\/janbiel\/\" title=\"Posts by Janbiel\" rel=\"author\">Janbiel<\/a><\/span><\/span><span class=\"updated\" style=\"display:none;\">2025-05-14T12:31:54+02:00<\/span><h4 class=\"entry-title\"><a href=\"https:\/\/comdiflex.com\/pt\/tecnica-de-guia-comente-a-escolha-da-junta-adaptada-a-sua-aplicacao\/\">T\u00e9cnica de guia\u00a0: Comente a escolha da junta adaptada \u00e0 sua aplica\u00e7\u00e3o<\/a><\/h4><p class=\"meta\"><span class=\"vcard\" style=\"display: none;\"><span class=\"fn\"><a href=\"https:\/\/comdiflex.com\/pt\/author\/janbiel\/\" title=\"Posts by Janbiel\" rel=\"author\">Janbiel<\/a><\/span><\/span><span class=\"updated\" style=\"display:none;\">2025-05-14T12:31:54+02:00<\/span><\/p><p> A sele\u00e7\u00e3o da junta adequada \u00e9 essencial para garantir a seguran\u00e7a, efic\u00e1cia e durabilidade de todo o sistema. Na Kempchen Comdiflex, compreendemos que cada aplica\u00e7\u00e3o tem requisitos espec\u00edficos. Abaixo, propomos-lhe um guia para que<\/p><\/div><\/article><\/section><div class=\"pagination clearfix\"><span class=\"current\">1<\/span><a href=\"https:\/\/comdiflex.com\/pt\/wp-json\/wp\/v2\/pages\/9381\/page\/2\/\" class=\"inactive\">2<\/a><a class=\"pagination-next\" rel=\"next\" href=\"https:\/\/comdiflex.com\/pt\/wp-json\/wp\/v2\/pages\/9381\/page\/2\/\"><span class=\"page-text\">Next<\/span><span class=\"page-next\"><\/span><\/a><\/div><div class=\"fusion-clearfix\"><\/div><\/div><\/div><\/div><style type=\"text\/css\">.fusion-body .fusion-builder-column-0{width:100% !important;margin-top : 0px;margin-bottom : 20px;}.fusion-builder-column-0 > .fusion-column-wrapper {padding-top : 0px !important;padding-right : 0px !important;margin-right : 1.92%;padding-bottom : 0px !important;padding-left : 0px !important;margin-left : 1.92%;}@media only screen and (max-width:1024px) {.fusion-body .fusion-builder-column-0{width:100% !important;order : 0;}.fusion-builder-column-0 > .fusion-column-wrapper {margin-right : 1.92%;margin-left : 1.92%;}}@media only screen and (max-width:640px) {.fusion-body .fusion-builder-column-0{width:100% !important;order : 0;}.fusion-builder-column-0 > .fusion-column-wrapper {margin-right : 1.92%;margin-left : 1.92%;}}<\/style><\/div><style type=\"text\/css\">.fusion-body .fusion-flex-container.fusion-builder-row-1{ padding-top : 0px;margin-top : 0px;padding-right : 0px;padding-bottom : 0px;margin-bottom : 0px;padding-left : 0px;}<\/style><\/div>\n","protected":false},"excerpt":{"rendered":"","protected":false},"author":1,"featured_media":0,"parent":0,"menu_order":0,"comment_status":"closed","ping_status":"closed","template":"","meta":{"_acf_changed":false,"footnotes":""},"class_list":["post-9381","page","type-page","status-publish","hentry"],"acf":[],"yoast_head":"<!-- This site is optimized with the Yoast SEO Premium plugin v22.9 (Yoast SEO v27.2) - https:\/\/yoast.com\/product\/yoast-seo-premium-wordpress\/ -->\n<title>Not\u00edcias I+D | Comdiflex<\/title>\n<meta name=\"description\" content=\"Not\u00edcias I&amp;D da Comdiflex: inova\u00e7\u00e3o, tecnologia e desenvolvimento em solu\u00e7\u00f5es de estanquidade e materiais industriais avan\u00e7ados.\" \/>\n<meta name=\"robots\" content=\"index, follow, max-snippet:-1, max-image-preview:large, max-video-preview:-1\" \/>\n<link rel=\"canonical\" href=\"https:\/\/comdiflex.com\/pt\/noticias-id\/\" \/>\n<meta property=\"og:locale\" content=\"pt_PT\" \/>\n<meta property=\"og:type\" content=\"article\" \/>\n<meta property=\"og:title\" content=\"Not\u00edcias I+D\" \/>\n<meta property=\"og:description\" content=\"Not\u00edcias I&amp;D da Comdiflex: inova\u00e7\u00e3o, tecnologia e desenvolvimento em solu\u00e7\u00f5es de estanquidade e materiais industriais avan\u00e7ados.\" \/>\n<meta property=\"og:url\" content=\"https:\/\/comdiflex.com\/pt\/noticias-id\/\" \/>\n<meta property=\"og:site_name\" content=\"Comdiflex\" \/>\n<meta property=\"article:modified_time\" content=\"2026-01-21T10:06:27+00:00\" \/>\n<meta name=\"twitter:card\" content=\"summary_large_image\" \/>\n<script type=\"application\/ld+json\" class=\"yoast-schema-graph\">{\"@context\":\"https:\/\/schema.org\",\"@graph\":[{\"@type\":\"WebPage\",\"@id\":\"https:\/\/comdiflex.com\/pt\/noticias-id\/\",\"url\":\"https:\/\/comdiflex.com\/pt\/noticias-id\/\",\"name\":\"Not\u00edcias I+D | Comdiflex\",\"isPartOf\":{\"@id\":\"https:\/\/comdiflex.com\/pt\/#website\"},\"datePublished\":\"2021-11-12T12:04:04+00:00\",\"dateModified\":\"2026-01-21T10:06:27+00:00\",\"description\":\"Not\u00edcias I&D da Comdiflex: inova\u00e7\u00e3o, tecnologia e desenvolvimento em solu\u00e7\u00f5es de estanquidade e materiais industriais avan\u00e7ados.\",\"breadcrumb\":{\"@id\":\"https:\/\/comdiflex.com\/pt\/noticias-id\/#breadcrumb\"},\"inLanguage\":\"pt\",\"potentialAction\":[{\"@type\":\"ReadAction\",\"target\":[\"https:\/\/comdiflex.com\/pt\/noticias-id\/\"]}]},{\"@type\":\"BreadcrumbList\",\"@id\":\"https:\/\/comdiflex.com\/pt\/noticias-id\/#breadcrumb\",\"itemListElement\":[{\"@type\":\"ListItem\",\"position\":1,\"name\":\"Inicio\",\"item\":\"https:\/\/comdiflex.com\/pt\/\"},{\"@type\":\"ListItem\",\"position\":2,\"name\":\"Not\u00edcias I+D\"}]},{\"@type\":\"WebSite\",\"@id\":\"https:\/\/comdiflex.com\/pt\/#website\",\"url\":\"https:\/\/comdiflex.com\/pt\/\",\"name\":\"Comdiflex\",\"description\":\"Fabricante de juntas y compensadores | Fabricaci\u00f3n urgente\",\"publisher\":{\"@id\":\"https:\/\/comdiflex.com\/pt\/#organization\"},\"potentialAction\":[{\"@type\":\"SearchAction\",\"target\":{\"@type\":\"EntryPoint\",\"urlTemplate\":\"https:\/\/comdiflex.com\/pt\/?s={search_term_string}\"},\"query-input\":{\"@type\":\"PropertyValueSpecification\",\"valueRequired\":true,\"valueName\":\"search_term_string\"}}],\"inLanguage\":\"pt\"},{\"@type\":\"Organization\",\"@id\":\"https:\/\/comdiflex.com\/pt\/#organization\",\"name\":\"COMDIFLEX\",\"url\":\"https:\/\/comdiflex.com\/pt\/\",\"logo\":{\"@type\":\"ImageObject\",\"inLanguage\":\"pt\",\"@id\":\"https:\/\/comdiflex.com\/pt\/#\/schema\/logo\/image\/\",\"url\":\"https:\/\/comdiflex.com\/wp-content\/uploads\/2021\/06\/logocomdiflex275x62.png\",\"contentUrl\":\"https:\/\/comdiflex.com\/wp-content\/uploads\/2021\/06\/logocomdiflex275x62.png\",\"width\":275,\"height\":62,\"caption\":\"COMDIFLEX\"},\"image\":{\"@id\":\"https:\/\/comdiflex.com\/pt\/#\/schema\/logo\/image\/\"},\"sameAs\":[\"https:\/\/www.linkedin.com\/company\/grupo-industrial-kempchen-comdiflex-s-a-\/\"]}]}<\/script>\n<!-- \/ Yoast SEO Premium plugin. -->","yoast_head_json":{"title":"Not\u00edcias I+D | Comdiflex","description":"Not\u00edcias I&D da Comdiflex: inova\u00e7\u00e3o, tecnologia e desenvolvimento em solu\u00e7\u00f5es de estanquidade e materiais industriais avan\u00e7ados.","robots":{"index":"index","follow":"follow","max-snippet":"max-snippet:-1","max-image-preview":"max-image-preview:large","max-video-preview":"max-video-preview:-1"},"canonical":"https:\/\/comdiflex.com\/pt\/noticias-id\/","og_locale":"pt_PT","og_type":"article","og_title":"Not\u00edcias I+D","og_description":"Not\u00edcias I&D da Comdiflex: inova\u00e7\u00e3o, tecnologia e desenvolvimento em solu\u00e7\u00f5es de estanquidade e materiais industriais avan\u00e7ados.","og_url":"https:\/\/comdiflex.com\/pt\/noticias-id\/","og_site_name":"Comdiflex","article_modified_time":"2026-01-21T10:06:27+00:00","twitter_card":"summary_large_image","schema":{"@context":"https:\/\/schema.org","@graph":[{"@type":"WebPage","@id":"https:\/\/comdiflex.com\/pt\/noticias-id\/","url":"https:\/\/comdiflex.com\/pt\/noticias-id\/","name":"Not\u00edcias I+D | Comdiflex","isPartOf":{"@id":"https:\/\/comdiflex.com\/pt\/#website"},"datePublished":"2021-11-12T12:04:04+00:00","dateModified":"2026-01-21T10:06:27+00:00","description":"Not\u00edcias I&D da Comdiflex: inova\u00e7\u00e3o, tecnologia e desenvolvimento em solu\u00e7\u00f5es de estanquidade e materiais industriais avan\u00e7ados.","breadcrumb":{"@id":"https:\/\/comdiflex.com\/pt\/noticias-id\/#breadcrumb"},"inLanguage":"pt","potentialAction":[{"@type":"ReadAction","target":["https:\/\/comdiflex.com\/pt\/noticias-id\/"]}]},{"@type":"BreadcrumbList","@id":"https:\/\/comdiflex.com\/pt\/noticias-id\/#breadcrumb","itemListElement":[{"@type":"ListItem","position":1,"name":"Inicio","item":"https:\/\/comdiflex.com\/pt\/"},{"@type":"ListItem","position":2,"name":"Not\u00edcias I+D"}]},{"@type":"WebSite","@id":"https:\/\/comdiflex.com\/pt\/#website","url":"https:\/\/comdiflex.com\/pt\/","name":"Comdiflex","description":"Fabricante de juntas y compensadores | Fabricaci\u00f3n urgente","publisher":{"@id":"https:\/\/comdiflex.com\/pt\/#organization"},"potentialAction":[{"@type":"SearchAction","target":{"@type":"EntryPoint","urlTemplate":"https:\/\/comdiflex.com\/pt\/?s={search_term_string}"},"query-input":{"@type":"PropertyValueSpecification","valueRequired":true,"valueName":"search_term_string"}}],"inLanguage":"pt"},{"@type":"Organization","@id":"https:\/\/comdiflex.com\/pt\/#organization","name":"COMDIFLEX","url":"https:\/\/comdiflex.com\/pt\/","logo":{"@type":"ImageObject","inLanguage":"pt","@id":"https:\/\/comdiflex.com\/pt\/#\/schema\/logo\/image\/","url":"https:\/\/comdiflex.com\/wp-content\/uploads\/2021\/06\/logocomdiflex275x62.png","contentUrl":"https:\/\/comdiflex.com\/wp-content\/uploads\/2021\/06\/logocomdiflex275x62.png","width":275,"height":62,"caption":"COMDIFLEX"},"image":{"@id":"https:\/\/comdiflex.com\/pt\/#\/schema\/logo\/image\/"},"sameAs":["https:\/\/www.linkedin.com\/company\/grupo-industrial-kempchen-comdiflex-s-a-\/"]}]}},"_links":{"self":[{"href":"https:\/\/comdiflex.com\/pt\/wp-json\/wp\/v2\/pages\/9381","targetHints":{"allow":["GET"]}}],"collection":[{"href":"https:\/\/comdiflex.com\/pt\/wp-json\/wp\/v2\/pages"}],"about":[{"href":"https:\/\/comdiflex.com\/pt\/wp-json\/wp\/v2\/types\/page"}],"author":[{"embeddable":true,"href":"https:\/\/comdiflex.com\/pt\/wp-json\/wp\/v2\/users\/1"}],"replies":[{"embeddable":true,"href":"https:\/\/comdiflex.com\/pt\/wp-json\/wp\/v2\/comments?post=9381"}],"version-history":[{"count":1,"href":"https:\/\/comdiflex.com\/pt\/wp-json\/wp\/v2\/pages\/9381\/revisions"}],"predecessor-version":[{"id":11631,"href":"https:\/\/comdiflex.com\/pt\/wp-json\/wp\/v2\/pages\/9381\/revisions\/11631"}],"wp:attachment":[{"href":"https:\/\/comdiflex.com\/pt\/wp-json\/wp\/v2\/media?parent=9381"}],"curies":[{"name":"wp","href":"https:\/\/api.w.org\/{rel}","templated":true}]}}