{"id":9244,"date":"2021-10-26T12:16:28","date_gmt":"2021-10-26T10:16:28","guid":{"rendered":"http:\/\/comdiflex.com\/produtos\/compensadores-de-dilatacao\/compensadores-de-dilatacao-de-borracha\/fabricacion-de-compensadores\/"},"modified":"2026-01-21T12:16:14","modified_gmt":"2026-01-21T10:16:14","slug":"fabrico-de-compensadores","status":"publish","type":"page","link":"https:\/\/comdiflex.com\/pt\/produtos\/compensadores-de-dilatacao\/compensadores-de-dilatacao-de-borracha\/fabrico-de-compensadores\/","title":{"rendered":"Fabrico de compensadores"},"content":{"rendered":"<div class=\"fusion-fullwidth fullwidth-box fusion-builder-row-1 fusion-flex-container nonhundred-percent-fullwidth non-hundred-percent-height-scrolling\" style=\"background-color: rgba(255,255,255,0);background-position: center center;background-repeat: no-repeat;border-width: 0px 0px 0px 0px;border-color:#eae9e9;border-style:solid;\" ><div class=\"fusion-builder-row fusion-row fusion-flex-align-items-flex-start\" style=\"max-width:1012.96px;margin-left: calc(-4% \/ 2 );margin-right: calc(-4% \/ 2 );\"><div class=\"fusion-layout-column fusion_builder_column fusion-builder-column-0 fusion_builder_column_1_1 1_1 fusion-flex-column\"><div class=\"fusion-column-wrapper fusion-flex-justify-content-flex-start fusion-content-layout-column\" style=\"background-position:left top;background-repeat:no-repeat;-webkit-background-size:cover;-moz-background-size:cover;-o-background-size:cover;background-size:cover;padding: 0px 0px 0px 0px;\"><style type=\"text\/css\">@media only screen and (max-width:1024px) {.fusion-title.fusion-title-1{margin-top:0px!important;margin-bottom:30px!important;}}<\/style><div class=\"fusion-title title fusion-title-1 fusion-title-text fusion-title-size-two\" style=\"font-size:22px;margin-top:0px;margin-bottom:30px;\"><div class=\"title-sep-container title-sep-container-left fusion-no-large-visibility fusion-no-medium-visibility fusion-no-small-visibility\"><div class=\"title-sep sep-\" style=\"border-color:#e2e2e2;\"><\/div><\/div><h2 class=\"title-heading-left\" style=\"font-family:&quot;Lato&quot;;font-weight:700;margin:0;font-size:1em;\"><strong>1.0 Detalhes<\/strong><\/h2><div class=\"title-sep-container title-sep-container-right\"><div class=\"title-sep sep-\" style=\"border-color:#e2e2e2;\"><\/div><\/div><\/div><style type=\"text\/css\">@media only screen and (max-width:1024px) {.fusion-title.fusion-title-2{margin-top:0px!important;margin-bottom:0px!important;}}<\/style><div class=\"fusion-title title fusion-title-2 fusion-title-text fusion-title-size-three\" style=\"font-size:18px;margin-top:0px;margin-bottom:0px;\"><div class=\"title-sep-container title-sep-container-left fusion-no-large-visibility fusion-no-medium-visibility fusion-no-small-visibility\"><div class=\"title-sep sep-\" style=\"border-color:#e2e2e2;\"><\/div><\/div><h3 class=\"title-heading-left\" style=\"margin:0;font-size:1em;color:#f44336;\"><strong>\u00c1REA INDOOR<\/strong><\/h3><div class=\"title-sep-container title-sep-container-right\"><div class=\"title-sep sep-\" style=\"border-color:#e2e2e2;\"><\/div><\/div><\/div><div class=\"fusion-text fusion-text-1\" style=\"transform:translate3d(0,0,0);\"><p>Trata-se de uma monocamada de borracha ou borracha sint\u00e9tica ou natural sem costura que se estende at\u00e9 aos flanges de borracha da junta de modo a que o fluido do processo n\u00e3o entre em contacto directo com o tecido de refor\u00e7o. Esta zona interior pode ser concebida para satisfazer condi\u00e7\u00f5es e especifica\u00e7\u00f5es espec\u00edficas de servi\u00e7o exigidas pelo cliente, ou seja, para produtos qu\u00edmicos, petr\u00f3leo, \u00e1guas residuais, produtos gasosos e abrasivos.<\/p>\n<\/div><style type=\"text\/css\">@media only screen and (max-width:1024px) {.fusion-title.fusion-title-3{margin-top:0px!important;margin-bottom:0px!important;}}<\/style><div class=\"fusion-title title fusion-title-3 fusion-title-text fusion-title-size-three\" style=\"font-size:18px;margin-top:0px;margin-bottom:0px;\"><div class=\"title-sep-container title-sep-container-left fusion-no-large-visibility fusion-no-medium-visibility fusion-no-small-visibility\"><div class=\"title-sep sep-\" style=\"border-color:#e2e2e2;\"><\/div><\/div><h3 class=\"title-heading-left\" style=\"margin:0;font-size:1em;color:#f44336;\"><strong>COBERTURA<\/strong><\/h3><div class=\"title-sep-container title-sep-container-right\"><div class=\"title-sep sep-\" style=\"border-color:#e2e2e2;\"><\/div><\/div><\/div><div class=\"fusion-text fusion-text-2\" style=\"transform:translate3d(0,0,0);\"><p>A \u00e1rea de veda\u00e7\u00e3o externa \u00e9 formada por borrachas naturais ou sint\u00e9ticas, dependendo da aplica\u00e7\u00e3o. A principal fun\u00e7\u00e3o da cobertura \u00e9 a protec\u00e7\u00e3o estrutural da habita\u00e7\u00e3o. Podem ser fornecidos pol\u00edmeros e materiais especiais para produtos qu\u00edmicos, \u00f3leos, luz solar, gases, \u00e1cido e ozono.<\/p>\n<\/div><style type=\"text\/css\">@media only screen and (max-width:1024px) {.fusion-title.fusion-title-4{margin-top:0px!important;margin-bottom:0px!important;}}<\/style><div class=\"fusion-title title fusion-title-4 fusion-title-text fusion-title-size-three\" style=\"font-size:18px;margin-top:0px;margin-bottom:0px;\"><div class=\"title-sep-container title-sep-container-left fusion-no-large-visibility fusion-no-medium-visibility fusion-no-small-visibility\"><div class=\"title-sep sep-\" style=\"border-color:#e2e2e2;\"><\/div><\/div><h3 class=\"title-heading-left\" style=\"margin:0;font-size:1em;color:#f44336;\"><strong>REFOR\u00c7O DE TECIDO<\/strong><\/h3><div class=\"title-sep-container title-sep-container-right\"><div class=\"title-sep sep-\" style=\"border-color:#e2e2e2;\"><\/div><\/div><\/div><div class=\"fusion-text fusion-text-3\" style=\"transform:translate3d(0,0,0);\"><p>Entre la capa interior y la zona externa se utiliza tejido sint\u00e9tico de alta calidad, lo que permite que la junta trabaje a las presiones de operaci\u00f3n para la que est\u00e1 dise\u00f1ada.<\/p>\n<\/div><style type=\"text\/css\">@media only screen and (max-width:1024px) {.fusion-title.fusion-title-5{margin-top:0px!important;margin-bottom:0px!important;}}<\/style><div class=\"fusion-title title fusion-title-5 fusion-title-text fusion-title-size-three\" style=\"font-size:18px;margin-top:0px;margin-bottom:0px;\"><div class=\"title-sep-container title-sep-container-left fusion-no-large-visibility fusion-no-medium-visibility fusion-no-small-visibility\"><div class=\"title-sep sep-\" style=\"border-color:#e2e2e2;\"><\/div><\/div><h3 class=\"title-heading-left\" style=\"margin:0;font-size:1em;color:#f44336;\"><strong>REFUERZO MET\u00c1LICO<\/strong><\/h3><div class=\"title-sep-container title-sep-container-right\"><div class=\"title-sep sep-\" style=\"border-color:#e2e2e2;\"><\/div><\/div><\/div><div class=\"fusion-text fusion-text-4\" style=\"transform:translate3d(0,0,0);\"><p>An\u00e9is met\u00e1licos ou arame embutido no inv\u00f3lucro s\u00e3o utilizados para dar resist\u00eancia e estrutura firme \u00e0 junta, permitindo-lhe suportar a press\u00e3o de funcionamento do processo e fornecendo \u00e0 junta a rigidez necess\u00e1ria para operar a press\u00f5es negativas.<\/p>\n<\/div><div ><span class=\" fusion-imageframe imageframe-none imageframe-1 hover-type-none\"><img decoding=\"async\" width=\"400\" height=\"400\" alt=\"fabricaci\u00f3n compensadores\" title=\"fabricacion-compensadores\" src=\"https:\/\/comdiflex.com\/wp-content\/uploads\/2021\/10\/fabricacion-compensadores.jpg\" data-orig-src=\"http:\/\/comdiflex.com\/wp-content\/uploads\/2021\/10\/fabricacion-compensadores.jpg\" class=\"lazyload img-responsive wp-image-6630\" srcset=\"data:image\/svg+xml,%3Csvg%20xmlns%3D%27http%3A%2F%2Fwww.w3.org%2F2000%2Fsvg%27%20width%3D%27400%27%20height%3D%27400%27%20viewBox%3D%270%200%20400%20400%27%3E%3Crect%20width%3D%27400%27%20height%3D%273400%27%20fill-opacity%3D%220%22%2F%3E%3C%2Fsvg%3E\" data-srcset=\"https:\/\/comdiflex.com\/wp-content\/uploads\/2021\/10\/fabricacion-compensadores-200x200.jpg 200w, https:\/\/comdiflex.com\/wp-content\/uploads\/2021\/10\/fabricacion-compensadores.jpg 400w\" data-sizes=\"auto\" data-orig-sizes=\"(max-width: 1024px) 100vw, (max-width: 640px) 100vw, 400px\" \/><\/span><\/div><div class=\"fusion-separator fusion-full-width-sep\" style=\"align-self: center;margin-left: auto;margin-right: auto;flex-grow:1;margin-top:20px;width:100%;\"><\/div><style type=\"text\/css\">@media only screen and (max-width:1024px) {.fusion-title.fusion-title-6{margin-top:0px!important;margin-bottom:30px!important;}}<\/style><div class=\"fusion-title title fusion-title-6 fusion-title-text fusion-title-size-two\" style=\"font-size:22px;margin-top:0px;margin-bottom:30px;\"><div class=\"title-sep-container title-sep-container-left fusion-no-large-visibility fusion-no-medium-visibility fusion-no-small-visibility\"><div class=\"title-sep sep-\" style=\"border-color:#e2e2e2;\"><\/div><\/div><h2 class=\"title-heading-left\" style=\"font-family:&quot;Lato&quot;;font-weight:700;margin:0;font-size:1em;\"><strong>2.0 Vantagens<\/strong><\/h2><div class=\"title-sep-container title-sep-container-right\"><div class=\"title-sep sep-\" style=\"border-color:#e2e2e2;\"><\/div><\/div><\/div><style type=\"text\/css\">@media only screen and (max-width:1024px) {.fusion-title.fusion-title-7{margin-top:0px!important;margin-bottom:0px!important;}}<\/style><div class=\"fusion-title title fusion-title-7 fusion-title-text fusion-title-size-three\" style=\"font-size:18px;margin-top:0px;margin-bottom:0px;\"><div class=\"title-sep-container title-sep-container-left fusion-no-large-visibility fusion-no-medium-visibility fusion-no-small-visibility\"><div class=\"title-sep sep-\" style=\"border-color:#e2e2e2;\"><\/div><\/div><h3 class=\"title-heading-left\" style=\"margin:0;font-size:1em;color:#f44336;\"><strong>DIMENS\u00d5ES DE COMPRIMENTO M\u00cdNIMO<\/strong><\/h3><div class=\"title-sep-container title-sep-container-right\"><div class=\"title-sep sep-\" style=\"border-color:#e2e2e2;\"><\/div><\/div><\/div><div class=\"fusion-text fusion-text-5\" style=\"transform:translate3d(0,0,0);\"><p>As juntas de expans\u00e3o de borracha oferecem grande economia de espa\u00e7o em compara\u00e7\u00e3o com cotovelos e an\u00e9is de expans\u00e3o. Os custos de instala\u00e7\u00e3o s\u00e3o reduzidos pela poupan\u00e7a de espa\u00e7o nas instala\u00e7\u00f5es e armazenamento, m\u00e3o-de-obra de instala\u00e7\u00e3o, suportes e perdas de press\u00e3o.<\/p>\n<\/div><style type=\"text\/css\">@media only screen and (max-width:1024px) {.fusion-title.fusion-title-8{margin-top:0px!important;margin-bottom:0px!important;}}<\/style><div class=\"fusion-title title fusion-title-8 fusion-title-text fusion-title-size-three\" style=\"font-size:18px;margin-top:0px;margin-bottom:0px;\"><div class=\"title-sep-container title-sep-container-left fusion-no-large-visibility fusion-no-medium-visibility fusion-no-small-visibility\"><div class=\"title-sep sep-\" style=\"border-color:#e2e2e2;\"><\/div><\/div><h3 class=\"title-heading-left\" style=\"margin:0;font-size:1em;color:#f44336;\"><strong>PESO LEVE<\/strong><\/h3><div class=\"title-sep-container title-sep-container-right\"><div class=\"title-sep sep-\" style=\"border-color:#e2e2e2;\"><\/div><\/div><\/div><div class=\"fusion-text fusion-text-6\" style=\"transform:translate3d(0,0,0);\"><p>As juntas de expans\u00e3o FLEXCOM\u00ae s\u00e3o relativamente leves, o que evita a utiliza\u00e7\u00e3o de equipamento e maquinaria adicional para transporte e movimento. Isto reduz o custo de m\u00e3o-de-obra para a instala\u00e7\u00e3o.<\/p>\n<\/div><style type=\"text\/css\">@media only screen and (max-width:1024px) {.fusion-title.fusion-title-9{margin-top:0px!important;margin-bottom:0px!important;}}<\/style><div class=\"fusion-title title fusion-title-9 fusion-title-text fusion-title-size-three\" style=\"font-size:18px;margin-top:0px;margin-bottom:0px;\"><div class=\"title-sep-container title-sep-container-left fusion-no-large-visibility fusion-no-medium-visibility fusion-no-small-visibility\"><div class=\"title-sep sep-\" style=\"border-color:#e2e2e2;\"><\/div><\/div><h3 class=\"title-heading-left\" style=\"margin:0;font-size:1em;color:#f44336;\"><strong>S\u00c3O NECESS\u00c1RIAS FOR\u00c7AS MAIS BAIXAS PARA A FLEXIBILIDADE<\/strong><\/h3><div class=\"title-sep-container title-sep-container-right\"><div class=\"title-sep sep-\" style=\"border-color:#e2e2e2;\"><\/div><\/div><\/div><div class=\"fusion-text fusion-text-7\" style=\"transform:translate3d(0,0,0);\"><p>A flexibilidade inerente dos vedantes de borracha permite uma flexibilidade quase ilimitada para recuperar de movimentos e vibra\u00e7\u00f5es, protegendo assim o equipamento do motor de poss\u00edveis avarias e falhas estruturais.<\/p>\n<\/div><style type=\"text\/css\">@media only screen and (max-width:1024px) {.fusion-title.fusion-title-10{margin-top:0px!important;margin-bottom:0px!important;}}<\/style><div class=\"fusion-title title fusion-title-10 fusion-title-text fusion-title-size-three\" style=\"font-size:18px;margin-top:0px;margin-bottom:0px;\"><div class=\"title-sep-container title-sep-container-left fusion-no-large-visibility fusion-no-medium-visibility fusion-no-small-visibility\"><div class=\"title-sep sep-\" style=\"border-color:#e2e2e2;\"><\/div><\/div><h3 class=\"title-heading-left\" style=\"margin:0;font-size:1em;color:#f44336;\"><strong>RESIST\u00caNCIA \u00c0 CORROS\u00c3O E \u00c0 EROS\u00c3O<\/strong><\/h3><div class=\"title-sep-container title-sep-container-right\"><div class=\"title-sep sep-\" style=\"border-color:#e2e2e2;\"><\/div><\/div><\/div><div class=\"fusion-text fusion-text-8\" style=\"transform:translate3d(0,0,0);\"><p>O cliente ter\u00e1 uma vasta gama de materiais e tecidos para suportar as condi\u00e7\u00f5es de funcionamento e as caracter\u00edsticas dos fluidos (qu\u00edmicos, petroqu\u00edmicos, cimento, papel, etc.), a fim de desenvolver as juntas de expans\u00e3o mais adequadas para o processo em quest\u00e3o, garantindo fiabilidade e uma longa vida \u00fatil para o produto.<\/p>\n<\/div><\/div><\/div><style type=\"text\/css\">.fusion-body .fusion-builder-column-0{width:100% !important;margin-top : 0px;margin-bottom : 20px;}.fusion-builder-column-0 > .fusion-column-wrapper {padding-top : 0px !important;padding-right : 0px !important;margin-right : 1.92%;padding-bottom : 0px !important;padding-left : 0px !important;margin-left : 1.92%;}@media only screen and (max-width:1024px) {.fusion-body .fusion-builder-column-0{width:100% !important;order : 0;}.fusion-builder-column-0 > .fusion-column-wrapper {margin-right : 1.92%;margin-left : 1.92%;}}@media only screen and (max-width:640px) {.fusion-body .fusion-builder-column-0{width:100% !important;order : 0;}.fusion-builder-column-0 > .fusion-column-wrapper {margin-right : 1.92%;margin-left : 1.92%;}}<\/style><\/div><style type=\"text\/css\">.fusion-body .fusion-flex-container.fusion-builder-row-1{ padding-top : 0px;margin-top : 0px;padding-right : 0px;padding-bottom : 0px;margin-bottom : 0px;padding-left : 0px;}<\/style><\/div>\n","protected":false},"excerpt":{"rendered":"","protected":false},"author":1,"featured_media":0,"parent":9232,"menu_order":0,"comment_status":"closed","ping_status":"closed","template":"","meta":{"_acf_changed":false,"footnotes":""},"class_list":["post-9244","page","type-page","status-publish","hentry"],"acf":[],"yoast_head":"<!-- This site is optimized with the Yoast SEO Premium plugin v22.9 (Yoast SEO v27.2) - https:\/\/yoast.com\/product\/yoast-seo-premium-wordpress\/ -->\n<title>Comdiflex | Fabrico de compensadores<\/title>\n<meta name=\"description\" content=\"Trata-se de uma monocamada de borracha ou borracha sint\u00e9tica ou natural sem costura que se estende at\u00e9 aos flanges de borracha da junta de modo a que o fluido do processo n\u00e3o entre em contacto directo com o tecido de refor\u00e7o.\" \/>\n<meta name=\"robots\" content=\"index, follow, max-snippet:-1, max-image-preview:large, max-video-preview:-1\" \/>\n<link rel=\"canonical\" href=\"https:\/\/comdiflex.com\/pt\/produtos\/compensadores-de-dilatacao\/compensadores-de-dilatacao-de-borracha\/fabrico-de-compensadores\/\" \/>\n<meta property=\"og:locale\" content=\"pt_PT\" \/>\n<meta property=\"og:type\" content=\"article\" \/>\n<meta property=\"og:title\" content=\"Fabrico de compensadores\" \/>\n<meta property=\"og:description\" content=\"Trata-se de uma monocamada de borracha ou borracha sint\u00e9tica ou natural sem costura que se estende at\u00e9 aos flanges de borracha da junta de modo a que o fluido do processo n\u00e3o entre em contacto directo com o tecido de refor\u00e7o.\" \/>\n<meta property=\"og:url\" content=\"https:\/\/comdiflex.com\/pt\/produtos\/compensadores-de-dilatacao\/compensadores-de-dilatacao-de-borracha\/fabrico-de-compensadores\/\" \/>\n<meta property=\"og:site_name\" content=\"Comdiflex\" \/>\n<meta property=\"article:modified_time\" content=\"2026-01-21T10:16:14+00:00\" \/>\n<meta name=\"twitter:card\" content=\"summary_large_image\" \/>\n<script type=\"application\/ld+json\" class=\"yoast-schema-graph\">{\"@context\":\"https:\/\/schema.org\",\"@graph\":[{\"@type\":\"WebPage\",\"@id\":\"https:\/\/comdiflex.com\/pt\/produtos\/compensadores-de-dilatacao\/compensadores-de-dilatacao-de-borracha\/fabrico-de-compensadores\/\",\"url\":\"https:\/\/comdiflex.com\/pt\/produtos\/compensadores-de-dilatacao\/compensadores-de-dilatacao-de-borracha\/fabrico-de-compensadores\/\",\"name\":\"Comdiflex | Fabrico de compensadores\",\"isPartOf\":{\"@id\":\"https:\/\/comdiflex.com\/pt\/#website\"},\"datePublished\":\"2021-10-26T10:16:28+00:00\",\"dateModified\":\"2026-01-21T10:16:14+00:00\",\"description\":\"Trata-se de uma monocamada de borracha ou borracha sint\u00e9tica ou natural sem costura que se estende at\u00e9 aos flanges de borracha da junta de modo a que o fluido do processo n\u00e3o entre em contacto directo com o tecido de refor\u00e7o.\",\"breadcrumb\":{\"@id\":\"https:\/\/comdiflex.com\/pt\/produtos\/compensadores-de-dilatacao\/compensadores-de-dilatacao-de-borracha\/fabrico-de-compensadores\/#breadcrumb\"},\"inLanguage\":\"pt\",\"potentialAction\":[{\"@type\":\"ReadAction\",\"target\":[\"https:\/\/comdiflex.com\/pt\/produtos\/compensadores-de-dilatacao\/compensadores-de-dilatacao-de-borracha\/fabrico-de-compensadores\/\"]}]},{\"@type\":\"BreadcrumbList\",\"@id\":\"https:\/\/comdiflex.com\/pt\/produtos\/compensadores-de-dilatacao\/compensadores-de-dilatacao-de-borracha\/fabrico-de-compensadores\/#breadcrumb\",\"itemListElement\":[{\"@type\":\"ListItem\",\"position\":1,\"name\":\"Inicio\",\"item\":\"https:\/\/comdiflex.com\/pt\/\"},{\"@type\":\"ListItem\",\"position\":2,\"name\":\"Produtos\",\"item\":\"https:\/\/comdiflex.com\/pt\/produtos\/\"},{\"@type\":\"ListItem\",\"position\":3,\"name\":\"Compensadores de dilata\u00e7\u00e3o\",\"item\":\"https:\/\/comdiflex.com\/pt\/produtos\/compensadores-de-dilatacao\/\"},{\"@type\":\"ListItem\",\"position\":4,\"name\":\"Compensadores de Dilata\u00e7\u00e3o de Borracha\",\"item\":\"https:\/\/comdiflex.com\/pt\/produtos\/compensadores-de-dilatacao\/compensadores-de-dilatacao-de-borracha\/\"},{\"@type\":\"ListItem\",\"position\":5,\"name\":\"Fabrico de compensadores\"}]},{\"@type\":\"WebSite\",\"@id\":\"https:\/\/comdiflex.com\/pt\/#website\",\"url\":\"https:\/\/comdiflex.com\/pt\/\",\"name\":\"Comdiflex\",\"description\":\"Fabricante de juntas y compensadores | Fabricaci\u00f3n urgente\",\"publisher\":{\"@id\":\"https:\/\/comdiflex.com\/pt\/#organization\"},\"potentialAction\":[{\"@type\":\"SearchAction\",\"target\":{\"@type\":\"EntryPoint\",\"urlTemplate\":\"https:\/\/comdiflex.com\/pt\/?s={search_term_string}\"},\"query-input\":{\"@type\":\"PropertyValueSpecification\",\"valueRequired\":true,\"valueName\":\"search_term_string\"}}],\"inLanguage\":\"pt\"},{\"@type\":\"Organization\",\"@id\":\"https:\/\/comdiflex.com\/pt\/#organization\",\"name\":\"COMDIFLEX\",\"url\":\"https:\/\/comdiflex.com\/pt\/\",\"logo\":{\"@type\":\"ImageObject\",\"inLanguage\":\"pt\",\"@id\":\"https:\/\/comdiflex.com\/pt\/#\/schema\/logo\/image\/\",\"url\":\"https:\/\/comdiflex.com\/wp-content\/uploads\/2021\/06\/logocomdiflex275x62.png\",\"contentUrl\":\"https:\/\/comdiflex.com\/wp-content\/uploads\/2021\/06\/logocomdiflex275x62.png\",\"width\":275,\"height\":62,\"caption\":\"COMDIFLEX\"},\"image\":{\"@id\":\"https:\/\/comdiflex.com\/pt\/#\/schema\/logo\/image\/\"},\"sameAs\":[\"https:\/\/www.linkedin.com\/company\/grupo-industrial-kempchen-comdiflex-s-a-\/\"]}]}<\/script>\n<!-- \/ Yoast SEO Premium plugin. -->","yoast_head_json":{"title":"Comdiflex | Fabrico de compensadores","description":"Trata-se de uma monocamada de borracha ou borracha sint\u00e9tica ou natural sem costura que se estende at\u00e9 aos flanges de borracha da junta de modo a que o fluido do processo n\u00e3o entre em contacto directo com o tecido de refor\u00e7o.","robots":{"index":"index","follow":"follow","max-snippet":"max-snippet:-1","max-image-preview":"max-image-preview:large","max-video-preview":"max-video-preview:-1"},"canonical":"https:\/\/comdiflex.com\/pt\/produtos\/compensadores-de-dilatacao\/compensadores-de-dilatacao-de-borracha\/fabrico-de-compensadores\/","og_locale":"pt_PT","og_type":"article","og_title":"Fabrico de compensadores","og_description":"Trata-se de uma monocamada de borracha ou borracha sint\u00e9tica ou natural sem costura que se estende at\u00e9 aos flanges de borracha da junta de modo a que o fluido do processo n\u00e3o entre em contacto directo com o tecido de refor\u00e7o.","og_url":"https:\/\/comdiflex.com\/pt\/produtos\/compensadores-de-dilatacao\/compensadores-de-dilatacao-de-borracha\/fabrico-de-compensadores\/","og_site_name":"Comdiflex","article_modified_time":"2026-01-21T10:16:14+00:00","twitter_card":"summary_large_image","schema":{"@context":"https:\/\/schema.org","@graph":[{"@type":"WebPage","@id":"https:\/\/comdiflex.com\/pt\/produtos\/compensadores-de-dilatacao\/compensadores-de-dilatacao-de-borracha\/fabrico-de-compensadores\/","url":"https:\/\/comdiflex.com\/pt\/produtos\/compensadores-de-dilatacao\/compensadores-de-dilatacao-de-borracha\/fabrico-de-compensadores\/","name":"Comdiflex | Fabrico de compensadores","isPartOf":{"@id":"https:\/\/comdiflex.com\/pt\/#website"},"datePublished":"2021-10-26T10:16:28+00:00","dateModified":"2026-01-21T10:16:14+00:00","description":"Trata-se de uma monocamada de borracha ou borracha sint\u00e9tica ou natural sem costura que se estende at\u00e9 aos flanges de borracha da junta de modo a que o fluido do processo n\u00e3o entre em contacto directo com o tecido de refor\u00e7o.","breadcrumb":{"@id":"https:\/\/comdiflex.com\/pt\/produtos\/compensadores-de-dilatacao\/compensadores-de-dilatacao-de-borracha\/fabrico-de-compensadores\/#breadcrumb"},"inLanguage":"pt","potentialAction":[{"@type":"ReadAction","target":["https:\/\/comdiflex.com\/pt\/produtos\/compensadores-de-dilatacao\/compensadores-de-dilatacao-de-borracha\/fabrico-de-compensadores\/"]}]},{"@type":"BreadcrumbList","@id":"https:\/\/comdiflex.com\/pt\/produtos\/compensadores-de-dilatacao\/compensadores-de-dilatacao-de-borracha\/fabrico-de-compensadores\/#breadcrumb","itemListElement":[{"@type":"ListItem","position":1,"name":"Inicio","item":"https:\/\/comdiflex.com\/pt\/"},{"@type":"ListItem","position":2,"name":"Produtos","item":"https:\/\/comdiflex.com\/pt\/produtos\/"},{"@type":"ListItem","position":3,"name":"Compensadores de dilata\u00e7\u00e3o","item":"https:\/\/comdiflex.com\/pt\/produtos\/compensadores-de-dilatacao\/"},{"@type":"ListItem","position":4,"name":"Compensadores de Dilata\u00e7\u00e3o de Borracha","item":"https:\/\/comdiflex.com\/pt\/produtos\/compensadores-de-dilatacao\/compensadores-de-dilatacao-de-borracha\/"},{"@type":"ListItem","position":5,"name":"Fabrico de compensadores"}]},{"@type":"WebSite","@id":"https:\/\/comdiflex.com\/pt\/#website","url":"https:\/\/comdiflex.com\/pt\/","name":"Comdiflex","description":"Fabricante de juntas y compensadores | Fabricaci\u00f3n urgente","publisher":{"@id":"https:\/\/comdiflex.com\/pt\/#organization"},"potentialAction":[{"@type":"SearchAction","target":{"@type":"EntryPoint","urlTemplate":"https:\/\/comdiflex.com\/pt\/?s={search_term_string}"},"query-input":{"@type":"PropertyValueSpecification","valueRequired":true,"valueName":"search_term_string"}}],"inLanguage":"pt"},{"@type":"Organization","@id":"https:\/\/comdiflex.com\/pt\/#organization","name":"COMDIFLEX","url":"https:\/\/comdiflex.com\/pt\/","logo":{"@type":"ImageObject","inLanguage":"pt","@id":"https:\/\/comdiflex.com\/pt\/#\/schema\/logo\/image\/","url":"https:\/\/comdiflex.com\/wp-content\/uploads\/2021\/06\/logocomdiflex275x62.png","contentUrl":"https:\/\/comdiflex.com\/wp-content\/uploads\/2021\/06\/logocomdiflex275x62.png","width":275,"height":62,"caption":"COMDIFLEX"},"image":{"@id":"https:\/\/comdiflex.com\/pt\/#\/schema\/logo\/image\/"},"sameAs":["https:\/\/www.linkedin.com\/company\/grupo-industrial-kempchen-comdiflex-s-a-\/"]}]}},"_links":{"self":[{"href":"https:\/\/comdiflex.com\/pt\/wp-json\/wp\/v2\/pages\/9244","targetHints":{"allow":["GET"]}}],"collection":[{"href":"https:\/\/comdiflex.com\/pt\/wp-json\/wp\/v2\/pages"}],"about":[{"href":"https:\/\/comdiflex.com\/pt\/wp-json\/wp\/v2\/types\/page"}],"author":[{"embeddable":true,"href":"https:\/\/comdiflex.com\/pt\/wp-json\/wp\/v2\/users\/1"}],"replies":[{"embeddable":true,"href":"https:\/\/comdiflex.com\/pt\/wp-json\/wp\/v2\/comments?post=9244"}],"version-history":[{"count":1,"href":"https:\/\/comdiflex.com\/pt\/wp-json\/wp\/v2\/pages\/9244\/revisions"}],"predecessor-version":[{"id":12360,"href":"https:\/\/comdiflex.com\/pt\/wp-json\/wp\/v2\/pages\/9244\/revisions\/12360"}],"up":[{"embeddable":true,"href":"https:\/\/comdiflex.com\/pt\/wp-json\/wp\/v2\/pages\/9232"}],"wp:attachment":[{"href":"https:\/\/comdiflex.com\/pt\/wp-json\/wp\/v2\/media?parent=9244"}],"curies":[{"name":"wp","href":"https:\/\/api.w.org\/{rel}","templated":true}]}}