{"id":6376,"date":"2021-10-08T18:36:52","date_gmt":"2021-10-08T16:36:52","guid":{"rendered":"http:\/\/comdiflex.com\/produtos\/protector-de-bridas-con-detector-de-fugas\/"},"modified":"2026-01-19T18:20:33","modified_gmt":"2026-01-19T16:20:33","slug":"protector-de-flanges-com-detector-de-fugas","status":"publish","type":"page","link":"https:\/\/comdiflex.com\/pt\/produtos\/deteccao-de-fugas\/protector-de-flanges-com-detector-de-fugas\/","title":{"rendered":"Protector de flanges com detector de fugas"},"content":{"rendered":"<div class=\"fusion-fullwidth fullwidth-box fusion-builder-row-1 fusion-flex-container nonhundred-percent-fullwidth non-hundred-percent-height-scrolling\" style=\"background-color: rgba(255,255,255,0);background-position: center center;background-repeat: no-repeat;border-width: 0px 0px 0px 0px;border-color:#eae9e9;border-style:solid;\" ><div class=\"fusion-builder-row fusion-row fusion-flex-align-items-flex-start\" style=\"max-width:1012.96px;margin-left: calc(-4% \/ 2 );margin-right: calc(-4% \/ 2 );\"><div class=\"fusion-layout-column fusion_builder_column fusion-builder-column-0 fusion_builder_column_2_5 2_5 fusion-flex-column\"><div class=\"fusion-column-wrapper fusion-flex-justify-content-flex-start fusion-content-layout-column\" style=\"background-position:left top;background-repeat:no-repeat;-webkit-background-size:cover;-moz-background-size:cover;-o-background-size:cover;background-size:cover;padding: 0px 0px 0px 0px;\"><div class=\"fusion-separator fusion-full-width-sep\" style=\"align-self: center;margin-left: auto;margin-right: auto;margin-top:20px;width:100%;\"><\/div><div class=\"fusion-text fusion-text-1\" style=\"transform:translate3d(0,0,0);\"><p data-start=\"4875\" data-end=\"5368\">Os <strong data-start=\"4878\" data-end=\"4935\">protectores de flanges com detector de pH da <a href=\"https:\/\/comdiflex.com\/\">Comdiflex<\/a><\/strong> foram desenvolvidos para garantir o m\u00e1ximo de seguran\u00e7a e controlo em instala\u00e7\u00f5es industriais com risco de fugas qu\u00edmicas ou de fluidos corrosivos. S\u00e3o fabricados com <strong data-start=\"5103\" data-end=\"5159\">tecido de fibra de vidro revestido com <a href=\"https:\/\/es.wikipedia.org\/wiki\/Politetrafluoroetileno\">PTFE<\/a> (Teflon)<\/strong>, um material altamente resistente \u00e0 temperatura, \u00e0 press\u00e3o e a agentes qu\u00edmicos agressivos. Este revestimento assegura uma <strong data-start=\"5283\" data-end=\"5334\">excelente prote\u00e7\u00e3o contra corros\u00e3o e isolamento<\/strong> frente a qualquer tipo de fluido.<\/p>\n<p data-start=\"5370\" data-end=\"5840\">O <strong data-start=\"5372\" data-end=\"5395\">protector de flanges<\/strong> adapta-se perfeitamente \u00e0 forma da conex\u00e3o, criando uma <strong data-start=\"5452\" data-end=\"5525\">barreira eficaz de conten\u00e7\u00e3o contra fugas ou pulveriza\u00e7\u00f5es acidentais<\/strong>. Gra\u00e7as ao seu <strong data-start=\"5541\" data-end=\"5591\">sistema de fecho em velcro de alta resist\u00eancia<\/strong>, a instala\u00e7\u00e3o \u00e9 r\u00e1pida e simples, sem necessidade de ferramentas adicionais nem paragens de produ\u00e7\u00e3o. A sua estrutura flex\u00edvel permite que os <strong data-start=\"5734\" data-end=\"5794\">protectores sejam facilmente desmont\u00e1veis e reutiliz\u00e1veis<\/strong>, reduzindo custos e facilitando a manuten\u00e7\u00e3o.<\/p>\n<p data-start=\"5842\" data-end=\"6224\">Uma das principais caracter\u00edsticas deste modelo \u00e9 o <strong data-start=\"5894\" data-end=\"5924\">detector de pH incorporado<\/strong>, que permite <strong data-start=\"5938\" data-end=\"6002\">identificar visualmente fugas internas ou escapes de fluidos<\/strong> de forma imediata. As <strong data-start=\"6025\" data-end=\"6052\">tiras indicadoras de pH<\/strong> mudam de cor ao entrar em contacto com subst\u00e2ncias corrosivas ou \u00e1cidas, proporcionando um <strong data-start=\"6144\" data-end=\"6161\">aviso precoce<\/strong> para agir rapidamente e evitar danos a pessoas e equipamentos.<\/p>\n<p data-start=\"6226\" data-end=\"6460\">Os <strong data-start=\"6229\" data-end=\"6286\">protectores de flanges com detector de pH da Comdiflex<\/strong> oferecem uma <strong data-start=\"6300\" data-end=\"6353\">solu\u00e7\u00e3o segura e eficaz para a conten\u00e7\u00e3o de fugas<\/strong> em conex\u00f5es industriais, reduzindo riscos de acidentes e aumentando a seguran\u00e7a no ambiente de trabalho.<\/p>\n<p data-start=\"6462\" data-end=\"6666\">S\u00e3o indicados para diversos setores, como <strong data-start=\"6504\" data-end=\"6590\">plantas petroqu\u00edmicas, ind\u00fastria papeleira, naval, alimentar, cimenteira e nuclear<\/strong>, onde a preven\u00e7\u00e3o de fugas e a durabilidade dos materiais s\u00e3o essenciais.<\/p>\n<p data-start=\"6668\" data-end=\"6823\">Al\u00e9m disso, as <strong data-start=\"6683\" data-end=\"6707\">tiras reativas de pH<\/strong> podem ser facilmente <strong data-start=\"6729\" data-end=\"6745\">substitu\u00eddas<\/strong> pelo operador ap\u00f3s o uso, garantindo <strong data-start=\"6783\" data-end=\"6822\">monitoriza\u00e7\u00e3o cont\u00ednua das conex\u00f5es<\/strong>.<\/p>\n<\/div><\/div><\/div><style type=\"text\/css\">.fusion-body .fusion-builder-column-0{width:40% !important;margin-top : 0px;margin-bottom : 20px;}.fusion-builder-column-0 > .fusion-column-wrapper {padding-top : 0px !important;padding-right : 0px !important;margin-right : 4.8%;padding-bottom : 0px !important;padding-left : 0px !important;margin-left : 4.8%;}@media only screen and (max-width:1024px) {.fusion-body .fusion-builder-column-0{width:100% !important;order : 0;}.fusion-builder-column-0 > .fusion-column-wrapper {margin-right : 1.92%;margin-left : 1.92%;}}@media only screen and (max-width:640px) {.fusion-body .fusion-builder-column-0{width:100% !important;order : 0;}.fusion-builder-column-0 > .fusion-column-wrapper {margin-right : 1.92%;margin-left : 1.92%;}}<\/style><div class=\"fusion-layout-column fusion_builder_column fusion-builder-column-1 fusion_builder_column_3_5 3_5 fusion-flex-column\"><div class=\"fusion-column-wrapper fusion-flex-justify-content-flex-start fusion-content-layout-column\" style=\"background-position:left top;background-repeat:no-repeat;-webkit-background-size:cover;-moz-background-size:cover;-o-background-size:cover;background-size:cover;padding: 0px 0px 0px 0px;\"><div class=\"fusion-image-carousel fusion-image-carousel-auto\"><div class=\"fusion-carousel\" data-autoplay=\"yes\" data-columns=\"1\" data-itemmargin=\"13\" data-itemwidth=\"180\" data-touchscroll=\"no\" data-imagesize=\"auto\"><div class=\"fusion-carousel-positioner\"><ul class=\"fusion-carousel-holder\"><li class=\"fusion-carousel-item\"><div class=\"fusion-carousel-item-wrapper\"><div class=\"fusion-image-wrapper hover-type-zoomin\"><img decoding=\"async\" width=\"568\" height=\"290\" src=\"https:\/\/comdiflex.com\/wp-content\/uploads\/2021\/10\/prot1.jpg\" class=\"attachment-full size-full lazyload\" alt=\"\" srcset=\"data:image\/svg+xml,%3Csvg%20xmlns%3D%27http%3A%2F%2Fwww.w3.org%2F2000%2Fsvg%27%20width%3D%27568%27%20height%3D%27290%27%20viewBox%3D%270%200%20568%20290%27%3E%3Crect%20width%3D%27568%27%20height%3D%273290%27%20fill-opacity%3D%220%22%2F%3E%3C%2Fsvg%3E\" data-orig-src=\"https:\/\/comdiflex.com\/wp-content\/uploads\/2021\/10\/prot1.jpg\" data-srcset=\"https:\/\/comdiflex.com\/wp-content\/uploads\/2021\/10\/prot1-200x102.jpg 200w, https:\/\/comdiflex.com\/wp-content\/uploads\/2021\/10\/prot1-300x153.jpg 300w, https:\/\/comdiflex.com\/wp-content\/uploads\/2021\/10\/prot1-400x204.jpg 400w, https:\/\/comdiflex.com\/wp-content\/uploads\/2021\/10\/prot1.jpg 568w\" data-sizes=\"auto\" \/><\/div><\/div><\/li><li class=\"fusion-carousel-item\"><div class=\"fusion-carousel-item-wrapper\"><div class=\"fusion-image-wrapper hover-type-zoomin\"><img decoding=\"async\" width=\"568\" height=\"290\" src=\"https:\/\/comdiflex.com\/wp-content\/uploads\/2021\/10\/prot2.jpg\" class=\"attachment-full size-full lazyload\" alt=\"\" srcset=\"data:image\/svg+xml,%3Csvg%20xmlns%3D%27http%3A%2F%2Fwww.w3.org%2F2000%2Fsvg%27%20width%3D%27568%27%20height%3D%27290%27%20viewBox%3D%270%200%20568%20290%27%3E%3Crect%20width%3D%27568%27%20height%3D%273290%27%20fill-opacity%3D%220%22%2F%3E%3C%2Fsvg%3E\" data-orig-src=\"https:\/\/comdiflex.com\/wp-content\/uploads\/2021\/10\/prot2.jpg\" data-srcset=\"https:\/\/comdiflex.com\/wp-content\/uploads\/2021\/10\/prot2-200x102.jpg 200w, https:\/\/comdiflex.com\/wp-content\/uploads\/2021\/10\/prot2-300x153.jpg 300w, https:\/\/comdiflex.com\/wp-content\/uploads\/2021\/10\/prot2-400x204.jpg 400w, https:\/\/comdiflex.com\/wp-content\/uploads\/2021\/10\/prot2.jpg 568w\" data-sizes=\"auto\" \/><\/div><\/div><\/li><li class=\"fusion-carousel-item\"><div class=\"fusion-carousel-item-wrapper\"><div class=\"fusion-image-wrapper hover-type-zoomin\"><img decoding=\"async\" width=\"568\" height=\"290\" src=\"https:\/\/comdiflex.com\/wp-content\/uploads\/2021\/10\/Tiras-pH1.jpg\" class=\"attachment-full size-full lazyload\" alt=\"\" srcset=\"data:image\/svg+xml,%3Csvg%20xmlns%3D%27http%3A%2F%2Fwww.w3.org%2F2000%2Fsvg%27%20width%3D%27568%27%20height%3D%27290%27%20viewBox%3D%270%200%20568%20290%27%3E%3Crect%20width%3D%27568%27%20height%3D%273290%27%20fill-opacity%3D%220%22%2F%3E%3C%2Fsvg%3E\" data-orig-src=\"https:\/\/comdiflex.com\/wp-content\/uploads\/2021\/10\/Tiras-pH1.jpg\" data-srcset=\"https:\/\/comdiflex.com\/wp-content\/uploads\/2021\/10\/Tiras-pH1-200x102.jpg 200w, https:\/\/comdiflex.com\/wp-content\/uploads\/2021\/10\/Tiras-pH1-300x153.jpg 300w, https:\/\/comdiflex.com\/wp-content\/uploads\/2021\/10\/Tiras-pH1-400x204.jpg 400w, https:\/\/comdiflex.com\/wp-content\/uploads\/2021\/10\/Tiras-pH1.jpg 568w\" data-sizes=\"auto\" \/><\/div><\/div><\/li><\/ul><div class=\"fusion-carousel-nav\"><span class=\"fusion-nav-prev\"><\/span><span class=\"fusion-nav-next\"><\/span><\/div><\/div><\/div><\/div><\/div><\/div><style type=\"text\/css\">.fusion-body .fusion-builder-column-1{width:60% !important;margin-top : 0px;margin-bottom : 20px;}.fusion-builder-column-1 > .fusion-column-wrapper {padding-top : 0px !important;padding-right : 0px !important;margin-right : 3.2%;padding-bottom : 0px !important;padding-left : 0px !important;margin-left : 3.2%;}@media only screen and (max-width:1024px) {.fusion-body .fusion-builder-column-1{width:100% !important;order : 0;}.fusion-builder-column-1 > .fusion-column-wrapper {margin-right : 1.92%;margin-left : 1.92%;}}@media only screen and (max-width:640px) {.fusion-body .fusion-builder-column-1{width:100% !important;order : 0;}.fusion-builder-column-1 > .fusion-column-wrapper {margin-right : 1.92%;margin-left : 1.92%;}}<\/style><\/div><style type=\"text\/css\">.fusion-body .fusion-flex-container.fusion-builder-row-1{ padding-top : 0px;margin-top : 0px;padding-right : 0px;padding-bottom : 0px;margin-bottom : 0px;padding-left : 0px;}<\/style><\/div>\n","protected":false},"excerpt":{"rendered":"","protected":false},"author":1,"featured_media":0,"parent":9173,"menu_order":0,"comment_status":"closed","ping_status":"closed","template":"","meta":{"_acf_changed":false,"footnotes":""},"class_list":["post-6376","page","type-page","status-publish","hentry"],"acf":[],"yoast_head":"<!-- This site is optimized with the Yoast SEO Premium plugin v22.9 (Yoast SEO v27.2) - https:\/\/yoast.com\/product\/yoast-seo-premium-wordpress\/ -->\n<title>Comdiflex | Protector de flanges com detector de fugas<\/title>\n<meta name=\"description\" content=\"Protector de flanges com detector de fugas e pH da Comdiflex: seguran\u00e7a industrial, preven\u00e7\u00e3o e prote\u00e7\u00e3o duradoura.\" \/>\n<meta name=\"robots\" content=\"index, follow, max-snippet:-1, max-image-preview:large, max-video-preview:-1\" \/>\n<link rel=\"canonical\" href=\"https:\/\/comdiflex.com\/pt\/produtos\/deteccao-de-fugas\/protector-de-flanges-com-detector-de-fugas\/\" \/>\n<meta property=\"og:locale\" content=\"pt_PT\" \/>\n<meta property=\"og:type\" content=\"article\" \/>\n<meta property=\"og:title\" content=\"Protector de flanges com detector de fugas\" \/>\n<meta property=\"og:description\" content=\"Protector de flanges com detector de fugas e pH da Comdiflex: seguran\u00e7a industrial, preven\u00e7\u00e3o e prote\u00e7\u00e3o duradoura.\" \/>\n<meta property=\"og:url\" content=\"https:\/\/comdiflex.com\/pt\/produtos\/deteccao-de-fugas\/protector-de-flanges-com-detector-de-fugas\/\" \/>\n<meta property=\"og:site_name\" content=\"Comdiflex\" \/>\n<meta property=\"article:modified_time\" content=\"2026-01-19T16:20:33+00:00\" \/>\n<meta name=\"twitter:card\" content=\"summary_large_image\" \/>\n<script type=\"application\/ld+json\" class=\"yoast-schema-graph\">{\"@context\":\"https:\/\/schema.org\",\"@graph\":[{\"@type\":\"WebPage\",\"@id\":\"https:\/\/comdiflex.com\/pt\/produtos\/deteccao-de-fugas\/protector-de-flanges-com-detector-de-fugas\/\",\"url\":\"https:\/\/comdiflex.com\/pt\/produtos\/deteccao-de-fugas\/protector-de-flanges-com-detector-de-fugas\/\",\"name\":\"Comdiflex | Protector de flanges com detector de fugas\",\"isPartOf\":{\"@id\":\"https:\/\/comdiflex.com\/pt\/#website\"},\"datePublished\":\"2021-10-08T16:36:52+00:00\",\"dateModified\":\"2026-01-19T16:20:33+00:00\",\"description\":\"Protector de flanges com detector de fugas e pH da Comdiflex: seguran\u00e7a industrial, preven\u00e7\u00e3o e prote\u00e7\u00e3o duradoura.\",\"breadcrumb\":{\"@id\":\"https:\/\/comdiflex.com\/pt\/produtos\/deteccao-de-fugas\/protector-de-flanges-com-detector-de-fugas\/#breadcrumb\"},\"inLanguage\":\"pt\",\"potentialAction\":[{\"@type\":\"ReadAction\",\"target\":[\"https:\/\/comdiflex.com\/pt\/produtos\/deteccao-de-fugas\/protector-de-flanges-com-detector-de-fugas\/\"]}]},{\"@type\":\"BreadcrumbList\",\"@id\":\"https:\/\/comdiflex.com\/pt\/produtos\/deteccao-de-fugas\/protector-de-flanges-com-detector-de-fugas\/#breadcrumb\",\"itemListElement\":[{\"@type\":\"ListItem\",\"position\":1,\"name\":\"Inicio\",\"item\":\"https:\/\/comdiflex.com\/pt\/\"},{\"@type\":\"ListItem\",\"position\":2,\"name\":\"Produtos\",\"item\":\"https:\/\/comdiflex.com\/pt\/produtos\/\"},{\"@type\":\"ListItem\",\"position\":3,\"name\":\"Detec\u00e7\u00e3o de fugas\",\"item\":\"https:\/\/comdiflex.com\/pt\/produtos\/deteccao-de-fugas\/\"},{\"@type\":\"ListItem\",\"position\":4,\"name\":\"Protector de flanges com detector de fugas\"}]},{\"@type\":\"WebSite\",\"@id\":\"https:\/\/comdiflex.com\/pt\/#website\",\"url\":\"https:\/\/comdiflex.com\/pt\/\",\"name\":\"Comdiflex\",\"description\":\"Fabricante de juntas y compensadores | Fabricaci\u00f3n urgente\",\"publisher\":{\"@id\":\"https:\/\/comdiflex.com\/pt\/#organization\"},\"potentialAction\":[{\"@type\":\"SearchAction\",\"target\":{\"@type\":\"EntryPoint\",\"urlTemplate\":\"https:\/\/comdiflex.com\/pt\/?s={search_term_string}\"},\"query-input\":{\"@type\":\"PropertyValueSpecification\",\"valueRequired\":true,\"valueName\":\"search_term_string\"}}],\"inLanguage\":\"pt\"},{\"@type\":\"Organization\",\"@id\":\"https:\/\/comdiflex.com\/pt\/#organization\",\"name\":\"COMDIFLEX\",\"url\":\"https:\/\/comdiflex.com\/pt\/\",\"logo\":{\"@type\":\"ImageObject\",\"inLanguage\":\"pt\",\"@id\":\"https:\/\/comdiflex.com\/pt\/#\/schema\/logo\/image\/\",\"url\":\"https:\/\/comdiflex.com\/wp-content\/uploads\/2021\/06\/logocomdiflex275x62.png\",\"contentUrl\":\"https:\/\/comdiflex.com\/wp-content\/uploads\/2021\/06\/logocomdiflex275x62.png\",\"width\":275,\"height\":62,\"caption\":\"COMDIFLEX\"},\"image\":{\"@id\":\"https:\/\/comdiflex.com\/pt\/#\/schema\/logo\/image\/\"},\"sameAs\":[\"https:\/\/www.linkedin.com\/company\/grupo-industrial-kempchen-comdiflex-s-a-\/\"]}]}<\/script>\n<!-- \/ Yoast SEO Premium plugin. -->","yoast_head_json":{"title":"Comdiflex | Protector de flanges com detector de fugas","description":"Protector de flanges com detector de fugas e pH da Comdiflex: seguran\u00e7a industrial, preven\u00e7\u00e3o e prote\u00e7\u00e3o duradoura.","robots":{"index":"index","follow":"follow","max-snippet":"max-snippet:-1","max-image-preview":"max-image-preview:large","max-video-preview":"max-video-preview:-1"},"canonical":"https:\/\/comdiflex.com\/pt\/produtos\/deteccao-de-fugas\/protector-de-flanges-com-detector-de-fugas\/","og_locale":"pt_PT","og_type":"article","og_title":"Protector de flanges com detector de fugas","og_description":"Protector de flanges com detector de fugas e pH da Comdiflex: seguran\u00e7a industrial, preven\u00e7\u00e3o e prote\u00e7\u00e3o duradoura.","og_url":"https:\/\/comdiflex.com\/pt\/produtos\/deteccao-de-fugas\/protector-de-flanges-com-detector-de-fugas\/","og_site_name":"Comdiflex","article_modified_time":"2026-01-19T16:20:33+00:00","twitter_card":"summary_large_image","schema":{"@context":"https:\/\/schema.org","@graph":[{"@type":"WebPage","@id":"https:\/\/comdiflex.com\/pt\/produtos\/deteccao-de-fugas\/protector-de-flanges-com-detector-de-fugas\/","url":"https:\/\/comdiflex.com\/pt\/produtos\/deteccao-de-fugas\/protector-de-flanges-com-detector-de-fugas\/","name":"Comdiflex | Protector de flanges com detector de fugas","isPartOf":{"@id":"https:\/\/comdiflex.com\/pt\/#website"},"datePublished":"2021-10-08T16:36:52+00:00","dateModified":"2026-01-19T16:20:33+00:00","description":"Protector de flanges com detector de fugas e pH da Comdiflex: seguran\u00e7a industrial, preven\u00e7\u00e3o e prote\u00e7\u00e3o duradoura.","breadcrumb":{"@id":"https:\/\/comdiflex.com\/pt\/produtos\/deteccao-de-fugas\/protector-de-flanges-com-detector-de-fugas\/#breadcrumb"},"inLanguage":"pt","potentialAction":[{"@type":"ReadAction","target":["https:\/\/comdiflex.com\/pt\/produtos\/deteccao-de-fugas\/protector-de-flanges-com-detector-de-fugas\/"]}]},{"@type":"BreadcrumbList","@id":"https:\/\/comdiflex.com\/pt\/produtos\/deteccao-de-fugas\/protector-de-flanges-com-detector-de-fugas\/#breadcrumb","itemListElement":[{"@type":"ListItem","position":1,"name":"Inicio","item":"https:\/\/comdiflex.com\/pt\/"},{"@type":"ListItem","position":2,"name":"Produtos","item":"https:\/\/comdiflex.com\/pt\/produtos\/"},{"@type":"ListItem","position":3,"name":"Detec\u00e7\u00e3o de fugas","item":"https:\/\/comdiflex.com\/pt\/produtos\/deteccao-de-fugas\/"},{"@type":"ListItem","position":4,"name":"Protector de flanges com detector de fugas"}]},{"@type":"WebSite","@id":"https:\/\/comdiflex.com\/pt\/#website","url":"https:\/\/comdiflex.com\/pt\/","name":"Comdiflex","description":"Fabricante de juntas y compensadores | Fabricaci\u00f3n urgente","publisher":{"@id":"https:\/\/comdiflex.com\/pt\/#organization"},"potentialAction":[{"@type":"SearchAction","target":{"@type":"EntryPoint","urlTemplate":"https:\/\/comdiflex.com\/pt\/?s={search_term_string}"},"query-input":{"@type":"PropertyValueSpecification","valueRequired":true,"valueName":"search_term_string"}}],"inLanguage":"pt"},{"@type":"Organization","@id":"https:\/\/comdiflex.com\/pt\/#organization","name":"COMDIFLEX","url":"https:\/\/comdiflex.com\/pt\/","logo":{"@type":"ImageObject","inLanguage":"pt","@id":"https:\/\/comdiflex.com\/pt\/#\/schema\/logo\/image\/","url":"https:\/\/comdiflex.com\/wp-content\/uploads\/2021\/06\/logocomdiflex275x62.png","contentUrl":"https:\/\/comdiflex.com\/wp-content\/uploads\/2021\/06\/logocomdiflex275x62.png","width":275,"height":62,"caption":"COMDIFLEX"},"image":{"@id":"https:\/\/comdiflex.com\/pt\/#\/schema\/logo\/image\/"},"sameAs":["https:\/\/www.linkedin.com\/company\/grupo-industrial-kempchen-comdiflex-s-a-\/"]}]}},"_links":{"self":[{"href":"https:\/\/comdiflex.com\/pt\/wp-json\/wp\/v2\/pages\/6376","targetHints":{"allow":["GET"]}}],"collection":[{"href":"https:\/\/comdiflex.com\/pt\/wp-json\/wp\/v2\/pages"}],"about":[{"href":"https:\/\/comdiflex.com\/pt\/wp-json\/wp\/v2\/types\/page"}],"author":[{"embeddable":true,"href":"https:\/\/comdiflex.com\/pt\/wp-json\/wp\/v2\/users\/1"}],"replies":[{"embeddable":true,"href":"https:\/\/comdiflex.com\/pt\/wp-json\/wp\/v2\/comments?post=6376"}],"version-history":[{"count":2,"href":"https:\/\/comdiflex.com\/pt\/wp-json\/wp\/v2\/pages\/6376\/revisions"}],"predecessor-version":[{"id":13233,"href":"https:\/\/comdiflex.com\/pt\/wp-json\/wp\/v2\/pages\/6376\/revisions\/13233"}],"up":[{"embeddable":true,"href":"https:\/\/comdiflex.com\/pt\/wp-json\/wp\/v2\/pages\/9173"}],"wp:attachment":[{"href":"https:\/\/comdiflex.com\/pt\/wp-json\/wp\/v2\/media?parent=6376"}],"curies":[{"name":"wp","href":"https:\/\/api.w.org\/{rel}","templated":true}]}}