{"id":6256,"date":"2021-06-21T13:25:34","date_gmt":"2021-06-21T11:25:34","guid":{"rendered":"http:\/\/comdiflex.com\/politica-de-cookies\/"},"modified":"2026-01-21T12:36:58","modified_gmt":"2026-01-21T10:36:58","slug":"politica-de-cookies","status":"publish","type":"page","link":"https:\/\/comdiflex.com\/pt\/politica-de-cookies\/","title":{"rendered":"Pol\u00edtica de cookies"},"content":{"rendered":"<div class=\"fusion-fullwidth fullwidth-box fusion-builder-row-1 fusion-flex-container nonhundred-percent-fullwidth non-hundred-percent-height-scrolling\" style=\"background-color: rgba(255,255,255,0);background-position: center center;background-repeat: no-repeat;border-width: 0px 0px 0px 0px;border-color:#eae9e9;border-style:solid;\" ><div class=\"fusion-builder-row fusion-row fusion-flex-align-items-flex-start\" style=\"max-width:1012.96px;margin-left: calc(-4% \/ 2 );margin-right: calc(-4% \/ 2 );\"><div class=\"fusion-layout-column fusion_builder_column fusion-builder-column-0 fusion_builder_column_1_1 1_1 fusion-flex-column\"><div class=\"fusion-column-wrapper fusion-flex-justify-content-flex-start fusion-content-layout-column\" style=\"background-position:left top;background-repeat:no-repeat;-webkit-background-size:cover;-moz-background-size:cover;-o-background-size:cover;background-size:cover;padding: 0px 0px 0px 0px;\"><div class=\"fusion-text fusion-text-1\" style=\"transform:translate3d(0,0,0);\"><p><strong>1.- O que \u00e9 um cookie?<\/strong><\/p>\n<p>O website do fornecedor pode utilizar cookies. Um cookie \u00e9 um ficheiro que \u00e9 descarregado para o seu computador quando acede a determinadas p\u00e1ginas web. Os cookies permitem, entre outras coisas, armazenar e recuperar informa\u00e7\u00f5es sobre os h\u00e1bitos de navega\u00e7\u00e3o de um utilizador ou do seu computador e, dependendo da informa\u00e7\u00e3o que cont\u00eam e da forma como utiliza o seu computador, podem ser utilizados para reconhecer o utilizador.<\/p>\n<p>O navegador do utilizador memoriza os cookies no disco r\u00edgido apenas durante a sess\u00e3o actual, ocupando um espa\u00e7o de mem\u00f3ria m\u00ednimo e n\u00e3o prejudicando o computador. Os cookies n\u00e3o cont\u00eam qualquer informa\u00e7\u00e3o pessoal espec\u00edfica, e a maioria dos cookies s\u00e3o apagados do disco r\u00edgido no final da sess\u00e3o do navegador (os chamados cookies de sess\u00e3o).<\/p>\n<p>A maioria dos navegadores aceita cookies como padr\u00e3o e, independentemente destes, permitem ou impedem cookies tempor\u00e1rios ou armazenados nas configura\u00e7\u00f5es de seguran\u00e7a. Sem o seu consentimento expresso (activando cookies no seu navegador) os cookies n\u00e3o ligar\u00e3o os dados armazenados com os seus dados pessoais fornecidos no momento do registo ou da compra.<\/p>\n<p>1.1- Tipos de cookies utilizados por este website:<\/p>\n<ul>\n<li><strong>Cookies t\u00e9cnicos<\/strong>: S\u00e3o aqueles que permitem ao utilizador navegar atrav\u00e9s de um website, plataforma ou aplica\u00e7\u00e3o e a utiliza\u00e7\u00e3o das diferentes op\u00e7\u00f5es ou servi\u00e7os que nela existem, tais como, por exemplo, controlar o tr\u00e1fego e a comunica\u00e7\u00e3o de dados, identificar a sess\u00e3o, aceder a partes de acesso restrito, lembrar os elementos que comp\u00f5em uma encomenda, fazer o processo de compra de uma encomenda, fazer o pedido de registo ou participa\u00e7\u00e3o num evento, utilizar os elementos de seguran\u00e7a durante a navega\u00e7\u00e3o, armazenar conte\u00fados para transmitir v\u00eddeos ou som ou partilhar conte\u00fados atrav\u00e9s de redes sociais.<\/li>\n<li><strong>Cookies de personaliza\u00e7\u00e3o<\/strong>: Estes cookies permitem ao utilizador aceder ao servi\u00e7o com algumas caracter\u00edsticas gerais predefinidas, dependendo de uma s\u00e9rie de crit\u00e9rios no terminal do utilizador, tais como a l\u00edngua, o tipo de navegador utilizado para aceder ao servi\u00e7o, a configura\u00e7\u00e3o regional a partir da qual o servi\u00e7o \u00e9 acedido, etc.<\/li>\n<li><strong>Cookies de an\u00e1lise:<\/strong> Estes s\u00e3o cookies que s\u00e3o processados por n\u00f3s ou por terceiros e que nos permitem quantificar o n\u00famero de utilizadores e assim realizar a medi\u00e7\u00e3o e an\u00e1lise estat\u00edstica da utiliza\u00e7\u00e3o feita pelos utilizadores do servi\u00e7o oferecido. Para o fazer, a sua navega\u00e7\u00e3o no nosso website \u00e9 analisada a fim de melhorar a gama de produtos ou servi\u00e7os que oferecemos.<\/li>\n<li><strong>Cookies publicit\u00e1rios<\/strong>: S\u00e3o aqueles que, processados por n\u00f3s ou por terceiros, nos permitem gerir o mais eficazmente poss\u00edvel a oferta de espa\u00e7os publicit\u00e1rios no website, adaptando o conte\u00fado da publicidade ao conte\u00fado do servi\u00e7o solicitado ou \u00e0 utiliza\u00e7\u00e3o que faz do nosso website. Para tal, podemos analisar os seus h\u00e1bitos de navega\u00e7\u00e3o na Internet e podemos mostrar-lhe publicidade relacionada com o seu perfil de navega\u00e7\u00e3o.<\/li>\n<li><strong>Cookies de publicidade comportamental<\/strong>: Estes cookies permitem a gest\u00e3o, da forma mais eficaz poss\u00edvel, dos espa\u00e7os publicit\u00e1rios que, quando apropriado, o editor tenha inclu\u00eddo num website, aplica\u00e7\u00e3o ou plataforma a partir da qual o servi\u00e7o solicitado \u00e9 fornecido. Estes cookies armazenam informa\u00e7\u00f5es sobre o comportamento do utilizador obtidas atrav\u00e9s da observa\u00e7\u00e3o cont\u00ednua dos seus h\u00e1bitos de navega\u00e7\u00e3o, o que permite desenvolver um perfil espec\u00edfico a fim de exibir publicidade com base neste.<\/li>\n<\/ul>\n<p><strong>1.2- Biscoitos de terceiros:<\/strong><\/p>\n<p>O website do <strong>GRUPO INDUSTRIAL KEMPCHEN &amp; COMDIFLEX S.A.<\/strong> pode utilizar servi\u00e7os de terceiros que compilem informa\u00e7\u00f5es para fins estat\u00edsticos, para a utiliza\u00e7\u00e3o do website pelo utilizador e para a presta\u00e7\u00e3o de outros servi\u00e7os relacionados com a actividade do website e outros servi\u00e7os da Internet.<\/p>\n<ul>\n<li><strong>Servi\u00e7o Google Analytics:<\/strong> Em particular, este website utiliza o Google Analytics, um servi\u00e7o de an\u00e1lise web fornecido pela Google, Inc., domiciliada nos Estados Unidos com sede em 1600 Amphitheatre Parkway, Mountain View, California 94043. A fim de fornecer estes servi\u00e7os, utilizam cookies para recolher informa\u00e7\u00f5es, incluindo o endere\u00e7o IP do utilizador, que ser\u00e3o transmitidas, processadas e armazenadas pelo Google nos termos estabelecidos no website Google.com. Incluindo a poss\u00edvel transmiss\u00e3o de tais informa\u00e7\u00f5es a terceiros por raz\u00f5es de exig\u00eancia legal ou quando tais terceiros processam as informa\u00e7\u00f5es em nome do Google.<\/li>\n<\/ul>\n<p><strong>1.3- Cookies utilizados no WEBSITE<\/strong><\/p>\n<table>\n<thead>\n<tr>\n<td colspan=\"3\"><strong>COOKIES PR\u00d3PRIOS<\/strong><\/td>\n<\/tr>\n<tr>\n<td><strong>Nome<\/strong><\/td>\n<td><strong>Tipo<\/strong><\/td>\n<td><strong>Finalidade<\/strong><\/td>\n<\/tr>\n<\/thead>\n<tbody>\n<tr>\n<td>_CFGCOMDIFLEXSESSID<\/td>\n<td>Sess\u00e3o<\/td>\n<td>Identificar, armazenar e reutilizar as prefer\u00eancias de navega\u00e7\u00e3o do utilizador em termos de idioma, sem este cookie o site pode n\u00e3o funcionar correctamente.<\/td>\n<\/tr>\n<tr>\n<td>cookies_surestao<\/td>\n<td>Permanente (90 dias)<\/td>\n<td>Guarde o seu consentimento para utilizar cookies.<\/td>\n<\/tr>\n<\/tbody>\n<\/table>\n<table>\n<thead>\n<tr>\n<td colspan=\"5\"><strong>COOKIES DE TERCEIROS<\/strong><\/td>\n<\/tr>\n<tr>\n<td><strong>Cookie<\/strong><\/td>\n<td><strong>Nome<\/strong><\/td>\n<td><strong>Tipo<\/strong><\/td>\n<td><strong>Finalidade<\/strong><\/td>\n<td><strong>?<\/strong><\/td>\n<\/tr>\n<\/thead>\n<tbody>\n<tr>\n<td>Google Analytics<\/td>\n<td>__utma<br \/>\n__utmb<br \/>\n__utmc<br \/>\n__utmz<\/td>\n<td>Permanentes<\/td>\n<td>Compila\u00e7\u00e3o de informa\u00e7\u00f5es an\u00f3nimas sobre a navega\u00e7\u00e3o dos utilizadores do Website, a fim de conhecer a origem das visitas e outros dados estat\u00edsticos semelhantes.<\/td>\n<td><a href=\"https:\/\/developers.google.com\/analytics\/devguides\/collection\/analyticsjs\/cookie-usage\">Info<\/a><\/td>\n<\/tr>\n<\/tbody>\n<\/table>\n<p><strong>1.4- Desactiva\u00e7\u00e3o de cookies<\/strong><\/p>\n<p>Pode permitir, bloquear ou apagar os cookies instalados no seu computador, configurando as op\u00e7\u00f5es do navegador instalado no seu computador:<\/p>\n<ul>\n<li>Chrome,a partir de <a href=\"http:\/\/support.google.com\/chrome\/bin\/answer.py?hl=es&amp;answer=95647\">http:\/\/support.google.com\/chrome\/bin\/answer.py?hl=es&amp;answer=95647<\/a><\/li>\n<li>Safari, a partir de <a href=\"http:\/\/support.apple.com\/kb\/ph5042\">http:\/\/support.apple.com\/kb\/ph5042<\/a><\/li>\n<li>Explorer, a partir de <a href=\"http:\/\/windows.microsoft.com\/es-es\/windows7\/how-to-manage-cookies-in-internet-explorer-9\">http:\/\/windows.microsoft.com\/es-es\/windows7\/how-to-manage-cookies-in-internet-explorer-9<\/a><\/li>\n<li>Firefox, a partir de <a href=\"http:\/\/support.mozilla.org\/es\/kb\/habilitar-y-deshabilitar-cookies-que-los-sitios-we\">http:\/\/support.mozilla.org\/es\/kb\/habilitar-y-deshabilitar-cookies-que-los-sitios-we<\/a><\/li>\n<\/ul>\n<p>Tudo relacionado com os cookies do Google, tanto anal\u00edticos como publicit\u00e1rios, bem como a sua gest\u00e3o e configura\u00e7\u00e3o, pode ser consultado em:<\/p>\n<ul>\n<li>http:\/\/www.google.es\/intl\/es\/policies\/technologies\/types\/<\/li>\n<li>http:\/\/www.google.es\/policies\/technologies\/ads\/<\/li>\n<li>https:\/\/developers.google.com\/analytics\/devguides\/collection\/analyticsjs\/cookie-usage<\/li>\n<\/ul>\n<p><strong>1.5- Consentimento<\/strong><\/p>\n<p>Ao navegar e continuar no website est\u00e1 a consentir a utiliza\u00e7\u00e3o dos referidos cookies, durante os per\u00edodos indicados e nas condi\u00e7\u00f5es contidas na presente Pol\u00edtica de Cookies.<\/p>\n<p>Pode obter mais informa\u00e7\u00f5es sobre n\u00f3s atrav\u00e9s do nosso aviso legal ou enviando um e-mail para o seguinte endere\u00e7o info@comdiflex.com<\/p>\n<\/div><\/div><\/div><style type=\"text\/css\">.fusion-body .fusion-builder-column-0{width:100% !important;margin-top : 0px;margin-bottom : 20px;}.fusion-builder-column-0 > .fusion-column-wrapper {padding-top : 0px !important;padding-right : 0px !important;margin-right : 1.92%;padding-bottom : 0px !important;padding-left : 0px !important;margin-left : 1.92%;}@media only screen and (max-width:1024px) {.fusion-body .fusion-builder-column-0{width:100% !important;order : 0;}.fusion-builder-column-0 > .fusion-column-wrapper {margin-right : 1.92%;margin-left : 1.92%;}}@media only screen and (max-width:640px) {.fusion-body .fusion-builder-column-0{width:100% !important;order : 0;}.fusion-builder-column-0 > .fusion-column-wrapper {margin-right : 1.92%;margin-left : 1.92%;}}<\/style><\/div><style type=\"text\/css\">.fusion-body .fusion-flex-container.fusion-builder-row-1{ padding-top : 0px;margin-top : 0px;padding-right : 0px;padding-bottom : 0px;margin-bottom : 0px;padding-left : 0px;}<\/style><\/div>\n","protected":false},"excerpt":{"rendered":"","protected":false},"author":1,"featured_media":0,"parent":0,"menu_order":0,"comment_status":"closed","ping_status":"closed","template":"","meta":{"_acf_changed":false,"footnotes":""},"class_list":["post-6256","page","type-page","status-publish","hentry"],"acf":[],"yoast_head":"<!-- This site is optimized with the Yoast SEO Premium plugin v22.9 (Yoast SEO v27.2) - https:\/\/yoast.com\/product\/yoast-seo-premium-wordpress\/ -->\n<title>Comdiflex | Pol\u00edtica de cookies<\/title>\n<meta name=\"robots\" content=\"noindex, follow\" \/>\n<meta property=\"og:locale\" content=\"pt_PT\" \/>\n<meta property=\"og:type\" content=\"article\" \/>\n<meta property=\"og:title\" content=\"Pol\u00edtica de cookies\" \/>\n<meta property=\"og:url\" content=\"https:\/\/comdiflex.com\/pt\/politica-de-cookies\/\" \/>\n<meta property=\"og:site_name\" content=\"Comdiflex\" \/>\n<meta property=\"article:modified_time\" content=\"2026-01-21T10:36:58+00:00\" \/>\n<meta name=\"twitter:card\" content=\"summary_large_image\" \/>\n<script type=\"application\/ld+json\" class=\"yoast-schema-graph\">{\"@context\":\"https:\/\/schema.org\",\"@graph\":[{\"@type\":\"WebPage\",\"@id\":\"https:\/\/comdiflex.com\/pt\/politica-de-cookies\/\",\"url\":\"https:\/\/comdiflex.com\/pt\/politica-de-cookies\/\",\"name\":\"Comdiflex | Pol\u00edtica de cookies\",\"isPartOf\":{\"@id\":\"https:\/\/comdiflex.com\/pt\/#website\"},\"datePublished\":\"2021-06-21T11:25:34+00:00\",\"dateModified\":\"2026-01-21T10:36:58+00:00\",\"breadcrumb\":{\"@id\":\"https:\/\/comdiflex.com\/pt\/politica-de-cookies\/#breadcrumb\"},\"inLanguage\":\"pt\",\"potentialAction\":[{\"@type\":\"ReadAction\",\"target\":[\"https:\/\/comdiflex.com\/pt\/politica-de-cookies\/\"]}]},{\"@type\":\"BreadcrumbList\",\"@id\":\"https:\/\/comdiflex.com\/pt\/politica-de-cookies\/#breadcrumb\",\"itemListElement\":[{\"@type\":\"ListItem\",\"position\":1,\"name\":\"Inicio\",\"item\":\"https:\/\/comdiflex.com\/pt\/\"},{\"@type\":\"ListItem\",\"position\":2,\"name\":\"Pol\u00edtica de cookies\"}]},{\"@type\":\"WebSite\",\"@id\":\"https:\/\/comdiflex.com\/pt\/#website\",\"url\":\"https:\/\/comdiflex.com\/pt\/\",\"name\":\"Comdiflex\",\"description\":\"Fabricante de juntas y compensadores | Fabricaci\u00f3n urgente\",\"publisher\":{\"@id\":\"https:\/\/comdiflex.com\/pt\/#organization\"},\"potentialAction\":[{\"@type\":\"SearchAction\",\"target\":{\"@type\":\"EntryPoint\",\"urlTemplate\":\"https:\/\/comdiflex.com\/pt\/?s={search_term_string}\"},\"query-input\":{\"@type\":\"PropertyValueSpecification\",\"valueRequired\":true,\"valueName\":\"search_term_string\"}}],\"inLanguage\":\"pt\"},{\"@type\":\"Organization\",\"@id\":\"https:\/\/comdiflex.com\/pt\/#organization\",\"name\":\"COMDIFLEX\",\"url\":\"https:\/\/comdiflex.com\/pt\/\",\"logo\":{\"@type\":\"ImageObject\",\"inLanguage\":\"pt\",\"@id\":\"https:\/\/comdiflex.com\/pt\/#\/schema\/logo\/image\/\",\"url\":\"https:\/\/comdiflex.com\/wp-content\/uploads\/2021\/06\/logocomdiflex275x62.png\",\"contentUrl\":\"https:\/\/comdiflex.com\/wp-content\/uploads\/2021\/06\/logocomdiflex275x62.png\",\"width\":275,\"height\":62,\"caption\":\"COMDIFLEX\"},\"image\":{\"@id\":\"https:\/\/comdiflex.com\/pt\/#\/schema\/logo\/image\/\"},\"sameAs\":[\"https:\/\/www.linkedin.com\/company\/grupo-industrial-kempchen-comdiflex-s-a-\/\"]}]}<\/script>\n<!-- \/ Yoast SEO Premium plugin. -->","yoast_head_json":{"title":"Comdiflex | Pol\u00edtica de cookies","robots":{"index":"noindex","follow":"follow"},"og_locale":"pt_PT","og_type":"article","og_title":"Pol\u00edtica de cookies","og_url":"https:\/\/comdiflex.com\/pt\/politica-de-cookies\/","og_site_name":"Comdiflex","article_modified_time":"2026-01-21T10:36:58+00:00","twitter_card":"summary_large_image","schema":{"@context":"https:\/\/schema.org","@graph":[{"@type":"WebPage","@id":"https:\/\/comdiflex.com\/pt\/politica-de-cookies\/","url":"https:\/\/comdiflex.com\/pt\/politica-de-cookies\/","name":"Comdiflex | Pol\u00edtica de cookies","isPartOf":{"@id":"https:\/\/comdiflex.com\/pt\/#website"},"datePublished":"2021-06-21T11:25:34+00:00","dateModified":"2026-01-21T10:36:58+00:00","breadcrumb":{"@id":"https:\/\/comdiflex.com\/pt\/politica-de-cookies\/#breadcrumb"},"inLanguage":"pt","potentialAction":[{"@type":"ReadAction","target":["https:\/\/comdiflex.com\/pt\/politica-de-cookies\/"]}]},{"@type":"BreadcrumbList","@id":"https:\/\/comdiflex.com\/pt\/politica-de-cookies\/#breadcrumb","itemListElement":[{"@type":"ListItem","position":1,"name":"Inicio","item":"https:\/\/comdiflex.com\/pt\/"},{"@type":"ListItem","position":2,"name":"Pol\u00edtica de cookies"}]},{"@type":"WebSite","@id":"https:\/\/comdiflex.com\/pt\/#website","url":"https:\/\/comdiflex.com\/pt\/","name":"Comdiflex","description":"Fabricante de juntas y compensadores | Fabricaci\u00f3n urgente","publisher":{"@id":"https:\/\/comdiflex.com\/pt\/#organization"},"potentialAction":[{"@type":"SearchAction","target":{"@type":"EntryPoint","urlTemplate":"https:\/\/comdiflex.com\/pt\/?s={search_term_string}"},"query-input":{"@type":"PropertyValueSpecification","valueRequired":true,"valueName":"search_term_string"}}],"inLanguage":"pt"},{"@type":"Organization","@id":"https:\/\/comdiflex.com\/pt\/#organization","name":"COMDIFLEX","url":"https:\/\/comdiflex.com\/pt\/","logo":{"@type":"ImageObject","inLanguage":"pt","@id":"https:\/\/comdiflex.com\/pt\/#\/schema\/logo\/image\/","url":"https:\/\/comdiflex.com\/wp-content\/uploads\/2021\/06\/logocomdiflex275x62.png","contentUrl":"https:\/\/comdiflex.com\/wp-content\/uploads\/2021\/06\/logocomdiflex275x62.png","width":275,"height":62,"caption":"COMDIFLEX"},"image":{"@id":"https:\/\/comdiflex.com\/pt\/#\/schema\/logo\/image\/"},"sameAs":["https:\/\/www.linkedin.com\/company\/grupo-industrial-kempchen-comdiflex-s-a-\/"]}]}},"_links":{"self":[{"href":"https:\/\/comdiflex.com\/pt\/wp-json\/wp\/v2\/pages\/6256","targetHints":{"allow":["GET"]}}],"collection":[{"href":"https:\/\/comdiflex.com\/pt\/wp-json\/wp\/v2\/pages"}],"about":[{"href":"https:\/\/comdiflex.com\/pt\/wp-json\/wp\/v2\/types\/page"}],"author":[{"embeddable":true,"href":"https:\/\/comdiflex.com\/pt\/wp-json\/wp\/v2\/users\/1"}],"replies":[{"embeddable":true,"href":"https:\/\/comdiflex.com\/pt\/wp-json\/wp\/v2\/comments?post=6256"}],"version-history":[{"count":1,"href":"https:\/\/comdiflex.com\/pt\/wp-json\/wp\/v2\/pages\/6256\/revisions"}],"predecessor-version":[{"id":12370,"href":"https:\/\/comdiflex.com\/pt\/wp-json\/wp\/v2\/pages\/6256\/revisions\/12370"}],"wp:attachment":[{"href":"https:\/\/comdiflex.com\/pt\/wp-json\/wp\/v2\/media?parent=6256"}],"curies":[{"name":"wp","href":"https:\/\/api.w.org\/{rel}","templated":true}]}}