{"id":6254,"date":"2021-06-15T14:58:04","date_gmt":"2021-06-15T12:58:04","guid":{"rendered":"http:\/\/comdiflex.com\/politica-integral\/"},"modified":"2026-01-21T12:39:06","modified_gmt":"2026-01-21T10:39:06","slug":"politica-integral","status":"publish","type":"page","link":"https:\/\/comdiflex.com\/pt\/politica-integral\/","title":{"rendered":"Pol\u00edtica integral"},"content":{"rendered":"<div class=\"fusion-fullwidth fullwidth-box fusion-builder-row-1 fusion-flex-container nonhundred-percent-fullwidth non-hundred-percent-height-scrolling\" style=\"background-color: rgba(255,255,255,0);background-position: center center;background-repeat: no-repeat;border-width: 0px 0px 0px 0px;border-color:#eae9e9;border-style:solid;\" ><div class=\"fusion-builder-row fusion-row fusion-flex-align-items-flex-start\" style=\"max-width:1012.96px;margin-left: calc(-4% \/ 2 );margin-right: calc(-4% \/ 2 );\"><div class=\"fusion-layout-column fusion_builder_column fusion-builder-column-0 fusion_builder_column_1_1 1_1 fusion-flex-column\"><div class=\"fusion-column-wrapper fusion-flex-justify-content-flex-start fusion-content-layout-column\" style=\"background-position:left top;background-repeat:no-repeat;-webkit-background-size:cover;-moz-background-size:cover;-o-background-size:cover;background-size:cover;padding: 0px 0px 0px 0px;\"><div class=\"fusion-text fusion-text-1\" style=\"transform:translate3d(0,0,0);\"><p><strong>G.I. KEMPCHEN COMDIFLEX, S.A.<\/strong><br \/>\nC\/ Gabiria, 64-66 20306 IRUN<br \/>\nTfno.: + 34 943 634014<br \/>\nFax: + 34 943 633916<\/p>\n<p><strong>Pol\u00edtica integrada<\/strong><\/p>\n<p>POL\u00cdTICA DE QUALIDADE E AMBIENTAL<\/p>\n<p>A Direc\u00e7\u00e3o da G.I. KEMPCHEN COMDIFLEX, S.A. est\u00e1 consciente de que a \u00fanica forma de sobreviv\u00eancia da organiza\u00e7\u00e3o reside num compromisso s\u00e9rio com a qualidade dos seus produtos e servi\u00e7os em rela\u00e7\u00e3o \u00e0s exig\u00eancias do mercado e na introdu\u00e7\u00e3o progressiva de crit\u00e9rios ambientais em todas as suas actividades, numa aten\u00e7\u00e3o personalizada \u00e0s necessidades do seu contexto e num processo de Melhoria Cont\u00ednua.<\/p>\n<p>Todos estes princ\u00edpios se traduzem em:<\/p>\n<ul>\n<li>Conhecer e identificar as expectativas, necessidades e exig\u00eancias do nosso contexto.<\/li>\n<li>Planear e estabelecer indicadores de gest\u00e3o da empresa que apoiem os princ\u00edpios acima mencionados.<\/li>\n<li>Estabelecer um sistema para promover e encorajar a participa\u00e7\u00e3o do pessoal na Melhoria Cont\u00ednua.<\/li>\n<li>Sensibilizar o pessoal da empresa para a import\u00e2ncia da sua colabora\u00e7\u00e3o individual e\/ou colectiva e da sua contribui\u00e7\u00e3o para o acima exposto.<\/li>\n<li>A pol\u00edtica \u00e9 adequada ao objectivo e contexto da organiza\u00e7\u00e3o, incluindo a natureza, escala e impactos ambientais das suas actividades, produtos e servi\u00e7os.<\/li>\n<li>A pol\u00edtica fornece um quadro para o estabelecimento de objectivos ambientais.<\/li>\n<\/ul>\n<p>A consolida\u00e7\u00e3o deste processo \u00e9 uma responsabilidade crucial do Gestor da KEMPCHEN, pelo que me comprometo a faz\u00ea-lo:<\/p>\n<ul>\n<li>Fornecer ao Sistema de Gest\u00e3o Integrado os recursos necess\u00e1rios para o seu bom funcionamento e melhoria cont\u00ednua da sua efic\u00e1cia.<\/li>\n<li>Rever periodicamente o Sistema de Gest\u00e3o Integrado para verificar a sua conformidade com o que foi estabelecido, e para melhorar continuamente a efic\u00e1cia do seu funcionamento.<\/li>\n<li>Cumprir os requisitos do contexto, incluindo os requisitos legais, regulamentares e outros.<\/li>\n<li>Comunicar esta Pol\u00edtica integrada a todas as partes interessadas para a sua compreens\u00e3o.<\/li>\n<li>Informar o pessoal sobre o progresso da empresa em rela\u00e7\u00e3o aos objectivos de qualidade estabelecidos e sobre os resultados da Melhoria Cont\u00ednua.<\/li>\n<li>Fazer desta Pol\u00edtica Integrada um quadro de refer\u00eancia para a defini\u00e7\u00e3o e revis\u00e3o dos objectivos de qualidade e ambientais.<\/li>\n<li>Colocar esta pol\u00edtica \u00e0 disposi\u00e7\u00e3o do p\u00fablico.<\/li>\n<li>Protec\u00e7\u00e3o ambiental, incluindo a preven\u00e7\u00e3o da polui\u00e7\u00e3o e outros compromissos espec\u00edficos relevantes para o contexto da organiza\u00e7\u00e3o.<\/li>\n<li>Melhoria cont\u00ednua do sistema de gest\u00e3o ambiental para a melhoria do desempenho ambiental.<\/li>\n<\/ul>\n<p>Dispomos de um canal confidencial para d\u00favidas e sugest\u00f5es de clientes, fornecedores e colaboradores, canaletico@comdiflex.com.<\/p>\n<p style=\"text-align: right;\">Ir\u00fan, a 5 de Mayo de 2022<br \/>\nArancha Guerrero,<br \/>\nGerente<\/p>\n<\/div><\/div><\/div><style type=\"text\/css\">.fusion-body .fusion-builder-column-0{width:100% !important;margin-top : 0px;margin-bottom : 20px;}.fusion-builder-column-0 > .fusion-column-wrapper {padding-top : 0px !important;padding-right : 0px !important;margin-right : 1.92%;padding-bottom : 0px !important;padding-left : 0px !important;margin-left : 1.92%;}@media only screen and (max-width:1024px) {.fusion-body .fusion-builder-column-0{width:100% !important;order : 0;}.fusion-builder-column-0 > .fusion-column-wrapper {margin-right : 1.92%;margin-left : 1.92%;}}@media only screen and (max-width:640px) {.fusion-body .fusion-builder-column-0{width:100% !important;order : 0;}.fusion-builder-column-0 > .fusion-column-wrapper {margin-right : 1.92%;margin-left : 1.92%;}}<\/style><\/div><style type=\"text\/css\">.fusion-body .fusion-flex-container.fusion-builder-row-1{ padding-top : 0px;margin-top : 0px;padding-right : 0px;padding-bottom : 0px;margin-bottom : 0px;padding-left : 0px;}<\/style><\/div>\n","protected":false},"excerpt":{"rendered":"","protected":false},"author":1,"featured_media":0,"parent":0,"menu_order":0,"comment_status":"closed","ping_status":"closed","template":"","meta":{"_acf_changed":false,"footnotes":""},"class_list":["post-6254","page","type-page","status-publish","hentry"],"acf":[],"yoast_head":"<!-- This site is optimized with the Yoast SEO Premium plugin v22.9 (Yoast SEO v27.2) - https:\/\/yoast.com\/product\/yoast-seo-premium-wordpress\/ -->\n<title>Comdiflex | Pol\u00edtica integral<\/title>\n<meta name=\"description\" content=\"G.I. KEMPCHEN COMDIFLEX, S.A.. C\/ Gabiria, 64-66 20306 IRUN Tfno.: + 34 943 634014. Fax: + 34 943 633916. Pol\u00edtica integral.\" \/>\n<meta name=\"robots\" content=\"noindex, follow\" \/>\n<meta property=\"og:locale\" content=\"pt_PT\" \/>\n<meta property=\"og:type\" content=\"article\" \/>\n<meta property=\"og:title\" content=\"Pol\u00edtica integral\" \/>\n<meta property=\"og:description\" content=\"G.I. KEMPCHEN COMDIFLEX, S.A.. C\/ Gabiria, 64-66 20306 IRUN Tfno.: + 34 943 634014. Fax: + 34 943 633916. Pol\u00edtica integral.\" \/>\n<meta property=\"og:url\" content=\"https:\/\/comdiflex.com\/pt\/politica-integral\/\" \/>\n<meta property=\"og:site_name\" content=\"Comdiflex\" \/>\n<meta property=\"article:modified_time\" content=\"2026-01-21T10:39:06+00:00\" \/>\n<meta name=\"twitter:card\" content=\"summary_large_image\" \/>\n<script type=\"application\/ld+json\" class=\"yoast-schema-graph\">{\"@context\":\"https:\/\/schema.org\",\"@graph\":[{\"@type\":\"WebPage\",\"@id\":\"https:\/\/comdiflex.com\/pt\/politica-integral\/\",\"url\":\"https:\/\/comdiflex.com\/pt\/politica-integral\/\",\"name\":\"Comdiflex | Pol\u00edtica integral\",\"isPartOf\":{\"@id\":\"https:\/\/comdiflex.com\/pt\/#website\"},\"datePublished\":\"2021-06-15T12:58:04+00:00\",\"dateModified\":\"2026-01-21T10:39:06+00:00\",\"description\":\"G.I. KEMPCHEN COMDIFLEX, S.A.. C\/ Gabiria, 64-66 20306 IRUN Tfno.: + 34 943 634014. Fax: + 34 943 633916. Pol\u00edtica integral.\",\"breadcrumb\":{\"@id\":\"https:\/\/comdiflex.com\/pt\/politica-integral\/#breadcrumb\"},\"inLanguage\":\"pt\",\"potentialAction\":[{\"@type\":\"ReadAction\",\"target\":[\"https:\/\/comdiflex.com\/pt\/politica-integral\/\"]}]},{\"@type\":\"BreadcrumbList\",\"@id\":\"https:\/\/comdiflex.com\/pt\/politica-integral\/#breadcrumb\",\"itemListElement\":[{\"@type\":\"ListItem\",\"position\":1,\"name\":\"Inicio\",\"item\":\"https:\/\/comdiflex.com\/pt\/\"},{\"@type\":\"ListItem\",\"position\":2,\"name\":\"Pol\u00edtica integral\"}]},{\"@type\":\"WebSite\",\"@id\":\"https:\/\/comdiflex.com\/pt\/#website\",\"url\":\"https:\/\/comdiflex.com\/pt\/\",\"name\":\"Comdiflex\",\"description\":\"Fabricante de juntas y compensadores | Fabricaci\u00f3n urgente\",\"publisher\":{\"@id\":\"https:\/\/comdiflex.com\/pt\/#organization\"},\"potentialAction\":[{\"@type\":\"SearchAction\",\"target\":{\"@type\":\"EntryPoint\",\"urlTemplate\":\"https:\/\/comdiflex.com\/pt\/?s={search_term_string}\"},\"query-input\":{\"@type\":\"PropertyValueSpecification\",\"valueRequired\":true,\"valueName\":\"search_term_string\"}}],\"inLanguage\":\"pt\"},{\"@type\":\"Organization\",\"@id\":\"https:\/\/comdiflex.com\/pt\/#organization\",\"name\":\"COMDIFLEX\",\"url\":\"https:\/\/comdiflex.com\/pt\/\",\"logo\":{\"@type\":\"ImageObject\",\"inLanguage\":\"pt\",\"@id\":\"https:\/\/comdiflex.com\/pt\/#\/schema\/logo\/image\/\",\"url\":\"https:\/\/comdiflex.com\/wp-content\/uploads\/2021\/06\/logocomdiflex275x62.png\",\"contentUrl\":\"https:\/\/comdiflex.com\/wp-content\/uploads\/2021\/06\/logocomdiflex275x62.png\",\"width\":275,\"height\":62,\"caption\":\"COMDIFLEX\"},\"image\":{\"@id\":\"https:\/\/comdiflex.com\/pt\/#\/schema\/logo\/image\/\"},\"sameAs\":[\"https:\/\/www.linkedin.com\/company\/grupo-industrial-kempchen-comdiflex-s-a-\/\"]}]}<\/script>\n<!-- \/ Yoast SEO Premium plugin. -->","yoast_head_json":{"title":"Comdiflex | Pol\u00edtica integral","description":"G.I. KEMPCHEN COMDIFLEX, S.A.. C\/ Gabiria, 64-66 20306 IRUN Tfno.: + 34 943 634014. Fax: + 34 943 633916. Pol\u00edtica integral.","robots":{"index":"noindex","follow":"follow"},"og_locale":"pt_PT","og_type":"article","og_title":"Pol\u00edtica integral","og_description":"G.I. KEMPCHEN COMDIFLEX, S.A.. C\/ Gabiria, 64-66 20306 IRUN Tfno.: + 34 943 634014. Fax: + 34 943 633916. Pol\u00edtica integral.","og_url":"https:\/\/comdiflex.com\/pt\/politica-integral\/","og_site_name":"Comdiflex","article_modified_time":"2026-01-21T10:39:06+00:00","twitter_card":"summary_large_image","schema":{"@context":"https:\/\/schema.org","@graph":[{"@type":"WebPage","@id":"https:\/\/comdiflex.com\/pt\/politica-integral\/","url":"https:\/\/comdiflex.com\/pt\/politica-integral\/","name":"Comdiflex | Pol\u00edtica integral","isPartOf":{"@id":"https:\/\/comdiflex.com\/pt\/#website"},"datePublished":"2021-06-15T12:58:04+00:00","dateModified":"2026-01-21T10:39:06+00:00","description":"G.I. KEMPCHEN COMDIFLEX, S.A.. C\/ Gabiria, 64-66 20306 IRUN Tfno.: + 34 943 634014. Fax: + 34 943 633916. Pol\u00edtica integral.","breadcrumb":{"@id":"https:\/\/comdiflex.com\/pt\/politica-integral\/#breadcrumb"},"inLanguage":"pt","potentialAction":[{"@type":"ReadAction","target":["https:\/\/comdiflex.com\/pt\/politica-integral\/"]}]},{"@type":"BreadcrumbList","@id":"https:\/\/comdiflex.com\/pt\/politica-integral\/#breadcrumb","itemListElement":[{"@type":"ListItem","position":1,"name":"Inicio","item":"https:\/\/comdiflex.com\/pt\/"},{"@type":"ListItem","position":2,"name":"Pol\u00edtica integral"}]},{"@type":"WebSite","@id":"https:\/\/comdiflex.com\/pt\/#website","url":"https:\/\/comdiflex.com\/pt\/","name":"Comdiflex","description":"Fabricante de juntas y compensadores | Fabricaci\u00f3n urgente","publisher":{"@id":"https:\/\/comdiflex.com\/pt\/#organization"},"potentialAction":[{"@type":"SearchAction","target":{"@type":"EntryPoint","urlTemplate":"https:\/\/comdiflex.com\/pt\/?s={search_term_string}"},"query-input":{"@type":"PropertyValueSpecification","valueRequired":true,"valueName":"search_term_string"}}],"inLanguage":"pt"},{"@type":"Organization","@id":"https:\/\/comdiflex.com\/pt\/#organization","name":"COMDIFLEX","url":"https:\/\/comdiflex.com\/pt\/","logo":{"@type":"ImageObject","inLanguage":"pt","@id":"https:\/\/comdiflex.com\/pt\/#\/schema\/logo\/image\/","url":"https:\/\/comdiflex.com\/wp-content\/uploads\/2021\/06\/logocomdiflex275x62.png","contentUrl":"https:\/\/comdiflex.com\/wp-content\/uploads\/2021\/06\/logocomdiflex275x62.png","width":275,"height":62,"caption":"COMDIFLEX"},"image":{"@id":"https:\/\/comdiflex.com\/pt\/#\/schema\/logo\/image\/"},"sameAs":["https:\/\/www.linkedin.com\/company\/grupo-industrial-kempchen-comdiflex-s-a-\/"]}]}},"_links":{"self":[{"href":"https:\/\/comdiflex.com\/pt\/wp-json\/wp\/v2\/pages\/6254","targetHints":{"allow":["GET"]}}],"collection":[{"href":"https:\/\/comdiflex.com\/pt\/wp-json\/wp\/v2\/pages"}],"about":[{"href":"https:\/\/comdiflex.com\/pt\/wp-json\/wp\/v2\/types\/page"}],"author":[{"embeddable":true,"href":"https:\/\/comdiflex.com\/pt\/wp-json\/wp\/v2\/users\/1"}],"replies":[{"embeddable":true,"href":"https:\/\/comdiflex.com\/pt\/wp-json\/wp\/v2\/comments?post=6254"}],"version-history":[{"count":1,"href":"https:\/\/comdiflex.com\/pt\/wp-json\/wp\/v2\/pages\/6254\/revisions"}],"predecessor-version":[{"id":12369,"href":"https:\/\/comdiflex.com\/pt\/wp-json\/wp\/v2\/pages\/6254\/revisions\/12369"}],"wp:attachment":[{"href":"https:\/\/comdiflex.com\/pt\/wp-json\/wp\/v2\/media?parent=6254"}],"curies":[{"name":"wp","href":"https:\/\/api.w.org\/{rel}","templated":true}]}}