{"id":6182,"date":"2021-10-14T10:50:38","date_gmt":"2021-10-14T08:50:38","guid":{"rendered":"http:\/\/comdiflex.com\/fundas-termoaislantes-personalizadas\/"},"modified":"2026-02-09T10:11:07","modified_gmt":"2026-02-09T08:11:07","slug":"coberturas-de-isolamento-termico-personalizadas","status":"publish","type":"page","link":"https:\/\/comdiflex.com\/pt\/produtos\/calorifugados\/coberturas-de-isolamento-termico-personalizadas\/","title":{"rendered":"Coberturas de Isolamento T\u00e9rmico Personalizadas"},"content":{"rendered":"<div class=\"fusion-fullwidth fullwidth-box fusion-builder-row-1 fusion-flex-container nonhundred-percent-fullwidth non-hundred-percent-height-scrolling fusion-animated\" style=\"background-color: rgba(255,255,255,0);background-position: center center;background-repeat: no-repeat;border-width: 0px 0px 0px 0px;border-color:#eae9e9;border-style:solid;\" data-animationType=\"slideInRight\" data-animationDuration=\"0.3\" data-animationOffset=\"100%\" ><div class=\"fusion-builder-row fusion-row fusion-flex-align-items-flex-start\" style=\"max-width:1012.96px;margin-left: calc(-4% \/ 2 );margin-right: calc(-4% \/ 2 );\"><div class=\"fusion-layout-column fusion_builder_column fusion-builder-column-0 fusion_builder_column_1_1 1_1 fusion-flex-column\"><div class=\"fusion-column-wrapper fusion-flex-justify-content-flex-start fusion-content-layout-column\" style=\"background-position:left top;background-repeat:no-repeat;-webkit-background-size:cover;-moz-background-size:cover;-o-background-size:cover;background-size:cover;padding: 0px 0px 0px 0px;\"><div class=\"fusion-text fusion-text-1\" style=\"transform:translate3d(0,0,0);\"><p>Todos os nossos produtos s\u00e3o <strong>customisable<\/strong> de acordo com as necessidades dos nossos clientes. Para al\u00e9m da vasta gama de <strong> materiais t\u00eaxteis<\/strong> que temos dispon\u00edveis para o <strong>diferentes temperaturas de processo<\/strong>, o cliente tem \u00e0 sua disposi\u00e7\u00e3o outros acess\u00f3rios e complementos como, por exemplo<\/p>\n<\/div><\/div><\/div><style type=\"text\/css\">.fusion-body .fusion-builder-column-0{width:100% !important;margin-top : 0px;margin-bottom : 20px;}.fusion-builder-column-0 > .fusion-column-wrapper {padding-top : 0px !important;padding-right : 0px !important;margin-right : 1.92%;padding-bottom : 0px !important;padding-left : 0px !important;margin-left : 1.92%;}@media only screen and (max-width:1024px) {.fusion-body .fusion-builder-column-0{width:100% !important;order : 0;}.fusion-builder-column-0 > .fusion-column-wrapper {margin-right : 1.92%;margin-left : 1.92%;}}@media only screen and (max-width:640px) {.fusion-body .fusion-builder-column-0{width:100% !important;order : 0;}.fusion-builder-column-0 > .fusion-column-wrapper {margin-right : 1.92%;margin-left : 1.92%;}}<\/style><div class=\"fusion-layout-column fusion_builder_column fusion-builder-column-1 fusion_builder_column_1_3 1_3 fusion-flex-column\"><div class=\"fusion-column-wrapper fusion-flex-justify-content-flex-start fusion-content-layout-column\" style=\"background-position:left top;background-repeat:no-repeat;-webkit-background-size:cover;-moz-background-size:cover;-o-background-size:cover;background-size:cover;padding: 0px 0px 0px 0px;\"><div class=\"fusion-text fusion-text-2\" style=\"color:#f44336;transform:translate3d(0,0,0);\"><p style=\"text-align: center;\"><strong>Diferentes cores do material t\u00eaxtil<\/strong><\/p>\n<\/div><div style=\"text-align:center;\"><span class=\" fusion-imageframe imageframe-none imageframe-1 hover-type-zoomin\"><img decoding=\"async\" width=\"820\" height=\"482\" alt=\"Diferentes colores del material textil\" title=\"color-personalizado\" src=\"https:\/\/comdiflex.com\/wp-content\/uploads\/2021\/10\/color-personalizado.jpg\" data-orig-src=\"http:\/\/comdiflex.com\/wp-content\/uploads\/2021\/10\/color-personalizado.jpg\" class=\"lazyload img-responsive wp-image-6074\" srcset=\"data:image\/svg+xml,%3Csvg%20xmlns%3D%27http%3A%2F%2Fwww.w3.org%2F2000%2Fsvg%27%20width%3D%27820%27%20height%3D%27482%27%20viewBox%3D%270%200%20820%20482%27%3E%3Crect%20width%3D%27820%27%20height%3D%273482%27%20fill-opacity%3D%220%22%2F%3E%3C%2Fsvg%3E\" data-srcset=\"https:\/\/comdiflex.com\/wp-content\/uploads\/2021\/10\/color-personalizado-200x118.jpg 200w, https:\/\/comdiflex.com\/wp-content\/uploads\/2021\/10\/color-personalizado-400x235.jpg 400w, https:\/\/comdiflex.com\/wp-content\/uploads\/2021\/10\/color-personalizado-600x353.jpg 600w, https:\/\/comdiflex.com\/wp-content\/uploads\/2021\/10\/color-personalizado-800x470.jpg 800w, https:\/\/comdiflex.com\/wp-content\/uploads\/2021\/10\/color-personalizado.jpg 820w\" data-sizes=\"auto\" data-orig-sizes=\"(max-width: 1024px) 100vw, (max-width: 640px) 100vw, 400px\" \/><\/span><\/div><div class=\"fusion-separator fusion-full-width-sep\" style=\"align-self: center;margin-left: auto;margin-right: auto;flex-grow:1;margin-top:30px;width:100%;\"><\/div><div class=\"fusion-text fusion-text-3\" style=\"color:#f44336;transform:translate3d(0,0,0);\"><p style=\"text-align: center;\"><strong>C\u00f3digo QR com informa\u00e7\u00e3o do produto <\/strong><\/p>\n<\/div><div style=\"text-align:center;\"><span class=\" fusion-imageframe imageframe-none imageframe-2 hover-type-zoomin\" style=\"width:100%;max-width:230px;\"><img decoding=\"async\" width=\"880\" height=\"928\" title=\"qrcalorifugados\" src=\"https:\/\/comdiflex.com\/wp-content\/uploads\/2021\/10\/qrcalorifugados.jpg\" data-orig-src=\"http:\/\/comdiflex.com\/wp-content\/uploads\/2021\/10\/qrcalorifugados.jpg\" class=\"lazyload img-responsive wp-image-8646\" srcset=\"data:image\/svg+xml,%3Csvg%20xmlns%3D%27http%3A%2F%2Fwww.w3.org%2F2000%2Fsvg%27%20width%3D%27880%27%20height%3D%27928%27%20viewBox%3D%270%200%20880%20928%27%3E%3Crect%20width%3D%27880%27%20height%3D%273928%27%20fill-opacity%3D%220%22%2F%3E%3C%2Fsvg%3E\" data-srcset=\"https:\/\/comdiflex.com\/wp-content\/uploads\/2021\/10\/qrcalorifugados-200x211.jpg 200w, https:\/\/comdiflex.com\/wp-content\/uploads\/2021\/10\/qrcalorifugados-400x422.jpg 400w, https:\/\/comdiflex.com\/wp-content\/uploads\/2021\/10\/qrcalorifugados-600x633.jpg 600w, https:\/\/comdiflex.com\/wp-content\/uploads\/2021\/10\/qrcalorifugados-800x844.jpg 800w, https:\/\/comdiflex.com\/wp-content\/uploads\/2021\/10\/qrcalorifugados.jpg 880w\" data-sizes=\"auto\" data-orig-sizes=\"(max-width: 1024px) 100vw, (max-width: 640px) 100vw, 400px\" \/><\/span><\/div><\/div><\/div><style type=\"text\/css\">.fusion-body .fusion-builder-column-1{width:33.333333333333% !important;margin-top : 0px;margin-bottom : 20px;}.fusion-builder-column-1 > .fusion-column-wrapper {padding-top : 0px !important;padding-right : 0px !important;margin-right : 5.76%;padding-bottom : 0px !important;padding-left : 0px !important;margin-left : 5.76%;}@media only screen and (max-width:1024px) {.fusion-body .fusion-builder-column-1{width:100% !important;order : 0;}.fusion-builder-column-1 > .fusion-column-wrapper {margin-right : 1.92%;margin-left : 1.92%;}}@media only screen and (max-width:640px) {.fusion-body .fusion-builder-column-1{width:100% !important;order : 0;}.fusion-builder-column-1 > .fusion-column-wrapper {margin-right : 1.92%;margin-left : 1.92%;}}<\/style><div class=\"fusion-layout-column fusion_builder_column fusion-builder-column-2 fusion_builder_column_1_3 1_3 fusion-flex-column fusion-flex-align-self-center\"><div class=\"fusion-column-wrapper fusion-flex-justify-content-flex-start fusion-content-layout-column\" style=\"background-position:left top;background-repeat:no-repeat;-webkit-background-size:cover;-moz-background-size:cover;-o-background-size:cover;background-size:cover;padding: 0px 0px 0px 0px;\"><div class=\"fusion-text fusion-text-4\" style=\"color:#f44336;transform:translate3d(0,0,0);\"><p style=\"text-align: center;\"><strong>S\u00edmbolos de seguran\u00e7a industrial<\/strong><\/p>\n<\/div><div style=\"text-align:center;\"><span class=\" fusion-imageframe imageframe-none imageframe-3 hover-type-zoomin\"><img decoding=\"async\" width=\"992\" height=\"505\" title=\"Foto 10\" src=\"https:\/\/comdiflex.com\/wp-content\/uploads\/2021\/10\/Foto-10.jpg\" data-orig-src=\"http:\/\/comdiflex.com\/wp-content\/uploads\/2021\/10\/Foto-10.jpg\" class=\"lazyload img-responsive wp-image-6216\" srcset=\"data:image\/svg+xml,%3Csvg%20xmlns%3D%27http%3A%2F%2Fwww.w3.org%2F2000%2Fsvg%27%20width%3D%27992%27%20height%3D%27505%27%20viewBox%3D%270%200%20992%20505%27%3E%3Crect%20width%3D%27992%27%20height%3D%273505%27%20fill-opacity%3D%220%22%2F%3E%3C%2Fsvg%3E\" data-srcset=\"https:\/\/comdiflex.com\/wp-content\/uploads\/2021\/10\/Foto-10-200x102.jpg 200w, https:\/\/comdiflex.com\/wp-content\/uploads\/2021\/10\/Foto-10-400x204.jpg 400w, https:\/\/comdiflex.com\/wp-content\/uploads\/2021\/10\/Foto-10-600x305.jpg 600w, https:\/\/comdiflex.com\/wp-content\/uploads\/2021\/10\/Foto-10-800x407.jpg 800w, https:\/\/comdiflex.com\/wp-content\/uploads\/2021\/10\/Foto-10.jpg 992w\" data-sizes=\"auto\" data-orig-sizes=\"(max-width: 1024px) 100vw, (max-width: 640px) 100vw, 400px\" \/><\/span><\/div><\/div><\/div><style type=\"text\/css\">.fusion-body .fusion-builder-column-2{width:33.333333333333% !important;margin-top : 0px;margin-bottom : 20px;}.fusion-builder-column-2 > .fusion-column-wrapper {padding-top : 0px !important;padding-right : 0px !important;margin-right : 5.76%;padding-bottom : 0px !important;padding-left : 0px !important;margin-left : 5.76%;}@media only screen and (max-width:1024px) {.fusion-body .fusion-builder-column-2{width:100% !important;order : 0;}.fusion-builder-column-2 > .fusion-column-wrapper {margin-right : 1.92%;margin-left : 1.92%;}}@media only screen and (max-width:640px) {.fusion-body .fusion-builder-column-2{width:100% !important;order : 0;}.fusion-builder-column-2 > .fusion-column-wrapper {margin-right : 1.92%;margin-left : 1.92%;}}<\/style><div class=\"fusion-layout-column fusion_builder_column fusion-builder-column-3 fusion_builder_column_1_3 1_3 fusion-flex-column\"><div class=\"fusion-column-wrapper fusion-flex-justify-content-flex-start fusion-content-layout-column\" style=\"background-position:left top;background-repeat:no-repeat;-webkit-background-size:cover;-moz-background-size:cover;-o-background-size:cover;background-size:cover;padding: 0px 0px 0px 0px;\"><div class=\"fusion-text fusion-text-5\" style=\"color:#f44336;transform:translate3d(0,0,0);\"><p style=\"text-align: center;\"><strong>Logotipo do cliente<\/strong><\/p>\n<\/div><div style=\"text-align:center;\"><span class=\" fusion-imageframe imageframe-none imageframe-4 hover-type-zoomin\"><img decoding=\"async\" width=\"1144\" height=\"760\" title=\"persologo\" src=\"https:\/\/comdiflex.com\/wp-content\/uploads\/2021\/10\/persologo.jpg\" data-orig-src=\"http:\/\/comdiflex.com\/wp-content\/uploads\/2021\/10\/persologo.jpg\" class=\"lazyload img-responsive wp-image-8644\" srcset=\"data:image\/svg+xml,%3Csvg%20xmlns%3D%27http%3A%2F%2Fwww.w3.org%2F2000%2Fsvg%27%20width%3D%271144%27%20height%3D%27760%27%20viewBox%3D%270%200%201144%20760%27%3E%3Crect%20width%3D%271144%27%20height%3D%273760%27%20fill-opacity%3D%220%22%2F%3E%3C%2Fsvg%3E\" data-srcset=\"https:\/\/comdiflex.com\/wp-content\/uploads\/2021\/10\/persologo-200x133.jpg 200w, https:\/\/comdiflex.com\/wp-content\/uploads\/2021\/10\/persologo-400x266.jpg 400w, https:\/\/comdiflex.com\/wp-content\/uploads\/2021\/10\/persologo-600x399.jpg 600w, https:\/\/comdiflex.com\/wp-content\/uploads\/2021\/10\/persologo-800x531.jpg 800w, https:\/\/comdiflex.com\/wp-content\/uploads\/2021\/10\/persologo.jpg 1144w\" data-sizes=\"auto\" data-orig-sizes=\"(max-width: 1024px) 100vw, (max-width: 640px) 100vw, 400px\" \/><\/span><\/div><div class=\"fusion-separator fusion-full-width-sep\" style=\"align-self: center;margin-left: auto;margin-right: auto;flex-grow:1;margin-top:30px;width:100%;\"><\/div><div class=\"fusion-text fusion-text-6\" style=\"color:#f44336;transform:translate3d(0,0,0);\"><p style=\"text-align: center;\"><strong>Fitas reflectoras<\/strong><\/p>\n<\/div><div style=\"text-align:center;\"><span class=\" fusion-imageframe imageframe-none imageframe-5 hover-type-zoomin\"><img decoding=\"async\" width=\"230\" height=\"230\" title=\"Foto 11\" src=\"https:\/\/comdiflex.com\/wp-content\/uploads\/2021\/10\/Foto-11.jpeg\" data-orig-src=\"http:\/\/comdiflex.com\/wp-content\/uploads\/2021\/10\/Foto-11.jpeg\" class=\"lazyload img-responsive wp-image-6217\" srcset=\"data:image\/svg+xml,%3Csvg%20xmlns%3D%27http%3A%2F%2Fwww.w3.org%2F2000%2Fsvg%27%20width%3D%27230%27%20height%3D%27230%27%20viewBox%3D%270%200%20230%20230%27%3E%3Crect%20width%3D%27230%27%20height%3D%273230%27%20fill-opacity%3D%220%22%2F%3E%3C%2Fsvg%3E\" data-srcset=\"https:\/\/comdiflex.com\/wp-content\/uploads\/2021\/10\/Foto-11-200x200.jpeg 200w, https:\/\/comdiflex.com\/wp-content\/uploads\/2021\/10\/Foto-11.jpeg 230w\" data-sizes=\"auto\" data-orig-sizes=\"(max-width: 1024px) 100vw, (max-width: 640px) 100vw, 230px\" \/><\/span><\/div><\/div><\/div><style type=\"text\/css\">.fusion-body .fusion-builder-column-3{width:33.333333333333% !important;margin-top : 0px;margin-bottom : 20px;}.fusion-builder-column-3 > .fusion-column-wrapper {padding-top : 0px !important;padding-right : 0px !important;margin-right : 5.76%;padding-bottom : 0px !important;padding-left : 0px !important;margin-left : 5.76%;}@media only screen and (max-width:1024px) {.fusion-body .fusion-builder-column-3{width:100% !important;order : 0;}.fusion-builder-column-3 > .fusion-column-wrapper {margin-right : 1.92%;margin-left : 1.92%;}}@media only screen and (max-width:640px) {.fusion-body .fusion-builder-column-3{width:100% !important;order : 0;}.fusion-builder-column-3 > .fusion-column-wrapper {margin-right : 1.92%;margin-left : 1.92%;}}<\/style><\/div><style type=\"text\/css\">.fusion-body .fusion-flex-container.fusion-builder-row-1{ padding-top : 0px;margin-top : 0px;padding-right : 0px;padding-bottom : 0px;margin-bottom : 0px;padding-left : 0px;}<\/style><\/div>\n","protected":false},"excerpt":{"rendered":"","protected":false},"author":1,"featured_media":6024,"parent":6188,"menu_order":0,"comment_status":"closed","ping_status":"closed","template":"","meta":{"_acf_changed":false,"footnotes":""},"class_list":["post-6182","page","type-page","status-publish","has-post-thumbnail","hentry"],"acf":[],"yoast_head":"<!-- This site is optimized with the Yoast SEO Premium plugin v22.9 (Yoast SEO v27.2) - https:\/\/yoast.com\/product\/yoast-seo-premium-wordpress\/ -->\n<title>Comdiflex | Coberturas de Isolamento T\u00e9rmico Personalizadas<\/title>\n<meta name=\"description\" content=\"Oferecemos Coberturas de Isolamento T\u00e9rmico Personalizadas de acordo com as necessidades dos nossos clientes, em uma ampla variedade de materiais.\" \/>\n<meta name=\"robots\" content=\"index, follow, max-snippet:-1, max-image-preview:large, max-video-preview:-1\" \/>\n<link rel=\"canonical\" href=\"https:\/\/comdiflex.com\/pt\/produtos\/calorifugados\/coberturas-de-isolamento-termico-personalizadas\/\" \/>\n<meta property=\"og:locale\" content=\"pt_PT\" \/>\n<meta property=\"og:type\" content=\"article\" \/>\n<meta property=\"og:title\" content=\"Coberturas de Isolamento T\u00e9rmico Personalizadas\" \/>\n<meta property=\"og:description\" content=\"Oferecemos Coberturas de Isolamento T\u00e9rmico Personalizadas de acordo com as necessidades dos nossos clientes, em uma ampla variedade de materiais.\" \/>\n<meta property=\"og:url\" content=\"https:\/\/comdiflex.com\/pt\/produtos\/calorifugados\/coberturas-de-isolamento-termico-personalizadas\/\" \/>\n<meta property=\"og:site_name\" content=\"Comdiflex\" \/>\n<meta property=\"article:modified_time\" content=\"2026-02-09T08:11:07+00:00\" \/>\n<meta property=\"og:image\" content=\"https:\/\/comdiflex.com\/wp-content\/uploads\/2021\/10\/calorifugadob.jpg\" \/>\n\t<meta property=\"og:image:width\" content=\"467\" \/>\n\t<meta property=\"og:image:height\" content=\"300\" \/>\n\t<meta property=\"og:image:type\" content=\"image\/jpeg\" \/>\n<meta name=\"twitter:card\" content=\"summary_large_image\" \/>\n<script type=\"application\/ld+json\" class=\"yoast-schema-graph\">{\"@context\":\"https:\/\/schema.org\",\"@graph\":[{\"@type\":\"WebPage\",\"@id\":\"https:\/\/comdiflex.com\/pt\/produtos\/calorifugados\/coberturas-de-isolamento-termico-personalizadas\/\",\"url\":\"https:\/\/comdiflex.com\/pt\/produtos\/calorifugados\/coberturas-de-isolamento-termico-personalizadas\/\",\"name\":\"Comdiflex | Coberturas de Isolamento T\u00e9rmico Personalizadas\",\"isPartOf\":{\"@id\":\"https:\/\/comdiflex.com\/pt\/#website\"},\"primaryImageOfPage\":{\"@id\":\"https:\/\/comdiflex.com\/pt\/produtos\/calorifugados\/coberturas-de-isolamento-termico-personalizadas\/#primaryimage\"},\"image\":{\"@id\":\"https:\/\/comdiflex.com\/pt\/produtos\/calorifugados\/coberturas-de-isolamento-termico-personalizadas\/#primaryimage\"},\"thumbnailUrl\":\"https:\/\/comdiflex.com\/wp-content\/uploads\/2021\/10\/calorifugadob.jpg\",\"datePublished\":\"2021-10-14T08:50:38+00:00\",\"dateModified\":\"2026-02-09T08:11:07+00:00\",\"description\":\"Oferecemos Coberturas de Isolamento T\u00e9rmico Personalizadas de acordo com as necessidades dos nossos clientes, em uma ampla variedade de materiais.\",\"breadcrumb\":{\"@id\":\"https:\/\/comdiflex.com\/pt\/produtos\/calorifugados\/coberturas-de-isolamento-termico-personalizadas\/#breadcrumb\"},\"inLanguage\":\"pt\",\"potentialAction\":[{\"@type\":\"ReadAction\",\"target\":[\"https:\/\/comdiflex.com\/pt\/produtos\/calorifugados\/coberturas-de-isolamento-termico-personalizadas\/\"]}]},{\"@type\":\"ImageObject\",\"inLanguage\":\"pt\",\"@id\":\"https:\/\/comdiflex.com\/pt\/produtos\/calorifugados\/coberturas-de-isolamento-termico-personalizadas\/#primaryimage\",\"url\":\"https:\/\/comdiflex.com\/wp-content\/uploads\/2021\/10\/calorifugadob.jpg\",\"contentUrl\":\"https:\/\/comdiflex.com\/wp-content\/uploads\/2021\/10\/calorifugadob.jpg\",\"width\":467,\"height\":300,\"caption\":\"Fundas termicas\"},{\"@type\":\"BreadcrumbList\",\"@id\":\"https:\/\/comdiflex.com\/pt\/produtos\/calorifugados\/coberturas-de-isolamento-termico-personalizadas\/#breadcrumb\",\"itemListElement\":[{\"@type\":\"ListItem\",\"position\":1,\"name\":\"Inicio\",\"item\":\"https:\/\/comdiflex.com\/pt\/\"},{\"@type\":\"ListItem\",\"position\":2,\"name\":\"Produtos\",\"item\":\"https:\/\/comdiflex.com\/pt\/produtos\/\"},{\"@type\":\"ListItem\",\"position\":3,\"name\":\"Calorifugados\",\"item\":\"https:\/\/comdiflex.com\/pt\/produtos\/calorifugados\/\"},{\"@type\":\"ListItem\",\"position\":4,\"name\":\"Coberturas de Isolamento T\u00e9rmico Personalizadas\"}]},{\"@type\":\"WebSite\",\"@id\":\"https:\/\/comdiflex.com\/pt\/#website\",\"url\":\"https:\/\/comdiflex.com\/pt\/\",\"name\":\"Comdiflex\",\"description\":\"Fabricante de juntas y compensadores | Fabricaci\u00f3n urgente\",\"publisher\":{\"@id\":\"https:\/\/comdiflex.com\/pt\/#organization\"},\"potentialAction\":[{\"@type\":\"SearchAction\",\"target\":{\"@type\":\"EntryPoint\",\"urlTemplate\":\"https:\/\/comdiflex.com\/pt\/?s={search_term_string}\"},\"query-input\":{\"@type\":\"PropertyValueSpecification\",\"valueRequired\":true,\"valueName\":\"search_term_string\"}}],\"inLanguage\":\"pt\"},{\"@type\":\"Organization\",\"@id\":\"https:\/\/comdiflex.com\/pt\/#organization\",\"name\":\"COMDIFLEX\",\"url\":\"https:\/\/comdiflex.com\/pt\/\",\"logo\":{\"@type\":\"ImageObject\",\"inLanguage\":\"pt\",\"@id\":\"https:\/\/comdiflex.com\/pt\/#\/schema\/logo\/image\/\",\"url\":\"https:\/\/comdiflex.com\/wp-content\/uploads\/2021\/06\/logocomdiflex275x62.png\",\"contentUrl\":\"https:\/\/comdiflex.com\/wp-content\/uploads\/2021\/06\/logocomdiflex275x62.png\",\"width\":275,\"height\":62,\"caption\":\"COMDIFLEX\"},\"image\":{\"@id\":\"https:\/\/comdiflex.com\/pt\/#\/schema\/logo\/image\/\"},\"sameAs\":[\"https:\/\/www.linkedin.com\/company\/grupo-industrial-kempchen-comdiflex-s-a-\/\"]}]}<\/script>\n<!-- \/ Yoast SEO Premium plugin. -->","yoast_head_json":{"title":"Comdiflex | Coberturas de Isolamento T\u00e9rmico Personalizadas","description":"Oferecemos Coberturas de Isolamento T\u00e9rmico Personalizadas de acordo com as necessidades dos nossos clientes, em uma ampla variedade de materiais.","robots":{"index":"index","follow":"follow","max-snippet":"max-snippet:-1","max-image-preview":"max-image-preview:large","max-video-preview":"max-video-preview:-1"},"canonical":"https:\/\/comdiflex.com\/pt\/produtos\/calorifugados\/coberturas-de-isolamento-termico-personalizadas\/","og_locale":"pt_PT","og_type":"article","og_title":"Coberturas de Isolamento T\u00e9rmico Personalizadas","og_description":"Oferecemos Coberturas de Isolamento T\u00e9rmico Personalizadas de acordo com as necessidades dos nossos clientes, em uma ampla variedade de materiais.","og_url":"https:\/\/comdiflex.com\/pt\/produtos\/calorifugados\/coberturas-de-isolamento-termico-personalizadas\/","og_site_name":"Comdiflex","article_modified_time":"2026-02-09T08:11:07+00:00","og_image":[{"width":467,"height":300,"url":"https:\/\/comdiflex.com\/wp-content\/uploads\/2021\/10\/calorifugadob.jpg","type":"image\/jpeg"}],"twitter_card":"summary_large_image","schema":{"@context":"https:\/\/schema.org","@graph":[{"@type":"WebPage","@id":"https:\/\/comdiflex.com\/pt\/produtos\/calorifugados\/coberturas-de-isolamento-termico-personalizadas\/","url":"https:\/\/comdiflex.com\/pt\/produtos\/calorifugados\/coberturas-de-isolamento-termico-personalizadas\/","name":"Comdiflex | Coberturas de Isolamento T\u00e9rmico Personalizadas","isPartOf":{"@id":"https:\/\/comdiflex.com\/pt\/#website"},"primaryImageOfPage":{"@id":"https:\/\/comdiflex.com\/pt\/produtos\/calorifugados\/coberturas-de-isolamento-termico-personalizadas\/#primaryimage"},"image":{"@id":"https:\/\/comdiflex.com\/pt\/produtos\/calorifugados\/coberturas-de-isolamento-termico-personalizadas\/#primaryimage"},"thumbnailUrl":"https:\/\/comdiflex.com\/wp-content\/uploads\/2021\/10\/calorifugadob.jpg","datePublished":"2021-10-14T08:50:38+00:00","dateModified":"2026-02-09T08:11:07+00:00","description":"Oferecemos Coberturas de Isolamento T\u00e9rmico Personalizadas de acordo com as necessidades dos nossos clientes, em uma ampla variedade de materiais.","breadcrumb":{"@id":"https:\/\/comdiflex.com\/pt\/produtos\/calorifugados\/coberturas-de-isolamento-termico-personalizadas\/#breadcrumb"},"inLanguage":"pt","potentialAction":[{"@type":"ReadAction","target":["https:\/\/comdiflex.com\/pt\/produtos\/calorifugados\/coberturas-de-isolamento-termico-personalizadas\/"]}]},{"@type":"ImageObject","inLanguage":"pt","@id":"https:\/\/comdiflex.com\/pt\/produtos\/calorifugados\/coberturas-de-isolamento-termico-personalizadas\/#primaryimage","url":"https:\/\/comdiflex.com\/wp-content\/uploads\/2021\/10\/calorifugadob.jpg","contentUrl":"https:\/\/comdiflex.com\/wp-content\/uploads\/2021\/10\/calorifugadob.jpg","width":467,"height":300,"caption":"Fundas termicas"},{"@type":"BreadcrumbList","@id":"https:\/\/comdiflex.com\/pt\/produtos\/calorifugados\/coberturas-de-isolamento-termico-personalizadas\/#breadcrumb","itemListElement":[{"@type":"ListItem","position":1,"name":"Inicio","item":"https:\/\/comdiflex.com\/pt\/"},{"@type":"ListItem","position":2,"name":"Produtos","item":"https:\/\/comdiflex.com\/pt\/produtos\/"},{"@type":"ListItem","position":3,"name":"Calorifugados","item":"https:\/\/comdiflex.com\/pt\/produtos\/calorifugados\/"},{"@type":"ListItem","position":4,"name":"Coberturas de Isolamento T\u00e9rmico Personalizadas"}]},{"@type":"WebSite","@id":"https:\/\/comdiflex.com\/pt\/#website","url":"https:\/\/comdiflex.com\/pt\/","name":"Comdiflex","description":"Fabricante de juntas y compensadores | Fabricaci\u00f3n urgente","publisher":{"@id":"https:\/\/comdiflex.com\/pt\/#organization"},"potentialAction":[{"@type":"SearchAction","target":{"@type":"EntryPoint","urlTemplate":"https:\/\/comdiflex.com\/pt\/?s={search_term_string}"},"query-input":{"@type":"PropertyValueSpecification","valueRequired":true,"valueName":"search_term_string"}}],"inLanguage":"pt"},{"@type":"Organization","@id":"https:\/\/comdiflex.com\/pt\/#organization","name":"COMDIFLEX","url":"https:\/\/comdiflex.com\/pt\/","logo":{"@type":"ImageObject","inLanguage":"pt","@id":"https:\/\/comdiflex.com\/pt\/#\/schema\/logo\/image\/","url":"https:\/\/comdiflex.com\/wp-content\/uploads\/2021\/06\/logocomdiflex275x62.png","contentUrl":"https:\/\/comdiflex.com\/wp-content\/uploads\/2021\/06\/logocomdiflex275x62.png","width":275,"height":62,"caption":"COMDIFLEX"},"image":{"@id":"https:\/\/comdiflex.com\/pt\/#\/schema\/logo\/image\/"},"sameAs":["https:\/\/www.linkedin.com\/company\/grupo-industrial-kempchen-comdiflex-s-a-\/"]}]}},"_links":{"self":[{"href":"https:\/\/comdiflex.com\/pt\/wp-json\/wp\/v2\/pages\/6182","targetHints":{"allow":["GET"]}}],"collection":[{"href":"https:\/\/comdiflex.com\/pt\/wp-json\/wp\/v2\/pages"}],"about":[{"href":"https:\/\/comdiflex.com\/pt\/wp-json\/wp\/v2\/types\/page"}],"author":[{"embeddable":true,"href":"https:\/\/comdiflex.com\/pt\/wp-json\/wp\/v2\/users\/1"}],"replies":[{"embeddable":true,"href":"https:\/\/comdiflex.com\/pt\/wp-json\/wp\/v2\/comments?post=6182"}],"version-history":[{"count":2,"href":"https:\/\/comdiflex.com\/pt\/wp-json\/wp\/v2\/pages\/6182\/revisions"}],"predecessor-version":[{"id":12344,"href":"https:\/\/comdiflex.com\/pt\/wp-json\/wp\/v2\/pages\/6182\/revisions\/12344"}],"up":[{"embeddable":true,"href":"https:\/\/comdiflex.com\/pt\/wp-json\/wp\/v2\/pages\/6188"}],"wp:featuredmedia":[{"embeddable":true,"href":"https:\/\/comdiflex.com\/pt\/wp-json\/wp\/v2\/media\/6024"}],"wp:attachment":[{"href":"https:\/\/comdiflex.com\/pt\/wp-json\/wp\/v2\/media?parent=6182"}],"curies":[{"name":"wp","href":"https:\/\/api.w.org\/{rel}","templated":true}]}}