{"id":6174,"date":"2021-06-21T13:20:25","date_gmt":"2021-06-21T11:20:25","guid":{"rendered":"http:\/\/comdiflex.com\/politica-privacidad\/"},"modified":"2026-01-21T12:42:43","modified_gmt":"2026-01-21T10:42:43","slug":"politica-de-privacidade","status":"publish","type":"page","link":"https:\/\/comdiflex.com\/pt\/politica-de-privacidade\/","title":{"rendered":"Protec\u00e7\u00e3o de dados"},"content":{"rendered":"<div class=\"fusion-fullwidth fullwidth-box fusion-builder-row-1 fusion-flex-container nonhundred-percent-fullwidth non-hundred-percent-height-scrolling\" style=\"background-color: rgba(255,255,255,0);background-position: center center;background-repeat: no-repeat;border-width: 0px 0px 0px 0px;border-color:#eae9e9;border-style:solid;\" ><div class=\"fusion-builder-row fusion-row fusion-flex-align-items-flex-start\" style=\"max-width:1012.96px;margin-left: calc(-4% \/ 2 );margin-right: calc(-4% \/ 2 );\"><div class=\"fusion-layout-column fusion_builder_column fusion-builder-column-0 fusion_builder_column_1_1 1_1 fusion-flex-column\"><div class=\"fusion-column-wrapper fusion-flex-justify-content-flex-start fusion-content-layout-column\" style=\"background-position:left top;background-repeat:no-repeat;-webkit-background-size:cover;-moz-background-size:cover;-o-background-size:cover;background-size:cover;padding: 0px 0px 0px 0px;\"><div class=\"fusion-text fusion-text-1\" style=\"transform:translate3d(0,0,0);\"><h2>V. 2018-07-18 10:17:21<\/h2>\n<p><strong>Quem \u00e9 respons\u00e1vel pelos seus dados?<\/strong><\/p>\n<p>Em conformidade com as disposi\u00e7\u00f5es do Regulamento (UE) 2016\/679 do Parlamento Europeu e do Conselho, informamos que os dados pessoais fornecidos ser\u00e3o tratados pelo GRUPO INDUSTRIAL KEMPCHEN &amp; COMDIFLEX S.A. com o C\u00f3digo de Identifica\u00e7\u00e3o Fiscal A20147716 e endere\u00e7o em C\/Gabiria, 64-66 &#8211; 20305, Ir\u00fan (Gipuzkoa).<\/p>\n<p><strong>Para que fins processamos os seus dados pessoais?<\/strong><\/p>\n<p>Os dados por si fornecidos s\u00e3o necess\u00e1rios para poder fornecer-lhe todas as garantias do servi\u00e7o solicitado, e ser\u00e3o tratados para os seguintes fins: gest\u00e3o de comunica\u00e7\u00f5es internas e externas.<\/p>\n<p><strong>Durante quanto tempo vamos manter os seus dados?<\/strong><\/p>\n<p>Os dados pessoais fornecidos ser\u00e3o conservados durante o per\u00edodo de tempo previsto que possa ser necess\u00e1rio contactar a pessoa em causa.<\/p>\n<p><strong>Qual \u00e9 a legitima\u00e7\u00e3o para o tratamento dos seus dados?<\/strong><\/p>\n<p>Os interesses leg\u00edtimos do respons\u00e1vel pelo tratamento no tratamento dos seus dados s\u00e3o A base legal para o tratamento dos seus dados \u00e9 o consentimento da pessoa em causa, fornecendo os seus dados de contacto.<\/p>\n<p><strong>Quais s\u00e3o os seus direitos quando nos fornece os seus dados?<\/strong><\/p>\n<p>Qualquer pessoa tem o direito de pedir acesso, rectifica\u00e7\u00e3o, elimina\u00e7\u00e3o, limita\u00e7\u00e3o do processamento, oposi\u00e7\u00e3o ou direito \u00e0 portabilidade dos seus dados pessoais, escrevendo-nos para o endere\u00e7o acima indicado, ou enviando um e-mail para infor@kempchen.es, indicando o direito que deseja exercer.<\/p>\n<p>Tem tamb\u00e9m o direito de retirar o seu consentimento em qualquer altura. A retirada do consentimento n\u00e3o afectar\u00e1 a legalidade do processamento efectuado antes da retirada desse consentimento.<\/p>\n<p>Tem o direito de apresentar uma queixa \u00e0 autoridade de controlo se considerar que os seus direitos relativos \u00e0 protec\u00e7\u00e3o dos seus dados pessoais podem ter sido violados.<\/p>\n<\/div><\/div><\/div><style type=\"text\/css\">.fusion-body .fusion-builder-column-0{width:100% !important;margin-top : 0px;margin-bottom : 20px;}.fusion-builder-column-0 > .fusion-column-wrapper {padding-top : 0px !important;padding-right : 0px !important;margin-right : 1.92%;padding-bottom : 0px !important;padding-left : 0px !important;margin-left : 1.92%;}@media only screen and (max-width:1024px) {.fusion-body .fusion-builder-column-0{width:100% !important;order : 0;}.fusion-builder-column-0 > .fusion-column-wrapper {margin-right : 1.92%;margin-left : 1.92%;}}@media only screen and (max-width:640px) {.fusion-body .fusion-builder-column-0{width:100% !important;order : 0;}.fusion-builder-column-0 > .fusion-column-wrapper {margin-right : 1.92%;margin-left : 1.92%;}}<\/style><\/div><style type=\"text\/css\">.fusion-body .fusion-flex-container.fusion-builder-row-1{ padding-top : 0px;margin-top : 0px;padding-right : 0px;padding-bottom : 0px;margin-bottom : 0px;padding-left : 0px;}<\/style><\/div>\n","protected":false},"excerpt":{"rendered":"","protected":false},"author":1,"featured_media":0,"parent":0,"menu_order":0,"comment_status":"closed","ping_status":"closed","template":"","meta":{"_acf_changed":false,"footnotes":""},"class_list":["post-6174","page","type-page","status-publish","hentry"],"acf":[],"yoast_head":"<!-- This site is optimized with the Yoast SEO Premium plugin v22.9 (Yoast SEO v27.2) - https:\/\/yoast.com\/product\/yoast-seo-premium-wordpress\/ -->\n<title>Comdiflex | Protec\u00e7\u00e3o de dados<\/title>\n<meta name=\"description\" content=\"Protecci\u00f3n de datos. V. 2018-07-18 10:17:21. \u00bfQui\u00e9n es el responsable de sus datos? De acuerdo con lo establecido por el Reglamento (UE) 2016\/679\" \/>\n<meta name=\"robots\" content=\"noindex, follow\" \/>\n<meta property=\"og:locale\" content=\"pt_PT\" \/>\n<meta property=\"og:type\" content=\"article\" \/>\n<meta property=\"og:title\" content=\"Protec\u00e7\u00e3o de dados\" \/>\n<meta property=\"og:description\" content=\"Protecci\u00f3n de datos. V. 2018-07-18 10:17:21. \u00bfQui\u00e9n es el responsable de sus datos? De acuerdo con lo establecido por el Reglamento (UE) 2016\/679\" \/>\n<meta property=\"og:url\" content=\"https:\/\/comdiflex.com\/pt\/politica-de-privacidade\/\" \/>\n<meta property=\"og:site_name\" content=\"Comdiflex\" \/>\n<meta property=\"article:modified_time\" content=\"2026-01-21T10:42:43+00:00\" \/>\n<meta name=\"twitter:card\" content=\"summary_large_image\" \/>\n<script type=\"application\/ld+json\" class=\"yoast-schema-graph\">{\"@context\":\"https:\/\/schema.org\",\"@graph\":[{\"@type\":\"WebPage\",\"@id\":\"https:\/\/comdiflex.com\/pt\/politica-de-privacidade\/\",\"url\":\"https:\/\/comdiflex.com\/pt\/politica-de-privacidade\/\",\"name\":\"Comdiflex | Protec\u00e7\u00e3o de dados\",\"isPartOf\":{\"@id\":\"https:\/\/comdiflex.com\/pt\/#website\"},\"datePublished\":\"2021-06-21T11:20:25+00:00\",\"dateModified\":\"2026-01-21T10:42:43+00:00\",\"description\":\"Protecci\u00f3n de datos. V. 2018-07-18 10:17:21. \u00bfQui\u00e9n es el responsable de sus datos? De acuerdo con lo establecido por el Reglamento (UE) 2016\/679\",\"breadcrumb\":{\"@id\":\"https:\/\/comdiflex.com\/pt\/politica-de-privacidade\/#breadcrumb\"},\"inLanguage\":\"pt\",\"potentialAction\":[{\"@type\":\"ReadAction\",\"target\":[\"https:\/\/comdiflex.com\/pt\/politica-de-privacidade\/\"]}]},{\"@type\":\"BreadcrumbList\",\"@id\":\"https:\/\/comdiflex.com\/pt\/politica-de-privacidade\/#breadcrumb\",\"itemListElement\":[{\"@type\":\"ListItem\",\"position\":1,\"name\":\"Inicio\",\"item\":\"https:\/\/comdiflex.com\/pt\/\"},{\"@type\":\"ListItem\",\"position\":2,\"name\":\"Protec\u00e7\u00e3o de dados\"}]},{\"@type\":\"WebSite\",\"@id\":\"https:\/\/comdiflex.com\/pt\/#website\",\"url\":\"https:\/\/comdiflex.com\/pt\/\",\"name\":\"Comdiflex\",\"description\":\"Fabricante de juntas y compensadores | Fabricaci\u00f3n urgente\",\"publisher\":{\"@id\":\"https:\/\/comdiflex.com\/pt\/#organization\"},\"potentialAction\":[{\"@type\":\"SearchAction\",\"target\":{\"@type\":\"EntryPoint\",\"urlTemplate\":\"https:\/\/comdiflex.com\/pt\/?s={search_term_string}\"},\"query-input\":{\"@type\":\"PropertyValueSpecification\",\"valueRequired\":true,\"valueName\":\"search_term_string\"}}],\"inLanguage\":\"pt\"},{\"@type\":\"Organization\",\"@id\":\"https:\/\/comdiflex.com\/pt\/#organization\",\"name\":\"COMDIFLEX\",\"url\":\"https:\/\/comdiflex.com\/pt\/\",\"logo\":{\"@type\":\"ImageObject\",\"inLanguage\":\"pt\",\"@id\":\"https:\/\/comdiflex.com\/pt\/#\/schema\/logo\/image\/\",\"url\":\"https:\/\/comdiflex.com\/wp-content\/uploads\/2021\/06\/logocomdiflex275x62.png\",\"contentUrl\":\"https:\/\/comdiflex.com\/wp-content\/uploads\/2021\/06\/logocomdiflex275x62.png\",\"width\":275,\"height\":62,\"caption\":\"COMDIFLEX\"},\"image\":{\"@id\":\"https:\/\/comdiflex.com\/pt\/#\/schema\/logo\/image\/\"},\"sameAs\":[\"https:\/\/www.linkedin.com\/company\/grupo-industrial-kempchen-comdiflex-s-a-\/\"]}]}<\/script>\n<!-- \/ Yoast SEO Premium plugin. -->","yoast_head_json":{"title":"Comdiflex | Protec\u00e7\u00e3o de dados","description":"Protecci\u00f3n de datos. V. 2018-07-18 10:17:21. \u00bfQui\u00e9n es el responsable de sus datos? De acuerdo con lo establecido por el Reglamento (UE) 2016\/679","robots":{"index":"noindex","follow":"follow"},"og_locale":"pt_PT","og_type":"article","og_title":"Protec\u00e7\u00e3o de dados","og_description":"Protecci\u00f3n de datos. V. 2018-07-18 10:17:21. \u00bfQui\u00e9n es el responsable de sus datos? De acuerdo con lo establecido por el Reglamento (UE) 2016\/679","og_url":"https:\/\/comdiflex.com\/pt\/politica-de-privacidade\/","og_site_name":"Comdiflex","article_modified_time":"2026-01-21T10:42:43+00:00","twitter_card":"summary_large_image","schema":{"@context":"https:\/\/schema.org","@graph":[{"@type":"WebPage","@id":"https:\/\/comdiflex.com\/pt\/politica-de-privacidade\/","url":"https:\/\/comdiflex.com\/pt\/politica-de-privacidade\/","name":"Comdiflex | Protec\u00e7\u00e3o de dados","isPartOf":{"@id":"https:\/\/comdiflex.com\/pt\/#website"},"datePublished":"2021-06-21T11:20:25+00:00","dateModified":"2026-01-21T10:42:43+00:00","description":"Protecci\u00f3n de datos. V. 2018-07-18 10:17:21. \u00bfQui\u00e9n es el responsable de sus datos? De acuerdo con lo establecido por el Reglamento (UE) 2016\/679","breadcrumb":{"@id":"https:\/\/comdiflex.com\/pt\/politica-de-privacidade\/#breadcrumb"},"inLanguage":"pt","potentialAction":[{"@type":"ReadAction","target":["https:\/\/comdiflex.com\/pt\/politica-de-privacidade\/"]}]},{"@type":"BreadcrumbList","@id":"https:\/\/comdiflex.com\/pt\/politica-de-privacidade\/#breadcrumb","itemListElement":[{"@type":"ListItem","position":1,"name":"Inicio","item":"https:\/\/comdiflex.com\/pt\/"},{"@type":"ListItem","position":2,"name":"Protec\u00e7\u00e3o de dados"}]},{"@type":"WebSite","@id":"https:\/\/comdiflex.com\/pt\/#website","url":"https:\/\/comdiflex.com\/pt\/","name":"Comdiflex","description":"Fabricante de juntas y compensadores | Fabricaci\u00f3n urgente","publisher":{"@id":"https:\/\/comdiflex.com\/pt\/#organization"},"potentialAction":[{"@type":"SearchAction","target":{"@type":"EntryPoint","urlTemplate":"https:\/\/comdiflex.com\/pt\/?s={search_term_string}"},"query-input":{"@type":"PropertyValueSpecification","valueRequired":true,"valueName":"search_term_string"}}],"inLanguage":"pt"},{"@type":"Organization","@id":"https:\/\/comdiflex.com\/pt\/#organization","name":"COMDIFLEX","url":"https:\/\/comdiflex.com\/pt\/","logo":{"@type":"ImageObject","inLanguage":"pt","@id":"https:\/\/comdiflex.com\/pt\/#\/schema\/logo\/image\/","url":"https:\/\/comdiflex.com\/wp-content\/uploads\/2021\/06\/logocomdiflex275x62.png","contentUrl":"https:\/\/comdiflex.com\/wp-content\/uploads\/2021\/06\/logocomdiflex275x62.png","width":275,"height":62,"caption":"COMDIFLEX"},"image":{"@id":"https:\/\/comdiflex.com\/pt\/#\/schema\/logo\/image\/"},"sameAs":["https:\/\/www.linkedin.com\/company\/grupo-industrial-kempchen-comdiflex-s-a-\/"]}]}},"_links":{"self":[{"href":"https:\/\/comdiflex.com\/pt\/wp-json\/wp\/v2\/pages\/6174","targetHints":{"allow":["GET"]}}],"collection":[{"href":"https:\/\/comdiflex.com\/pt\/wp-json\/wp\/v2\/pages"}],"about":[{"href":"https:\/\/comdiflex.com\/pt\/wp-json\/wp\/v2\/types\/page"}],"author":[{"embeddable":true,"href":"https:\/\/comdiflex.com\/pt\/wp-json\/wp\/v2\/users\/1"}],"replies":[{"embeddable":true,"href":"https:\/\/comdiflex.com\/pt\/wp-json\/wp\/v2\/comments?post=6174"}],"version-history":[{"count":1,"href":"https:\/\/comdiflex.com\/pt\/wp-json\/wp\/v2\/pages\/6174\/revisions"}],"predecessor-version":[{"id":12366,"href":"https:\/\/comdiflex.com\/pt\/wp-json\/wp\/v2\/pages\/6174\/revisions\/12366"}],"wp:attachment":[{"href":"https:\/\/comdiflex.com\/pt\/wp-json\/wp\/v2\/media?parent=6174"}],"curies":[{"name":"wp","href":"https:\/\/api.w.org\/{rel}","templated":true}]}}