{"id":6171,"date":"2021-06-15T13:20:59","date_gmt":"2021-06-15T11:20:59","guid":{"rendered":"http:\/\/comdiflex.com\/aviso-legal\/"},"modified":"2026-01-21T12:20:50","modified_gmt":"2026-01-21T10:20:50","slug":"aviso-legal","status":"publish","type":"page","link":"https:\/\/comdiflex.com\/pt\/aviso-legal\/","title":{"rendered":"Aviso legal"},"content":{"rendered":"<div class=\"fusion-fullwidth fullwidth-box fusion-builder-row-1 fusion-flex-container nonhundred-percent-fullwidth non-hundred-percent-height-scrolling\" style=\"background-color: rgba(255,255,255,0);background-position: center center;background-repeat: no-repeat;border-width: 0px 0px 0px 0px;border-color:#eae9e9;border-style:solid;\" ><div class=\"fusion-builder-row fusion-row fusion-flex-align-items-flex-start\" style=\"max-width:1012.96px;margin-left: calc(-4% \/ 2 );margin-right: calc(-4% \/ 2 );\"><div class=\"fusion-layout-column fusion_builder_column fusion-builder-column-0 fusion_builder_column_1_1 1_1 fusion-flex-column\"><div class=\"fusion-column-wrapper fusion-flex-justify-content-flex-start fusion-content-layout-column\" style=\"background-position:left top;background-repeat:no-repeat;-webkit-background-size:cover;-moz-background-size:cover;-o-background-size:cover;background-size:cover;padding: 0px 0px 0px 0px;\"><div class=\"fusion-text fusion-text-1\" style=\"transform:translate3d(0,0,0);\"><p>Entidade propriet\u00e1ria do s\u00edtio web: Grupo Industrial Kempchen Comdiflex S.A. (doravante O PROPRIET\u00c1RIO), com sede social em C\/ Gabiria 64 -66 20305 Ir\u00fan (Guip\u00fazcoa).<\/p>\n<ol>\n<li><strong>Condi\u00e7\u00f5es de utiliza\u00e7\u00e3o<\/strong><\/li>\n<\/ol>\n<p>O utilizador compromete-se a utilizar o website e os seus servi\u00e7os em conformidade com a lei e com o presente Aviso Legal. O acesso a qualquer endere\u00e7o deste website implica o conhecimento e a aceita\u00e7\u00e3o destas condi\u00e7\u00f5es.<\/p>\n<ol start=\"2\">\n<li><strong>Servi\u00e7os e conte\u00fado<\/strong><\/li>\n<\/ol>\n<p>A informa\u00e7\u00e3o contida nestas p\u00e1ginas web \u00e9 actual na data da sua \u00faltima actualiza\u00e7\u00e3o, e n\u00e3o pode ser actualizada na data da consulta pelo utilizador, tendo a mesma, meramente informativa.<\/p>\n<p>O PROPRIET\u00c1RIO reserva-se o direito de actualizar e modificar as informa\u00e7\u00f5es contidas nestas p\u00e1ginas web em qualquer altura e de limitar ou impedir o acesso tempor\u00e1rio ou permanente quando o considerar apropriado.<\/p>\n<p>O PROPRIET\u00c1RIO pode retirar ou suspender sem aviso pr\u00e9vio e em qualquer momento a presta\u00e7\u00e3o dos Servi\u00e7os aos utilizadores que n\u00e3o cumpram as disposi\u00e7\u00f5es do presente Aviso Legal.<\/p>\n<p>Os links para s\u00edtios de terceiros nas p\u00e1ginas da THE HOLDER s\u00e3o apenas para fins informativos e em caso algum implicam uma sugest\u00e3o, convite ou recomenda\u00e7\u00e3o dos mesmos.<\/p>\n<ol start=\"3\">\n<li><strong> Responsabilidade<\/strong><\/li>\n<\/ol>\n<p>O PROPRIET\u00c1RIO n\u00e3o aceita qualquer responsabilidade por quaisquer erros causados como resultado da utiliza\u00e7\u00e3o incorrecta dos sistemas de informa\u00e7\u00e3o pelo utilizador.<\/p>\n<p>O Aviso Legal s\u00f3 \u00e9 aplic\u00e1vel \u00e0s informa\u00e7\u00f5es recolhidas directamente no website do PROPRIET\u00c1RIO. A entidade rejeita qualquer responsabilidade que possa derivar de informa\u00e7\u00f5es ou downloads acess\u00edveis a partir dos websites de terceiros, sejam pessoas singulares ou colectivas, ligados por liga\u00e7\u00f5es ao website do PROPRIET\u00c1RIO.<\/p>\n<p>O PROPRIET\u00c1RIO declina qualquer responsabilidade decorrente da troca de informa\u00e7\u00f5es entre utilizadores atrav\u00e9s dos seus s\u00edtios web. A responsabilidade pelas declara\u00e7\u00f5es divulgadas nas suas p\u00e1ginas web recai sobre aqueles que as fazem.<\/p>\n<p>Os menores devem obter autoriza\u00e7\u00e3o pr\u00e9via dos seus pais, tutores ou representantes legais, que ser\u00e3o considerados respons\u00e1veis pelos actos praticados, para acederem aos servi\u00e7os dispon\u00edveis neste s\u00edtio web.<\/p>\n<ol start=\"4\">\n<li><strong>Propriedade Intelectual<\/strong><\/li>\n<\/ol>\n<p>O conte\u00fado das p\u00e1ginas web (incluindo, sem limita\u00e7\u00e3o, imagens, textos, marcas, nomes comerciais, logotipos e outros conte\u00fados audiovisuais) \u00e9, salvo indica\u00e7\u00e3o em contr\u00e1rio, propriedade intelectual do PROPRIET\u00c1RIO ou de terceiros.<\/p>\n<p>\u00c9 proibida a c\u00f3pia, duplica\u00e7\u00e3o, redistribui\u00e7\u00e3o, comercializa\u00e7\u00e3o ou qualquer outra actividade que possa ser realizada com o conte\u00fado destas p\u00e1ginas web, mesmo que as fontes sejam citadas, excepto com o consentimento expresso por escrito do PROPRIET\u00c1RIO.<\/p>\n<ol start=\"5\">\n<li><strong>Naviga\u00e7\u00e3o e Seguran\u00e7a<\/strong><\/li>\n<\/ol>\n<p>A fim de acelerar e personalizar a experi\u00eancia de navega\u00e7\u00e3o do utilizador, este website pode utilizar cookies. Al\u00e9m disso, estes cookies permitem ao PROPRIET\u00c1RIO compilar estat\u00edsticas de utiliza\u00e7\u00e3o an\u00f3nimas. Estes ficheiros n\u00e3o armazenam quaisquer dados pessoais e podem ser desactivados em qualquer altura nas op\u00e7\u00f5es do navegador.<\/p>\n<ol start=\"6\">\n<li><strong> Protec\u00e7\u00e3o de dados e processamento de dados pessoais<\/strong><\/li>\n<\/ol>\n<p>Informa\u00e7\u00f5es detalhadas sobre o processamento dos seus dados pessoais pelo HOLDER est\u00e3o dispon\u00edveis aos USU\u00c1RIOS no seguinte endere\u00e7o <a href=\"http:\/\/www.comdiflex.com\/es\/politica-privacidad\/\">link<\/a>.<\/p>\n<ol start=\"7\">\n<li><strong>Resolu\u00e7\u00e3o de lit\u00edgios e lei aplic\u00e1vel<\/strong><\/li>\n<\/ol>\n<p>Os utilizadores das p\u00e1ginas web s\u00e3o obrigados a utiliz\u00e1-las de acordo com as leis e costumes do com\u00e9rcio, e ser\u00e3o respons\u00e1veis perante O PROPRIET\u00c1RIO ou perante terceiros por quaisquer danos que possam ser causados como resultado do n\u00e3o cumprimento da referida obriga\u00e7\u00e3o.<\/p>\n<p>Este Aviso Legal \u00e9 regido em todos e cada um dos seus aspectos pela lei espanhola.<\/p>\n<ol start=\"8\">\n<li><strong>Contacto&gt;<\/strong><\/li>\n<\/ol>\n<p>Para quaisquer quest\u00f5es, sugest\u00f5es, reclama\u00e7\u00f5es ou reclama\u00e7\u00f5es, envie por favor um e-mail para info@comdiflex.com.<\/p>\n<p>Dispomos de um canal confidencial para d\u00favidas e sugest\u00f5es de clientes, fornecedores e colaboradores, canaletico@comdiflex.com.<\/p>\n<\/div><\/div><\/div><style type=\"text\/css\">.fusion-body .fusion-builder-column-0{width:100% !important;margin-top : 0px;margin-bottom : 20px;}.fusion-builder-column-0 > .fusion-column-wrapper {padding-top : 0px !important;padding-right : 0px !important;margin-right : 1.92%;padding-bottom : 0px !important;padding-left : 0px !important;margin-left : 1.92%;}@media only screen and (max-width:1024px) {.fusion-body .fusion-builder-column-0{width:100% !important;order : 0;}.fusion-builder-column-0 > .fusion-column-wrapper {margin-right : 1.92%;margin-left : 1.92%;}}@media only screen and (max-width:640px) {.fusion-body .fusion-builder-column-0{width:100% !important;order : 0;}.fusion-builder-column-0 > .fusion-column-wrapper {margin-right : 1.92%;margin-left : 1.92%;}}<\/style><\/div><style type=\"text\/css\">.fusion-body .fusion-flex-container.fusion-builder-row-1{ padding-top : 0px;margin-top : 0px;padding-right : 0px;padding-bottom : 0px;margin-bottom : 0px;padding-left : 0px;}<\/style><\/div>\n","protected":false},"excerpt":{"rendered":"","protected":false},"author":1,"featured_media":0,"parent":0,"menu_order":0,"comment_status":"closed","ping_status":"closed","template":"","meta":{"_acf_changed":false,"footnotes":""},"class_list":["post-6171","page","type-page","status-publish","hentry"],"acf":[],"yoast_head":"<!-- This site is optimized with the Yoast SEO Premium plugin v22.9 (Yoast SEO v27.2) - https:\/\/yoast.com\/product\/yoast-seo-premium-wordpress\/ -->\n<title>Comdiflex | Aviso legal<\/title>\n<meta name=\"description\" content=\"Entidad titular de la web: Grupo Industrial Kempchen Comdiflex S.A. (en adelante EL TITULAR), con domicilio Social en C\/ Gabiria 64 -66 20305\" \/>\n<meta name=\"robots\" content=\"noindex, follow\" \/>\n<meta property=\"og:locale\" content=\"pt_PT\" \/>\n<meta property=\"og:type\" content=\"article\" \/>\n<meta property=\"og:title\" content=\"Aviso legal\" \/>\n<meta property=\"og:description\" content=\"Entidad titular de la web: Grupo Industrial Kempchen Comdiflex S.A. (en adelante EL TITULAR), con domicilio Social en C\/ Gabiria 64 -66 20305\" \/>\n<meta property=\"og:url\" content=\"https:\/\/comdiflex.com\/pt\/aviso-legal\/\" \/>\n<meta property=\"og:site_name\" content=\"Comdiflex\" \/>\n<meta property=\"article:modified_time\" content=\"2026-01-21T10:20:50+00:00\" \/>\n<meta name=\"twitter:card\" content=\"summary_large_image\" \/>\n<script type=\"application\/ld+json\" class=\"yoast-schema-graph\">{\"@context\":\"https:\/\/schema.org\",\"@graph\":[{\"@type\":\"WebPage\",\"@id\":\"https:\/\/comdiflex.com\/pt\/aviso-legal\/\",\"url\":\"https:\/\/comdiflex.com\/pt\/aviso-legal\/\",\"name\":\"Comdiflex | Aviso legal\",\"isPartOf\":{\"@id\":\"https:\/\/comdiflex.com\/pt\/#website\"},\"datePublished\":\"2021-06-15T11:20:59+00:00\",\"dateModified\":\"2026-01-21T10:20:50+00:00\",\"description\":\"Entidad titular de la web: Grupo Industrial Kempchen Comdiflex S.A. (en adelante EL TITULAR), con domicilio Social en C\/ Gabiria 64 -66 20305\",\"breadcrumb\":{\"@id\":\"https:\/\/comdiflex.com\/pt\/aviso-legal\/#breadcrumb\"},\"inLanguage\":\"pt\",\"potentialAction\":[{\"@type\":\"ReadAction\",\"target\":[\"https:\/\/comdiflex.com\/pt\/aviso-legal\/\"]}]},{\"@type\":\"BreadcrumbList\",\"@id\":\"https:\/\/comdiflex.com\/pt\/aviso-legal\/#breadcrumb\",\"itemListElement\":[{\"@type\":\"ListItem\",\"position\":1,\"name\":\"Inicio\",\"item\":\"https:\/\/comdiflex.com\/pt\/\"},{\"@type\":\"ListItem\",\"position\":2,\"name\":\"Aviso legal\"}]},{\"@type\":\"WebSite\",\"@id\":\"https:\/\/comdiflex.com\/pt\/#website\",\"url\":\"https:\/\/comdiflex.com\/pt\/\",\"name\":\"Comdiflex\",\"description\":\"Fabricante de juntas y compensadores | Fabricaci\u00f3n urgente\",\"publisher\":{\"@id\":\"https:\/\/comdiflex.com\/pt\/#organization\"},\"potentialAction\":[{\"@type\":\"SearchAction\",\"target\":{\"@type\":\"EntryPoint\",\"urlTemplate\":\"https:\/\/comdiflex.com\/pt\/?s={search_term_string}\"},\"query-input\":{\"@type\":\"PropertyValueSpecification\",\"valueRequired\":true,\"valueName\":\"search_term_string\"}}],\"inLanguage\":\"pt\"},{\"@type\":\"Organization\",\"@id\":\"https:\/\/comdiflex.com\/pt\/#organization\",\"name\":\"COMDIFLEX\",\"url\":\"https:\/\/comdiflex.com\/pt\/\",\"logo\":{\"@type\":\"ImageObject\",\"inLanguage\":\"pt\",\"@id\":\"https:\/\/comdiflex.com\/pt\/#\/schema\/logo\/image\/\",\"url\":\"https:\/\/comdiflex.com\/wp-content\/uploads\/2021\/06\/logocomdiflex275x62.png\",\"contentUrl\":\"https:\/\/comdiflex.com\/wp-content\/uploads\/2021\/06\/logocomdiflex275x62.png\",\"width\":275,\"height\":62,\"caption\":\"COMDIFLEX\"},\"image\":{\"@id\":\"https:\/\/comdiflex.com\/pt\/#\/schema\/logo\/image\/\"},\"sameAs\":[\"https:\/\/www.linkedin.com\/company\/grupo-industrial-kempchen-comdiflex-s-a-\/\"]}]}<\/script>\n<!-- \/ Yoast SEO Premium plugin. -->","yoast_head_json":{"title":"Comdiflex | Aviso legal","description":"Entidad titular de la web: Grupo Industrial Kempchen Comdiflex S.A. (en adelante EL TITULAR), con domicilio Social en C\/ Gabiria 64 -66 20305","robots":{"index":"noindex","follow":"follow"},"og_locale":"pt_PT","og_type":"article","og_title":"Aviso legal","og_description":"Entidad titular de la web: Grupo Industrial Kempchen Comdiflex S.A. (en adelante EL TITULAR), con domicilio Social en C\/ Gabiria 64 -66 20305","og_url":"https:\/\/comdiflex.com\/pt\/aviso-legal\/","og_site_name":"Comdiflex","article_modified_time":"2026-01-21T10:20:50+00:00","twitter_card":"summary_large_image","schema":{"@context":"https:\/\/schema.org","@graph":[{"@type":"WebPage","@id":"https:\/\/comdiflex.com\/pt\/aviso-legal\/","url":"https:\/\/comdiflex.com\/pt\/aviso-legal\/","name":"Comdiflex | Aviso legal","isPartOf":{"@id":"https:\/\/comdiflex.com\/pt\/#website"},"datePublished":"2021-06-15T11:20:59+00:00","dateModified":"2026-01-21T10:20:50+00:00","description":"Entidad titular de la web: Grupo Industrial Kempchen Comdiflex S.A. (en adelante EL TITULAR), con domicilio Social en C\/ Gabiria 64 -66 20305","breadcrumb":{"@id":"https:\/\/comdiflex.com\/pt\/aviso-legal\/#breadcrumb"},"inLanguage":"pt","potentialAction":[{"@type":"ReadAction","target":["https:\/\/comdiflex.com\/pt\/aviso-legal\/"]}]},{"@type":"BreadcrumbList","@id":"https:\/\/comdiflex.com\/pt\/aviso-legal\/#breadcrumb","itemListElement":[{"@type":"ListItem","position":1,"name":"Inicio","item":"https:\/\/comdiflex.com\/pt\/"},{"@type":"ListItem","position":2,"name":"Aviso legal"}]},{"@type":"WebSite","@id":"https:\/\/comdiflex.com\/pt\/#website","url":"https:\/\/comdiflex.com\/pt\/","name":"Comdiflex","description":"Fabricante de juntas y compensadores | Fabricaci\u00f3n urgente","publisher":{"@id":"https:\/\/comdiflex.com\/pt\/#organization"},"potentialAction":[{"@type":"SearchAction","target":{"@type":"EntryPoint","urlTemplate":"https:\/\/comdiflex.com\/pt\/?s={search_term_string}"},"query-input":{"@type":"PropertyValueSpecification","valueRequired":true,"valueName":"search_term_string"}}],"inLanguage":"pt"},{"@type":"Organization","@id":"https:\/\/comdiflex.com\/pt\/#organization","name":"COMDIFLEX","url":"https:\/\/comdiflex.com\/pt\/","logo":{"@type":"ImageObject","inLanguage":"pt","@id":"https:\/\/comdiflex.com\/pt\/#\/schema\/logo\/image\/","url":"https:\/\/comdiflex.com\/wp-content\/uploads\/2021\/06\/logocomdiflex275x62.png","contentUrl":"https:\/\/comdiflex.com\/wp-content\/uploads\/2021\/06\/logocomdiflex275x62.png","width":275,"height":62,"caption":"COMDIFLEX"},"image":{"@id":"https:\/\/comdiflex.com\/pt\/#\/schema\/logo\/image\/"},"sameAs":["https:\/\/www.linkedin.com\/company\/grupo-industrial-kempchen-comdiflex-s-a-\/"]}]}},"_links":{"self":[{"href":"https:\/\/comdiflex.com\/pt\/wp-json\/wp\/v2\/pages\/6171","targetHints":{"allow":["GET"]}}],"collection":[{"href":"https:\/\/comdiflex.com\/pt\/wp-json\/wp\/v2\/pages"}],"about":[{"href":"https:\/\/comdiflex.com\/pt\/wp-json\/wp\/v2\/types\/page"}],"author":[{"embeddable":true,"href":"https:\/\/comdiflex.com\/pt\/wp-json\/wp\/v2\/users\/1"}],"replies":[{"embeddable":true,"href":"https:\/\/comdiflex.com\/pt\/wp-json\/wp\/v2\/comments?post=6171"}],"version-history":[{"count":1,"href":"https:\/\/comdiflex.com\/pt\/wp-json\/wp\/v2\/pages\/6171\/revisions"}],"predecessor-version":[{"id":12374,"href":"https:\/\/comdiflex.com\/pt\/wp-json\/wp\/v2\/pages\/6171\/revisions\/12374"}],"wp:attachment":[{"href":"https:\/\/comdiflex.com\/pt\/wp-json\/wp\/v2\/media?parent=6171"}],"curies":[{"name":"wp","href":"https:\/\/api.w.org\/{rel}","templated":true}]}}