{"id":5989,"date":"2021-10-13T08:35:41","date_gmt":"2021-10-13T06:35:41","guid":{"rendered":"http:\/\/comdiflex.com\/gestion-de-la-calidad\/"},"modified":"2026-04-13T09:23:03","modified_gmt":"2026-04-13T07:23:03","slug":"gestao-da-qualidade","status":"publish","type":"page","link":"https:\/\/comdiflex.com\/pt\/gestao-da-qualidade\/","title":{"rendered":"Gest\u00e3o da qualidade"},"content":{"rendered":"<div class=\"fusion-fullwidth fullwidth-box fusion-builder-row-1 fusion-flex-container nonhundred-percent-fullwidth non-hundred-percent-height-scrolling fusion-animated\" style=\"background-color: rgba(255,255,255,0);background-position: center center;background-repeat: no-repeat;border-width: 0px 0px 0px 0px;border-color:#eae9e9;border-style:solid;\" data-animationType=\"slideInRight\" data-animationDuration=\"0.3\" data-animationOffset=\"100%\" ><div class=\"fusion-builder-row fusion-row fusion-flex-align-items-flex-start\" style=\"max-width:1012.96px;margin-left: calc(-4% \/ 2 );margin-right: calc(-4% \/ 2 );\"><div class=\"fusion-layout-column fusion_builder_column fusion-builder-column-0 fusion_builder_column_1_1 1_1 fusion-flex-column\"><div class=\"fusion-column-wrapper fusion-flex-justify-content-flex-start fusion-content-layout-column\" style=\"background-position:left top;background-repeat:no-repeat;-webkit-background-size:cover;-moz-background-size:cover;-o-background-size:cover;background-size:cover;padding: 0px 0px 0px 0px;\"><style type=\"text\/css\">@media only screen and (max-width:1024px) {.fusion-title.fusion-title-1{margin-top:0px!important;margin-bottom:30px!important;}}<\/style><div class=\"fusion-title title fusion-title-1 fusion-title-text fusion-title-size-two\" style=\"font-size:22px;margin-top:0px;margin-bottom:30px;\"><div class=\"title-sep-container title-sep-container-left fusion-no-large-visibility fusion-no-medium-visibility fusion-no-small-visibility\"><div class=\"title-sep sep-\" style=\"border-color:#e2e2e2;\"><\/div><\/div><h2 class=\"title-heading-left\" style=\"margin:0;font-size:1em;\"><strong><a style=\"text-decoration: none; border-bottom: 3px solid #ff0000; color: #000000;\" href=\"change-underline-color.php\">Gest\u00e3o da qualidade<\/a><\/strong><\/h2><div class=\"title-sep-container title-sep-container-right\"><div class=\"title-sep sep-\" style=\"border-color:#e2e2e2;\"><\/div><\/div><\/div><\/div><\/div><style type=\"text\/css\">.fusion-body .fusion-builder-column-0{width:100% !important;margin-top : 20px;margin-bottom : 20px;}.fusion-builder-column-0 > .fusion-column-wrapper {padding-top : 0px !important;padding-right : 0px !important;margin-right : 1.92%;padding-bottom : 0px !important;padding-left : 0px !important;margin-left : 1.92%;}@media only screen and (max-width:1024px) {.fusion-body .fusion-builder-column-0{width:100% !important;order : 0;}.fusion-builder-column-0 > .fusion-column-wrapper {margin-right : 1.92%;margin-left : 1.92%;}}@media only screen and (max-width:640px) {.fusion-body .fusion-builder-column-0{width:100% !important;order : 0;}.fusion-builder-column-0 > .fusion-column-wrapper {margin-right : 1.92%;margin-left : 1.92%;}}<\/style><div class=\"fusion-layout-column fusion_builder_column fusion-builder-column-1 fusion_builder_column_2_5 2_5 fusion-flex-column\"><div class=\"fusion-column-wrapper fusion-flex-justify-content-flex-start fusion-content-layout-column\" style=\"background-position:left top;background-repeat:no-repeat;-webkit-background-size:cover;-moz-background-size:cover;-o-background-size:cover;background-size:cover;padding: 0px 0px 0px 0px;\"><div class=\"fusion-text fusion-text-1\" style=\"transform:translate3d(0,0,0);\"><p>Desde o in\u00edcio da nossa actividade, estamos empenhados na alta qualidade dos nossos produtos e servi\u00e7os, somos certificados h\u00e1 quase 20 anos de acordo com a norma <a href=\"http:\/\/comdiflex.com\/descargas\/ISO-9001-CASTELLANO-APPLUS.pdf\"><span style=\"color: #f9002f;\">UNE-EN ISO 9001:2015 \u2013 \u201cSistemas de gest\u00e3o de qualidade\u201d<\/span><\/a>, actualmente auditada pela Applus+. Ao longo dos anos ganh\u00e1mos a confian\u00e7a das principais companhias petrol\u00edferas e de g\u00e1s, tanto em Espanha como em todo o mundo. Hoje somos fornecedores aprovados da REPSOL, GALP, CEPSA, BP, YPF&#8230; e continuamos a trabalhar na obten\u00e7\u00e3o de acredita\u00e7\u00f5es das companhias petrol\u00edferas mais representativas.<\/p>\n<p>H\u00e1 alguns anos, obtivemos o <a href=\"http:\/\/comdiflex.com\/descargas\/CCNN_Castellano_Ingles.pdf\"><span style=\"color: #f9002f;\">certifica\u00e7\u00e3o do Consejo de Centrales Nucleares de Espa\u00f1a (Conselho Espanhol de Centrais Nucleares)<\/span><\/a>, ser auditada de acordo com a norma <strong>UNE-EN 73401:1995 &#8211; &#8220;Garantia de qualidade em instala\u00e7\u00f5es nucleares&#8221;.<\/strong> Fornecemos solu\u00e7\u00f5es avan\u00e7adas de selagem para os requisitos rigorosos das centrais nucleares, centrais de energia solar t\u00e9rmica, centrais de ciclo combinado, entre outras aplica\u00e7\u00f5es no sector da produ\u00e7\u00e3o de energia e das energias renov\u00e1veis.<\/p>\n<p>Comdiflex \u00e9 <a href=\"https:\/\/www.comdiflex.com\/descargas\/comdiflex-achilles-repro-certificado-de-registro.pdf\"><span style=\"color: #f9002f;\">aprovado como fornecedor no registo REPRO<\/span><\/a> &#8211; a Comunidade Online <strong>de Achilles<\/strong> para os sectores da energia, petr\u00f3leo, \u00e1gua e g\u00e1s utilizados pelas empresas para a gest\u00e3o dos riscos da cadeia de abastecimento em Espanha, It\u00e1lia, Portugal e Am\u00e9rica Latina. Fazemos parte do <a href=\"https:\/\/www.comdiflex.com\/descargas\/comdiflex-certificado-miembro-fluidex.pdf\"><span style=\"color: #f9002f;\">Associa\u00e7\u00e3o Espanhola de Exportadores de Equipamentos e Servi\u00e7os para o Manuseamento de Fluidos &#8211; <strong>FLUIDEX.<\/strong><\/span><\/a><\/p>\n<\/div><\/div><\/div><style type=\"text\/css\">.fusion-body .fusion-builder-column-1{width:40% !important;margin-top : 0px;margin-bottom : 20px;}.fusion-builder-column-1 > .fusion-column-wrapper {padding-top : 0px !important;padding-right : 0px !important;margin-right : 4.8%;padding-bottom : 0px !important;padding-left : 0px !important;margin-left : 4.8%;}@media only screen and (max-width:1024px) {.fusion-body .fusion-builder-column-1{width:100% !important;order : 0;}.fusion-builder-column-1 > .fusion-column-wrapper {margin-right : 1.92%;margin-left : 1.92%;}}@media only screen and (max-width:640px) {.fusion-body .fusion-builder-column-1{width:100% !important;order : 0;}.fusion-builder-column-1 > .fusion-column-wrapper {margin-right : 1.92%;margin-left : 1.92%;}}<\/style><div class=\"fusion-layout-column fusion_builder_column fusion-builder-column-2 fusion-flex-column\"><div class=\"fusion-column-wrapper fusion-flex-justify-content-flex-start fusion-content-layout-column\" style=\"background-position:left top;background-repeat:no-repeat;-webkit-background-size:cover;-moz-background-size:cover;-o-background-size:cover;background-size:cover;padding: 0px 0px 0px 0px;\"><\/div><\/div><style type=\"text\/css\">.fusion-body .fusion-builder-column-2{width:8.2% !important;margin-top : 0px;margin-bottom : 20px;}.fusion-builder-column-2 > .fusion-column-wrapper {padding-top : 0px !important;padding-right : 0px !important;margin-right : 23.414634146341%;padding-bottom : 0px !important;padding-left : 0px !important;margin-left : 23.414634146341%;}@media only screen and (max-width:1024px) {.fusion-body .fusion-builder-column-2{width:100% !important;order : 0;}.fusion-builder-column-2 > .fusion-column-wrapper {margin-right : 1.92%;margin-left : 1.92%;}}@media only screen and (max-width:640px) {.fusion-body .fusion-builder-column-2{width:100% !important;order : 0;}.fusion-builder-column-2 > .fusion-column-wrapper {margin-right : 1.92%;margin-left : 1.92%;}}<\/style><div class=\"fusion-layout-column fusion_builder_column fusion-builder-column-3 fusion_builder_column_2_5 2_5 fusion-flex-column\"><div class=\"fusion-column-wrapper fusion-flex-justify-content-flex-start fusion-content-layout-column\" style=\"background-position:left top;background-repeat:no-repeat;-webkit-background-size:cover;-moz-background-size:cover;-o-background-size:cover;background-size:cover;padding: 0px 0px 0px 0px;\"><div class=\"fusion-text fusion-text-2\" style=\"font-family:&quot;Lato&quot;;font-weight:400;transform:translate3d(0,0,0);\"><div class=\"button-wrapper\">\n<p><a class=\"a-btn\" title=\"Descargar Norma UNE EN-ISO 9001\" href=\"http:\/\/comdiflex.com\/descargas\/ISO-9001-CASTELLANO-APPLUS.pdf\" target=\"_blank\" rel=\"noopener\"><br \/>\n<span class=\"a-btn-text\">UNE EN-ISO 9001:2015<\/span><\/a><\/p>\n<p><a class=\"a-btn\" title=\"Descarregar o Certificado de FORNECEDOR APROVADO DO CONSELHO NUCLEAR DE PLANTAS DE ENERGIA\" href=\"https:\/\/comdiflex.com\/descargas\/CERTIFICADO-UNE-73.401.pdf\" target=\"_blank\" rel=\"noopener\"><br \/>\n<span class=\"a-btn-text\">FORNECEDOR APROVADO DO CONSELHO NUCLEAR DE PLANTAS DE ENERGIA<\/span><\/a><\/p>\n<p><a class=\"a-btn\" title=\"Descargar ACHILLES - REPRO CERTIFICADO DE REGISTRO\" href=\"http:\/\/comdiflex.com\/descargas\/Certificado-Archilles-GRUPO-INDUSTRIAL-KEMPCHEN-COMDIFLEX.pdf\" target=\"_blank\" rel=\"noopener\"><br \/>\n<span class=\"a-btn-text\">ACHILLES &#8211; REPRO CERTIFICADO DE REGISTRO<\/span><\/a><\/p>\n<p><a class=\"a-btn\" title=\"Descargar CERTIFICADO FLUIDEX\" href=\"https:\/\/www.comdiflex.com\/descargas\/comdiflex-certificado-miembro-fluidex.pdf\" target=\"_blank\" rel=\"noopener\"><br \/>\n<span class=\"a-btn-text\">CERTIFICADO FLUIDEX<\/span><\/a><\/p>\n<p><a class=\"a-btn\" title=\"Descargar CERTIFICADOS TA LUFT\" href=\"http:\/\/comdiflex.com\/descargas\/comdiflex-certificados-taluft.pdf\" target=\"_blank\" rel=\"noopener\"><br \/>\n<span class=\"a-btn-text\">CERTIFICADOS TA LUFT<\/span><\/a><\/p>\n<\/div>\n<\/div><\/div><\/div><style type=\"text\/css\">.fusion-body .fusion-builder-column-3{width:40% !important;margin-top : -30px;margin-bottom : 20px;}.fusion-builder-column-3 > .fusion-column-wrapper {padding-top : 0px !important;padding-right : 0px !important;margin-right : 4.8%;padding-bottom : 0px !important;padding-left : 0px !important;margin-left : 4.8%;}@media only screen and (max-width:1024px) {.fusion-body .fusion-builder-column-3{width:100% !important;order : 0;}.fusion-builder-column-3 > .fusion-column-wrapper {margin-right : 1.92%;margin-left : 1.92%;}}@media only screen and (max-width:640px) {.fusion-body .fusion-builder-column-3{width:100% !important;order : 0;}.fusion-builder-column-3 > .fusion-column-wrapper {margin-right : 1.92%;margin-left : 1.92%;}}<\/style><\/div><style type=\"text\/css\">.fusion-body .fusion-flex-container.fusion-builder-row-1{ padding-top : 0px;margin-top : 0px;padding-right : 0px;padding-bottom : 0px;margin-bottom : 0px;padding-left : 0px;}<\/style><\/div>\n","protected":false},"excerpt":{"rendered":"","protected":false},"author":1,"featured_media":0,"parent":0,"menu_order":0,"comment_status":"closed","ping_status":"closed","template":"","meta":{"_acf_changed":false,"footnotes":""},"class_list":["post-5989","page","type-page","status-publish","hentry"],"acf":[],"yoast_head":"<!-- This site is optimized with the Yoast SEO Premium plugin v22.9 (Yoast SEO v27.2) - https:\/\/yoast.com\/product\/yoast-seo-premium-wordpress\/ -->\n<title>Comdiflex | Gest\u00e3o da qualidade<\/title>\n<meta name=\"robots\" content=\"index, follow, max-snippet:-1, max-image-preview:large, max-video-preview:-1\" \/>\n<link rel=\"canonical\" href=\"https:\/\/comdiflex.com\/pt\/gestao-da-qualidade\/\" \/>\n<meta property=\"og:locale\" content=\"pt_PT\" \/>\n<meta property=\"og:type\" content=\"article\" \/>\n<meta property=\"og:title\" content=\"Gest\u00e3o da qualidade\" \/>\n<meta property=\"og:url\" content=\"https:\/\/comdiflex.com\/pt\/gestao-da-qualidade\/\" \/>\n<meta property=\"og:site_name\" content=\"Comdiflex\" \/>\n<meta property=\"article:modified_time\" content=\"2026-04-13T07:23:03+00:00\" \/>\n<meta name=\"twitter:card\" content=\"summary_large_image\" \/>\n<script type=\"application\/ld+json\" class=\"yoast-schema-graph\">{\"@context\":\"https:\/\/schema.org\",\"@graph\":[{\"@type\":\"WebPage\",\"@id\":\"https:\/\/comdiflex.com\/pt\/gestao-da-qualidade\/\",\"url\":\"https:\/\/comdiflex.com\/pt\/gestao-da-qualidade\/\",\"name\":\"Comdiflex | Gest\u00e3o da qualidade\",\"isPartOf\":{\"@id\":\"https:\/\/comdiflex.com\/pt\/#website\"},\"datePublished\":\"2021-10-13T06:35:41+00:00\",\"dateModified\":\"2026-04-13T07:23:03+00:00\",\"breadcrumb\":{\"@id\":\"https:\/\/comdiflex.com\/pt\/gestao-da-qualidade\/#breadcrumb\"},\"inLanguage\":\"pt\",\"potentialAction\":[{\"@type\":\"ReadAction\",\"target\":[\"https:\/\/comdiflex.com\/pt\/gestao-da-qualidade\/\"]}]},{\"@type\":\"BreadcrumbList\",\"@id\":\"https:\/\/comdiflex.com\/pt\/gestao-da-qualidade\/#breadcrumb\",\"itemListElement\":[{\"@type\":\"ListItem\",\"position\":1,\"name\":\"Inicio\",\"item\":\"https:\/\/comdiflex.com\/pt\/\"},{\"@type\":\"ListItem\",\"position\":2,\"name\":\"Gest\u00e3o da qualidade\"}]},{\"@type\":\"WebSite\",\"@id\":\"https:\/\/comdiflex.com\/pt\/#website\",\"url\":\"https:\/\/comdiflex.com\/pt\/\",\"name\":\"Comdiflex\",\"description\":\"Fabricante de juntas y compensadores | Fabricaci\u00f3n urgente\",\"publisher\":{\"@id\":\"https:\/\/comdiflex.com\/pt\/#organization\"},\"potentialAction\":[{\"@type\":\"SearchAction\",\"target\":{\"@type\":\"EntryPoint\",\"urlTemplate\":\"https:\/\/comdiflex.com\/pt\/?s={search_term_string}\"},\"query-input\":{\"@type\":\"PropertyValueSpecification\",\"valueRequired\":true,\"valueName\":\"search_term_string\"}}],\"inLanguage\":\"pt\"},{\"@type\":\"Organization\",\"@id\":\"https:\/\/comdiflex.com\/pt\/#organization\",\"name\":\"COMDIFLEX\",\"url\":\"https:\/\/comdiflex.com\/pt\/\",\"logo\":{\"@type\":\"ImageObject\",\"inLanguage\":\"pt\",\"@id\":\"https:\/\/comdiflex.com\/pt\/#\/schema\/logo\/image\/\",\"url\":\"https:\/\/comdiflex.com\/wp-content\/uploads\/2021\/06\/logocomdiflex275x62.png\",\"contentUrl\":\"https:\/\/comdiflex.com\/wp-content\/uploads\/2021\/06\/logocomdiflex275x62.png\",\"width\":275,\"height\":62,\"caption\":\"COMDIFLEX\"},\"image\":{\"@id\":\"https:\/\/comdiflex.com\/pt\/#\/schema\/logo\/image\/\"},\"sameAs\":[\"https:\/\/www.linkedin.com\/company\/grupo-industrial-kempchen-comdiflex-s-a-\/\"]}]}<\/script>\n<!-- \/ Yoast SEO Premium plugin. -->","yoast_head_json":{"title":"Comdiflex | Gest\u00e3o da qualidade","robots":{"index":"index","follow":"follow","max-snippet":"max-snippet:-1","max-image-preview":"max-image-preview:large","max-video-preview":"max-video-preview:-1"},"canonical":"https:\/\/comdiflex.com\/pt\/gestao-da-qualidade\/","og_locale":"pt_PT","og_type":"article","og_title":"Gest\u00e3o da qualidade","og_url":"https:\/\/comdiflex.com\/pt\/gestao-da-qualidade\/","og_site_name":"Comdiflex","article_modified_time":"2026-04-13T07:23:03+00:00","twitter_card":"summary_large_image","schema":{"@context":"https:\/\/schema.org","@graph":[{"@type":"WebPage","@id":"https:\/\/comdiflex.com\/pt\/gestao-da-qualidade\/","url":"https:\/\/comdiflex.com\/pt\/gestao-da-qualidade\/","name":"Comdiflex | Gest\u00e3o da qualidade","isPartOf":{"@id":"https:\/\/comdiflex.com\/pt\/#website"},"datePublished":"2021-10-13T06:35:41+00:00","dateModified":"2026-04-13T07:23:03+00:00","breadcrumb":{"@id":"https:\/\/comdiflex.com\/pt\/gestao-da-qualidade\/#breadcrumb"},"inLanguage":"pt","potentialAction":[{"@type":"ReadAction","target":["https:\/\/comdiflex.com\/pt\/gestao-da-qualidade\/"]}]},{"@type":"BreadcrumbList","@id":"https:\/\/comdiflex.com\/pt\/gestao-da-qualidade\/#breadcrumb","itemListElement":[{"@type":"ListItem","position":1,"name":"Inicio","item":"https:\/\/comdiflex.com\/pt\/"},{"@type":"ListItem","position":2,"name":"Gest\u00e3o da qualidade"}]},{"@type":"WebSite","@id":"https:\/\/comdiflex.com\/pt\/#website","url":"https:\/\/comdiflex.com\/pt\/","name":"Comdiflex","description":"Fabricante de juntas y compensadores | Fabricaci\u00f3n urgente","publisher":{"@id":"https:\/\/comdiflex.com\/pt\/#organization"},"potentialAction":[{"@type":"SearchAction","target":{"@type":"EntryPoint","urlTemplate":"https:\/\/comdiflex.com\/pt\/?s={search_term_string}"},"query-input":{"@type":"PropertyValueSpecification","valueRequired":true,"valueName":"search_term_string"}}],"inLanguage":"pt"},{"@type":"Organization","@id":"https:\/\/comdiflex.com\/pt\/#organization","name":"COMDIFLEX","url":"https:\/\/comdiflex.com\/pt\/","logo":{"@type":"ImageObject","inLanguage":"pt","@id":"https:\/\/comdiflex.com\/pt\/#\/schema\/logo\/image\/","url":"https:\/\/comdiflex.com\/wp-content\/uploads\/2021\/06\/logocomdiflex275x62.png","contentUrl":"https:\/\/comdiflex.com\/wp-content\/uploads\/2021\/06\/logocomdiflex275x62.png","width":275,"height":62,"caption":"COMDIFLEX"},"image":{"@id":"https:\/\/comdiflex.com\/pt\/#\/schema\/logo\/image\/"},"sameAs":["https:\/\/www.linkedin.com\/company\/grupo-industrial-kempchen-comdiflex-s-a-\/"]}]}},"_links":{"self":[{"href":"https:\/\/comdiflex.com\/pt\/wp-json\/wp\/v2\/pages\/5989","targetHints":{"allow":["GET"]}}],"collection":[{"href":"https:\/\/comdiflex.com\/pt\/wp-json\/wp\/v2\/pages"}],"about":[{"href":"https:\/\/comdiflex.com\/pt\/wp-json\/wp\/v2\/types\/page"}],"author":[{"embeddable":true,"href":"https:\/\/comdiflex.com\/pt\/wp-json\/wp\/v2\/users\/1"}],"replies":[{"embeddable":true,"href":"https:\/\/comdiflex.com\/pt\/wp-json\/wp\/v2\/comments?post=5989"}],"version-history":[{"count":2,"href":"https:\/\/comdiflex.com\/pt\/wp-json\/wp\/v2\/pages\/5989\/revisions"}],"predecessor-version":[{"id":13571,"href":"https:\/\/comdiflex.com\/pt\/wp-json\/wp\/v2\/pages\/5989\/revisions\/13571"}],"wp:attachment":[{"href":"https:\/\/comdiflex.com\/pt\/wp-json\/wp\/v2\/media?parent=5989"}],"curies":[{"name":"wp","href":"https:\/\/api.w.org\/{rel}","templated":true}]}}