{"id":9071,"date":"2021-11-12T14:04:04","date_gmt":"2021-11-12T12:04:04","guid":{"rendered":"http:\/\/comdiflex.com\/rd-news\/"},"modified":"2026-01-21T12:05:27","modified_gmt":"2026-01-21T10:05:27","slug":"actualites-rd","status":"publish","type":"page","link":"https:\/\/comdiflex.com\/fr\/actualites-rd\/","title":{"rendered":"Actualit\u00e9s R&#038;D"},"content":{"rendered":"<div class=\"fusion-fullwidth fullwidth-box fusion-builder-row-1 fusion-flex-container nonhundred-percent-fullwidth non-hundred-percent-height-scrolling\" style=\"background-color: rgba(255,255,255,0);background-position: center center;background-repeat: no-repeat;border-width: 0px 0px 0px 0px;border-color:#eae9e9;border-style:solid;\" ><div class=\"fusion-builder-row fusion-row fusion-flex-align-items-flex-start\" style=\"max-width:1012.96px;margin-left: calc(-4% \/ 2 );margin-right: calc(-4% \/ 2 );\"><div class=\"fusion-layout-column fusion_builder_column fusion-builder-column-0 fusion_builder_column_1_1 1_1 fusion-flex-column\"><div class=\"fusion-column-wrapper fusion-flex-justify-content-flex-start fusion-content-layout-column\" style=\"background-position:left top;background-repeat:no-repeat;-webkit-background-size:cover;-moz-background-size:cover;-o-background-size:cover;background-size:cover;padding: 0px 0px 0px 0px;\"><div class=\"fusion-recent-posts fusion-recent-posts-1 avada-container layout-default layout-columns-2\"><section class=\"fusion-columns columns fusion-columns-2 columns-2\"><article class=\"post fusion-column column col col-lg-6 col-md-6 col-sm-6\"><div class=\"fusion-flexslider fusion-flexslider-loading flexslider flexslider-hover-type-zoomin\"><ul class=\"slides\"><li><a href=\"https:\/\/comdiflex.com\/fr\/dilatation-thermique-installations-industrielles\/\" aria-label=\"Compensateurs de dilatation dans les installations industrielles : quand sont-ils n\u00e9cessaires et comment les choisir\" class=\"hover-type-zoomin\"><img decoding=\"async\" width=\"700\" height=\"441\" src=\"https:\/\/comdiflex.com\/wp-content\/uploads\/2026\/01\/expansion-termica-tuberias-industriales-700x441.png\" class=\"attachment-recent-posts size-recent-posts lazyload\" alt=\"\" srcset=\"data:image\/svg+xml,%3Csvg%20xmlns%3D%27http%3A%2F%2Fwww.w3.org%2F2000%2Fsvg%27%20width%3D%271280%27%20height%3D%27896%27%20viewBox%3D%270%200%201280%20896%27%3E%3Crect%20width%3D%271280%27%20height%3D%273896%27%20fill-opacity%3D%220%22%2F%3E%3C%2Fsvg%3E\" data-orig-src=\"https:\/\/comdiflex.com\/wp-content\/uploads\/2026\/01\/expansion-termica-tuberias-industriales-700x441.png\" data-srcset=\"https:\/\/comdiflex.com\/wp-content\/uploads\/2026\/01\/expansion-termica-tuberias-industriales-320x202.png 320w, https:\/\/comdiflex.com\/wp-content\/uploads\/2026\/01\/expansion-termica-tuberias-industriales-700x441.png 700w\" data-sizes=\"auto\" \/><\/a><\/li><\/ul><\/div><div class=\"recent-posts-content\"><span class=\"vcard\" style=\"display: none;\"><span class=\"fn\"><a href=\"https:\/\/comdiflex.com\/fr\/author\/picabea\/\" title=\"Articles par Picabea\" rel=\"author\">Picabea<\/a><\/span><\/span><span class=\"updated\" style=\"display:none;\">2026-01-15T16:13:58+02:00<\/span><h4 class=\"entry-title\"><a href=\"https:\/\/comdiflex.com\/fr\/dilatation-thermique-installations-industrielles\/\">Compensateurs de dilatation dans les installations industrielles : quand sont-ils n\u00e9cessaires et comment les choisir<\/a><\/h4><p class=\"meta\"><span class=\"vcard\" style=\"display: none;\"><span class=\"fn\"><a href=\"https:\/\/comdiflex.com\/fr\/author\/picabea\/\" title=\"Articles par Picabea\" rel=\"author\">Picabea<\/a><\/span><\/span><span class=\"updated\" style=\"display:none;\">2026-01-15T16:13:58+02:00<\/span><\/p><p> Dans les installations industrielles modernes, les variations de temp\u00e9rature, de pression et de charges m\u00e9caniques provoquent in\u00e9vitablement des mouvements dans les canalisations, conduits et \u00e9quipements. Une mauvaise gestion de ces mouvements peut entra\u00eener des<\/p><\/div><\/article><article class=\"post fusion-column column col col-lg-6 col-md-6 col-sm-6\"><div class=\"fusion-flexslider fusion-flexslider-loading flexslider flexslider-hover-type-zoomin\"><ul class=\"slides\"><li><a href=\"https:\/\/comdiflex.com\/fr\/inauguration-de-la-kempchen-gallery\/\" aria-label=\"Inauguration de notre Si\u00e8ge Social:\" class=\"hover-type-zoomin\"><img decoding=\"async\" width=\"700\" height=\"441\" src=\"https:\/\/comdiflex.com\/wp-content\/uploads\/2025\/09\/Jose-Ruiz-Villandiego-44-700x441.jpg\" class=\"attachment-recent-posts size-recent-posts lazyload\" alt=\"Sede Social Comdiflex | Kempchen Gallery Donostia-San Sebasti\u00e1n\" srcset=\"data:image\/svg+xml,%3Csvg%20xmlns%3D%27http%3A%2F%2Fwww.w3.org%2F2000%2Fsvg%27%20width%3D%272560%27%20height%3D%271707%27%20viewBox%3D%270%200%202560%201707%27%3E%3Crect%20width%3D%272560%27%20height%3D%2731707%27%20fill-opacity%3D%220%22%2F%3E%3C%2Fsvg%3E\" data-orig-src=\"https:\/\/comdiflex.com\/wp-content\/uploads\/2025\/09\/Jose-Ruiz-Villandiego-44-700x441.jpg\" data-srcset=\"https:\/\/comdiflex.com\/wp-content\/uploads\/2025\/09\/Jose-Ruiz-Villandiego-44-320x202.jpg 320w, https:\/\/comdiflex.com\/wp-content\/uploads\/2025\/09\/Jose-Ruiz-Villandiego-44-700x441.jpg 700w\" data-sizes=\"auto\" \/><\/a><\/li><\/ul><\/div><div class=\"recent-posts-content\"><span class=\"vcard\" style=\"display: none;\"><span class=\"fn\"><a href=\"https:\/\/comdiflex.com\/fr\/author\/janbiel\/\" title=\"Articles par Janbiel\" rel=\"author\">Janbiel<\/a><\/span><\/span><span class=\"updated\" style=\"display:none;\">2026-01-07T19:02:52+02:00<\/span><h4 class=\"entry-title\"><a href=\"https:\/\/comdiflex.com\/fr\/inauguration-de-la-kempchen-gallery\/\">Inauguration de notre Si\u00e8ge Social:<\/a><\/h4><p class=\"meta\"><span class=\"vcard\" style=\"display: none;\"><span class=\"fn\"><a href=\"https:\/\/comdiflex.com\/fr\/author\/janbiel\/\" title=\"Articles par Janbiel\" rel=\"author\">Janbiel<\/a><\/span><\/span><span class=\"updated\" style=\"display:none;\">2026-01-07T19:02:52+02:00<\/span><\/p><p> Un engagement pour l\u2019art et la culturena apuesta por el arte y la cultura     Le groupe industriel Kempchen Comdiflex est heureux d\u2019annoncer l\u2019ouverture de la KEMPCHEN GALLERY, notre nouvelle galerie<\/p><\/div><\/article><article class=\"post fusion-column column col col-lg-6 col-md-6 col-sm-6\"><div class=\"fusion-flexslider fusion-flexslider-loading flexslider flexslider-hover-type-zoomin\"><ul class=\"slides\"><li><a href=\"https:\/\/comdiflex.com\/fr\/attaches-ecrous-et-boulons-haute-performance-pour-applications-exigeantes\/\" aria-label=\"Attaches, \u00c9crous et Boulons Haute Performance pour Applications Exigeantes\" class=\"hover-type-zoomin\"><img decoding=\"async\" width=\"700\" height=\"420\" src=\"data:image\/svg+xml,%3Csvg%20xmlns%3D%27http%3A%2F%2Fwww.w3.org%2F2000%2Fsvg%27%20width%3D%27976%27%20height%3D%27420%27%20viewBox%3D%270%200%20976%20420%27%3E%3Crect%20width%3D%27976%27%20height%3D%273420%27%20fill-opacity%3D%220%22%2F%3E%3C%2Fsvg%3E\" class=\"attachment-recent-posts size-recent-posts lazyload\" alt=\"Torniller\u00eda\" data-orig-src=\"https:\/\/comdiflex.com\/wp-content\/uploads\/2025\/06\/Tornilleria-home-700x420.jpg\" \/><\/a><\/li><\/ul><\/div><div class=\"recent-posts-content\"><span class=\"vcard\" style=\"display: none;\"><span class=\"fn\"><a href=\"https:\/\/comdiflex.com\/fr\/author\/janbiel\/\" title=\"Articles par Janbiel\" rel=\"author\">Janbiel<\/a><\/span><\/span><span class=\"updated\" style=\"display:none;\">2025-06-13T13:25:36+02:00<\/span><h4 class=\"entry-title\"><a href=\"https:\/\/comdiflex.com\/fr\/attaches-ecrous-et-boulons-haute-performance-pour-applications-exigeantes\/\">Attaches, \u00c9crous et Boulons Haute Performance pour Applications Exigeantes<\/a><\/h4><p class=\"meta\"><span class=\"vcard\" style=\"display: none;\"><span class=\"fn\"><a href=\"https:\/\/comdiflex.com\/fr\/author\/janbiel\/\" title=\"Articles par Janbiel\" rel=\"author\">Janbiel<\/a><\/span><\/span><span class=\"updated\" style=\"display:none;\">2025-06-13T13:25:36+02:00<\/span><\/p><p> Kempchen Comdiflex: Sp\u00e9cialistes des solutions de fixation industrielle de haute qualit\u00e9  Dans le domaine des \u00e9l\u00e9ments de fixation, la pr\u00e9cision, la r\u00e9sistance et la fiabilit\u00e9 sont essentielles. Chez Kempchen Comdiflex, nous proposons une<\/p><\/div><\/article><article class=\"post fusion-column column col col-lg-6 col-md-6 col-sm-6\"><div class=\"fusion-flexslider fusion-flexslider-loading flexslider flexslider-hover-type-zoomin\"><ul class=\"slides\"><li><a href=\"https:\/\/comdiflex.com\/fr\/solutions-de-detection-des-fuites-comdiflex-protection-et-controle-grace-a-une-technologie-de-pointe\/\" aria-label=\"Solutions de d\u00e9tection des fuites Comdiflex\u00a0: Protection et contr\u00f4le gr\u00e2ce \u00e0 une technologie de pointe\" class=\"hover-type-zoomin\"><img decoding=\"async\" width=\"700\" height=\"346\" src=\"data:image\/svg+xml,%3Csvg%20xmlns%3D%27http%3A%2F%2Fwww.w3.org%2F2000%2Fsvg%27%20width%3D%27974%27%20height%3D%27346%27%20viewBox%3D%270%200%20974%20346%27%3E%3Crect%20width%3D%27974%27%20height%3D%273346%27%20fill-opacity%3D%220%22%2F%3E%3C%2Fsvg%3E\" class=\"attachment-recent-posts size-recent-posts lazyload\" alt=\"detector fugas\" data-orig-src=\"https:\/\/comdiflex.com\/wp-content\/uploads\/2021\/11\/detector-fugas-pag-700x346.jpg\" \/><\/a><\/li><\/ul><\/div><div class=\"recent-posts-content\"><span class=\"vcard\" style=\"display: none;\"><span class=\"fn\"><a href=\"https:\/\/comdiflex.com\/fr\/author\/janbiel\/\" title=\"Articles par Janbiel\" rel=\"author\">Janbiel<\/a><\/span><\/span><span class=\"updated\" style=\"display:none;\">2025-06-13T12:17:46+02:00<\/span><h4 class=\"entry-title\"><a href=\"https:\/\/comdiflex.com\/fr\/solutions-de-detection-des-fuites-comdiflex-protection-et-controle-grace-a-une-technologie-de-pointe\/\">Solutions de d\u00e9tection des fuites Comdiflex\u00a0: Protection et contr\u00f4le gr\u00e2ce \u00e0 une technologie de pointe<\/a><\/h4><p class=\"meta\"><span class=\"vcard\" style=\"display: none;\"><span class=\"fn\"><a href=\"https:\/\/comdiflex.com\/fr\/author\/janbiel\/\" title=\"Articles par Janbiel\" rel=\"author\">Janbiel<\/a><\/span><\/span><span class=\"updated\" style=\"display:none;\">2025-06-13T12:17:46+02:00<\/span><\/p><p> Les fuites dans les installations industrielles peuvent para\u00eetre insignifiantes, mais leurs cons\u00e9quences peuvent \u00eatre consid\u00e9rables. Une d\u00e9tection tardive peut entra\u00eener des pertes \u00e9conomiques, des risques environnementaux, voire des accidents. Chez Comdiflex, nous comprenons l'importance<\/p><\/div><\/article><article class=\"post fusion-column column col col-lg-6 col-md-6 col-sm-6\"><div class=\"fusion-flexslider fusion-flexslider-loading flexslider flexslider-hover-type-zoomin\"><ul class=\"slides\"><li><a href=\"https:\/\/comdiflex.com\/fr\/joints-de-dilatation-la-cle-de-lefficacite-et-de-la-securite-des-installations-industrielles\/\" aria-label=\"Joints de dilatation : la cl\u00e9 de l&rsquo;efficacit\u00e9 et de la s\u00e9curit\u00e9 des installations industrielles\" class=\"hover-type-zoomin\"><img decoding=\"async\" width=\"225\" height=\"225\" src=\"https:\/\/comdiflex.com\/wp-content\/uploads\/2025\/05\/COMPENSADOR-METALICO.jpg\" class=\"attachment-recent-posts size-recent-posts lazyload\" alt=\"\" srcset=\"data:image\/svg+xml,%3Csvg%20xmlns%3D%27http%3A%2F%2Fwww.w3.org%2F2000%2Fsvg%27%20width%3D%27225%27%20height%3D%27225%27%20viewBox%3D%270%200%20225%20225%27%3E%3Crect%20width%3D%27225%27%20height%3D%273225%27%20fill-opacity%3D%220%22%2F%3E%3C%2Fsvg%3E\" data-orig-src=\"https:\/\/comdiflex.com\/wp-content\/uploads\/2025\/05\/COMPENSADOR-METALICO.jpg\" data-srcset=\"https:\/\/comdiflex.com\/wp-content\/uploads\/2025\/05\/COMPENSADOR-METALICO-66x66.jpg 66w, https:\/\/comdiflex.com\/wp-content\/uploads\/2025\/05\/COMPENSADOR-METALICO-150x150.jpg 150w, https:\/\/comdiflex.com\/wp-content\/uploads\/2025\/05\/COMPENSADOR-METALICO-200x200.jpg 200w, https:\/\/comdiflex.com\/wp-content\/uploads\/2025\/05\/COMPENSADOR-METALICO.jpg 225w\" data-sizes=\"auto\" \/><\/a><\/li><\/ul><\/div><div class=\"recent-posts-content\"><span class=\"vcard\" style=\"display: none;\"><span class=\"fn\"><a href=\"https:\/\/comdiflex.com\/fr\/author\/janbiel\/\" title=\"Articles par Janbiel\" rel=\"author\">Janbiel<\/a><\/span><\/span><span class=\"updated\" style=\"display:none;\">2025-05-23T12:30:02+02:00<\/span><h4 class=\"entry-title\"><a href=\"https:\/\/comdiflex.com\/fr\/joints-de-dilatation-la-cle-de-lefficacite-et-de-la-securite-des-installations-industrielles\/\">Joints de dilatation : la cl\u00e9 de l&rsquo;efficacit\u00e9 et de la s\u00e9curit\u00e9 des installations industrielles<\/a><\/h4><p class=\"meta\"><span class=\"vcard\" style=\"display: none;\"><span class=\"fn\"><a href=\"https:\/\/comdiflex.com\/fr\/author\/janbiel\/\" title=\"Articles par Janbiel\" rel=\"author\">Janbiel<\/a><\/span><\/span><span class=\"updated\" style=\"display:none;\">2025-05-23T12:30:02+02:00<\/span><\/p><p>  Dans les r\u00e9seaux de tuyauteries industrielles, o\u00f9 les syst\u00e8mes sont soumis \u00e0 des temp\u00e9ratures \u00e9lev\u00e9es, \u00e0 des pressions importantes et \u00e0 des mouvements constants, il est essentiel de disposer de composants capables d\u2019absorber<\/p><\/div><\/article><article class=\"post fusion-column column col col-lg-6 col-md-6 col-sm-6\"><div class=\"fusion-flexslider fusion-flexslider-loading flexslider flexslider-hover-type-zoomin\"><ul class=\"slides\"><li><a href=\"https:\/\/comdiflex.com\/fr\/guide-technique-comment-choisir-le-joint-adapte-a-votre-application\/\" aria-label=\"Guide technique\u00a0: Comment choisir le joint adapt\u00e9 \u00e0 votre application\" class=\"hover-type-zoomin\"><img decoding=\"async\" width=\"583\" height=\"441\" src=\"data:image\/svg+xml,%3Csvg%20xmlns%3D%27http%3A%2F%2Fwww.w3.org%2F2000%2Fsvg%27%20width%3D%27583%27%20height%3D%27652%27%20viewBox%3D%270%200%20583%20652%27%3E%3Crect%20width%3D%27583%27%20height%3D%273652%27%20fill-opacity%3D%220%22%2F%3E%3C%2Fsvg%3E\" class=\"attachment-recent-posts size-recent-posts lazyload\" alt=\"guia juntas\" data-orig-src=\"https:\/\/comdiflex.com\/wp-content\/uploads\/2025\/05\/guia-juntas-583x441.jpg\" \/><\/a><\/li><\/ul><\/div><div class=\"recent-posts-content\"><span class=\"vcard\" style=\"display: none;\"><span class=\"fn\"><a href=\"https:\/\/comdiflex.com\/fr\/author\/janbiel\/\" title=\"Articles par Janbiel\" rel=\"author\">Janbiel<\/a><\/span><\/span><span class=\"updated\" style=\"display:none;\">2025-05-14T12:31:54+02:00<\/span><h4 class=\"entry-title\"><a href=\"https:\/\/comdiflex.com\/fr\/guide-technique-comment-choisir-le-joint-adapte-a-votre-application\/\">Guide technique\u00a0: Comment choisir le joint adapt\u00e9 \u00e0 votre application<\/a><\/h4><p class=\"meta\"><span class=\"vcard\" style=\"display: none;\"><span class=\"fn\"><a href=\"https:\/\/comdiflex.com\/fr\/author\/janbiel\/\" title=\"Articles par Janbiel\" rel=\"author\">Janbiel<\/a><\/span><\/span><span class=\"updated\" style=\"display:none;\">2025-05-14T12:31:54+02:00<\/span><\/p><p> La s\u00e9lection du joint appropri\u00e9 est essentielle pour garantir la s\u00e9curit\u00e9, l\u2019efficacit\u00e9 et la durabilit\u00e9 de tout syst\u00e8me d\u2019\u00e9tanch\u00e9it\u00e9. Chez Kempchen Comdiflex, nous comprenons que chaque application a des exigences sp\u00e9cifiques. Ci-dessous, nous vous<\/p><\/div><\/article><\/section><div class=\"pagination clearfix\"><span class=\"current\">1<\/span><a href=\"https:\/\/comdiflex.com\/fr\/wp-json\/wp\/v2\/pages\/9071\/page\/2\/\" class=\"inactive\">2<\/a><a class=\"pagination-next\" rel=\"next\" href=\"https:\/\/comdiflex.com\/fr\/wp-json\/wp\/v2\/pages\/9071\/page\/2\/\"><span class=\"page-text\">Next<\/span><span class=\"page-next\"><\/span><\/a><\/div><div class=\"fusion-clearfix\"><\/div><\/div><\/div><\/div><style type=\"text\/css\">.fusion-body .fusion-builder-column-0{width:100% !important;margin-top : 0px;margin-bottom : 20px;}.fusion-builder-column-0 > .fusion-column-wrapper {padding-top : 0px !important;padding-right : 0px !important;margin-right : 1.92%;padding-bottom : 0px !important;padding-left : 0px !important;margin-left : 1.92%;}@media only screen and (max-width:1024px) {.fusion-body .fusion-builder-column-0{width:100% !important;order : 0;}.fusion-builder-column-0 > .fusion-column-wrapper {margin-right : 1.92%;margin-left : 1.92%;}}@media only screen and (max-width:640px) {.fusion-body .fusion-builder-column-0{width:100% !important;order : 0;}.fusion-builder-column-0 > .fusion-column-wrapper {margin-right : 1.92%;margin-left : 1.92%;}}<\/style><\/div><style type=\"text\/css\">.fusion-body .fusion-flex-container.fusion-builder-row-1{ padding-top : 0px;margin-top : 0px;padding-right : 0px;padding-bottom : 0px;margin-bottom : 0px;padding-left : 0px;}<\/style><\/div>\n","protected":false},"excerpt":{"rendered":"","protected":false},"author":1,"featured_media":0,"parent":0,"menu_order":0,"comment_status":"closed","ping_status":"closed","template":"","meta":{"_acf_changed":false,"footnotes":""},"class_list":["post-9071","page","type-page","status-publish","hentry"],"acf":[],"yoast_head":"<!-- This site is optimized with the Yoast SEO Premium plugin v22.9 (Yoast SEO v27.2) - https:\/\/yoast.com\/product\/yoast-seo-premium-wordpress\/ -->\n<title>Actualit\u00e9s R&amp;D | Comdiflex<\/title>\n<meta name=\"description\" content=\"Actualit\u00e9s R&amp;D de Comdiflex : innovation, technologie et d\u00e9veloppement dans les solutions d\u2019\u00e9tanch\u00e9it\u00e9 et mat\u00e9riaux industriels.\" \/>\n<meta name=\"robots\" content=\"index, follow, max-snippet:-1, max-image-preview:large, max-video-preview:-1\" \/>\n<link rel=\"canonical\" href=\"https:\/\/comdiflex.com\/fr\/actualites-rd\/\" \/>\n<meta property=\"og:locale\" content=\"fr_FR\" \/>\n<meta property=\"og:type\" content=\"article\" \/>\n<meta property=\"og:title\" content=\"Actualit\u00e9s R&amp;D\" \/>\n<meta property=\"og:description\" content=\"Actualit\u00e9s R&amp;D de Comdiflex : innovation, technologie et d\u00e9veloppement dans les solutions d\u2019\u00e9tanch\u00e9it\u00e9 et mat\u00e9riaux industriels.\" \/>\n<meta property=\"og:url\" content=\"https:\/\/comdiflex.com\/fr\/actualites-rd\/\" \/>\n<meta property=\"og:site_name\" content=\"Comdiflex\" \/>\n<meta property=\"article:modified_time\" content=\"2026-01-21T10:05:27+00:00\" \/>\n<meta name=\"twitter:card\" content=\"summary_large_image\" \/>\n<script type=\"application\/ld+json\" class=\"yoast-schema-graph\">{\"@context\":\"https:\/\/schema.org\",\"@graph\":[{\"@type\":\"WebPage\",\"@id\":\"https:\/\/comdiflex.com\/fr\/actualites-rd\/\",\"url\":\"https:\/\/comdiflex.com\/fr\/actualites-rd\/\",\"name\":\"Actualit\u00e9s R&D | Comdiflex\",\"isPartOf\":{\"@id\":\"https:\/\/comdiflex.com\/fr\/#website\"},\"datePublished\":\"2021-11-12T12:04:04+00:00\",\"dateModified\":\"2026-01-21T10:05:27+00:00\",\"description\":\"Actualit\u00e9s R&D de Comdiflex : innovation, technologie et d\u00e9veloppement dans les solutions d\u2019\u00e9tanch\u00e9it\u00e9 et mat\u00e9riaux industriels.\",\"breadcrumb\":{\"@id\":\"https:\/\/comdiflex.com\/fr\/actualites-rd\/#breadcrumb\"},\"inLanguage\":\"fr-FR\",\"potentialAction\":[{\"@type\":\"ReadAction\",\"target\":[\"https:\/\/comdiflex.com\/fr\/actualites-rd\/\"]}]},{\"@type\":\"BreadcrumbList\",\"@id\":\"https:\/\/comdiflex.com\/fr\/actualites-rd\/#breadcrumb\",\"itemListElement\":[{\"@type\":\"ListItem\",\"position\":1,\"name\":\"Accueil\",\"item\":\"https:\/\/comdiflex.com\/fr\/\"},{\"@type\":\"ListItem\",\"position\":2,\"name\":\"Actualit\u00e9s R&#038;D\"}]},{\"@type\":\"WebSite\",\"@id\":\"https:\/\/comdiflex.com\/fr\/#website\",\"url\":\"https:\/\/comdiflex.com\/fr\/\",\"name\":\"Comdiflex\",\"description\":\"Fabricante de juntas y compensadores | Fabricaci\u00f3n urgente\",\"publisher\":{\"@id\":\"https:\/\/comdiflex.com\/fr\/#organization\"},\"potentialAction\":[{\"@type\":\"SearchAction\",\"target\":{\"@type\":\"EntryPoint\",\"urlTemplate\":\"https:\/\/comdiflex.com\/fr\/?s={search_term_string}\"},\"query-input\":{\"@type\":\"PropertyValueSpecification\",\"valueRequired\":true,\"valueName\":\"search_term_string\"}}],\"inLanguage\":\"fr-FR\"},{\"@type\":\"Organization\",\"@id\":\"https:\/\/comdiflex.com\/fr\/#organization\",\"name\":\"COMDIFLEX\",\"url\":\"https:\/\/comdiflex.com\/fr\/\",\"logo\":{\"@type\":\"ImageObject\",\"inLanguage\":\"fr-FR\",\"@id\":\"https:\/\/comdiflex.com\/fr\/#\/schema\/logo\/image\/\",\"url\":\"https:\/\/comdiflex.com\/wp-content\/uploads\/2021\/06\/logocomdiflex275x62.png\",\"contentUrl\":\"https:\/\/comdiflex.com\/wp-content\/uploads\/2021\/06\/logocomdiflex275x62.png\",\"width\":275,\"height\":62,\"caption\":\"COMDIFLEX\"},\"image\":{\"@id\":\"https:\/\/comdiflex.com\/fr\/#\/schema\/logo\/image\/\"},\"sameAs\":[\"https:\/\/www.linkedin.com\/company\/grupo-industrial-kempchen-comdiflex-s-a-\/\"]}]}<\/script>\n<!-- \/ Yoast SEO Premium plugin. -->","yoast_head_json":{"title":"Actualit\u00e9s R&D | Comdiflex","description":"Actualit\u00e9s R&D de Comdiflex : innovation, technologie et d\u00e9veloppement dans les solutions d\u2019\u00e9tanch\u00e9it\u00e9 et mat\u00e9riaux industriels.","robots":{"index":"index","follow":"follow","max-snippet":"max-snippet:-1","max-image-preview":"max-image-preview:large","max-video-preview":"max-video-preview:-1"},"canonical":"https:\/\/comdiflex.com\/fr\/actualites-rd\/","og_locale":"fr_FR","og_type":"article","og_title":"Actualit\u00e9s R&D","og_description":"Actualit\u00e9s R&D de Comdiflex : innovation, technologie et d\u00e9veloppement dans les solutions d\u2019\u00e9tanch\u00e9it\u00e9 et mat\u00e9riaux industriels.","og_url":"https:\/\/comdiflex.com\/fr\/actualites-rd\/","og_site_name":"Comdiflex","article_modified_time":"2026-01-21T10:05:27+00:00","twitter_card":"summary_large_image","schema":{"@context":"https:\/\/schema.org","@graph":[{"@type":"WebPage","@id":"https:\/\/comdiflex.com\/fr\/actualites-rd\/","url":"https:\/\/comdiflex.com\/fr\/actualites-rd\/","name":"Actualit\u00e9s R&D | Comdiflex","isPartOf":{"@id":"https:\/\/comdiflex.com\/fr\/#website"},"datePublished":"2021-11-12T12:04:04+00:00","dateModified":"2026-01-21T10:05:27+00:00","description":"Actualit\u00e9s R&D de Comdiflex : innovation, technologie et d\u00e9veloppement dans les solutions d\u2019\u00e9tanch\u00e9it\u00e9 et mat\u00e9riaux industriels.","breadcrumb":{"@id":"https:\/\/comdiflex.com\/fr\/actualites-rd\/#breadcrumb"},"inLanguage":"fr-FR","potentialAction":[{"@type":"ReadAction","target":["https:\/\/comdiflex.com\/fr\/actualites-rd\/"]}]},{"@type":"BreadcrumbList","@id":"https:\/\/comdiflex.com\/fr\/actualites-rd\/#breadcrumb","itemListElement":[{"@type":"ListItem","position":1,"name":"Accueil","item":"https:\/\/comdiflex.com\/fr\/"},{"@type":"ListItem","position":2,"name":"Actualit\u00e9s R&#038;D"}]},{"@type":"WebSite","@id":"https:\/\/comdiflex.com\/fr\/#website","url":"https:\/\/comdiflex.com\/fr\/","name":"Comdiflex","description":"Fabricante de juntas y compensadores | Fabricaci\u00f3n urgente","publisher":{"@id":"https:\/\/comdiflex.com\/fr\/#organization"},"potentialAction":[{"@type":"SearchAction","target":{"@type":"EntryPoint","urlTemplate":"https:\/\/comdiflex.com\/fr\/?s={search_term_string}"},"query-input":{"@type":"PropertyValueSpecification","valueRequired":true,"valueName":"search_term_string"}}],"inLanguage":"fr-FR"},{"@type":"Organization","@id":"https:\/\/comdiflex.com\/fr\/#organization","name":"COMDIFLEX","url":"https:\/\/comdiflex.com\/fr\/","logo":{"@type":"ImageObject","inLanguage":"fr-FR","@id":"https:\/\/comdiflex.com\/fr\/#\/schema\/logo\/image\/","url":"https:\/\/comdiflex.com\/wp-content\/uploads\/2021\/06\/logocomdiflex275x62.png","contentUrl":"https:\/\/comdiflex.com\/wp-content\/uploads\/2021\/06\/logocomdiflex275x62.png","width":275,"height":62,"caption":"COMDIFLEX"},"image":{"@id":"https:\/\/comdiflex.com\/fr\/#\/schema\/logo\/image\/"},"sameAs":["https:\/\/www.linkedin.com\/company\/grupo-industrial-kempchen-comdiflex-s-a-\/"]}]}},"_links":{"self":[{"href":"https:\/\/comdiflex.com\/fr\/wp-json\/wp\/v2\/pages\/9071","targetHints":{"allow":["GET"]}}],"collection":[{"href":"https:\/\/comdiflex.com\/fr\/wp-json\/wp\/v2\/pages"}],"about":[{"href":"https:\/\/comdiflex.com\/fr\/wp-json\/wp\/v2\/types\/page"}],"author":[{"embeddable":true,"href":"https:\/\/comdiflex.com\/fr\/wp-json\/wp\/v2\/users\/1"}],"replies":[{"embeddable":true,"href":"https:\/\/comdiflex.com\/fr\/wp-json\/wp\/v2\/comments?post=9071"}],"version-history":[{"count":1,"href":"https:\/\/comdiflex.com\/fr\/wp-json\/wp\/v2\/pages\/9071\/revisions"}],"predecessor-version":[{"id":11630,"href":"https:\/\/comdiflex.com\/fr\/wp-json\/wp\/v2\/pages\/9071\/revisions\/11630"}],"wp:attachment":[{"href":"https:\/\/comdiflex.com\/fr\/wp-json\/wp\/v2\/media?parent=9071"}],"curies":[{"name":"wp","href":"https:\/\/api.w.org\/{rel}","templated":true}]}}