{"id":8942,"date":"2021-10-26T12:16:28","date_gmt":"2021-10-26T10:16:28","guid":{"rendered":"http:\/\/comdiflex.com\/produits\/compensateurs-de-dilatation\/compensateurs-de-dilatation-caoutchouc\/fabricacion-de-compensadores\/"},"modified":"2026-01-21T12:17:36","modified_gmt":"2026-01-21T10:17:36","slug":"fabrication-de-compensateurs","status":"publish","type":"page","link":"https:\/\/comdiflex.com\/fr\/produits\/compensateurs-de-dilatation\/compensateurs-de-dilatation-caoutchouc\/fabrication-de-compensateurs\/","title":{"rendered":"Fabrication de compensateurs"},"content":{"rendered":"<div class=\"fusion-fullwidth fullwidth-box fusion-builder-row-1 fusion-flex-container nonhundred-percent-fullwidth non-hundred-percent-height-scrolling\" style=\"background-color: rgba(255,255,255,0);background-position: center center;background-repeat: no-repeat;border-width: 0px 0px 0px 0px;border-color:#eae9e9;border-style:solid;\" ><div class=\"fusion-builder-row fusion-row fusion-flex-align-items-flex-start\" style=\"max-width:1012.96px;margin-left: calc(-4% \/ 2 );margin-right: calc(-4% \/ 2 );\"><div class=\"fusion-layout-column fusion_builder_column fusion-builder-column-0 fusion_builder_column_1_1 1_1 fusion-flex-column\"><div class=\"fusion-column-wrapper fusion-flex-justify-content-flex-start fusion-content-layout-column\" style=\"background-position:left top;background-repeat:no-repeat;-webkit-background-size:cover;-moz-background-size:cover;-o-background-size:cover;background-size:cover;padding: 0px 0px 0px 0px;\"><style type=\"text\/css\">@media only screen and (max-width:1024px) {.fusion-title.fusion-title-1{margin-top:0px!important;margin-bottom:30px!important;}}<\/style><div class=\"fusion-title title fusion-title-1 fusion-title-text fusion-title-size-two\" style=\"font-size:22px;margin-top:0px;margin-bottom:30px;\"><div class=\"title-sep-container title-sep-container-left fusion-no-large-visibility fusion-no-medium-visibility fusion-no-small-visibility\"><div class=\"title-sep sep-\" style=\"border-color:#e2e2e2;\"><\/div><\/div><h2 class=\"title-heading-left\" style=\"font-family:&quot;Lato&quot;;font-weight:700;margin:0;font-size:1em;\"><strong>1.0 D\u00e9tails<\/strong><\/h2><div class=\"title-sep-container title-sep-container-right\"><div class=\"title-sep sep-\" style=\"border-color:#e2e2e2;\"><\/div><\/div><\/div><style type=\"text\/css\">@media only screen and (max-width:1024px) {.fusion-title.fusion-title-2{margin-top:0px!important;margin-bottom:0px!important;}}<\/style><div class=\"fusion-title title fusion-title-2 fusion-title-text fusion-title-size-three\" style=\"font-size:18px;margin-top:0px;margin-bottom:0px;\"><div class=\"title-sep-container title-sep-container-left fusion-no-large-visibility fusion-no-medium-visibility fusion-no-small-visibility\"><div class=\"title-sep sep-\" style=\"border-color:#e2e2e2;\"><\/div><\/div><h3 class=\"title-heading-left\" style=\"margin:0;font-size:1em;color:#f44336;\"><strong>ZONE INT\u00c9RIEURE<\/strong><\/h3><div class=\"title-sep-container title-sep-container-right\"><div class=\"title-sep sep-\" style=\"border-color:#e2e2e2;\"><\/div><\/div><\/div><div class=\"fusion-text fusion-text-1\" style=\"transform:translate3d(0,0,0);\"><p>Il s&rsquo;agit d&rsquo;une monocouche sans soudure de caoutchouc ou de caoutchouc synth\u00e9tique ou naturel qui s&rsquo;\u00e9tend jusqu&rsquo;aux rebords en caoutchouc du joint, de sorte que le fluide de traitement n&rsquo;entre pas en contact direct avec le tissu de renforcement. Cette zone int\u00e9rieure peut \u00eatre con\u00e7ue pour r\u00e9pondre aux conditions de service sp\u00e9cifiques et aux sp\u00e9cifications requises par le client, par exemple pour les produits chimiques, l&rsquo;huile, les eaux us\u00e9es, les produits gazeux et abrasifs.<\/p>\n<\/div><style type=\"text\/css\">@media only screen and (max-width:1024px) {.fusion-title.fusion-title-3{margin-top:0px!important;margin-bottom:0px!important;}}<\/style><div class=\"fusion-title title fusion-title-3 fusion-title-text fusion-title-size-three\" style=\"font-size:18px;margin-top:0px;margin-bottom:0px;\"><div class=\"title-sep-container title-sep-container-left fusion-no-large-visibility fusion-no-medium-visibility fusion-no-small-visibility\"><div class=\"title-sep sep-\" style=\"border-color:#e2e2e2;\"><\/div><\/div><h3 class=\"title-heading-left\" style=\"margin:0;font-size:1em;color:#f44336;\"><strong>COUVERTURE<\/strong><\/h3><div class=\"title-sep-container title-sep-container-right\"><div class=\"title-sep sep-\" style=\"border-color:#e2e2e2;\"><\/div><\/div><\/div><div class=\"fusion-text fusion-text-2\" style=\"transform:translate3d(0,0,0);\"><p>La zone d&rsquo;\u00e9tanch\u00e9it\u00e9 ext\u00e9rieure est form\u00e9e de caoutchoucs naturels ou synth\u00e9tiques, selon l&rsquo;application. La fonction premi\u00e8re du couvercle est la protection structurelle du bo\u00eetier. Des polym\u00e8res et mat\u00e9riaux sp\u00e9ciaux peuvent \u00eatre fournis pour les produits chimiques, les huiles, la lumi\u00e8re du soleil, les gaz, l&rsquo;acide et l&rsquo;ozone.<\/p>\n<\/div><style type=\"text\/css\">@media only screen and (max-width:1024px) {.fusion-title.fusion-title-4{margin-top:0px!important;margin-bottom:0px!important;}}<\/style><div class=\"fusion-title title fusion-title-4 fusion-title-text fusion-title-size-three\" style=\"font-size:18px;margin-top:0px;margin-bottom:0px;\"><div class=\"title-sep-container title-sep-container-left fusion-no-large-visibility fusion-no-medium-visibility fusion-no-small-visibility\"><div class=\"title-sep sep-\" style=\"border-color:#e2e2e2;\"><\/div><\/div><h3 class=\"title-heading-left\" style=\"margin:0;font-size:1em;color:#f44336;\"><strong>RENFORCEMENT DU TISSU<\/strong><\/h3><div class=\"title-sep-container title-sep-container-right\"><div class=\"title-sep sep-\" style=\"border-color:#e2e2e2;\"><\/div><\/div><\/div><div class=\"fusion-text fusion-text-3\" style=\"transform:translate3d(0,0,0);\"><p>Un tissu synth\u00e9tique de haute qualit\u00e9 est utilis\u00e9 entre la couche interne et la zone externe, permettant au joint de fonctionner aux pressions de service pour lesquelles il est con\u00e7u.<\/p>\n<\/div><style type=\"text\/css\">@media only screen and (max-width:1024px) {.fusion-title.fusion-title-5{margin-top:0px!important;margin-bottom:0px!important;}}<\/style><div class=\"fusion-title title fusion-title-5 fusion-title-text fusion-title-size-three\" style=\"font-size:18px;margin-top:0px;margin-bottom:0px;\"><div class=\"title-sep-container title-sep-container-left fusion-no-large-visibility fusion-no-medium-visibility fusion-no-small-visibility\"><div class=\"title-sep sep-\" style=\"border-color:#e2e2e2;\"><\/div><\/div><h3 class=\"title-heading-left\" style=\"margin:0;font-size:1em;color:#f44336;\"><strong>RENFORCEMENT M\u00c9TALLIQUE<\/strong><\/h3><div class=\"title-sep-container title-sep-container-right\"><div class=\"title-sep sep-\" style=\"border-color:#e2e2e2;\"><\/div><\/div><\/div><div class=\"fusion-text fusion-text-4\" style=\"transform:translate3d(0,0,0);\"><p>Des anneaux ou des fils m\u00e9talliques encastr\u00e9s dans l&rsquo;enveloppe sont utilis\u00e9s pour donner de la force et une structure ferme au joint, ce qui lui permet de r\u00e9sister \u00e0 la pression de fonctionnement du processus et lui donne la rigidit\u00e9 n\u00e9cessaire pour fonctionner \u00e0 des pressions n\u00e9gatives.<\/p>\n<\/div><div ><span class=\" fusion-imageframe imageframe-none imageframe-1 hover-type-none\"><img decoding=\"async\" width=\"400\" height=\"400\" alt=\"fabricaci\u00f3n compensadores\" title=\"fabricacion-compensadores\" src=\"https:\/\/comdiflex.com\/wp-content\/uploads\/2021\/10\/fabricacion-compensadores.jpg\" data-orig-src=\"http:\/\/comdiflex.com\/wp-content\/uploads\/2021\/10\/fabricacion-compensadores.jpg\" class=\"lazyload img-responsive wp-image-6629\" srcset=\"data:image\/svg+xml,%3Csvg%20xmlns%3D%27http%3A%2F%2Fwww.w3.org%2F2000%2Fsvg%27%20width%3D%27400%27%20height%3D%27400%27%20viewBox%3D%270%200%20400%20400%27%3E%3Crect%20width%3D%27400%27%20height%3D%273400%27%20fill-opacity%3D%220%22%2F%3E%3C%2Fsvg%3E\" data-srcset=\"https:\/\/comdiflex.com\/wp-content\/uploads\/2021\/10\/fabricacion-compensadores-200x200.jpg 200w, https:\/\/comdiflex.com\/wp-content\/uploads\/2021\/10\/fabricacion-compensadores.jpg 400w\" data-sizes=\"auto\" data-orig-sizes=\"(max-width: 1024px) 100vw, (max-width: 640px) 100vw, 400px\" \/><\/span><\/div><div class=\"fusion-separator fusion-full-width-sep\" style=\"align-self: center;margin-left: auto;margin-right: auto;flex-grow:1;margin-top:20px;width:100%;\"><\/div><style type=\"text\/css\">@media only screen and (max-width:1024px) {.fusion-title.fusion-title-6{margin-top:0px!important;margin-bottom:30px!important;}}<\/style><div class=\"fusion-title title fusion-title-6 fusion-title-text fusion-title-size-two\" style=\"font-size:22px;margin-top:0px;margin-bottom:30px;\"><div class=\"title-sep-container title-sep-container-left fusion-no-large-visibility fusion-no-medium-visibility fusion-no-small-visibility\"><div class=\"title-sep sep-\" style=\"border-color:#e2e2e2;\"><\/div><\/div><h2 class=\"title-heading-left\" style=\"font-family:&quot;Lato&quot;;font-weight:700;margin:0;font-size:1em;\"><strong>2.0 Avantages<\/strong><\/h2><div class=\"title-sep-container title-sep-container-right\"><div class=\"title-sep sep-\" style=\"border-color:#e2e2e2;\"><\/div><\/div><\/div><style type=\"text\/css\">@media only screen and (max-width:1024px) {.fusion-title.fusion-title-7{margin-top:0px!important;margin-bottom:0px!important;}}<\/style><div class=\"fusion-title title fusion-title-7 fusion-title-text fusion-title-size-three\" style=\"font-size:18px;margin-top:0px;margin-bottom:0px;\"><div class=\"title-sep-container title-sep-container-left fusion-no-large-visibility fusion-no-medium-visibility fusion-no-small-visibility\"><div class=\"title-sep sep-\" style=\"border-color:#e2e2e2;\"><\/div><\/div><h3 class=\"title-heading-left\" style=\"margin:0;font-size:1em;color:#f44336;\"><strong>DIMENSIONS DE LONGUEUR MINIMUM<\/strong><\/h3><div class=\"title-sep-container title-sep-container-right\"><div class=\"title-sep sep-\" style=\"border-color:#e2e2e2;\"><\/div><\/div><\/div><div class=\"fusion-text fusion-text-5\" style=\"transform:translate3d(0,0,0);\"><p>Les joints d&rsquo;expansion en caoutchouc offrent une grande \u00e9conomie d&rsquo;espace par rapport aux coudes et aux anneaux d&rsquo;expansion. Les co\u00fbts d&rsquo;installation sont r\u00e9duits gr\u00e2ce aux \u00e9conomies r\u00e9alis\u00e9es sur les installations et l&rsquo;espace de stockage, la main-d&rsquo;\u0153uvre d&rsquo;installation, les supports et les pertes de pression.<\/p>\n<\/div><style type=\"text\/css\">@media only screen and (max-width:1024px) {.fusion-title.fusion-title-8{margin-top:0px!important;margin-bottom:0px!important;}}<\/style><div class=\"fusion-title title fusion-title-8 fusion-title-text fusion-title-size-three\" style=\"font-size:18px;margin-top:0px;margin-bottom:0px;\"><div class=\"title-sep-container title-sep-container-left fusion-no-large-visibility fusion-no-medium-visibility fusion-no-small-visibility\"><div class=\"title-sep sep-\" style=\"border-color:#e2e2e2;\"><\/div><\/div><h3 class=\"title-heading-left\" style=\"margin:0;font-size:1em;color:#f44336;\"><strong>POIDS L\u00c9GER<\/strong><\/h3><div class=\"title-sep-container title-sep-container-right\"><div class=\"title-sep sep-\" style=\"border-color:#e2e2e2;\"><\/div><\/div><\/div><div class=\"fusion-text fusion-text-6\" style=\"transform:translate3d(0,0,0);\"><p>Les joints de dilatation FLEXCOM\u00ae sont relativement l\u00e9gers, ce qui \u00e9vite l&rsquo;utilisation d&rsquo;\u00e9quipements et de machines suppl\u00e9mentaires pour le transport et le d\u00e9placement. Cela r\u00e9duit le co\u00fbt de la main-d&rsquo;\u0153uvre pour l&rsquo;installation.<\/p>\n<\/div><style type=\"text\/css\">@media only screen and (max-width:1024px) {.fusion-title.fusion-title-9{margin-top:0px!important;margin-bottom:0px!important;}}<\/style><div class=\"fusion-title title fusion-title-9 fusion-title-text fusion-title-size-three\" style=\"font-size:18px;margin-top:0px;margin-bottom:0px;\"><div class=\"title-sep-container title-sep-container-left fusion-no-large-visibility fusion-no-medium-visibility fusion-no-small-visibility\"><div class=\"title-sep sep-\" style=\"border-color:#e2e2e2;\"><\/div><\/div><h3 class=\"title-heading-left\" style=\"margin:0;font-size:1em;color:#f44336;\"><strong>MOINS DE FORCES REQUISES POUR LA FLEXIBILIT\u00c9<\/strong><\/h3><div class=\"title-sep-container title-sep-container-right\"><div class=\"title-sep sep-\" style=\"border-color:#e2e2e2;\"><\/div><\/div><\/div><div class=\"fusion-text fusion-text-7\" style=\"transform:translate3d(0,0,0);\"><p>La flexibilit\u00e9 inh\u00e9rente aux joints en caoutchouc permet une souplesse presque illimit\u00e9e pour se remettre des mouvements et des vibrations, prot\u00e9geant ainsi l&rsquo;\u00e9quipement du moteur d&rsquo;\u00e9ventuelles pannes et d\u00e9faillances structurelles.<\/p>\n<\/div><style type=\"text\/css\">@media only screen and (max-width:1024px) {.fusion-title.fusion-title-10{margin-top:0px!important;margin-bottom:0px!important;}}<\/style><div class=\"fusion-title title fusion-title-10 fusion-title-text fusion-title-size-three\" style=\"font-size:18px;margin-top:0px;margin-bottom:0px;\"><div class=\"title-sep-container title-sep-container-left fusion-no-large-visibility fusion-no-medium-visibility fusion-no-small-visibility\"><div class=\"title-sep sep-\" style=\"border-color:#e2e2e2;\"><\/div><\/div><h3 class=\"title-heading-left\" style=\"margin:0;font-size:1em;color:#f44336;\"><strong>R\u00c9SISTANCE \u00c0 LA CORROSION ET \u00c0 L&rsquo;\u00c9ROSION<\/strong><\/h3><div class=\"title-sep-container title-sep-container-right\"><div class=\"title-sep sep-\" style=\"border-color:#e2e2e2;\"><\/div><\/div><\/div><div class=\"fusion-text fusion-text-8\" style=\"transform:translate3d(0,0,0);\"><p>Le client disposera d&rsquo;une large gamme de mat\u00e9riaux et de tissus en fonction des conditions de fonctionnement et des caract\u00e9ristiques des fluides (chimie, p\u00e9trochimie, ciment, papier, etc.) afin de d\u00e9velopper les compensateurs les plus adapt\u00e9s au processus en question, garantissant ainsi la fiabilit\u00e9 et la long\u00e9vit\u00e9 du produit.<\/p>\n<\/div><\/div><\/div><style type=\"text\/css\">.fusion-body .fusion-builder-column-0{width:100% !important;margin-top : 0px;margin-bottom : 20px;}.fusion-builder-column-0 > .fusion-column-wrapper {padding-top : 0px !important;padding-right : 0px !important;margin-right : 1.92%;padding-bottom : 0px !important;padding-left : 0px !important;margin-left : 1.92%;}@media only screen and (max-width:1024px) {.fusion-body .fusion-builder-column-0{width:100% !important;order : 0;}.fusion-builder-column-0 > .fusion-column-wrapper {margin-right : 1.92%;margin-left : 1.92%;}}@media only screen and (max-width:640px) {.fusion-body .fusion-builder-column-0{width:100% !important;order : 0;}.fusion-builder-column-0 > .fusion-column-wrapper {margin-right : 1.92%;margin-left : 1.92%;}}<\/style><\/div><style type=\"text\/css\">.fusion-body .fusion-flex-container.fusion-builder-row-1{ padding-top : 0px;margin-top : 0px;padding-right : 0px;padding-bottom : 0px;margin-bottom : 0px;padding-left : 0px;}<\/style><\/div>\n","protected":false},"excerpt":{"rendered":"","protected":false},"author":1,"featured_media":0,"parent":8927,"menu_order":0,"comment_status":"closed","ping_status":"closed","template":"","meta":{"_acf_changed":false,"footnotes":""},"class_list":["post-8942","page","type-page","status-publish","hentry"],"acf":[],"yoast_head":"<!-- This site is optimized with the Yoast SEO Premium plugin v22.9 (Yoast SEO v27.2) - https:\/\/yoast.com\/product\/yoast-seo-premium-wordpress\/ -->\n<title>Comdiflex | Fabrication de compensateurs<\/title>\n<meta name=\"description\" content=\"Fabrication de compensateurs de dilatation industriels avec livraison rapide et qualit\u00e9 maximale. Des solutions efficaces pour votre industrie.\" \/>\n<meta name=\"robots\" content=\"index, follow, max-snippet:-1, max-image-preview:large, max-video-preview:-1\" \/>\n<link rel=\"canonical\" href=\"https:\/\/comdiflex.com\/fr\/produits\/compensateurs-de-dilatation\/compensateurs-de-dilatation-caoutchouc\/fabrication-de-compensateurs\/\" \/>\n<meta property=\"og:locale\" content=\"fr_FR\" \/>\n<meta property=\"og:type\" content=\"article\" \/>\n<meta property=\"og:title\" content=\"Fabrication de compensateurs\" \/>\n<meta property=\"og:description\" content=\"Fabrication de compensateurs de dilatation industriels avec livraison rapide et qualit\u00e9 maximale. Des solutions efficaces pour votre industrie.\" \/>\n<meta property=\"og:url\" content=\"https:\/\/comdiflex.com\/fr\/produits\/compensateurs-de-dilatation\/compensateurs-de-dilatation-caoutchouc\/fabrication-de-compensateurs\/\" \/>\n<meta property=\"og:site_name\" content=\"Comdiflex\" \/>\n<meta property=\"article:modified_time\" content=\"2026-01-21T10:17:36+00:00\" \/>\n<meta name=\"twitter:card\" content=\"summary_large_image\" \/>\n<script type=\"application\/ld+json\" class=\"yoast-schema-graph\">{\"@context\":\"https:\/\/schema.org\",\"@graph\":[{\"@type\":\"WebPage\",\"@id\":\"https:\/\/comdiflex.com\/fr\/produits\/compensateurs-de-dilatation\/compensateurs-de-dilatation-caoutchouc\/fabrication-de-compensateurs\/\",\"url\":\"https:\/\/comdiflex.com\/fr\/produits\/compensateurs-de-dilatation\/compensateurs-de-dilatation-caoutchouc\/fabrication-de-compensateurs\/\",\"name\":\"Comdiflex | Fabrication de compensateurs\",\"isPartOf\":{\"@id\":\"https:\/\/comdiflex.com\/fr\/#website\"},\"datePublished\":\"2021-10-26T10:16:28+00:00\",\"dateModified\":\"2026-01-21T10:17:36+00:00\",\"description\":\"Fabrication de compensateurs de dilatation industriels avec livraison rapide et qualit\u00e9 maximale. Des solutions efficaces pour votre industrie.\",\"breadcrumb\":{\"@id\":\"https:\/\/comdiflex.com\/fr\/produits\/compensateurs-de-dilatation\/compensateurs-de-dilatation-caoutchouc\/fabrication-de-compensateurs\/#breadcrumb\"},\"inLanguage\":\"fr-FR\",\"potentialAction\":[{\"@type\":\"ReadAction\",\"target\":[\"https:\/\/comdiflex.com\/fr\/produits\/compensateurs-de-dilatation\/compensateurs-de-dilatation-caoutchouc\/fabrication-de-compensateurs\/\"]}]},{\"@type\":\"BreadcrumbList\",\"@id\":\"https:\/\/comdiflex.com\/fr\/produits\/compensateurs-de-dilatation\/compensateurs-de-dilatation-caoutchouc\/fabrication-de-compensateurs\/#breadcrumb\",\"itemListElement\":[{\"@type\":\"ListItem\",\"position\":1,\"name\":\"Accueil\",\"item\":\"https:\/\/comdiflex.com\/fr\/\"},{\"@type\":\"ListItem\",\"position\":2,\"name\":\"Produits\",\"item\":\"https:\/\/comdiflex.com\/fr\/produits\/\"},{\"@type\":\"ListItem\",\"position\":3,\"name\":\"Compensateurs de dilatation\",\"item\":\"https:\/\/comdiflex.com\/fr\/produits\/compensateurs-de-dilatation\/\"},{\"@type\":\"ListItem\",\"position\":4,\"name\":\"Compensateurs de dilatation caoutchouc\",\"item\":\"https:\/\/comdiflex.com\/fr\/produits\/compensateurs-de-dilatation\/compensateurs-de-dilatation-caoutchouc\/\"},{\"@type\":\"ListItem\",\"position\":5,\"name\":\"Fabrication de compensateurs\"}]},{\"@type\":\"WebSite\",\"@id\":\"https:\/\/comdiflex.com\/fr\/#website\",\"url\":\"https:\/\/comdiflex.com\/fr\/\",\"name\":\"Comdiflex\",\"description\":\"Fabricante de juntas y compensadores | Fabricaci\u00f3n urgente\",\"publisher\":{\"@id\":\"https:\/\/comdiflex.com\/fr\/#organization\"},\"potentialAction\":[{\"@type\":\"SearchAction\",\"target\":{\"@type\":\"EntryPoint\",\"urlTemplate\":\"https:\/\/comdiflex.com\/fr\/?s={search_term_string}\"},\"query-input\":{\"@type\":\"PropertyValueSpecification\",\"valueRequired\":true,\"valueName\":\"search_term_string\"}}],\"inLanguage\":\"fr-FR\"},{\"@type\":\"Organization\",\"@id\":\"https:\/\/comdiflex.com\/fr\/#organization\",\"name\":\"COMDIFLEX\",\"url\":\"https:\/\/comdiflex.com\/fr\/\",\"logo\":{\"@type\":\"ImageObject\",\"inLanguage\":\"fr-FR\",\"@id\":\"https:\/\/comdiflex.com\/fr\/#\/schema\/logo\/image\/\",\"url\":\"https:\/\/comdiflex.com\/wp-content\/uploads\/2021\/06\/logocomdiflex275x62.png\",\"contentUrl\":\"https:\/\/comdiflex.com\/wp-content\/uploads\/2021\/06\/logocomdiflex275x62.png\",\"width\":275,\"height\":62,\"caption\":\"COMDIFLEX\"},\"image\":{\"@id\":\"https:\/\/comdiflex.com\/fr\/#\/schema\/logo\/image\/\"},\"sameAs\":[\"https:\/\/www.linkedin.com\/company\/grupo-industrial-kempchen-comdiflex-s-a-\/\"]}]}<\/script>\n<!-- \/ Yoast SEO Premium plugin. -->","yoast_head_json":{"title":"Comdiflex | Fabrication de compensateurs","description":"Fabrication de compensateurs de dilatation industriels avec livraison rapide et qualit\u00e9 maximale. Des solutions efficaces pour votre industrie.","robots":{"index":"index","follow":"follow","max-snippet":"max-snippet:-1","max-image-preview":"max-image-preview:large","max-video-preview":"max-video-preview:-1"},"canonical":"https:\/\/comdiflex.com\/fr\/produits\/compensateurs-de-dilatation\/compensateurs-de-dilatation-caoutchouc\/fabrication-de-compensateurs\/","og_locale":"fr_FR","og_type":"article","og_title":"Fabrication de compensateurs","og_description":"Fabrication de compensateurs de dilatation industriels avec livraison rapide et qualit\u00e9 maximale. Des solutions efficaces pour votre industrie.","og_url":"https:\/\/comdiflex.com\/fr\/produits\/compensateurs-de-dilatation\/compensateurs-de-dilatation-caoutchouc\/fabrication-de-compensateurs\/","og_site_name":"Comdiflex","article_modified_time":"2026-01-21T10:17:36+00:00","twitter_card":"summary_large_image","schema":{"@context":"https:\/\/schema.org","@graph":[{"@type":"WebPage","@id":"https:\/\/comdiflex.com\/fr\/produits\/compensateurs-de-dilatation\/compensateurs-de-dilatation-caoutchouc\/fabrication-de-compensateurs\/","url":"https:\/\/comdiflex.com\/fr\/produits\/compensateurs-de-dilatation\/compensateurs-de-dilatation-caoutchouc\/fabrication-de-compensateurs\/","name":"Comdiflex | Fabrication de compensateurs","isPartOf":{"@id":"https:\/\/comdiflex.com\/fr\/#website"},"datePublished":"2021-10-26T10:16:28+00:00","dateModified":"2026-01-21T10:17:36+00:00","description":"Fabrication de compensateurs de dilatation industriels avec livraison rapide et qualit\u00e9 maximale. Des solutions efficaces pour votre industrie.","breadcrumb":{"@id":"https:\/\/comdiflex.com\/fr\/produits\/compensateurs-de-dilatation\/compensateurs-de-dilatation-caoutchouc\/fabrication-de-compensateurs\/#breadcrumb"},"inLanguage":"fr-FR","potentialAction":[{"@type":"ReadAction","target":["https:\/\/comdiflex.com\/fr\/produits\/compensateurs-de-dilatation\/compensateurs-de-dilatation-caoutchouc\/fabrication-de-compensateurs\/"]}]},{"@type":"BreadcrumbList","@id":"https:\/\/comdiflex.com\/fr\/produits\/compensateurs-de-dilatation\/compensateurs-de-dilatation-caoutchouc\/fabrication-de-compensateurs\/#breadcrumb","itemListElement":[{"@type":"ListItem","position":1,"name":"Accueil","item":"https:\/\/comdiflex.com\/fr\/"},{"@type":"ListItem","position":2,"name":"Produits","item":"https:\/\/comdiflex.com\/fr\/produits\/"},{"@type":"ListItem","position":3,"name":"Compensateurs de dilatation","item":"https:\/\/comdiflex.com\/fr\/produits\/compensateurs-de-dilatation\/"},{"@type":"ListItem","position":4,"name":"Compensateurs de dilatation caoutchouc","item":"https:\/\/comdiflex.com\/fr\/produits\/compensateurs-de-dilatation\/compensateurs-de-dilatation-caoutchouc\/"},{"@type":"ListItem","position":5,"name":"Fabrication de compensateurs"}]},{"@type":"WebSite","@id":"https:\/\/comdiflex.com\/fr\/#website","url":"https:\/\/comdiflex.com\/fr\/","name":"Comdiflex","description":"Fabricante de juntas y compensadores | Fabricaci\u00f3n urgente","publisher":{"@id":"https:\/\/comdiflex.com\/fr\/#organization"},"potentialAction":[{"@type":"SearchAction","target":{"@type":"EntryPoint","urlTemplate":"https:\/\/comdiflex.com\/fr\/?s={search_term_string}"},"query-input":{"@type":"PropertyValueSpecification","valueRequired":true,"valueName":"search_term_string"}}],"inLanguage":"fr-FR"},{"@type":"Organization","@id":"https:\/\/comdiflex.com\/fr\/#organization","name":"COMDIFLEX","url":"https:\/\/comdiflex.com\/fr\/","logo":{"@type":"ImageObject","inLanguage":"fr-FR","@id":"https:\/\/comdiflex.com\/fr\/#\/schema\/logo\/image\/","url":"https:\/\/comdiflex.com\/wp-content\/uploads\/2021\/06\/logocomdiflex275x62.png","contentUrl":"https:\/\/comdiflex.com\/wp-content\/uploads\/2021\/06\/logocomdiflex275x62.png","width":275,"height":62,"caption":"COMDIFLEX"},"image":{"@id":"https:\/\/comdiflex.com\/fr\/#\/schema\/logo\/image\/"},"sameAs":["https:\/\/www.linkedin.com\/company\/grupo-industrial-kempchen-comdiflex-s-a-\/"]}]}},"_links":{"self":[{"href":"https:\/\/comdiflex.com\/fr\/wp-json\/wp\/v2\/pages\/8942","targetHints":{"allow":["GET"]}}],"collection":[{"href":"https:\/\/comdiflex.com\/fr\/wp-json\/wp\/v2\/pages"}],"about":[{"href":"https:\/\/comdiflex.com\/fr\/wp-json\/wp\/v2\/types\/page"}],"author":[{"embeddable":true,"href":"https:\/\/comdiflex.com\/fr\/wp-json\/wp\/v2\/users\/1"}],"replies":[{"embeddable":true,"href":"https:\/\/comdiflex.com\/fr\/wp-json\/wp\/v2\/comments?post=8942"}],"version-history":[{"count":1,"href":"https:\/\/comdiflex.com\/fr\/wp-json\/wp\/v2\/pages\/8942\/revisions"}],"predecessor-version":[{"id":13385,"href":"https:\/\/comdiflex.com\/fr\/wp-json\/wp\/v2\/pages\/8942\/revisions\/13385"}],"up":[{"embeddable":true,"href":"https:\/\/comdiflex.com\/fr\/wp-json\/wp\/v2\/pages\/8927"}],"wp:attachment":[{"href":"https:\/\/comdiflex.com\/fr\/wp-json\/wp\/v2\/media?parent=8942"}],"curies":[{"name":"wp","href":"https:\/\/api.w.org\/{rel}","templated":true}]}}