{"id":6181,"date":"2021-10-14T10:50:38","date_gmt":"2021-10-14T08:50:38","guid":{"rendered":"http:\/\/comdiflex.com\/fundas-termoaislantes-personalizadas\/"},"modified":"2026-02-09T10:06:01","modified_gmt":"2026-02-09T08:06:01","slug":"couvertures-disolation-thermique-personnalisees","status":"publish","type":"page","link":"https:\/\/comdiflex.com\/fr\/produits\/vestes-disolation-thermique\/couvertures-disolation-thermique-personnalisees\/","title":{"rendered":"Couvertures d&rsquo;isolation thermique personnalis\u00e9es"},"content":{"rendered":"<div class=\"fusion-fullwidth fullwidth-box fusion-builder-row-1 fusion-flex-container nonhundred-percent-fullwidth non-hundred-percent-height-scrolling fusion-animated\" style=\"background-color: rgba(255,255,255,0);background-position: center center;background-repeat: no-repeat;border-width: 0px 0px 0px 0px;border-color:#eae9e9;border-style:solid;\" data-animationType=\"slideInRight\" data-animationDuration=\"0.3\" data-animationOffset=\"100%\" ><div class=\"fusion-builder-row fusion-row fusion-flex-align-items-flex-start\" style=\"max-width:1012.96px;margin-left: calc(-4% \/ 2 );margin-right: calc(-4% \/ 2 );\"><div class=\"fusion-layout-column fusion_builder_column fusion-builder-column-0 fusion_builder_column_1_1 1_1 fusion-flex-column\"><div class=\"fusion-column-wrapper fusion-flex-justify-content-flex-start fusion-content-layout-column\" style=\"background-position:left top;background-repeat:no-repeat;-webkit-background-size:cover;-moz-background-size:cover;-o-background-size:cover;background-size:cover;padding: 0px 0px 0px 0px;\"><div class=\"fusion-text fusion-text-1\" style=\"transform:translate3d(0,0,0);\"><p>Tous nos produits sont <strong>customisables<\/strong> en fonction des besoins de nos clients. En plus de la large gamme de <strong>mat\u00e9riaux textiles<\/strong> que nous avons \u00e0 disposition pour les <strong>diff\u00e9rentes temp\u00e9ratures de processus<\/strong>, le client a \u00e0 sa disposition d&rsquo;autres accessoires et compl\u00e9ments tels que :<\/p>\n<\/div><\/div><\/div><style type=\"text\/css\">.fusion-body .fusion-builder-column-0{width:100% !important;margin-top : 0px;margin-bottom : 20px;}.fusion-builder-column-0 > .fusion-column-wrapper {padding-top : 0px !important;padding-right : 0px !important;margin-right : 1.92%;padding-bottom : 0px !important;padding-left : 0px !important;margin-left : 1.92%;}@media only screen and (max-width:1024px) {.fusion-body .fusion-builder-column-0{width:100% !important;order : 0;}.fusion-builder-column-0 > .fusion-column-wrapper {margin-right : 1.92%;margin-left : 1.92%;}}@media only screen and (max-width:640px) {.fusion-body .fusion-builder-column-0{width:100% !important;order : 0;}.fusion-builder-column-0 > .fusion-column-wrapper {margin-right : 1.92%;margin-left : 1.92%;}}<\/style><div class=\"fusion-layout-column fusion_builder_column fusion-builder-column-1 fusion_builder_column_1_3 1_3 fusion-flex-column\"><div class=\"fusion-column-wrapper fusion-flex-justify-content-flex-start fusion-content-layout-column\" style=\"background-position:left top;background-repeat:no-repeat;-webkit-background-size:cover;-moz-background-size:cover;-o-background-size:cover;background-size:cover;padding: 0px 0px 0px 0px;\"><div class=\"fusion-text fusion-text-2\" style=\"color:#f44336;transform:translate3d(0,0,0);\"><p style=\"text-align: center;\"><strong>Diff\u00e9rentes couleurs de la mati\u00e8re textile<\/strong><\/p>\n<\/div><div style=\"text-align:center;\"><span class=\" fusion-imageframe imageframe-none imageframe-1 hover-type-zoomin\"><img decoding=\"async\" width=\"820\" height=\"482\" alt=\"Diferentes colores del material textil\" title=\"color-personalizado\" src=\"https:\/\/comdiflex.com\/wp-content\/uploads\/2021\/10\/color-personalizado.jpg\" data-orig-src=\"http:\/\/comdiflex.com\/wp-content\/uploads\/2021\/10\/color-personalizado.jpg\" class=\"lazyload img-responsive wp-image-5811\" srcset=\"data:image\/svg+xml,%3Csvg%20xmlns%3D%27http%3A%2F%2Fwww.w3.org%2F2000%2Fsvg%27%20width%3D%27820%27%20height%3D%27482%27%20viewBox%3D%270%200%20820%20482%27%3E%3Crect%20width%3D%27820%27%20height%3D%273482%27%20fill-opacity%3D%220%22%2F%3E%3C%2Fsvg%3E\" data-srcset=\"https:\/\/comdiflex.com\/wp-content\/uploads\/2021\/10\/color-personalizado-200x118.jpg 200w, https:\/\/comdiflex.com\/wp-content\/uploads\/2021\/10\/color-personalizado-400x235.jpg 400w, https:\/\/comdiflex.com\/wp-content\/uploads\/2021\/10\/color-personalizado-600x353.jpg 600w, https:\/\/comdiflex.com\/wp-content\/uploads\/2021\/10\/color-personalizado-800x470.jpg 800w, https:\/\/comdiflex.com\/wp-content\/uploads\/2021\/10\/color-personalizado.jpg 820w\" data-sizes=\"auto\" data-orig-sizes=\"(max-width: 1024px) 100vw, (max-width: 640px) 100vw, 400px\" \/><\/span><\/div><div class=\"fusion-separator fusion-full-width-sep\" style=\"align-self: center;margin-left: auto;margin-right: auto;flex-grow:1;margin-top:30px;width:100%;\"><\/div><div class=\"fusion-text fusion-text-3\" style=\"color:#f44336;transform:translate3d(0,0,0);\"><p style=\"text-align: center;\"><strong>Code QR avec informations sur le produit <\/strong><\/p>\n<\/div><div style=\"text-align:center;\"><span class=\" fusion-imageframe imageframe-none imageframe-2 hover-type-zoomin\" style=\"width:100%;max-width:230px;\"><img decoding=\"async\" width=\"880\" height=\"928\" title=\"qrcalorifugados\" src=\"https:\/\/comdiflex.com\/wp-content\/uploads\/2021\/10\/qrcalorifugados.jpg\" data-orig-src=\"http:\/\/comdiflex.com\/wp-content\/uploads\/2021\/10\/qrcalorifugados.jpg\" class=\"lazyload img-responsive wp-image-5844\" srcset=\"data:image\/svg+xml,%3Csvg%20xmlns%3D%27http%3A%2F%2Fwww.w3.org%2F2000%2Fsvg%27%20width%3D%27880%27%20height%3D%27928%27%20viewBox%3D%270%200%20880%20928%27%3E%3Crect%20width%3D%27880%27%20height%3D%273928%27%20fill-opacity%3D%220%22%2F%3E%3C%2Fsvg%3E\" data-srcset=\"https:\/\/comdiflex.com\/wp-content\/uploads\/2021\/10\/qrcalorifugados-200x211.jpg 200w, https:\/\/comdiflex.com\/wp-content\/uploads\/2021\/10\/qrcalorifugados-400x422.jpg 400w, https:\/\/comdiflex.com\/wp-content\/uploads\/2021\/10\/qrcalorifugados-600x633.jpg 600w, https:\/\/comdiflex.com\/wp-content\/uploads\/2021\/10\/qrcalorifugados-800x844.jpg 800w, https:\/\/comdiflex.com\/wp-content\/uploads\/2021\/10\/qrcalorifugados.jpg 880w\" data-sizes=\"auto\" data-orig-sizes=\"(max-width: 1024px) 100vw, (max-width: 640px) 100vw, 400px\" \/><\/span><\/div><\/div><\/div><style type=\"text\/css\">.fusion-body .fusion-builder-column-1{width:33.333333333333% !important;margin-top : 0px;margin-bottom : 20px;}.fusion-builder-column-1 > .fusion-column-wrapper {padding-top : 0px !important;padding-right : 0px !important;margin-right : 5.76%;padding-bottom : 0px !important;padding-left : 0px !important;margin-left : 5.76%;}@media only screen and (max-width:1024px) {.fusion-body .fusion-builder-column-1{width:100% !important;order : 0;}.fusion-builder-column-1 > .fusion-column-wrapper {margin-right : 1.92%;margin-left : 1.92%;}}@media only screen and (max-width:640px) {.fusion-body .fusion-builder-column-1{width:100% !important;order : 0;}.fusion-builder-column-1 > .fusion-column-wrapper {margin-right : 1.92%;margin-left : 1.92%;}}<\/style><div class=\"fusion-layout-column fusion_builder_column fusion-builder-column-2 fusion_builder_column_1_3 1_3 fusion-flex-column fusion-flex-align-self-center\"><div class=\"fusion-column-wrapper fusion-flex-justify-content-flex-start fusion-content-layout-column\" style=\"background-position:left top;background-repeat:no-repeat;-webkit-background-size:cover;-moz-background-size:cover;-o-background-size:cover;background-size:cover;padding: 0px 0px 0px 0px;\"><div class=\"fusion-text fusion-text-4\" style=\"color:#f44336;transform:translate3d(0,0,0);\"><p style=\"text-align: center;\"><strong>Symboles de s\u00e9curit\u00e9 industrielle<\/strong><\/p>\n<\/div><div style=\"text-align:center;\"><span class=\" fusion-imageframe imageframe-none imageframe-3 hover-type-zoomin\"><img decoding=\"async\" width=\"992\" height=\"505\" title=\"Foto 10\" src=\"https:\/\/comdiflex.com\/wp-content\/uploads\/2021\/10\/Foto-10.jpg\" data-orig-src=\"http:\/\/comdiflex.com\/wp-content\/uploads\/2021\/10\/Foto-10.jpg\" class=\"lazyload img-responsive wp-image-5814\" srcset=\"data:image\/svg+xml,%3Csvg%20xmlns%3D%27http%3A%2F%2Fwww.w3.org%2F2000%2Fsvg%27%20width%3D%27992%27%20height%3D%27505%27%20viewBox%3D%270%200%20992%20505%27%3E%3Crect%20width%3D%27992%27%20height%3D%273505%27%20fill-opacity%3D%220%22%2F%3E%3C%2Fsvg%3E\" data-srcset=\"https:\/\/comdiflex.com\/wp-content\/uploads\/2021\/10\/Foto-10-200x102.jpg 200w, https:\/\/comdiflex.com\/wp-content\/uploads\/2021\/10\/Foto-10-400x204.jpg 400w, https:\/\/comdiflex.com\/wp-content\/uploads\/2021\/10\/Foto-10-600x305.jpg 600w, https:\/\/comdiflex.com\/wp-content\/uploads\/2021\/10\/Foto-10-800x407.jpg 800w, https:\/\/comdiflex.com\/wp-content\/uploads\/2021\/10\/Foto-10.jpg 992w\" data-sizes=\"auto\" data-orig-sizes=\"(max-width: 1024px) 100vw, (max-width: 640px) 100vw, 400px\" \/><\/span><\/div><\/div><\/div><style type=\"text\/css\">.fusion-body .fusion-builder-column-2{width:33.333333333333% !important;margin-top : 0px;margin-bottom : 20px;}.fusion-builder-column-2 > .fusion-column-wrapper {padding-top : 0px !important;padding-right : 0px !important;margin-right : 5.76%;padding-bottom : 0px !important;padding-left : 0px !important;margin-left : 5.76%;}@media only screen and (max-width:1024px) {.fusion-body .fusion-builder-column-2{width:100% !important;order : 0;}.fusion-builder-column-2 > .fusion-column-wrapper {margin-right : 1.92%;margin-left : 1.92%;}}@media only screen and (max-width:640px) {.fusion-body .fusion-builder-column-2{width:100% !important;order : 0;}.fusion-builder-column-2 > .fusion-column-wrapper {margin-right : 1.92%;margin-left : 1.92%;}}<\/style><div class=\"fusion-layout-column fusion_builder_column fusion-builder-column-3 fusion_builder_column_1_3 1_3 fusion-flex-column\"><div class=\"fusion-column-wrapper fusion-flex-justify-content-flex-start fusion-content-layout-column\" style=\"background-position:left top;background-repeat:no-repeat;-webkit-background-size:cover;-moz-background-size:cover;-o-background-size:cover;background-size:cover;padding: 0px 0px 0px 0px;\"><div class=\"fusion-text fusion-text-5\" style=\"color:#f44336;transform:translate3d(0,0,0);\"><p style=\"text-align: center;\"><strong>Logo du client<\/strong><\/p>\n<\/div><div style=\"text-align:center;\"><span class=\" fusion-imageframe imageframe-none imageframe-4 hover-type-zoomin\"><img decoding=\"async\" width=\"1144\" height=\"760\" title=\"persologo\" src=\"https:\/\/comdiflex.com\/wp-content\/uploads\/2021\/10\/persologo.jpg\" data-orig-src=\"http:\/\/comdiflex.com\/wp-content\/uploads\/2021\/10\/persologo.jpg\" class=\"lazyload img-responsive wp-image-5837\" srcset=\"data:image\/svg+xml,%3Csvg%20xmlns%3D%27http%3A%2F%2Fwww.w3.org%2F2000%2Fsvg%27%20width%3D%271144%27%20height%3D%27760%27%20viewBox%3D%270%200%201144%20760%27%3E%3Crect%20width%3D%271144%27%20height%3D%273760%27%20fill-opacity%3D%220%22%2F%3E%3C%2Fsvg%3E\" data-srcset=\"https:\/\/comdiflex.com\/wp-content\/uploads\/2021\/10\/persologo-200x133.jpg 200w, https:\/\/comdiflex.com\/wp-content\/uploads\/2021\/10\/persologo-400x266.jpg 400w, https:\/\/comdiflex.com\/wp-content\/uploads\/2021\/10\/persologo-600x399.jpg 600w, https:\/\/comdiflex.com\/wp-content\/uploads\/2021\/10\/persologo-800x531.jpg 800w, https:\/\/comdiflex.com\/wp-content\/uploads\/2021\/10\/persologo.jpg 1144w\" data-sizes=\"auto\" data-orig-sizes=\"(max-width: 1024px) 100vw, (max-width: 640px) 100vw, 400px\" \/><\/span><\/div><div class=\"fusion-separator fusion-full-width-sep\" style=\"align-self: center;margin-left: auto;margin-right: auto;flex-grow:1;margin-top:30px;width:100%;\"><\/div><div class=\"fusion-text fusion-text-6\" style=\"color:#f44336;transform:translate3d(0,0,0);\"><p style=\"text-align: center;\"><strong>Bandes r\u00e9fl\u00e9chissantes<\/strong><\/p>\n<\/div><div style=\"text-align:center;\"><span class=\" fusion-imageframe imageframe-none imageframe-5 hover-type-zoomin\"><img decoding=\"async\" width=\"230\" height=\"230\" title=\"Foto 11\" src=\"https:\/\/comdiflex.com\/wp-content\/uploads\/2021\/10\/Foto-11.jpeg\" data-orig-src=\"http:\/\/comdiflex.com\/wp-content\/uploads\/2021\/10\/Foto-11.jpeg\" class=\"lazyload img-responsive wp-image-5817\" srcset=\"data:image\/svg+xml,%3Csvg%20xmlns%3D%27http%3A%2F%2Fwww.w3.org%2F2000%2Fsvg%27%20width%3D%27230%27%20height%3D%27230%27%20viewBox%3D%270%200%20230%20230%27%3E%3Crect%20width%3D%27230%27%20height%3D%273230%27%20fill-opacity%3D%220%22%2F%3E%3C%2Fsvg%3E\" data-srcset=\"https:\/\/comdiflex.com\/wp-content\/uploads\/2021\/10\/Foto-11-200x200.jpeg 200w, https:\/\/comdiflex.com\/wp-content\/uploads\/2021\/10\/Foto-11.jpeg 230w\" data-sizes=\"auto\" data-orig-sizes=\"(max-width: 1024px) 100vw, (max-width: 640px) 100vw, 230px\" \/><\/span><\/div><\/div><\/div><style type=\"text\/css\">.fusion-body .fusion-builder-column-3{width:33.333333333333% !important;margin-top : 0px;margin-bottom : 20px;}.fusion-builder-column-3 > .fusion-column-wrapper {padding-top : 0px !important;padding-right : 0px !important;margin-right : 5.76%;padding-bottom : 0px !important;padding-left : 0px !important;margin-left : 5.76%;}@media only screen and (max-width:1024px) {.fusion-body .fusion-builder-column-3{width:100% !important;order : 0;}.fusion-builder-column-3 > .fusion-column-wrapper {margin-right : 1.92%;margin-left : 1.92%;}}@media only screen and (max-width:640px) {.fusion-body .fusion-builder-column-3{width:100% !important;order : 0;}.fusion-builder-column-3 > .fusion-column-wrapper {margin-right : 1.92%;margin-left : 1.92%;}}<\/style><\/div><style type=\"text\/css\">.fusion-body .fusion-flex-container.fusion-builder-row-1{ padding-top : 0px;margin-top : 0px;padding-right : 0px;padding-bottom : 0px;margin-bottom : 0px;padding-left : 0px;}<\/style><\/div>\n","protected":false},"excerpt":{"rendered":"","protected":false},"author":1,"featured_media":6023,"parent":5929,"menu_order":0,"comment_status":"closed","ping_status":"closed","template":"","meta":{"_acf_changed":false,"footnotes":""},"class_list":["post-6181","page","type-page","status-publish","has-post-thumbnail","hentry"],"acf":[],"yoast_head":"<!-- This site is optimized with the Yoast SEO Premium plugin v22.9 (Yoast SEO v27.2) - https:\/\/yoast.com\/product\/yoast-seo-premium-wordpress\/ -->\n<title>Comdiflex | Couvertures d&#039;isolation thermique personnalis\u00e9es<\/title>\n<meta name=\"description\" content=\"Nous proposons des couvertures d\u2019isolation thermique personnalis\u00e9es, adapt\u00e9es aux besoins de nos clients et disponibles dans une large gamme de mat\u00e9riaux\" \/>\n<meta name=\"robots\" content=\"index, follow, max-snippet:-1, max-image-preview:large, max-video-preview:-1\" \/>\n<link rel=\"canonical\" href=\"https:\/\/comdiflex.com\/fr\/produits\/vestes-disolation-thermique\/couvertures-disolation-thermique-personnalisees\/\" \/>\n<meta property=\"og:locale\" content=\"fr_FR\" \/>\n<meta property=\"og:type\" content=\"article\" \/>\n<meta property=\"og:title\" content=\"Couvertures d&#039;isolation thermique personnalis\u00e9es\" \/>\n<meta property=\"og:description\" content=\"Nous proposons des couvertures d\u2019isolation thermique personnalis\u00e9es, adapt\u00e9es aux besoins de nos clients et disponibles dans une large gamme de mat\u00e9riaux\" \/>\n<meta property=\"og:url\" content=\"https:\/\/comdiflex.com\/fr\/produits\/vestes-disolation-thermique\/couvertures-disolation-thermique-personnalisees\/\" \/>\n<meta property=\"og:site_name\" content=\"Comdiflex\" \/>\n<meta property=\"article:modified_time\" content=\"2026-02-09T08:06:01+00:00\" \/>\n<meta property=\"og:image\" content=\"https:\/\/comdiflex.com\/wp-content\/uploads\/2021\/10\/calorifugadob.jpg\" \/>\n\t<meta property=\"og:image:width\" content=\"467\" \/>\n\t<meta property=\"og:image:height\" content=\"300\" \/>\n\t<meta property=\"og:image:type\" content=\"image\/jpeg\" \/>\n<meta name=\"twitter:card\" content=\"summary_large_image\" \/>\n<script type=\"application\/ld+json\" class=\"yoast-schema-graph\">{\"@context\":\"https:\/\/schema.org\",\"@graph\":[{\"@type\":\"WebPage\",\"@id\":\"https:\/\/comdiflex.com\/fr\/produits\/vestes-disolation-thermique\/couvertures-disolation-thermique-personnalisees\/\",\"url\":\"https:\/\/comdiflex.com\/fr\/produits\/vestes-disolation-thermique\/couvertures-disolation-thermique-personnalisees\/\",\"name\":\"Comdiflex | Couvertures d'isolation thermique personnalis\u00e9es\",\"isPartOf\":{\"@id\":\"https:\/\/comdiflex.com\/fr\/#website\"},\"primaryImageOfPage\":{\"@id\":\"https:\/\/comdiflex.com\/fr\/produits\/vestes-disolation-thermique\/couvertures-disolation-thermique-personnalisees\/#primaryimage\"},\"image\":{\"@id\":\"https:\/\/comdiflex.com\/fr\/produits\/vestes-disolation-thermique\/couvertures-disolation-thermique-personnalisees\/#primaryimage\"},\"thumbnailUrl\":\"https:\/\/comdiflex.com\/wp-content\/uploads\/2021\/10\/calorifugadob.jpg\",\"datePublished\":\"2021-10-14T08:50:38+00:00\",\"dateModified\":\"2026-02-09T08:06:01+00:00\",\"description\":\"Nous proposons des couvertures d\u2019isolation thermique personnalis\u00e9es, adapt\u00e9es aux besoins de nos clients et disponibles dans une large gamme de mat\u00e9riaux\",\"breadcrumb\":{\"@id\":\"https:\/\/comdiflex.com\/fr\/produits\/vestes-disolation-thermique\/couvertures-disolation-thermique-personnalisees\/#breadcrumb\"},\"inLanguage\":\"fr-FR\",\"potentialAction\":[{\"@type\":\"ReadAction\",\"target\":[\"https:\/\/comdiflex.com\/fr\/produits\/vestes-disolation-thermique\/couvertures-disolation-thermique-personnalisees\/\"]}]},{\"@type\":\"ImageObject\",\"inLanguage\":\"fr-FR\",\"@id\":\"https:\/\/comdiflex.com\/fr\/produits\/vestes-disolation-thermique\/couvertures-disolation-thermique-personnalisees\/#primaryimage\",\"url\":\"https:\/\/comdiflex.com\/wp-content\/uploads\/2021\/10\/calorifugadob.jpg\",\"contentUrl\":\"https:\/\/comdiflex.com\/wp-content\/uploads\/2021\/10\/calorifugadob.jpg\",\"width\":467,\"height\":300,\"caption\":\"Fundas termicas\"},{\"@type\":\"BreadcrumbList\",\"@id\":\"https:\/\/comdiflex.com\/fr\/produits\/vestes-disolation-thermique\/couvertures-disolation-thermique-personnalisees\/#breadcrumb\",\"itemListElement\":[{\"@type\":\"ListItem\",\"position\":1,\"name\":\"Accueil\",\"item\":\"https:\/\/comdiflex.com\/fr\/\"},{\"@type\":\"ListItem\",\"position\":2,\"name\":\"Produits\",\"item\":\"https:\/\/comdiflex.com\/fr\/produits\/\"},{\"@type\":\"ListItem\",\"position\":3,\"name\":\"Vestes d&rsquo;isolation thermique\",\"item\":\"https:\/\/comdiflex.com\/fr\/produits\/vestes-disolation-thermique\/\"},{\"@type\":\"ListItem\",\"position\":4,\"name\":\"Couvertures d&rsquo;isolation thermique personnalis\u00e9es\"}]},{\"@type\":\"WebSite\",\"@id\":\"https:\/\/comdiflex.com\/fr\/#website\",\"url\":\"https:\/\/comdiflex.com\/fr\/\",\"name\":\"Comdiflex\",\"description\":\"Fabricante de juntas y compensadores | Fabricaci\u00f3n urgente\",\"publisher\":{\"@id\":\"https:\/\/comdiflex.com\/fr\/#organization\"},\"potentialAction\":[{\"@type\":\"SearchAction\",\"target\":{\"@type\":\"EntryPoint\",\"urlTemplate\":\"https:\/\/comdiflex.com\/fr\/?s={search_term_string}\"},\"query-input\":{\"@type\":\"PropertyValueSpecification\",\"valueRequired\":true,\"valueName\":\"search_term_string\"}}],\"inLanguage\":\"fr-FR\"},{\"@type\":\"Organization\",\"@id\":\"https:\/\/comdiflex.com\/fr\/#organization\",\"name\":\"COMDIFLEX\",\"url\":\"https:\/\/comdiflex.com\/fr\/\",\"logo\":{\"@type\":\"ImageObject\",\"inLanguage\":\"fr-FR\",\"@id\":\"https:\/\/comdiflex.com\/fr\/#\/schema\/logo\/image\/\",\"url\":\"https:\/\/comdiflex.com\/wp-content\/uploads\/2021\/06\/logocomdiflex275x62.png\",\"contentUrl\":\"https:\/\/comdiflex.com\/wp-content\/uploads\/2021\/06\/logocomdiflex275x62.png\",\"width\":275,\"height\":62,\"caption\":\"COMDIFLEX\"},\"image\":{\"@id\":\"https:\/\/comdiflex.com\/fr\/#\/schema\/logo\/image\/\"},\"sameAs\":[\"https:\/\/www.linkedin.com\/company\/grupo-industrial-kempchen-comdiflex-s-a-\/\"]}]}<\/script>\n<!-- \/ Yoast SEO Premium plugin. -->","yoast_head_json":{"title":"Comdiflex | Couvertures d'isolation thermique personnalis\u00e9es","description":"Nous proposons des couvertures d\u2019isolation thermique personnalis\u00e9es, adapt\u00e9es aux besoins de nos clients et disponibles dans une large gamme de mat\u00e9riaux","robots":{"index":"index","follow":"follow","max-snippet":"max-snippet:-1","max-image-preview":"max-image-preview:large","max-video-preview":"max-video-preview:-1"},"canonical":"https:\/\/comdiflex.com\/fr\/produits\/vestes-disolation-thermique\/couvertures-disolation-thermique-personnalisees\/","og_locale":"fr_FR","og_type":"article","og_title":"Couvertures d'isolation thermique personnalis\u00e9es","og_description":"Nous proposons des couvertures d\u2019isolation thermique personnalis\u00e9es, adapt\u00e9es aux besoins de nos clients et disponibles dans une large gamme de mat\u00e9riaux","og_url":"https:\/\/comdiflex.com\/fr\/produits\/vestes-disolation-thermique\/couvertures-disolation-thermique-personnalisees\/","og_site_name":"Comdiflex","article_modified_time":"2026-02-09T08:06:01+00:00","og_image":[{"width":467,"height":300,"url":"https:\/\/comdiflex.com\/wp-content\/uploads\/2021\/10\/calorifugadob.jpg","type":"image\/jpeg"}],"twitter_card":"summary_large_image","schema":{"@context":"https:\/\/schema.org","@graph":[{"@type":"WebPage","@id":"https:\/\/comdiflex.com\/fr\/produits\/vestes-disolation-thermique\/couvertures-disolation-thermique-personnalisees\/","url":"https:\/\/comdiflex.com\/fr\/produits\/vestes-disolation-thermique\/couvertures-disolation-thermique-personnalisees\/","name":"Comdiflex | Couvertures d'isolation thermique personnalis\u00e9es","isPartOf":{"@id":"https:\/\/comdiflex.com\/fr\/#website"},"primaryImageOfPage":{"@id":"https:\/\/comdiflex.com\/fr\/produits\/vestes-disolation-thermique\/couvertures-disolation-thermique-personnalisees\/#primaryimage"},"image":{"@id":"https:\/\/comdiflex.com\/fr\/produits\/vestes-disolation-thermique\/couvertures-disolation-thermique-personnalisees\/#primaryimage"},"thumbnailUrl":"https:\/\/comdiflex.com\/wp-content\/uploads\/2021\/10\/calorifugadob.jpg","datePublished":"2021-10-14T08:50:38+00:00","dateModified":"2026-02-09T08:06:01+00:00","description":"Nous proposons des couvertures d\u2019isolation thermique personnalis\u00e9es, adapt\u00e9es aux besoins de nos clients et disponibles dans une large gamme de mat\u00e9riaux","breadcrumb":{"@id":"https:\/\/comdiflex.com\/fr\/produits\/vestes-disolation-thermique\/couvertures-disolation-thermique-personnalisees\/#breadcrumb"},"inLanguage":"fr-FR","potentialAction":[{"@type":"ReadAction","target":["https:\/\/comdiflex.com\/fr\/produits\/vestes-disolation-thermique\/couvertures-disolation-thermique-personnalisees\/"]}]},{"@type":"ImageObject","inLanguage":"fr-FR","@id":"https:\/\/comdiflex.com\/fr\/produits\/vestes-disolation-thermique\/couvertures-disolation-thermique-personnalisees\/#primaryimage","url":"https:\/\/comdiflex.com\/wp-content\/uploads\/2021\/10\/calorifugadob.jpg","contentUrl":"https:\/\/comdiflex.com\/wp-content\/uploads\/2021\/10\/calorifugadob.jpg","width":467,"height":300,"caption":"Fundas termicas"},{"@type":"BreadcrumbList","@id":"https:\/\/comdiflex.com\/fr\/produits\/vestes-disolation-thermique\/couvertures-disolation-thermique-personnalisees\/#breadcrumb","itemListElement":[{"@type":"ListItem","position":1,"name":"Accueil","item":"https:\/\/comdiflex.com\/fr\/"},{"@type":"ListItem","position":2,"name":"Produits","item":"https:\/\/comdiflex.com\/fr\/produits\/"},{"@type":"ListItem","position":3,"name":"Vestes d&rsquo;isolation thermique","item":"https:\/\/comdiflex.com\/fr\/produits\/vestes-disolation-thermique\/"},{"@type":"ListItem","position":4,"name":"Couvertures d&rsquo;isolation thermique personnalis\u00e9es"}]},{"@type":"WebSite","@id":"https:\/\/comdiflex.com\/fr\/#website","url":"https:\/\/comdiflex.com\/fr\/","name":"Comdiflex","description":"Fabricante de juntas y compensadores | Fabricaci\u00f3n urgente","publisher":{"@id":"https:\/\/comdiflex.com\/fr\/#organization"},"potentialAction":[{"@type":"SearchAction","target":{"@type":"EntryPoint","urlTemplate":"https:\/\/comdiflex.com\/fr\/?s={search_term_string}"},"query-input":{"@type":"PropertyValueSpecification","valueRequired":true,"valueName":"search_term_string"}}],"inLanguage":"fr-FR"},{"@type":"Organization","@id":"https:\/\/comdiflex.com\/fr\/#organization","name":"COMDIFLEX","url":"https:\/\/comdiflex.com\/fr\/","logo":{"@type":"ImageObject","inLanguage":"fr-FR","@id":"https:\/\/comdiflex.com\/fr\/#\/schema\/logo\/image\/","url":"https:\/\/comdiflex.com\/wp-content\/uploads\/2021\/06\/logocomdiflex275x62.png","contentUrl":"https:\/\/comdiflex.com\/wp-content\/uploads\/2021\/06\/logocomdiflex275x62.png","width":275,"height":62,"caption":"COMDIFLEX"},"image":{"@id":"https:\/\/comdiflex.com\/fr\/#\/schema\/logo\/image\/"},"sameAs":["https:\/\/www.linkedin.com\/company\/grupo-industrial-kempchen-comdiflex-s-a-\/"]}]}},"_links":{"self":[{"href":"https:\/\/comdiflex.com\/fr\/wp-json\/wp\/v2\/pages\/6181","targetHints":{"allow":["GET"]}}],"collection":[{"href":"https:\/\/comdiflex.com\/fr\/wp-json\/wp\/v2\/pages"}],"about":[{"href":"https:\/\/comdiflex.com\/fr\/wp-json\/wp\/v2\/types\/page"}],"author":[{"embeddable":true,"href":"https:\/\/comdiflex.com\/fr\/wp-json\/wp\/v2\/users\/1"}],"replies":[{"embeddable":true,"href":"https:\/\/comdiflex.com\/fr\/wp-json\/wp\/v2\/comments?post=6181"}],"version-history":[{"count":2,"href":"https:\/\/comdiflex.com\/fr\/wp-json\/wp\/v2\/pages\/6181\/revisions"}],"predecessor-version":[{"id":12945,"href":"https:\/\/comdiflex.com\/fr\/wp-json\/wp\/v2\/pages\/6181\/revisions\/12945"}],"up":[{"embeddable":true,"href":"https:\/\/comdiflex.com\/fr\/wp-json\/wp\/v2\/pages\/5929"}],"wp:featuredmedia":[{"embeddable":true,"href":"https:\/\/comdiflex.com\/fr\/wp-json\/wp\/v2\/media\/6023"}],"wp:attachment":[{"href":"https:\/\/comdiflex.com\/fr\/wp-json\/wp\/v2\/media?parent=6181"}],"curies":[{"name":"wp","href":"https:\/\/api.w.org\/{rel}","templated":true}]}}