{"id":5988,"date":"2021-10-13T08:35:41","date_gmt":"2021-10-13T06:35:41","guid":{"rendered":"http:\/\/comdiflex.com\/gestion-de-la-calidad\/"},"modified":"2026-04-13T09:21:51","modified_gmt":"2026-04-13T07:21:51","slug":"gestion-de-la-qualite","status":"publish","type":"page","link":"https:\/\/comdiflex.com\/fr\/gestion-de-la-qualite\/","title":{"rendered":"Gestion de la qualit\u00e9"},"content":{"rendered":"<div class=\"fusion-fullwidth fullwidth-box fusion-builder-row-1 fusion-flex-container nonhundred-percent-fullwidth non-hundred-percent-height-scrolling fusion-animated\" style=\"background-color: rgba(255,255,255,0);background-position: center center;background-repeat: no-repeat;border-width: 0px 0px 0px 0px;border-color:#eae9e9;border-style:solid;\" data-animationType=\"slideInRight\" data-animationDuration=\"0.3\" data-animationOffset=\"100%\" ><div class=\"fusion-builder-row fusion-row fusion-flex-align-items-flex-start\" style=\"max-width:1012.96px;margin-left: calc(-4% \/ 2 );margin-right: calc(-4% \/ 2 );\"><div class=\"fusion-layout-column fusion_builder_column fusion-builder-column-0 fusion_builder_column_1_1 1_1 fusion-flex-column\"><div class=\"fusion-column-wrapper fusion-flex-justify-content-flex-start fusion-content-layout-column\" style=\"background-position:left top;background-repeat:no-repeat;-webkit-background-size:cover;-moz-background-size:cover;-o-background-size:cover;background-size:cover;padding: 0px 0px 0px 0px;\"><style type=\"text\/css\">@media only screen and (max-width:1024px) {.fusion-title.fusion-title-1{margin-top:0px!important;margin-bottom:30px!important;}}<\/style><div class=\"fusion-title title fusion-title-1 fusion-title-text fusion-title-size-two\" style=\"font-size:22px;margin-top:0px;margin-bottom:30px;\"><div class=\"title-sep-container title-sep-container-left fusion-no-large-visibility fusion-no-medium-visibility fusion-no-small-visibility\"><div class=\"title-sep sep-\" style=\"border-color:#e2e2e2;\"><\/div><\/div><h2 class=\"title-heading-left\" style=\"margin:0;font-size:1em;\"><strong><a style=\"text-decoration: none; border-bottom: 3px solid #ff0000; color: #000000;\" href=\"change-underline-color.php\">Gestion de la qualit\u00e9<\/a><\/strong><\/h2><div class=\"title-sep-container title-sep-container-right\"><div class=\"title-sep sep-\" style=\"border-color:#e2e2e2;\"><\/div><\/div><\/div><\/div><\/div><style type=\"text\/css\">.fusion-body .fusion-builder-column-0{width:100% !important;margin-top : 20px;margin-bottom : 20px;}.fusion-builder-column-0 > .fusion-column-wrapper {padding-top : 0px !important;padding-right : 0px !important;margin-right : 1.92%;padding-bottom : 0px !important;padding-left : 0px !important;margin-left : 1.92%;}@media only screen and (max-width:1024px) {.fusion-body .fusion-builder-column-0{width:100% !important;order : 0;}.fusion-builder-column-0 > .fusion-column-wrapper {margin-right : 1.92%;margin-left : 1.92%;}}@media only screen and (max-width:640px) {.fusion-body .fusion-builder-column-0{width:100% !important;order : 0;}.fusion-builder-column-0 > .fusion-column-wrapper {margin-right : 1.92%;margin-left : 1.92%;}}<\/style><div class=\"fusion-layout-column fusion_builder_column fusion-builder-column-1 fusion_builder_column_2_5 2_5 fusion-flex-column\"><div class=\"fusion-column-wrapper fusion-flex-justify-content-flex-start fusion-content-layout-column\" style=\"background-position:left top;background-repeat:no-repeat;-webkit-background-size:cover;-moz-background-size:cover;-o-background-size:cover;background-size:cover;padding: 0px 0px 0px 0px;\"><div class=\"fusion-text fusion-text-1\" style=\"transform:translate3d(0,0,0);\"><p>Depuis le lancement de notre activit\u00e9, nous misons sur la haute qualit\u00e9 de nos produits et services, cela fait 20 ans que nous sommes certifi\u00e9s selon la norme <a class=\"link\" title=\"Download ISO 9001:2008 Standard\" href=\"http:\/\/comdiflex.com\/download\/ISO-9001-INGLES-APPLUS.pdf\" target=\"_blank\" rel=\"noopener\"><span style=\"color: #f9002f;\">UNE-EN ISO 9001:2015 \u2013 \u201cSyst\u00e8mes de gestion de la qualit\u00e9 \u00bb<\/span><\/a> actuellement audit\u00e9s par Appplus+. Au cours des ann\u00e9es, nous avons obtenu la confiance des plus importantes compagnies p\u00e9troli\u00e8res et gazi\u00e8res, aussi bien en Espagne qu\u2019au niveau mondial. Aujourd\u2019hui, <strong>nous sommes les fournisseurs homologu\u00e9s de REPSOL, GALP, CEPSA, BP, YPF\u2026 <\/strong>et nous continuons \u00e0 travailler pour l\u2019obtention des agr\u00e9ments des compagnies p\u00e9troli\u00e8res les plus repr\u00e9sentatives.<\/p>\n<p>Il y a quelques ann\u00e9es, nous avons obtenu le <a class=\"link\" title=\"Download certificat du Conseil des Centrales Nucl\u00e9aires d\u2019Espagne\" href=\"http:\/\/comdiflex.com\/descargas\/CCNN_Castellano_Ingles.pdf\" target=\"_blank\" rel=\"noopener\"><span style=\"color: #f9002f;\">certificat du Conseil des Centrales Nucl\u00e9aires d\u2019Espagne<\/span><\/a>. \u00e9tant audit\u00e9s selon la norme <strong>UNE-EN 73401:1995 \u2013 \u201cGarantie de la qualit\u00e9 des installations nucl\u00e9aires \u00bb.<\/strong> Nous fournissons des solutions avanc\u00e9es d\u2019\u00e9tanch\u00e9it\u00e9 pour les conditions s\u00e9v\u00e8res des centrales nucl\u00e9aires, centrales solaires thermodynamiques, centrales \u00e9lectriques \u00e0 cycle combin\u00e9, parmi d\u2019autres applications du secteur de la production d\u2019\u00e9nergie et des \u00e9nergies renouvelables.<\/p>\n<p>Comdiflex est <a class=\"link\" title=\"Download ACHILLES - REPRO REGISTRATION CERTIFICATE\" href=\"https:\/\/www.comdiflex.com\/downloads\/comdiflex-achilles-repro-certificate.pdf\" target=\"_blank\" rel=\"noopener\"><span style=\"color: #f9002f;\">homologu\u00e9 en tant que fournisseur au registre REPRO <\/span><\/a>, \u2013 la Communaut\u00e9 en ligne de Achilles pour les secteurs de l\u2019\u00e9nergie \u00e9lectrique, du p\u00e9trole, de l\u2019eau et de l\u2019\u00e9lectricit\u00e9 utilis\u00e9s par les entreprises pour la gestion du risque dans la cha\u00eene d\u2019approvisionnement en Espagne, en Italie, au Portugal et en Am\u00e9rique latine. Nous faisons partie de \u2013 <a class=\"link\" title=\"Download FLUIDEX CERTIFICATE\" href=\"https:\/\/www.comdiflex.com\/downloads\/comdiflex-fluidex-member-certificate.pdf\" target=\"_blank\" rel=\"noopener\"><span style=\"color: #f9002f;\">l\u2019Association Espagnole des Exportateurs d\u2019\u00c9quipements et Services pour la Manipulation de Fluides &#8211; <strong> FLUIDEX.<\/strong><\/span><\/a><\/p>\n<\/div><\/div><\/div><style type=\"text\/css\">.fusion-body .fusion-builder-column-1{width:40% !important;margin-top : 0px;margin-bottom : 20px;}.fusion-builder-column-1 > .fusion-column-wrapper {padding-top : 0px !important;padding-right : 0px !important;margin-right : 4.8%;padding-bottom : 0px !important;padding-left : 0px !important;margin-left : 4.8%;}@media only screen and (max-width:1024px) {.fusion-body .fusion-builder-column-1{width:100% !important;order : 0;}.fusion-builder-column-1 > .fusion-column-wrapper {margin-right : 1.92%;margin-left : 1.92%;}}@media only screen and (max-width:640px) {.fusion-body .fusion-builder-column-1{width:100% !important;order : 0;}.fusion-builder-column-1 > .fusion-column-wrapper {margin-right : 1.92%;margin-left : 1.92%;}}<\/style><div class=\"fusion-layout-column fusion_builder_column fusion-builder-column-2 fusion-flex-column\"><div class=\"fusion-column-wrapper fusion-flex-justify-content-flex-start fusion-content-layout-column\" style=\"background-position:left top;background-repeat:no-repeat;-webkit-background-size:cover;-moz-background-size:cover;-o-background-size:cover;background-size:cover;padding: 0px 0px 0px 0px;\"><\/div><\/div><style type=\"text\/css\">.fusion-body .fusion-builder-column-2{width:8.2% !important;margin-top : 0px;margin-bottom : 20px;}.fusion-builder-column-2 > .fusion-column-wrapper {padding-top : 0px !important;padding-right : 0px !important;margin-right : 23.414634146341%;padding-bottom : 0px !important;padding-left : 0px !important;margin-left : 23.414634146341%;}@media only screen and (max-width:1024px) {.fusion-body .fusion-builder-column-2{width:100% !important;order : 0;}.fusion-builder-column-2 > .fusion-column-wrapper {margin-right : 1.92%;margin-left : 1.92%;}}@media only screen and (max-width:640px) {.fusion-body .fusion-builder-column-2{width:100% !important;order : 0;}.fusion-builder-column-2 > .fusion-column-wrapper {margin-right : 1.92%;margin-left : 1.92%;}}<\/style><div class=\"fusion-layout-column fusion_builder_column fusion-builder-column-3 fusion_builder_column_2_5 2_5 fusion-flex-column\"><div class=\"fusion-column-wrapper fusion-flex-justify-content-flex-start fusion-content-layout-column\" style=\"background-position:left top;background-repeat:no-repeat;-webkit-background-size:cover;-moz-background-size:cover;-o-background-size:cover;background-size:cover;padding: 0px 0px 0px 0px;\"><div class=\"fusion-text fusion-text-2\" style=\"font-family:&quot;Lato&quot;;font-weight:400;transform:translate3d(0,0,0);\"><div class=\"button-wrapper\">\n<p><a class=\"a-btn\" title=\"Download Norma UNE EN-ISO 9001\" href=\"http:\/\/comdiflex.com\/download\/ISO-9001-INGLES-APPLUS.pdf\" target=\"_blank\" rel=\"noopener\"><br \/>\n<span class=\"a-btn-text\">UNE EN &#8211; ISO 9001:2015<\/span><\/a><\/p>\n<p><a class=\"a-btn\" title=\"Download FOURNISSEUR HOMOLOGU\u00c9 POUR LE CONSEIL DE CENTRALES NUCL\u00c9AIRES\" href=\"https:\/\/comdiflex.com\/descargas\/CERTIFICADO-UNE-73.401.pdf\" target=\"_blank\" rel=\"noopener\"><br \/>\n<span class=\"a-btn-text\">FOURNISSEUR HOMOLOGU\u00c9 POUR LE CONSEIL DE CENTRALES NUCL\u00c9AIRES <\/span><\/a><\/p>\n<p><a class=\"a-btn\" title=\"Download ACHILLES - REPRO CERTIFICAT DE REGISTRE\" href=\"http:\/\/comdiflex.com\/descargas\/Certificado-Archilles-GRUPO-INDUSTRIAL-KEMPCHEN-COMDIFLEX.pdf\" target=\"_blank\" rel=\"noopener\"><br \/>\n<span class=\"a-btn-text\">ACHILLES &#8211; REPRO CERTIFICAT DE REGISTRE <\/span><\/a><\/p>\n<p><a class=\"a-btn\" title=\"Download CERTIFI\u00c9 FLUIDEX\" href=\"https:\/\/www.comdiflex.com\/downloads\/comdiflex-fluidex-member-certificate.pdf\" target=\"_blank\" rel=\"noopener\"><br \/>\n<span class=\"a-btn-text\">CERTIFI\u00c9 FLUIDEX<\/span><\/a><\/p>\n<p><a class=\"a-btn\" title=\"Descargar CERTIFICATS TA LUFT\" href=\"http:\/\/comdiflex.com\/descargas\/comdiflex-certificados-taluft.pdf\" target=\"_blank\" rel=\"noopener\"><br \/>\n<span class=\"a-btn-text\">CERTIFICATS TA LUFT<\/span><\/a><\/p>\n<\/div>\n<\/div><\/div><\/div><style type=\"text\/css\">.fusion-body .fusion-builder-column-3{width:40% !important;margin-top : -30px;margin-bottom : 20px;}.fusion-builder-column-3 > .fusion-column-wrapper {padding-top : 0px !important;padding-right : 0px !important;margin-right : 4.8%;padding-bottom : 0px !important;padding-left : 0px !important;margin-left : 4.8%;}@media only screen and (max-width:1024px) {.fusion-body .fusion-builder-column-3{width:100% !important;order : 0;}.fusion-builder-column-3 > .fusion-column-wrapper {margin-right : 1.92%;margin-left : 1.92%;}}@media only screen and (max-width:640px) {.fusion-body .fusion-builder-column-3{width:100% !important;order : 0;}.fusion-builder-column-3 > .fusion-column-wrapper {margin-right : 1.92%;margin-left : 1.92%;}}<\/style><\/div><style type=\"text\/css\">.fusion-body .fusion-flex-container.fusion-builder-row-1{ padding-top : 0px;margin-top : 0px;padding-right : 0px;padding-bottom : 0px;margin-bottom : 0px;padding-left : 0px;}<\/style><\/div>\n","protected":false},"excerpt":{"rendered":"","protected":false},"author":1,"featured_media":0,"parent":0,"menu_order":0,"comment_status":"closed","ping_status":"closed","template":"","meta":{"_acf_changed":false,"footnotes":""},"class_list":["post-5988","page","type-page","status-publish","hentry"],"acf":[],"yoast_head":"<!-- This site is optimized with the Yoast SEO Premium plugin v22.9 (Yoast SEO v27.2) - https:\/\/yoast.com\/product\/yoast-seo-premium-wordpress\/ -->\n<title>Comdiflex | Gestion de la qualit\u00e9<\/title>\n<meta name=\"robots\" content=\"index, follow, max-snippet:-1, max-image-preview:large, max-video-preview:-1\" \/>\n<link rel=\"canonical\" href=\"https:\/\/comdiflex.com\/fr\/gestion-de-la-qualite\/\" \/>\n<meta property=\"og:locale\" content=\"fr_FR\" \/>\n<meta property=\"og:type\" content=\"article\" \/>\n<meta property=\"og:title\" content=\"Gestion de la qualit\u00e9\" \/>\n<meta property=\"og:url\" content=\"https:\/\/comdiflex.com\/fr\/gestion-de-la-qualite\/\" \/>\n<meta property=\"og:site_name\" content=\"Comdiflex\" \/>\n<meta property=\"article:modified_time\" content=\"2026-04-13T07:21:51+00:00\" \/>\n<meta name=\"twitter:card\" content=\"summary_large_image\" \/>\n<script type=\"application\/ld+json\" class=\"yoast-schema-graph\">{\"@context\":\"https:\/\/schema.org\",\"@graph\":[{\"@type\":\"WebPage\",\"@id\":\"https:\/\/comdiflex.com\/fr\/gestion-de-la-qualite\/\",\"url\":\"https:\/\/comdiflex.com\/fr\/gestion-de-la-qualite\/\",\"name\":\"Comdiflex | Gestion de la qualit\u00e9\",\"isPartOf\":{\"@id\":\"https:\/\/comdiflex.com\/fr\/#website\"},\"datePublished\":\"2021-10-13T06:35:41+00:00\",\"dateModified\":\"2026-04-13T07:21:51+00:00\",\"breadcrumb\":{\"@id\":\"https:\/\/comdiflex.com\/fr\/gestion-de-la-qualite\/#breadcrumb\"},\"inLanguage\":\"fr-FR\",\"potentialAction\":[{\"@type\":\"ReadAction\",\"target\":[\"https:\/\/comdiflex.com\/fr\/gestion-de-la-qualite\/\"]}]},{\"@type\":\"BreadcrumbList\",\"@id\":\"https:\/\/comdiflex.com\/fr\/gestion-de-la-qualite\/#breadcrumb\",\"itemListElement\":[{\"@type\":\"ListItem\",\"position\":1,\"name\":\"Accueil\",\"item\":\"https:\/\/comdiflex.com\/fr\/\"},{\"@type\":\"ListItem\",\"position\":2,\"name\":\"Gestion de la qualit\u00e9\"}]},{\"@type\":\"WebSite\",\"@id\":\"https:\/\/comdiflex.com\/fr\/#website\",\"url\":\"https:\/\/comdiflex.com\/fr\/\",\"name\":\"Comdiflex\",\"description\":\"Fabricante de juntas y compensadores | Fabricaci\u00f3n urgente\",\"publisher\":{\"@id\":\"https:\/\/comdiflex.com\/fr\/#organization\"},\"potentialAction\":[{\"@type\":\"SearchAction\",\"target\":{\"@type\":\"EntryPoint\",\"urlTemplate\":\"https:\/\/comdiflex.com\/fr\/?s={search_term_string}\"},\"query-input\":{\"@type\":\"PropertyValueSpecification\",\"valueRequired\":true,\"valueName\":\"search_term_string\"}}],\"inLanguage\":\"fr-FR\"},{\"@type\":\"Organization\",\"@id\":\"https:\/\/comdiflex.com\/fr\/#organization\",\"name\":\"COMDIFLEX\",\"url\":\"https:\/\/comdiflex.com\/fr\/\",\"logo\":{\"@type\":\"ImageObject\",\"inLanguage\":\"fr-FR\",\"@id\":\"https:\/\/comdiflex.com\/fr\/#\/schema\/logo\/image\/\",\"url\":\"https:\/\/comdiflex.com\/wp-content\/uploads\/2021\/06\/logocomdiflex275x62.png\",\"contentUrl\":\"https:\/\/comdiflex.com\/wp-content\/uploads\/2021\/06\/logocomdiflex275x62.png\",\"width\":275,\"height\":62,\"caption\":\"COMDIFLEX\"},\"image\":{\"@id\":\"https:\/\/comdiflex.com\/fr\/#\/schema\/logo\/image\/\"},\"sameAs\":[\"https:\/\/www.linkedin.com\/company\/grupo-industrial-kempchen-comdiflex-s-a-\/\"]}]}<\/script>\n<!-- \/ Yoast SEO Premium plugin. -->","yoast_head_json":{"title":"Comdiflex | Gestion de la qualit\u00e9","robots":{"index":"index","follow":"follow","max-snippet":"max-snippet:-1","max-image-preview":"max-image-preview:large","max-video-preview":"max-video-preview:-1"},"canonical":"https:\/\/comdiflex.com\/fr\/gestion-de-la-qualite\/","og_locale":"fr_FR","og_type":"article","og_title":"Gestion de la qualit\u00e9","og_url":"https:\/\/comdiflex.com\/fr\/gestion-de-la-qualite\/","og_site_name":"Comdiflex","article_modified_time":"2026-04-13T07:21:51+00:00","twitter_card":"summary_large_image","schema":{"@context":"https:\/\/schema.org","@graph":[{"@type":"WebPage","@id":"https:\/\/comdiflex.com\/fr\/gestion-de-la-qualite\/","url":"https:\/\/comdiflex.com\/fr\/gestion-de-la-qualite\/","name":"Comdiflex | Gestion de la qualit\u00e9","isPartOf":{"@id":"https:\/\/comdiflex.com\/fr\/#website"},"datePublished":"2021-10-13T06:35:41+00:00","dateModified":"2026-04-13T07:21:51+00:00","breadcrumb":{"@id":"https:\/\/comdiflex.com\/fr\/gestion-de-la-qualite\/#breadcrumb"},"inLanguage":"fr-FR","potentialAction":[{"@type":"ReadAction","target":["https:\/\/comdiflex.com\/fr\/gestion-de-la-qualite\/"]}]},{"@type":"BreadcrumbList","@id":"https:\/\/comdiflex.com\/fr\/gestion-de-la-qualite\/#breadcrumb","itemListElement":[{"@type":"ListItem","position":1,"name":"Accueil","item":"https:\/\/comdiflex.com\/fr\/"},{"@type":"ListItem","position":2,"name":"Gestion de la qualit\u00e9"}]},{"@type":"WebSite","@id":"https:\/\/comdiflex.com\/fr\/#website","url":"https:\/\/comdiflex.com\/fr\/","name":"Comdiflex","description":"Fabricante de juntas y compensadores | Fabricaci\u00f3n urgente","publisher":{"@id":"https:\/\/comdiflex.com\/fr\/#organization"},"potentialAction":[{"@type":"SearchAction","target":{"@type":"EntryPoint","urlTemplate":"https:\/\/comdiflex.com\/fr\/?s={search_term_string}"},"query-input":{"@type":"PropertyValueSpecification","valueRequired":true,"valueName":"search_term_string"}}],"inLanguage":"fr-FR"},{"@type":"Organization","@id":"https:\/\/comdiflex.com\/fr\/#organization","name":"COMDIFLEX","url":"https:\/\/comdiflex.com\/fr\/","logo":{"@type":"ImageObject","inLanguage":"fr-FR","@id":"https:\/\/comdiflex.com\/fr\/#\/schema\/logo\/image\/","url":"https:\/\/comdiflex.com\/wp-content\/uploads\/2021\/06\/logocomdiflex275x62.png","contentUrl":"https:\/\/comdiflex.com\/wp-content\/uploads\/2021\/06\/logocomdiflex275x62.png","width":275,"height":62,"caption":"COMDIFLEX"},"image":{"@id":"https:\/\/comdiflex.com\/fr\/#\/schema\/logo\/image\/"},"sameAs":["https:\/\/www.linkedin.com\/company\/grupo-industrial-kempchen-comdiflex-s-a-\/"]}]}},"_links":{"self":[{"href":"https:\/\/comdiflex.com\/fr\/wp-json\/wp\/v2\/pages\/5988","targetHints":{"allow":["GET"]}}],"collection":[{"href":"https:\/\/comdiflex.com\/fr\/wp-json\/wp\/v2\/pages"}],"about":[{"href":"https:\/\/comdiflex.com\/fr\/wp-json\/wp\/v2\/types\/page"}],"author":[{"embeddable":true,"href":"https:\/\/comdiflex.com\/fr\/wp-json\/wp\/v2\/users\/1"}],"replies":[{"embeddable":true,"href":"https:\/\/comdiflex.com\/fr\/wp-json\/wp\/v2\/comments?post=5988"}],"version-history":[{"count":2,"href":"https:\/\/comdiflex.com\/fr\/wp-json\/wp\/v2\/pages\/5988\/revisions"}],"predecessor-version":[{"id":13570,"href":"https:\/\/comdiflex.com\/fr\/wp-json\/wp\/v2\/pages\/5988\/revisions\/13570"}],"wp:attachment":[{"href":"https:\/\/comdiflex.com\/fr\/wp-json\/wp\/v2\/media?parent=5988"}],"curies":[{"name":"wp","href":"https:\/\/api.w.org\/{rel}","templated":true}]}}