{"id":5938,"date":"2021-10-08T18:36:52","date_gmt":"2021-10-08T16:36:52","guid":{"rendered":"http:\/\/comdiflex.com\/produits\/protector-de-bridas-con-detector-de-fugas\/"},"modified":"2026-01-19T18:19:47","modified_gmt":"2026-01-19T16:19:47","slug":"protecteur-de-bride-pour-detecteur-de-fuites","status":"publish","type":"page","link":"https:\/\/comdiflex.com\/fr\/produits\/detection-des-fuites\/protecteur-de-bride-pour-detecteur-de-fuites\/","title":{"rendered":"Protecteur de bride avec d\u00e9tecteur de fuites"},"content":{"rendered":"<div class=\"fusion-fullwidth fullwidth-box fusion-builder-row-1 fusion-flex-container nonhundred-percent-fullwidth non-hundred-percent-height-scrolling\" style=\"background-color: rgba(255,255,255,0);background-position: center center;background-repeat: no-repeat;border-width: 0px 0px 0px 0px;border-color:#eae9e9;border-style:solid;\" ><div class=\"fusion-builder-row fusion-row fusion-flex-align-items-flex-start\" style=\"max-width:1012.96px;margin-left: calc(-4% \/ 2 );margin-right: calc(-4% \/ 2 );\"><div class=\"fusion-layout-column fusion_builder_column fusion-builder-column-0 fusion_builder_column_2_5 2_5 fusion-flex-column\"><div class=\"fusion-column-wrapper fusion-flex-justify-content-flex-start fusion-content-layout-column\" style=\"background-position:left top;background-repeat:no-repeat;-webkit-background-size:cover;-moz-background-size:cover;-o-background-size:cover;background-size:cover;padding: 0px 0px 0px 0px;\"><div class=\"fusion-separator fusion-full-width-sep\" style=\"align-self: center;margin-left: auto;margin-right: auto;margin-top:20px;width:100%;\"><\/div><div class=\"fusion-text fusion-text-1\" style=\"transform:translate3d(0,0,0);\"><p data-start=\"2442\" data-end=\"2972\">Les <strong data-start=\"2446\" data-end=\"2502\">protecteurs de brides avec d\u00e9tecteur de pH <a href=\"https:\/\/comdiflex.com\/\">Comdiflex<\/a><\/strong> sont con\u00e7us pour garantir une s\u00e9curit\u00e9 et un contr\u00f4le maximum dans les installations industrielles o\u00f9 il existe un risque de fuites chimiques ou de fluides corrosifs. Ils sont fabriqu\u00e9s \u00e0 partir d\u2019un <strong data-start=\"2703\" data-end=\"2757\">tissu en fibre de verre recouvert de <a href=\"https:\/\/es.wikipedia.org\/wiki\/Politetrafluoroetileno\">PTFE<\/a> (T\u00e9flon)<\/strong>, un mat\u00e9riau hautement r\u00e9sistant \u00e0 la temp\u00e9rature, \u00e0 la pression et aux agents chimiques agressifs. Ce rev\u00eatement assure une <strong data-start=\"2883\" data-end=\"2928\">isolation et une protection anticorrosion<\/strong> exceptionnelles contre tout type de fluide.<\/p>\n<p data-start=\"2974\" data-end=\"3421\">Le <strong data-start=\"2977\" data-end=\"3001\">protecteur de brides<\/strong> s\u2019adapte parfaitement \u00e0 la forme de la connexion, offrant une <strong data-start=\"3064\" data-end=\"3147\">barri\u00e8re efficace de confinement contre les fuites ou projections accidentelles<\/strong>. Gr\u00e2ce \u00e0 son <strong data-start=\"3161\" data-end=\"3209\">syst\u00e8me de fermeture Velcro haute r\u00e9sistance<\/strong>, son installation est rapide et simple, sans besoin d\u2019outils suppl\u00e9mentaires ni d\u2019arr\u00eat de production. Sa structure flexible permet un <strong data-start=\"3345\" data-end=\"3387\">d\u00e9montage et une r\u00e9utilisation faciles<\/strong>, r\u00e9duisant les co\u00fbts d\u2019entretien.<\/p>\n<p data-start=\"3423\" data-end=\"3831\">L\u2019une des caract\u00e9ristiques les plus remarquables de ce mod\u00e8le est l\u2019<strong data-start=\"3491\" data-end=\"3527\">int\u00e9gration d\u2019un d\u00e9tecteur de pH<\/strong>, permettant <strong data-start=\"3540\" data-end=\"3631\">une identification visuelle imm\u00e9diate des fuites internes ou des \u00e9coulements de fluides<\/strong>. Les <strong data-start=\"3637\" data-end=\"3666\">bandes indicatrices de pH<\/strong> changent de couleur au contact de substances acides ou corrosives, offrant une <strong data-start=\"3746\" data-end=\"3764\">alerte pr\u00e9coce<\/strong> pour intervenir rapidement et \u00e9viter des dommages plus importants.<\/p>\n<p data-start=\"3833\" data-end=\"4101\">Les <strong data-start=\"3837\" data-end=\"3893\">protecteurs de brides avec d\u00e9tecteur de pH Comdiflex<\/strong> constituent une <strong data-start=\"3910\" data-end=\"3970\">solution s\u00fbre et efficace pour le confinement des fuites<\/strong> dans les connexions industrielles, r\u00e9duisant les risques professionnels et am\u00e9liorant la s\u00e9curit\u00e9 de l\u2019environnement de travail.<\/p>\n<p data-start=\"4103\" data-end=\"4328\">Ils sont adapt\u00e9s \u00e0 de nombreux secteurs tels que <strong data-start=\"4152\" data-end=\"4247\">les usines p\u00e9trochimiques, papeti\u00e8res, navales, agroalimentaires, cimenti\u00e8res ou nucl\u00e9aires<\/strong>, o\u00f9 la pr\u00e9vention des fuites et la durabilit\u00e9 des mat\u00e9riaux sont essentielles.<\/p>\n<p data-start=\"4330\" data-end=\"4512\">De plus, les <strong data-start=\"4343\" data-end=\"4369\">bandes r\u00e9actives de pH<\/strong> peuvent \u00eatre facilement <strong data-start=\"4394\" data-end=\"4408\">remplac\u00e9es<\/strong> par l\u2019op\u00e9rateur apr\u00e8s utilisation, garantissant une <strong data-start=\"4461\" data-end=\"4511\">surveillance continue de l\u2019\u00e9tat des connexions<\/strong>.<\/p>\n<\/div><\/div><\/div><style type=\"text\/css\">.fusion-body .fusion-builder-column-0{width:40% !important;margin-top : 0px;margin-bottom : 20px;}.fusion-builder-column-0 > .fusion-column-wrapper {padding-top : 0px !important;padding-right : 0px !important;margin-right : 4.8%;padding-bottom : 0px !important;padding-left : 0px !important;margin-left : 4.8%;}@media only screen and (max-width:1024px) {.fusion-body .fusion-builder-column-0{width:100% !important;order : 0;}.fusion-builder-column-0 > .fusion-column-wrapper {margin-right : 1.92%;margin-left : 1.92%;}}@media only screen and (max-width:640px) {.fusion-body .fusion-builder-column-0{width:100% !important;order : 0;}.fusion-builder-column-0 > .fusion-column-wrapper {margin-right : 1.92%;margin-left : 1.92%;}}<\/style><div class=\"fusion-layout-column fusion_builder_column fusion-builder-column-1 fusion_builder_column_3_5 3_5 fusion-flex-column\"><div class=\"fusion-column-wrapper fusion-flex-justify-content-flex-start fusion-content-layout-column\" style=\"background-position:left top;background-repeat:no-repeat;-webkit-background-size:cover;-moz-background-size:cover;-o-background-size:cover;background-size:cover;padding: 0px 0px 0px 0px;\"><div class=\"fusion-image-carousel fusion-image-carousel-auto\"><div class=\"fusion-carousel\" data-autoplay=\"yes\" data-columns=\"1\" data-itemmargin=\"13\" data-itemwidth=\"180\" data-touchscroll=\"no\" data-imagesize=\"auto\"><div class=\"fusion-carousel-positioner\"><ul class=\"fusion-carousel-holder\"><li class=\"fusion-carousel-item\"><div class=\"fusion-carousel-item-wrapper\"><div class=\"fusion-image-wrapper hover-type-zoomin\"><img decoding=\"async\" width=\"568\" height=\"290\" src=\"https:\/\/comdiflex.com\/wp-content\/uploads\/2021\/10\/prot1.jpg\" class=\"attachment-full size-full lazyload\" alt=\"\" srcset=\"data:image\/svg+xml,%3Csvg%20xmlns%3D%27http%3A%2F%2Fwww.w3.org%2F2000%2Fsvg%27%20width%3D%27568%27%20height%3D%27290%27%20viewBox%3D%270%200%20568%20290%27%3E%3Crect%20width%3D%27568%27%20height%3D%273290%27%20fill-opacity%3D%220%22%2F%3E%3C%2Fsvg%3E\" data-orig-src=\"https:\/\/comdiflex.com\/wp-content\/uploads\/2021\/10\/prot1.jpg\" data-srcset=\"https:\/\/comdiflex.com\/wp-content\/uploads\/2021\/10\/prot1-200x102.jpg 200w, https:\/\/comdiflex.com\/wp-content\/uploads\/2021\/10\/prot1-300x153.jpg 300w, https:\/\/comdiflex.com\/wp-content\/uploads\/2021\/10\/prot1-400x204.jpg 400w, https:\/\/comdiflex.com\/wp-content\/uploads\/2021\/10\/prot1.jpg 568w\" data-sizes=\"auto\" \/><\/div><\/div><\/li><li class=\"fusion-carousel-item\"><div class=\"fusion-carousel-item-wrapper\"><div class=\"fusion-image-wrapper hover-type-zoomin\"><img decoding=\"async\" width=\"568\" height=\"290\" src=\"https:\/\/comdiflex.com\/wp-content\/uploads\/2021\/10\/prot2.jpg\" class=\"attachment-full size-full lazyload\" alt=\"\" srcset=\"data:image\/svg+xml,%3Csvg%20xmlns%3D%27http%3A%2F%2Fwww.w3.org%2F2000%2Fsvg%27%20width%3D%27568%27%20height%3D%27290%27%20viewBox%3D%270%200%20568%20290%27%3E%3Crect%20width%3D%27568%27%20height%3D%273290%27%20fill-opacity%3D%220%22%2F%3E%3C%2Fsvg%3E\" data-orig-src=\"https:\/\/comdiflex.com\/wp-content\/uploads\/2021\/10\/prot2.jpg\" data-srcset=\"https:\/\/comdiflex.com\/wp-content\/uploads\/2021\/10\/prot2-200x102.jpg 200w, https:\/\/comdiflex.com\/wp-content\/uploads\/2021\/10\/prot2-300x153.jpg 300w, https:\/\/comdiflex.com\/wp-content\/uploads\/2021\/10\/prot2-400x204.jpg 400w, https:\/\/comdiflex.com\/wp-content\/uploads\/2021\/10\/prot2.jpg 568w\" data-sizes=\"auto\" \/><\/div><\/div><\/li><li class=\"fusion-carousel-item\"><div class=\"fusion-carousel-item-wrapper\"><div class=\"fusion-image-wrapper hover-type-zoomin\"><img decoding=\"async\" width=\"568\" height=\"290\" src=\"https:\/\/comdiflex.com\/wp-content\/uploads\/2021\/10\/Tiras-pH1.jpg\" class=\"attachment-full size-full lazyload\" alt=\"\" srcset=\"data:image\/svg+xml,%3Csvg%20xmlns%3D%27http%3A%2F%2Fwww.w3.org%2F2000%2Fsvg%27%20width%3D%27568%27%20height%3D%27290%27%20viewBox%3D%270%200%20568%20290%27%3E%3Crect%20width%3D%27568%27%20height%3D%273290%27%20fill-opacity%3D%220%22%2F%3E%3C%2Fsvg%3E\" data-orig-src=\"https:\/\/comdiflex.com\/wp-content\/uploads\/2021\/10\/Tiras-pH1.jpg\" data-srcset=\"https:\/\/comdiflex.com\/wp-content\/uploads\/2021\/10\/Tiras-pH1-200x102.jpg 200w, https:\/\/comdiflex.com\/wp-content\/uploads\/2021\/10\/Tiras-pH1-300x153.jpg 300w, https:\/\/comdiflex.com\/wp-content\/uploads\/2021\/10\/Tiras-pH1-400x204.jpg 400w, https:\/\/comdiflex.com\/wp-content\/uploads\/2021\/10\/Tiras-pH1.jpg 568w\" data-sizes=\"auto\" \/><\/div><\/div><\/li><\/ul><div class=\"fusion-carousel-nav\"><span class=\"fusion-nav-prev\"><\/span><span class=\"fusion-nav-next\"><\/span><\/div><\/div><\/div><\/div><\/div><\/div><style type=\"text\/css\">.fusion-body .fusion-builder-column-1{width:60% !important;margin-top : 0px;margin-bottom : 20px;}.fusion-builder-column-1 > .fusion-column-wrapper {padding-top : 0px !important;padding-right : 0px !important;margin-right : 3.2%;padding-bottom : 0px !important;padding-left : 0px !important;margin-left : 3.2%;}@media only screen and (max-width:1024px) {.fusion-body .fusion-builder-column-1{width:100% !important;order : 0;}.fusion-builder-column-1 > .fusion-column-wrapper {margin-right : 1.92%;margin-left : 1.92%;}}@media only screen and (max-width:640px) {.fusion-body .fusion-builder-column-1{width:100% !important;order : 0;}.fusion-builder-column-1 > .fusion-column-wrapper {margin-right : 1.92%;margin-left : 1.92%;}}<\/style><\/div><style type=\"text\/css\">.fusion-body .fusion-flex-container.fusion-builder-row-1{ padding-top : 0px;margin-top : 0px;padding-right : 0px;padding-bottom : 0px;margin-bottom : 0px;padding-left : 0px;}<\/style><\/div>\n","protected":false},"excerpt":{"rendered":"","protected":false},"author":1,"featured_media":0,"parent":8960,"menu_order":0,"comment_status":"closed","ping_status":"closed","template":"","meta":{"_acf_changed":false,"footnotes":""},"class_list":["post-5938","page","type-page","status-publish","hentry"],"acf":[],"yoast_head":"<!-- This site is optimized with the Yoast SEO Premium plugin v22.9 (Yoast SEO v27.2) - https:\/\/yoast.com\/product\/yoast-seo-premium-wordpress\/ -->\n<title>Protecteur de bride avec d\u00e9tecteur de fuites | Comdiflex<\/title>\n<meta name=\"description\" content=\"Protecteur de bride avec d\u00e9tecteur de fuites et de pH Comdiflex : s\u00e9curit\u00e9 industrielle, pr\u00e9vention et protection durable.\" \/>\n<meta name=\"robots\" content=\"index, follow, max-snippet:-1, max-image-preview:large, max-video-preview:-1\" \/>\n<link rel=\"canonical\" href=\"https:\/\/comdiflex.com\/fr\/produits\/detection-des-fuites\/protecteur-de-bride-pour-detecteur-de-fuites\/\" \/>\n<meta property=\"og:locale\" content=\"fr_FR\" \/>\n<meta property=\"og:type\" content=\"article\" \/>\n<meta property=\"og:title\" content=\"Protecteur de bride avec d\u00e9tecteur de fuites\" \/>\n<meta property=\"og:description\" content=\"Protecteur de bride avec d\u00e9tecteur de fuites et de pH Comdiflex : s\u00e9curit\u00e9 industrielle, pr\u00e9vention et protection durable.\" \/>\n<meta property=\"og:url\" content=\"https:\/\/comdiflex.com\/fr\/produits\/detection-des-fuites\/protecteur-de-bride-pour-detecteur-de-fuites\/\" \/>\n<meta property=\"og:site_name\" content=\"Comdiflex\" \/>\n<meta property=\"article:modified_time\" content=\"2026-01-19T16:19:47+00:00\" \/>\n<meta name=\"twitter:card\" content=\"summary_large_image\" \/>\n<script type=\"application\/ld+json\" class=\"yoast-schema-graph\">{\"@context\":\"https:\/\/schema.org\",\"@graph\":[{\"@type\":\"WebPage\",\"@id\":\"https:\/\/comdiflex.com\/fr\/produits\/detection-des-fuites\/protecteur-de-bride-pour-detecteur-de-fuites\/\",\"url\":\"https:\/\/comdiflex.com\/fr\/produits\/detection-des-fuites\/protecteur-de-bride-pour-detecteur-de-fuites\/\",\"name\":\"Protecteur de bride avec d\u00e9tecteur de fuites | Comdiflex\",\"isPartOf\":{\"@id\":\"https:\/\/comdiflex.com\/fr\/#website\"},\"datePublished\":\"2021-10-08T16:36:52+00:00\",\"dateModified\":\"2026-01-19T16:19:47+00:00\",\"description\":\"Protecteur de bride avec d\u00e9tecteur de fuites et de pH Comdiflex : s\u00e9curit\u00e9 industrielle, pr\u00e9vention et protection durable.\",\"breadcrumb\":{\"@id\":\"https:\/\/comdiflex.com\/fr\/produits\/detection-des-fuites\/protecteur-de-bride-pour-detecteur-de-fuites\/#breadcrumb\"},\"inLanguage\":\"fr-FR\",\"potentialAction\":[{\"@type\":\"ReadAction\",\"target\":[\"https:\/\/comdiflex.com\/fr\/produits\/detection-des-fuites\/protecteur-de-bride-pour-detecteur-de-fuites\/\"]}]},{\"@type\":\"BreadcrumbList\",\"@id\":\"https:\/\/comdiflex.com\/fr\/produits\/detection-des-fuites\/protecteur-de-bride-pour-detecteur-de-fuites\/#breadcrumb\",\"itemListElement\":[{\"@type\":\"ListItem\",\"position\":1,\"name\":\"Accueil\",\"item\":\"https:\/\/comdiflex.com\/fr\/\"},{\"@type\":\"ListItem\",\"position\":2,\"name\":\"Produits\",\"item\":\"https:\/\/comdiflex.com\/fr\/produits\/\"},{\"@type\":\"ListItem\",\"position\":3,\"name\":\"D\u00e9tection des Fuites\",\"item\":\"https:\/\/comdiflex.com\/fr\/produits\/detection-des-fuites\/\"},{\"@type\":\"ListItem\",\"position\":4,\"name\":\"Protecteur de bride avec d\u00e9tecteur de fuites\"}]},{\"@type\":\"WebSite\",\"@id\":\"https:\/\/comdiflex.com\/fr\/#website\",\"url\":\"https:\/\/comdiflex.com\/fr\/\",\"name\":\"Comdiflex\",\"description\":\"Fabricante de juntas y compensadores | Fabricaci\u00f3n urgente\",\"publisher\":{\"@id\":\"https:\/\/comdiflex.com\/fr\/#organization\"},\"potentialAction\":[{\"@type\":\"SearchAction\",\"target\":{\"@type\":\"EntryPoint\",\"urlTemplate\":\"https:\/\/comdiflex.com\/fr\/?s={search_term_string}\"},\"query-input\":{\"@type\":\"PropertyValueSpecification\",\"valueRequired\":true,\"valueName\":\"search_term_string\"}}],\"inLanguage\":\"fr-FR\"},{\"@type\":\"Organization\",\"@id\":\"https:\/\/comdiflex.com\/fr\/#organization\",\"name\":\"COMDIFLEX\",\"url\":\"https:\/\/comdiflex.com\/fr\/\",\"logo\":{\"@type\":\"ImageObject\",\"inLanguage\":\"fr-FR\",\"@id\":\"https:\/\/comdiflex.com\/fr\/#\/schema\/logo\/image\/\",\"url\":\"https:\/\/comdiflex.com\/wp-content\/uploads\/2021\/06\/logocomdiflex275x62.png\",\"contentUrl\":\"https:\/\/comdiflex.com\/wp-content\/uploads\/2021\/06\/logocomdiflex275x62.png\",\"width\":275,\"height\":62,\"caption\":\"COMDIFLEX\"},\"image\":{\"@id\":\"https:\/\/comdiflex.com\/fr\/#\/schema\/logo\/image\/\"},\"sameAs\":[\"https:\/\/www.linkedin.com\/company\/grupo-industrial-kempchen-comdiflex-s-a-\/\"]}]}<\/script>\n<!-- \/ Yoast SEO Premium plugin. -->","yoast_head_json":{"title":"Protecteur de bride avec d\u00e9tecteur de fuites | Comdiflex","description":"Protecteur de bride avec d\u00e9tecteur de fuites et de pH Comdiflex : s\u00e9curit\u00e9 industrielle, pr\u00e9vention et protection durable.","robots":{"index":"index","follow":"follow","max-snippet":"max-snippet:-1","max-image-preview":"max-image-preview:large","max-video-preview":"max-video-preview:-1"},"canonical":"https:\/\/comdiflex.com\/fr\/produits\/detection-des-fuites\/protecteur-de-bride-pour-detecteur-de-fuites\/","og_locale":"fr_FR","og_type":"article","og_title":"Protecteur de bride avec d\u00e9tecteur de fuites","og_description":"Protecteur de bride avec d\u00e9tecteur de fuites et de pH Comdiflex : s\u00e9curit\u00e9 industrielle, pr\u00e9vention et protection durable.","og_url":"https:\/\/comdiflex.com\/fr\/produits\/detection-des-fuites\/protecteur-de-bride-pour-detecteur-de-fuites\/","og_site_name":"Comdiflex","article_modified_time":"2026-01-19T16:19:47+00:00","twitter_card":"summary_large_image","schema":{"@context":"https:\/\/schema.org","@graph":[{"@type":"WebPage","@id":"https:\/\/comdiflex.com\/fr\/produits\/detection-des-fuites\/protecteur-de-bride-pour-detecteur-de-fuites\/","url":"https:\/\/comdiflex.com\/fr\/produits\/detection-des-fuites\/protecteur-de-bride-pour-detecteur-de-fuites\/","name":"Protecteur de bride avec d\u00e9tecteur de fuites | Comdiflex","isPartOf":{"@id":"https:\/\/comdiflex.com\/fr\/#website"},"datePublished":"2021-10-08T16:36:52+00:00","dateModified":"2026-01-19T16:19:47+00:00","description":"Protecteur de bride avec d\u00e9tecteur de fuites et de pH Comdiflex : s\u00e9curit\u00e9 industrielle, pr\u00e9vention et protection durable.","breadcrumb":{"@id":"https:\/\/comdiflex.com\/fr\/produits\/detection-des-fuites\/protecteur-de-bride-pour-detecteur-de-fuites\/#breadcrumb"},"inLanguage":"fr-FR","potentialAction":[{"@type":"ReadAction","target":["https:\/\/comdiflex.com\/fr\/produits\/detection-des-fuites\/protecteur-de-bride-pour-detecteur-de-fuites\/"]}]},{"@type":"BreadcrumbList","@id":"https:\/\/comdiflex.com\/fr\/produits\/detection-des-fuites\/protecteur-de-bride-pour-detecteur-de-fuites\/#breadcrumb","itemListElement":[{"@type":"ListItem","position":1,"name":"Accueil","item":"https:\/\/comdiflex.com\/fr\/"},{"@type":"ListItem","position":2,"name":"Produits","item":"https:\/\/comdiflex.com\/fr\/produits\/"},{"@type":"ListItem","position":3,"name":"D\u00e9tection des Fuites","item":"https:\/\/comdiflex.com\/fr\/produits\/detection-des-fuites\/"},{"@type":"ListItem","position":4,"name":"Protecteur de bride avec d\u00e9tecteur de fuites"}]},{"@type":"WebSite","@id":"https:\/\/comdiflex.com\/fr\/#website","url":"https:\/\/comdiflex.com\/fr\/","name":"Comdiflex","description":"Fabricante de juntas y compensadores | Fabricaci\u00f3n urgente","publisher":{"@id":"https:\/\/comdiflex.com\/fr\/#organization"},"potentialAction":[{"@type":"SearchAction","target":{"@type":"EntryPoint","urlTemplate":"https:\/\/comdiflex.com\/fr\/?s={search_term_string}"},"query-input":{"@type":"PropertyValueSpecification","valueRequired":true,"valueName":"search_term_string"}}],"inLanguage":"fr-FR"},{"@type":"Organization","@id":"https:\/\/comdiflex.com\/fr\/#organization","name":"COMDIFLEX","url":"https:\/\/comdiflex.com\/fr\/","logo":{"@type":"ImageObject","inLanguage":"fr-FR","@id":"https:\/\/comdiflex.com\/fr\/#\/schema\/logo\/image\/","url":"https:\/\/comdiflex.com\/wp-content\/uploads\/2021\/06\/logocomdiflex275x62.png","contentUrl":"https:\/\/comdiflex.com\/wp-content\/uploads\/2021\/06\/logocomdiflex275x62.png","width":275,"height":62,"caption":"COMDIFLEX"},"image":{"@id":"https:\/\/comdiflex.com\/fr\/#\/schema\/logo\/image\/"},"sameAs":["https:\/\/www.linkedin.com\/company\/grupo-industrial-kempchen-comdiflex-s-a-\/"]}]}},"_links":{"self":[{"href":"https:\/\/comdiflex.com\/fr\/wp-json\/wp\/v2\/pages\/5938","targetHints":{"allow":["GET"]}}],"collection":[{"href":"https:\/\/comdiflex.com\/fr\/wp-json\/wp\/v2\/pages"}],"about":[{"href":"https:\/\/comdiflex.com\/fr\/wp-json\/wp\/v2\/types\/page"}],"author":[{"embeddable":true,"href":"https:\/\/comdiflex.com\/fr\/wp-json\/wp\/v2\/users\/1"}],"replies":[{"embeddable":true,"href":"https:\/\/comdiflex.com\/fr\/wp-json\/wp\/v2\/comments?post=5938"}],"version-history":[{"count":3,"href":"https:\/\/comdiflex.com\/fr\/wp-json\/wp\/v2\/pages\/5938\/revisions"}],"predecessor-version":[{"id":13232,"href":"https:\/\/comdiflex.com\/fr\/wp-json\/wp\/v2\/pages\/5938\/revisions\/13232"}],"up":[{"embeddable":true,"href":"https:\/\/comdiflex.com\/fr\/wp-json\/wp\/v2\/pages\/8960"}],"wp:attachment":[{"href":"https:\/\/comdiflex.com\/fr\/wp-json\/wp\/v2\/media?parent=5938"}],"curies":[{"name":"wp","href":"https:\/\/api.w.org\/{rel}","templated":true}]}}