{"id":5396,"date":"2021-06-21T13:25:34","date_gmt":"2021-06-21T11:25:34","guid":{"rendered":"http:\/\/comdiflex.com\/cookies-policy\/"},"modified":"2026-01-21T12:36:21","modified_gmt":"2026-01-21T10:36:21","slug":"politique-des-cookies","status":"publish","type":"page","link":"https:\/\/comdiflex.com\/fr\/politique-des-cookies\/","title":{"rendered":"Politique des cookies"},"content":{"rendered":"<div class=\"fusion-fullwidth fullwidth-box fusion-builder-row-1 fusion-flex-container nonhundred-percent-fullwidth non-hundred-percent-height-scrolling\" style=\"background-color: rgba(255,255,255,0);background-position: center center;background-repeat: no-repeat;border-width: 0px 0px 0px 0px;border-color:#eae9e9;border-style:solid;\" ><div class=\"fusion-builder-row fusion-row fusion-flex-align-items-flex-start\" style=\"max-width:1012.96px;margin-left: calc(-4% \/ 2 );margin-right: calc(-4% \/ 2 );\"><div class=\"fusion-layout-column fusion_builder_column fusion-builder-column-0 fusion_builder_column_1_1 1_1 fusion-flex-column\"><div class=\"fusion-column-wrapper fusion-flex-justify-content-flex-start fusion-content-layout-column\" style=\"background-position:left top;background-repeat:no-repeat;-webkit-background-size:cover;-moz-background-size:cover;-o-background-size:cover;background-size:cover;padding: 0px 0px 0px 0px;\"><div class=\"fusion-text fusion-text-1\" style=\"transform:translate3d(0,0,0);\"><p><strong>1.- What is a cookie?<\/strong><\/p>\n<p>The provider\u2019s website may use cookies. Cookies are files downloaded to your computer when you access certain websites. Cookies allow a website to, among other things, store and recover information about a user\u2019s browsing habits or computer and, depending on the information it contains and the way the computer is used, they may be used to recognise the user.<\/p>\n<p>Your browser memorizes cookies on the hard drive during the current session; these cookies take up little space and do not harm your computer. Cookies do not contain any type of specific personal information and most are deleted from your hard disk when you close your browser session (session cookies).<\/p>\n<p>Most browsers accept cookies and allow you to enable or disable temporary or saved cookies in their settings. GRUPO INDUSTRIAL KEMPCHEN &amp; COMDIFLEX S.A. will not link saved personal data that you provided when signing up or purchasing a service to cookies without your express consent.<\/p>\n<p><strong>1.1- Types of cookies used by this website:<\/strong><\/p>\n<ul>\n<li><strong>Technical cookies:<\/strong>\u00a0These cookies allow the user to browse the website, platform or application and use the different options or services that it provides, such as controlling data traffic and communication, session identification, accessing restricted access sections, saving elements that make up an order, completing the order process, processing sign up requests or event participation, using security elements during browsing, storing content to broadcast videos or audio, or sharing content via social networks.<\/li>\n<li><strong>Personalisation cookies:<\/strong>\u00a0These cookies let you access the service with some general predefined features in terms of a series of criteria on your terminal, such as language, browser used to access the service, regional settings from where you are accessing the service, etc.<\/li>\n<li><strong>Analytical cookies:<\/strong>\u00a0These cookies are processed by us or by third parties to quantify the number of users and perform measurement and statistical analyses of how the service is used. Browser analysis is carried out on our website in order to improve the products and services that we offer you.<\/li>\n<li><strong>Advertising cookies:<\/strong>\u00a0These cookies are either processed by us or by third parties and let us manage the advertising spaces available on the website as effectively as possible. They adapt the advert content to the service requested or how the website is used. These let us analyse your browser habits on the Internet and display adverts in accordance with your browser profile.<\/li>\n<li><strong>Behavioural advertising cookies:<\/strong>\u00a0These cookies make it possible to manage, in the most effective way possible, the ad spaces that the publisher has included in a website, application or platform where the requested service is provided. These cookies store users\u2019 behavioural data, obtained by continually observing their browser habits, which makes it possible to generate a specific profile so that advertising can be displayed in accordance with it.<\/li>\n<\/ul>\n<p><strong>1.2- Third-party cookies:<\/strong><\/p>\n<p><strong>GRUPO INDUSTRIAL KEMPCHEN &amp; COMDIFLEX S.A.<\/strong>\u00a0may use third-party services that will collect data for statistics purposes on your website usage and to render other services related to this website&rsquo;s activity and other Internet services.<\/p>\n<ul>\n<li><strong>Google Analytics Service:<\/strong>\u00a0This website uses Google Analytics, a web analytics service offered by Google, Inc. whose headquarters are at the address: 1600 Amphitheatre Parkway, Mountain View, California 94043, United States. For the rendering of these services, Google uses cookies that collect information included in your IP address, which will be transmitted, processed and stored by Google in accordance with the terms outlined on Google.com. This information may be transmitted to third parties for legal reasons or when said third parties process the information on behalf of Google.<\/li>\n<\/ul>\n<p><strong>1.3- Cookies used on this WEBSITE<\/strong><\/p>\n<table>\n<thead>\n<tr>\n<td colspan=\"3\"><strong>COOKIES PROPIAS<\/strong><\/td>\n<\/tr>\n<tr>\n<td><strong>Nombre<\/strong><\/td>\n<td><strong>Tipo<\/strong><\/td>\n<td><strong>Finalidad<\/strong><\/td>\n<\/tr>\n<\/thead>\n<tbody>\n<tr>\n<td>_CFGCOMDIFLEXSESSID<\/td>\n<td>Sesi\u00f3n<\/td>\n<td>Identificar, guardar y reutilizar las preferencias de navegaci\u00f3n del usuario en cuanto a idioma, sin esta cookie el sitio puede no funcionar correctamente.<\/td>\n<\/tr>\n<tr>\n<td>cookies_surestao<\/td>\n<td>Permanente (90 d\u00edas)<\/td>\n<td>Guardar su consentimiento para utilizar cookies.<\/td>\n<\/tr>\n<\/tbody>\n<\/table>\n<table>\n<thead>\n<tr>\n<td colspan=\"5\"><strong>COOKIES DE TERCEROS<\/strong><\/td>\n<\/tr>\n<tr>\n<td><strong>Cookie<\/strong><\/td>\n<td><strong>Nombre<\/strong><\/td>\n<td><strong>Tipo<\/strong><\/td>\n<td><strong>Finalidad<\/strong><\/td>\n<td><strong>?<\/strong><\/td>\n<\/tr>\n<\/thead>\n<tbody>\n<tr>\n<td>Google Analytics<\/td>\n<td>__utma<br \/>\n__utmb<br \/>\n__utmc<br \/>\n__utmz<\/td>\n<td>Permanentes<\/td>\n<td>Recopilaci\u00f3n de informaci\u00f3n an\u00f3nima sobre la navegaci\u00f3n de los usuarios por el Website para conocer el origen de las visitas y otros datos estad\u00edsticos similares.<\/td>\n<td><a href=\"https:\/\/developers.google.com\/analytics\/devguides\/collection\/analyticsjs\/cookie-usage\">Info<\/a><\/td>\n<\/tr>\n<\/tbody>\n<\/table>\n<p><strong>1.4- Disabling cookies<\/strong><\/p>\n<p>You can modify your browser&rsquo;s privacy settings to enable, block or delete the cookies installed on your computer:<\/p>\n<ul>\n<li>Chrome, at\u00a0<a href=\"http:\/\/support.google.com\/chrome\/bin\/answer.py?hl=es&amp;answer=95647\">http:\/\/support.google.com\/chrome\/bin\/answer.py?hl=es&amp;answer=95647<\/a><\/li>\n<li>Safari, at\u00a0<a href=\"http:\/\/support.apple.com\/kb\/ph5042\">http:\/\/support.apple.com\/kb\/ph5042<\/a><\/li>\n<li>Explorer, at\u00a0<a href=\"http:\/\/windows.microsoft.com\/es-es\/windows7\/how-to-manage-cookies-in-internet-explorer-9\">http:\/\/windows.microsoft.com\/es-es\/windows7\/how-to-manage-cookies-in-internet-explorer-9<\/a><\/li>\n<li>Firefox, at\u00a0<a href=\"http:\/\/support.mozilla.org\/es\/kb\/habilitar-y-deshabilitar-cookies-que-los-sitios-we\">http:\/\/support.mozilla.org\/es\/kb\/habilitar-y-deshabilitar-cookies-que-los-sitios-we<\/a><\/li>\n<\/ul>\n<p>Everything related to Google&rsquo;s cookies, both analytical and advertising, as well as their administration and configuration can be viewed at:<\/p>\n<ul>\n<li>http:\/\/www.google.es\/intl\/es\/policies\/technologies\/types\/<\/li>\n<li>http:\/\/www.google.es\/policies\/technologies\/ads\/<\/li>\n<li>https:\/\/developers.google.com\/analytics\/devguides\/collection\/analyticsjs\/cookie-usage<\/li>\n<\/ul>\n<p><strong>1.5- Consent<\/strong><\/p>\n<p>By browsing and remaining on the website, you are hereby giving us your consent to the use of the cookies listed above for the indicated periods and under the terms and conditions contained in this Cookies Policy.<\/p>\n<p>You can find more information about us through our Legal Notice or by sending an e-mail to the address info@comdiflex.com<\/p>\n<\/div><\/div><\/div><style type=\"text\/css\">.fusion-body .fusion-builder-column-0{width:100% !important;margin-top : 0px;margin-bottom : 20px;}.fusion-builder-column-0 > .fusion-column-wrapper {padding-top : 0px !important;padding-right : 0px !important;margin-right : 1.92%;padding-bottom : 0px !important;padding-left : 0px !important;margin-left : 1.92%;}@media only screen and (max-width:1024px) {.fusion-body .fusion-builder-column-0{width:100% !important;order : 0;}.fusion-builder-column-0 > .fusion-column-wrapper {margin-right : 1.92%;margin-left : 1.92%;}}@media only screen and (max-width:640px) {.fusion-body .fusion-builder-column-0{width:100% !important;order : 0;}.fusion-builder-column-0 > .fusion-column-wrapper {margin-right : 1.92%;margin-left : 1.92%;}}<\/style><\/div><style type=\"text\/css\">.fusion-body .fusion-flex-container.fusion-builder-row-1{ padding-top : 0px;margin-top : 0px;padding-right : 0px;padding-bottom : 0px;margin-bottom : 0px;padding-left : 0px;}<\/style><\/div>\n","protected":false},"excerpt":{"rendered":"","protected":false},"author":1,"featured_media":0,"parent":0,"menu_order":0,"comment_status":"closed","ping_status":"closed","template":"","meta":{"_acf_changed":false,"footnotes":""},"class_list":["post-5396","page","type-page","status-publish","hentry"],"acf":[],"yoast_head":"<!-- This site is optimized with the Yoast SEO Premium plugin v22.9 (Yoast SEO v27.2) - https:\/\/yoast.com\/product\/yoast-seo-premium-wordpress\/ -->\n<title>Comdiflex | Politique des cookies<\/title>\n<meta name=\"robots\" content=\"noindex, follow\" \/>\n<meta property=\"og:locale\" content=\"fr_FR\" \/>\n<meta property=\"og:type\" content=\"article\" \/>\n<meta property=\"og:title\" content=\"Politique des cookies\" \/>\n<meta property=\"og:url\" content=\"https:\/\/comdiflex.com\/fr\/politique-des-cookies\/\" \/>\n<meta property=\"og:site_name\" content=\"Comdiflex\" \/>\n<meta property=\"article:modified_time\" content=\"2026-01-21T10:36:21+00:00\" \/>\n<meta name=\"twitter:card\" content=\"summary_large_image\" \/>\n<script type=\"application\/ld+json\" class=\"yoast-schema-graph\">{\"@context\":\"https:\/\/schema.org\",\"@graph\":[{\"@type\":\"WebPage\",\"@id\":\"https:\/\/comdiflex.com\/fr\/politique-des-cookies\/\",\"url\":\"https:\/\/comdiflex.com\/fr\/politique-des-cookies\/\",\"name\":\"Comdiflex | Politique des cookies\",\"isPartOf\":{\"@id\":\"https:\/\/comdiflex.com\/fr\/#website\"},\"datePublished\":\"2021-06-21T11:25:34+00:00\",\"dateModified\":\"2026-01-21T10:36:21+00:00\",\"breadcrumb\":{\"@id\":\"https:\/\/comdiflex.com\/fr\/politique-des-cookies\/#breadcrumb\"},\"inLanguage\":\"fr-FR\",\"potentialAction\":[{\"@type\":\"ReadAction\",\"target\":[\"https:\/\/comdiflex.com\/fr\/politique-des-cookies\/\"]}]},{\"@type\":\"BreadcrumbList\",\"@id\":\"https:\/\/comdiflex.com\/fr\/politique-des-cookies\/#breadcrumb\",\"itemListElement\":[{\"@type\":\"ListItem\",\"position\":1,\"name\":\"Accueil\",\"item\":\"https:\/\/comdiflex.com\/fr\/\"},{\"@type\":\"ListItem\",\"position\":2,\"name\":\"Politique des cookies\"}]},{\"@type\":\"WebSite\",\"@id\":\"https:\/\/comdiflex.com\/fr\/#website\",\"url\":\"https:\/\/comdiflex.com\/fr\/\",\"name\":\"Comdiflex\",\"description\":\"Fabricante de juntas y compensadores | Fabricaci\u00f3n urgente\",\"publisher\":{\"@id\":\"https:\/\/comdiflex.com\/fr\/#organization\"},\"potentialAction\":[{\"@type\":\"SearchAction\",\"target\":{\"@type\":\"EntryPoint\",\"urlTemplate\":\"https:\/\/comdiflex.com\/fr\/?s={search_term_string}\"},\"query-input\":{\"@type\":\"PropertyValueSpecification\",\"valueRequired\":true,\"valueName\":\"search_term_string\"}}],\"inLanguage\":\"fr-FR\"},{\"@type\":\"Organization\",\"@id\":\"https:\/\/comdiflex.com\/fr\/#organization\",\"name\":\"COMDIFLEX\",\"url\":\"https:\/\/comdiflex.com\/fr\/\",\"logo\":{\"@type\":\"ImageObject\",\"inLanguage\":\"fr-FR\",\"@id\":\"https:\/\/comdiflex.com\/fr\/#\/schema\/logo\/image\/\",\"url\":\"https:\/\/comdiflex.com\/wp-content\/uploads\/2021\/06\/logocomdiflex275x62.png\",\"contentUrl\":\"https:\/\/comdiflex.com\/wp-content\/uploads\/2021\/06\/logocomdiflex275x62.png\",\"width\":275,\"height\":62,\"caption\":\"COMDIFLEX\"},\"image\":{\"@id\":\"https:\/\/comdiflex.com\/fr\/#\/schema\/logo\/image\/\"},\"sameAs\":[\"https:\/\/www.linkedin.com\/company\/grupo-industrial-kempchen-comdiflex-s-a-\/\"]}]}<\/script>\n<!-- \/ Yoast SEO Premium plugin. -->","yoast_head_json":{"title":"Comdiflex | Politique des cookies","robots":{"index":"noindex","follow":"follow"},"og_locale":"fr_FR","og_type":"article","og_title":"Politique des cookies","og_url":"https:\/\/comdiflex.com\/fr\/politique-des-cookies\/","og_site_name":"Comdiflex","article_modified_time":"2026-01-21T10:36:21+00:00","twitter_card":"summary_large_image","schema":{"@context":"https:\/\/schema.org","@graph":[{"@type":"WebPage","@id":"https:\/\/comdiflex.com\/fr\/politique-des-cookies\/","url":"https:\/\/comdiflex.com\/fr\/politique-des-cookies\/","name":"Comdiflex | Politique des cookies","isPartOf":{"@id":"https:\/\/comdiflex.com\/fr\/#website"},"datePublished":"2021-06-21T11:25:34+00:00","dateModified":"2026-01-21T10:36:21+00:00","breadcrumb":{"@id":"https:\/\/comdiflex.com\/fr\/politique-des-cookies\/#breadcrumb"},"inLanguage":"fr-FR","potentialAction":[{"@type":"ReadAction","target":["https:\/\/comdiflex.com\/fr\/politique-des-cookies\/"]}]},{"@type":"BreadcrumbList","@id":"https:\/\/comdiflex.com\/fr\/politique-des-cookies\/#breadcrumb","itemListElement":[{"@type":"ListItem","position":1,"name":"Accueil","item":"https:\/\/comdiflex.com\/fr\/"},{"@type":"ListItem","position":2,"name":"Politique des cookies"}]},{"@type":"WebSite","@id":"https:\/\/comdiflex.com\/fr\/#website","url":"https:\/\/comdiflex.com\/fr\/","name":"Comdiflex","description":"Fabricante de juntas y compensadores | Fabricaci\u00f3n urgente","publisher":{"@id":"https:\/\/comdiflex.com\/fr\/#organization"},"potentialAction":[{"@type":"SearchAction","target":{"@type":"EntryPoint","urlTemplate":"https:\/\/comdiflex.com\/fr\/?s={search_term_string}"},"query-input":{"@type":"PropertyValueSpecification","valueRequired":true,"valueName":"search_term_string"}}],"inLanguage":"fr-FR"},{"@type":"Organization","@id":"https:\/\/comdiflex.com\/fr\/#organization","name":"COMDIFLEX","url":"https:\/\/comdiflex.com\/fr\/","logo":{"@type":"ImageObject","inLanguage":"fr-FR","@id":"https:\/\/comdiflex.com\/fr\/#\/schema\/logo\/image\/","url":"https:\/\/comdiflex.com\/wp-content\/uploads\/2021\/06\/logocomdiflex275x62.png","contentUrl":"https:\/\/comdiflex.com\/wp-content\/uploads\/2021\/06\/logocomdiflex275x62.png","width":275,"height":62,"caption":"COMDIFLEX"},"image":{"@id":"https:\/\/comdiflex.com\/fr\/#\/schema\/logo\/image\/"},"sameAs":["https:\/\/www.linkedin.com\/company\/grupo-industrial-kempchen-comdiflex-s-a-\/"]}]}},"_links":{"self":[{"href":"https:\/\/comdiflex.com\/fr\/wp-json\/wp\/v2\/pages\/5396","targetHints":{"allow":["GET"]}}],"collection":[{"href":"https:\/\/comdiflex.com\/fr\/wp-json\/wp\/v2\/pages"}],"about":[{"href":"https:\/\/comdiflex.com\/fr\/wp-json\/wp\/v2\/types\/page"}],"author":[{"embeddable":true,"href":"https:\/\/comdiflex.com\/fr\/wp-json\/wp\/v2\/users\/1"}],"replies":[{"embeddable":true,"href":"https:\/\/comdiflex.com\/fr\/wp-json\/wp\/v2\/comments?post=5396"}],"version-history":[{"count":1,"href":"https:\/\/comdiflex.com\/fr\/wp-json\/wp\/v2\/pages\/5396\/revisions"}],"predecessor-version":[{"id":12381,"href":"https:\/\/comdiflex.com\/fr\/wp-json\/wp\/v2\/pages\/5396\/revisions\/12381"}],"wp:attachment":[{"href":"https:\/\/comdiflex.com\/fr\/wp-json\/wp\/v2\/media?parent=5396"}],"curies":[{"name":"wp","href":"https:\/\/api.w.org\/{rel}","templated":true}]}}