{"id":10860,"date":"2023-11-14T20:40:58","date_gmt":"2023-11-14T18:40:58","guid":{"rendered":"https:\/\/comdiflex.com\/produits\/joints\/joints-plats-non-metalliques-metalliques\/comgraflex-sx\/"},"modified":"2026-01-19T12:37:45","modified_gmt":"2026-01-19T10:37:45","slug":"comgraflex-sx","status":"publish","type":"page","link":"https:\/\/comdiflex.com\/fr\/produits\/joints\/joints-plats-non-metalliques-metalliques\/comgraflex-sx\/","title":{"rendered":"COMGRAFLEX \u00ae SX"},"content":{"rendered":"<p><div class=\"fusion-fullwidth fullwidth-box fusion-builder-row-1 fusion-flex-container nonhundred-percent-fullwidth non-hundred-percent-height-scrolling\" style=\"background-color: rgba(255,255,255,0);background-position: center center;background-repeat: no-repeat;border-width: 0px 0px 0px 0px;border-color:#eae9e9;border-style:solid;\" ><div class=\"fusion-builder-row fusion-row fusion-flex-align-items-flex-start\" style=\"max-width:1012.96px;margin-left: calc(-4% \/ 2 );margin-right: calc(-4% \/ 2 );\"><div class=\"fusion-layout-column fusion_builder_column fusion-builder-column-0 fusion_builder_column_1_1 1_1 fusion-flex-column\"><div class=\"fusion-column-wrapper fusion-flex-justify-content-flex-start fusion-content-layout-column\" style=\"background-position:left top;background-repeat:no-repeat;-webkit-background-size:cover;-moz-background-size:cover;-o-background-size:cover;background-size:cover;padding: 0px 0px 0px 0px;\"><div style=\"text-align:center;\"><span class=\" fusion-imageframe imageframe-none imageframe-1 hover-type-none\"><img decoding=\"async\" width=\"974\" height=\"346\" alt=\"juntas no met\u00e1licas\" title=\"juntas-no-metalicas-baner\" src=\"https:\/\/comdiflex.com\/wp-content\/uploads\/2023\/11\/juntas-no-metalicas-baner.jpg\" data-orig-src=\"http:\/\/comdiflex.com\/wp-content\/uploads\/2023\/11\/juntas-no-metalicas-baner.jpg\" class=\"lazyload img-responsive wp-image-10614\" srcset=\"data:image\/svg+xml,%3Csvg%20xmlns%3D%27http%3A%2F%2Fwww.w3.org%2F2000%2Fsvg%27%20width%3D%27974%27%20height%3D%27346%27%20viewBox%3D%270%200%20974%20346%27%3E%3Crect%20width%3D%27974%27%20height%3D%273346%27%20fill-opacity%3D%220%22%2F%3E%3C%2Fsvg%3E\" data-srcset=\"https:\/\/comdiflex.com\/wp-content\/uploads\/2023\/11\/juntas-no-metalicas-baner-200x71.jpg 200w, https:\/\/comdiflex.com\/wp-content\/uploads\/2023\/11\/juntas-no-metalicas-baner-400x142.jpg 400w, https:\/\/comdiflex.com\/wp-content\/uploads\/2023\/11\/juntas-no-metalicas-baner-600x213.jpg 600w, https:\/\/comdiflex.com\/wp-content\/uploads\/2023\/11\/juntas-no-metalicas-baner-800x284.jpg 800w, https:\/\/comdiflex.com\/wp-content\/uploads\/2023\/11\/juntas-no-metalicas-baner.jpg 974w\" data-sizes=\"auto\" data-orig-sizes=\"(max-width: 1024px) 100vw, (max-width: 640px) 100vw, 974px\" \/><\/span><\/div><\/div><\/div><style type=\"text\/css\">.fusion-body .fusion-builder-column-0{width:100% !important;margin-top : 0px;margin-bottom : 20px;}.fusion-builder-column-0 > .fusion-column-wrapper {padding-top : 0px !important;padding-right : 0px !important;margin-right : 1.92%;padding-bottom : 0px !important;padding-left : 0px !important;margin-left : 1.92%;}@media only screen and (max-width:1024px) {.fusion-body .fusion-builder-column-0{width:100% !important;order : 0;}.fusion-builder-column-0 > .fusion-column-wrapper {margin-right : 1.92%;margin-left : 1.92%;}}@media only screen and (max-width:640px) {.fusion-body .fusion-builder-column-0{width:100% !important;order : 0;}.fusion-builder-column-0 > .fusion-column-wrapper {margin-right : 1.92%;margin-left : 1.92%;}}<\/style><div class=\"fusion-layout-column fusion_builder_column fusion-builder-column-1 fusion_builder_column_1_2 1_2 fusion-flex-column\"><div class=\"fusion-column-wrapper fusion-flex-justify-content-flex-start fusion-content-layout-column\" style=\"background-position:left top;background-repeat:no-repeat;-webkit-background-size:cover;-moz-background-size:cover;-o-background-size:cover;background-size:cover;padding: 0px 0px 0px 0px;\"><style type=\"text\/css\">@media only screen and (max-width:1024px) {.fusion-title.fusion-title-1{margin-top:0px!important;margin-bottom:30px!important;}}<\/style><div class=\"fusion-title title fusion-title-1 fusion-title-text fusion-title-size-two\" style=\"font-size:22px;margin-top:0px;margin-bottom:30px;\"><div class=\"title-sep-container title-sep-container-left fusion-no-large-visibility fusion-no-medium-visibility fusion-no-small-visibility\"><div class=\"title-sep sep-\" style=\"border-color:#e2e2e2;\"><\/div><\/div><h2 class=\"title-heading-left\" style=\"font-family:&quot;Montserrat&quot;;font-weight:500;margin:0;font-size:1em;\">COMGRAFLEX <sup>\u00ae <\/sup>SX<\/h2><div class=\"title-sep-container title-sep-container-right\"><div class=\"title-sep sep-\" style=\"border-color:#e2e2e2;\"><\/div><\/div><\/div><div ><span class=\" fusion-imageframe imageframe-dropshadow imageframe-2 hover-type-zoomin\" style=\"-webkit-box-shadow: 5px 5px 9px rgba(0,0,0,0.3);box-shadow: 5px 5px 9px rgba(0,0,0,0.3);\"><img decoding=\"async\" width=\"400\" height=\"299\" alt=\"COMGRAFLEX SX\" title=\"comgraflex-sx\" src=\"https:\/\/comdiflex.com\/wp-content\/uploads\/2023\/11\/comgraflex-sx.jpg\" data-orig-src=\"http:\/\/comdiflex.com\/wp-content\/uploads\/2023\/11\/comgraflex-sx.jpg\" class=\"lazyload img-responsive wp-image-10601\" srcset=\"data:image\/svg+xml,%3Csvg%20xmlns%3D%27http%3A%2F%2Fwww.w3.org%2F2000%2Fsvg%27%20width%3D%27400%27%20height%3D%27299%27%20viewBox%3D%270%200%20400%20299%27%3E%3Crect%20width%3D%27400%27%20height%3D%273299%27%20fill-opacity%3D%220%22%2F%3E%3C%2Fsvg%3E\" data-srcset=\"https:\/\/comdiflex.com\/wp-content\/uploads\/2023\/11\/comgraflex-sx-200x150.jpg 200w, https:\/\/comdiflex.com\/wp-content\/uploads\/2023\/11\/comgraflex-sx.jpg 400w\" data-sizes=\"auto\" data-orig-sizes=\"(max-width: 1024px) 100vw, (max-width: 640px) 100vw, 400px\" \/><\/span><\/div><\/div><\/div><style type=\"text\/css\">.fusion-body .fusion-builder-column-1{width:50% !important;margin-top : 0px;margin-bottom : 20px;}.fusion-builder-column-1 > .fusion-column-wrapper {padding-top : 0px !important;padding-right : 0px !important;margin-right : 3.84%;padding-bottom : 0px !important;padding-left : 0px !important;margin-left : 3.84%;}@media only screen and (max-width:1024px) {.fusion-body .fusion-builder-column-1{width:100% !important;order : 0;}.fusion-builder-column-1 > .fusion-column-wrapper {margin-right : 1.92%;margin-left : 1.92%;}}@media only screen and (max-width:640px) {.fusion-body .fusion-builder-column-1{width:100% !important;order : 0;}.fusion-builder-column-1 > .fusion-column-wrapper {margin-right : 1.92%;margin-left : 1.92%;}}<\/style><div class=\"fusion-layout-column fusion_builder_column fusion-builder-column-2 fusion_builder_column_1_2 1_2 fusion-flex-column\"><div class=\"fusion-column-wrapper fusion-flex-justify-content-flex-start fusion-content-layout-column\" style=\"background-position:left top;background-repeat:no-repeat;-webkit-background-size:cover;-moz-background-size:cover;-o-background-size:cover;background-size:cover;padding: 0px 0px 0px 0px;\"><style type=\"text\/css\">@media only screen and (max-width:1024px) {.fusion-title.fusion-title-2{margin-top:0px!important;margin-bottom:30px!important;}}<\/style><div class=\"fusion-title title fusion-title-2 fusion-title-text fusion-title-size-two\" style=\"font-size:22px;margin-top:0px;margin-bottom:30px;\"><div class=\"title-sep-container title-sep-container-left fusion-no-large-visibility fusion-no-medium-visibility fusion-no-small-visibility\"><div class=\"title-sep sep-\" style=\"border-color:#e2e2e2;\"><\/div><\/div><h2 class=\"title-heading-left\" style=\"font-family:&quot;Montserrat&quot;;font-weight:500;margin:0;font-size:1em;\">COMPOSITION<\/h2><div class=\"title-sep-container title-sep-container-right\"><div class=\"title-sep sep-\" style=\"border-color:#e2e2e2;\"><\/div><\/div><\/div><div class=\"fusion-text fusion-text-1\" style=\"font-family:&quot;Montserrat&quot;;font-weight:300;transform:translate3d(0,0,0);\"><p>Mat\u00e9riau d&rsquo;\u00e9tanch\u00e9it\u00e9 compos\u00e9 de graphite min\u00e9ral pur expans\u00e9.<\/p>\n<p>Gr\u00e2ce aux caract\u00e9ristiques du graphite, il peut \u00eatre utilis\u00e9 de mani\u00e8re universelle, m\u00eame \u00e0 des pressions et temp\u00e9ratures \u00e9lev\u00e9es, avec une r\u00e9sistance exceptionnelle \u00e0 la vapeur.<\/p>\n<p>Approuv\u00e9 pour les travaux \u00e0 haute temp\u00e9rature, certifi\u00e9 dans le cadre d&rsquo;un essai au feu conform\u00e9ment \u00e0 l&rsquo;API 607.<\/p>\n<\/div><div ><style type=\"text\/css\">.fusion-button.button-1 .fusion-button-text, .fusion-button.button-1 i {color:#ffffff;}.fusion-button.button-1 .fusion-button-icon-divider{border-color:#ffffff;}.fusion-button.button-1:hover .fusion-button-text, .fusion-button.button-1:hover i,.fusion-button.button-1:focus .fusion-button-text, .fusion-button.button-1:focus i,.fusion-button.button-1:active .fusion-button-text, .fusion-button.button-1:active{color:#ffffff;}.fusion-button.button-1:hover .fusion-button-icon-divider, .fusion-button.button-1:hover .fusion-button-icon-divider, .fusion-button.button-1:active .fusion-button-icon-divider{border-color:#ffffff;}.fusion-button.button-1:hover, .fusion-button.button-1:focus, .fusion-button.button-1:active{border-color:#780404;}.fusion-button.button-1 {border-color:#780404;border-radius:3px;}.fusion-button.button-1{background: #e80707;\n\t\t\t\t\t\t\tbackground-image: -webkit-gradient( linear, left bottom, left top, from( #d60707 ), to( #e80707 ) );\n\t\t\t\t\t\t\tbackground-image: -webkit-linear-gradient( bottom, #d60707, #e80707 );\n\t\t\t\t\t\t\tbackground-image:   -moz-linear-gradient( bottom, #d60707, #e80707 );\n\t\t\t\t\t\t\tbackground-image:     -o-linear-gradient( bottom, #d60707, #e80707 );\n\t\t\t\t\t\t\tbackground-image: linear-gradient( to top, #d60707, #e80707 );}.fusion-button.button-1:hover,.button-1:focus,.fusion-button.button-1:active{background: #d60707;\n\t\t\t\t\t\t\tbackground-image: -webkit-gradient( linear, left bottom, left top, from( #e80707 ), to( #d60707 ) );\n\t\t\t\t\t\t\tbackground-image: -webkit-linear-gradient( bottom, #e80707, #d60707 );\n\t\t\t\t\t\t\tbackground-image:   -moz-linear-gradient( bottom, #e80707, #d60707 );\n\t\t\t\t\t\t\tbackground-image:     -o-linear-gradient( bottom, #e80707, #d60707 );\n\t\t\t\t\t\t\tbackground-image: linear-gradient( to top, #e80707, #d60707 );}<\/style><a class=\"fusion-button button-flat fusion-button-default-size button-custom button-1 fusion-button-default-span fusion-button-default-type\" target=\"_self\" href=\"http:\/\/comdiflex.com\/descargas\/GRAPHITE_COMGRAFLEX-SX.pdf\"><i class=\"fa-file-download fas button-icon-left\" aria-hidden=\"true\"><\/i><span class=\"fusion-button-text\">TELECHARGER LE PDF<\/span><\/a><\/div><\/div><\/div><style type=\"text\/css\">.fusion-body .fusion-builder-column-2{width:50% !important;margin-top : 0px;margin-bottom : 20px;}.fusion-builder-column-2 > .fusion-column-wrapper {padding-top : 0px !important;padding-right : 0px !important;margin-right : 3.84%;padding-bottom : 0px !important;padding-left : 0px !important;margin-left : 3.84%;}@media only screen and (max-width:1024px) {.fusion-body .fusion-builder-column-2{width:100% !important;order : 0;}.fusion-builder-column-2 > .fusion-column-wrapper {margin-right : 1.92%;margin-left : 1.92%;}}@media only screen and (max-width:640px) {.fusion-body .fusion-builder-column-2{width:100% !important;order : 0;}.fusion-builder-column-2 > .fusion-column-wrapper {margin-right : 1.92%;margin-left : 1.92%;}}<\/style><\/div><style type=\"text\/css\">.fusion-body .fusion-flex-container.fusion-builder-row-1{ padding-top : 0px;margin-top : 0px;padding-right : 0px;padding-bottom : 0px;margin-bottom : 0px;padding-left : 0px;}<\/style><\/div><div class=\"fusion-fullwidth fullwidth-box fusion-builder-row-2 fusion-flex-container nonhundred-percent-fullwidth non-hundred-percent-height-scrolling\" style=\"background-color: rgba(255,255,255,0);background-position: center center;background-repeat: no-repeat;border-width: 0px 0px 0px 0px;border-color:#eae9e9;border-style:solid;\" ><div class=\"fusion-builder-row fusion-row fusion-flex-align-items-flex-start\" style=\"max-width:1012.96px;margin-left: calc(-4% \/ 2 );margin-right: calc(-4% \/ 2 );\"><div class=\"fusion-layout-column fusion_builder_column fusion-builder-column-3 fusion_builder_column_1_2 1_2 fusion-flex-column\"><div class=\"fusion-column-wrapper fusion-flex-justify-content-flex-start fusion-content-layout-column\" style=\"background-position:left top;background-repeat:no-repeat;-webkit-background-size:cover;-moz-background-size:cover;-o-background-size:cover;background-size:cover;padding: 0px 0px 0px 0px;\"><style type=\"text\/css\">@media only screen and (max-width:1024px) {.fusion-title.fusion-title-3{margin-top:0px!important;margin-bottom:30px!important;}}<\/style><div class=\"fusion-title title fusion-title-3 fusion-title-text fusion-title-size-two\" style=\"font-size:22px;margin-top:0px;margin-bottom:30px;\"><div class=\"title-sep-container title-sep-container-left fusion-no-large-visibility fusion-no-medium-visibility fusion-no-small-visibility\"><div class=\"title-sep sep-\" style=\"border-color:#e2e2e2;\"><\/div><\/div><h2 class=\"title-heading-left\" style=\"font-family:&quot;Montserrat&quot;;font-weight:500;margin:0;font-size:1em;\">FORMAT<\/h2><div class=\"title-sep-container title-sep-container-right\"><div class=\"title-sep sep-\" style=\"border-color:#e2e2e2;\"><\/div><\/div><\/div><div class=\"fusion-text fusion-text-2\" style=\"font-family:&quot;Montserrat&quot;;font-weight:300;transform:translate3d(0,0,0);\"><p>Largeur : 1500 mm<\/p>\n<p>Longueur : 2000 mm.<\/p>\n<p>Epaisseur : 1mm ; 1,5mm ; 2mm ; 3 mm.<\/p>\n<\/div><\/div><\/div><style type=\"text\/css\">.fusion-body .fusion-builder-column-3{width:50% !important;margin-top : 0px;margin-bottom : 20px;}.fusion-builder-column-3 > .fusion-column-wrapper {padding-top : 0px !important;padding-right : 0px !important;margin-right : 3.84%;padding-bottom : 0px !important;padding-left : 0px !important;margin-left : 3.84%;}@media only screen and (max-width:1024px) {.fusion-body .fusion-builder-column-3{width:100% !important;order : 0;}.fusion-builder-column-3 > .fusion-column-wrapper {margin-right : 1.92%;margin-left : 1.92%;}}@media only screen and (max-width:640px) {.fusion-body .fusion-builder-column-3{width:100% !important;order : 0;}.fusion-builder-column-3 > .fusion-column-wrapper {margin-right : 1.92%;margin-left : 1.92%;}}<\/style><div class=\"fusion-layout-column fusion_builder_column fusion-builder-column-4 fusion_builder_column_1_2 1_2 fusion-flex-column\"><div class=\"fusion-column-wrapper fusion-flex-justify-content-flex-start fusion-content-layout-column\" style=\"background-position:left top;background-repeat:no-repeat;-webkit-background-size:cover;-moz-background-size:cover;-o-background-size:cover;background-size:cover;padding: 0px 0px 0px 0px;\"><\/div><\/div><style type=\"text\/css\">.fusion-body .fusion-builder-column-4{width:50% !important;margin-top : 0px;margin-bottom : 20px;}.fusion-builder-column-4 > .fusion-column-wrapper {padding-top : 0px !important;padding-right : 0px !important;margin-right : 3.84%;padding-bottom : 0px !important;padding-left : 0px !important;margin-left : 3.84%;}@media only screen and (max-width:1024px) {.fusion-body .fusion-builder-column-4{width:100% !important;order : 0;}.fusion-builder-column-4 > .fusion-column-wrapper {margin-right : 1.92%;margin-left : 1.92%;}}@media only screen and (max-width:640px) {.fusion-body .fusion-builder-column-4{width:100% !important;order : 0;}.fusion-builder-column-4 > .fusion-column-wrapper {margin-right : 1.92%;margin-left : 1.92%;}}<\/style><\/div><style type=\"text\/css\">.fusion-body .fusion-flex-container.fusion-builder-row-2{ padding-top : 0px;margin-top : 0px;padding-right : 0px;padding-bottom : 0px;margin-bottom : 0px;padding-left : 0px;}<\/style><\/div><\/p>\n","protected":false},"excerpt":{"rendered":"","protected":false},"author":1,"featured_media":0,"parent":5407,"menu_order":0,"comment_status":"closed","ping_status":"closed","template":"","meta":{"_acf_changed":false,"footnotes":""},"class_list":["post-10860","page","type-page","status-publish","hentry"],"acf":[],"yoast_head":"<!-- This site is optimized with the Yoast SEO Premium plugin v22.9 (Yoast SEO v27.2) - https:\/\/yoast.com\/product\/yoast-seo-premium-wordpress\/ -->\n<title>Comdiflex | COMGRAFLEX \u00ae SX<\/title>\n<meta name=\"description\" content=\"Mat\u00e9riau pour joints compos\u00e9 de graphite min\u00e9ral pur expans\u00e9. En raison des propri\u00e9t\u00e9s du graphite, il peut \u00eatre utilis\u00e9 de mani\u00e8re universelle, m\u00eame \u00e0 des pressions et temp\u00e9ratures \u00e9lev\u00e9es, avec une r\u00e9sistance exceptionnelle \u00e0 la vapeur.\" \/>\n<meta name=\"robots\" content=\"index, follow, max-snippet:-1, max-image-preview:large, max-video-preview:-1\" \/>\n<link rel=\"canonical\" href=\"https:\/\/comdiflex.com\/fr\/produits\/joints\/joints-plats-non-metalliques-metalliques\/comgraflex-sx\/\" \/>\n<meta property=\"og:locale\" content=\"fr_FR\" \/>\n<meta property=\"og:type\" content=\"article\" \/>\n<meta property=\"og:title\" content=\"COMGRAFLEX \u00ae SX\" \/>\n<meta property=\"og:description\" content=\"Mat\u00e9riau pour joints compos\u00e9 de graphite min\u00e9ral pur expans\u00e9. En raison des propri\u00e9t\u00e9s du graphite, il peut \u00eatre utilis\u00e9 de mani\u00e8re universelle, m\u00eame \u00e0 des pressions et temp\u00e9ratures \u00e9lev\u00e9es, avec une r\u00e9sistance exceptionnelle \u00e0 la vapeur.\" \/>\n<meta property=\"og:url\" content=\"https:\/\/comdiflex.com\/fr\/produits\/joints\/joints-plats-non-metalliques-metalliques\/comgraflex-sx\/\" \/>\n<meta property=\"og:site_name\" content=\"Comdiflex\" \/>\n<meta property=\"article:modified_time\" content=\"2026-01-19T10:37:45+00:00\" \/>\n<meta name=\"twitter:card\" content=\"summary_large_image\" \/>\n<script type=\"application\/ld+json\" class=\"yoast-schema-graph\">{\"@context\":\"https:\/\/schema.org\",\"@graph\":[{\"@type\":\"WebPage\",\"@id\":\"https:\/\/comdiflex.com\/fr\/produits\/joints\/joints-plats-non-metalliques-metalliques\/comgraflex-sx\/\",\"url\":\"https:\/\/comdiflex.com\/fr\/produits\/joints\/joints-plats-non-metalliques-metalliques\/comgraflex-sx\/\",\"name\":\"Comdiflex | COMGRAFLEX \u00ae SX\",\"isPartOf\":{\"@id\":\"https:\/\/comdiflex.com\/fr\/#website\"},\"datePublished\":\"2023-11-14T18:40:58+00:00\",\"dateModified\":\"2026-01-19T10:37:45+00:00\",\"description\":\"Mat\u00e9riau pour joints compos\u00e9 de graphite min\u00e9ral pur expans\u00e9. En raison des propri\u00e9t\u00e9s du graphite, il peut \u00eatre utilis\u00e9 de mani\u00e8re universelle, m\u00eame \u00e0 des pressions et temp\u00e9ratures \u00e9lev\u00e9es, avec une r\u00e9sistance exceptionnelle \u00e0 la vapeur.\",\"breadcrumb\":{\"@id\":\"https:\/\/comdiflex.com\/fr\/produits\/joints\/joints-plats-non-metalliques-metalliques\/comgraflex-sx\/#breadcrumb\"},\"inLanguage\":\"fr-FR\",\"potentialAction\":[{\"@type\":\"ReadAction\",\"target\":[\"https:\/\/comdiflex.com\/fr\/produits\/joints\/joints-plats-non-metalliques-metalliques\/comgraflex-sx\/\"]}]},{\"@type\":\"BreadcrumbList\",\"@id\":\"https:\/\/comdiflex.com\/fr\/produits\/joints\/joints-plats-non-metalliques-metalliques\/comgraflex-sx\/#breadcrumb\",\"itemListElement\":[{\"@type\":\"ListItem\",\"position\":1,\"name\":\"Accueil\",\"item\":\"https:\/\/comdiflex.com\/fr\/\"},{\"@type\":\"ListItem\",\"position\":2,\"name\":\"Produits\",\"item\":\"https:\/\/comdiflex.com\/fr\/produits\/\"},{\"@type\":\"ListItem\",\"position\":3,\"name\":\"Joints\",\"item\":\"https:\/\/comdiflex.com\/fr\/produits\/joints\/\"},{\"@type\":\"ListItem\",\"position\":4,\"name\":\"Joints plats non m\u00e9talliques \/ m\u00e9talliques\",\"item\":\"https:\/\/comdiflex.com\/fr\/produits\/joints\/joints-plats-non-metalliques-metalliques\/\"},{\"@type\":\"ListItem\",\"position\":5,\"name\":\"COMGRAFLEX \u00ae SX\"}]},{\"@type\":\"WebSite\",\"@id\":\"https:\/\/comdiflex.com\/fr\/#website\",\"url\":\"https:\/\/comdiflex.com\/fr\/\",\"name\":\"Comdiflex\",\"description\":\"Fabricante de juntas y compensadores | Fabricaci\u00f3n urgente\",\"publisher\":{\"@id\":\"https:\/\/comdiflex.com\/fr\/#organization\"},\"potentialAction\":[{\"@type\":\"SearchAction\",\"target\":{\"@type\":\"EntryPoint\",\"urlTemplate\":\"https:\/\/comdiflex.com\/fr\/?s={search_term_string}\"},\"query-input\":{\"@type\":\"PropertyValueSpecification\",\"valueRequired\":true,\"valueName\":\"search_term_string\"}}],\"inLanguage\":\"fr-FR\"},{\"@type\":\"Organization\",\"@id\":\"https:\/\/comdiflex.com\/fr\/#organization\",\"name\":\"COMDIFLEX\",\"url\":\"https:\/\/comdiflex.com\/fr\/\",\"logo\":{\"@type\":\"ImageObject\",\"inLanguage\":\"fr-FR\",\"@id\":\"https:\/\/comdiflex.com\/fr\/#\/schema\/logo\/image\/\",\"url\":\"https:\/\/comdiflex.com\/wp-content\/uploads\/2021\/06\/logocomdiflex275x62.png\",\"contentUrl\":\"https:\/\/comdiflex.com\/wp-content\/uploads\/2021\/06\/logocomdiflex275x62.png\",\"width\":275,\"height\":62,\"caption\":\"COMDIFLEX\"},\"image\":{\"@id\":\"https:\/\/comdiflex.com\/fr\/#\/schema\/logo\/image\/\"},\"sameAs\":[\"https:\/\/www.linkedin.com\/company\/grupo-industrial-kempchen-comdiflex-s-a-\/\"]}]}<\/script>\n<!-- \/ Yoast SEO Premium plugin. -->","yoast_head_json":{"title":"Comdiflex | COMGRAFLEX \u00ae SX","description":"Mat\u00e9riau pour joints compos\u00e9 de graphite min\u00e9ral pur expans\u00e9. En raison des propri\u00e9t\u00e9s du graphite, il peut \u00eatre utilis\u00e9 de mani\u00e8re universelle, m\u00eame \u00e0 des pressions et temp\u00e9ratures \u00e9lev\u00e9es, avec une r\u00e9sistance exceptionnelle \u00e0 la vapeur.","robots":{"index":"index","follow":"follow","max-snippet":"max-snippet:-1","max-image-preview":"max-image-preview:large","max-video-preview":"max-video-preview:-1"},"canonical":"https:\/\/comdiflex.com\/fr\/produits\/joints\/joints-plats-non-metalliques-metalliques\/comgraflex-sx\/","og_locale":"fr_FR","og_type":"article","og_title":"COMGRAFLEX \u00ae SX","og_description":"Mat\u00e9riau pour joints compos\u00e9 de graphite min\u00e9ral pur expans\u00e9. En raison des propri\u00e9t\u00e9s du graphite, il peut \u00eatre utilis\u00e9 de mani\u00e8re universelle, m\u00eame \u00e0 des pressions et temp\u00e9ratures \u00e9lev\u00e9es, avec une r\u00e9sistance exceptionnelle \u00e0 la vapeur.","og_url":"https:\/\/comdiflex.com\/fr\/produits\/joints\/joints-plats-non-metalliques-metalliques\/comgraflex-sx\/","og_site_name":"Comdiflex","article_modified_time":"2026-01-19T10:37:45+00:00","twitter_card":"summary_large_image","schema":{"@context":"https:\/\/schema.org","@graph":[{"@type":"WebPage","@id":"https:\/\/comdiflex.com\/fr\/produits\/joints\/joints-plats-non-metalliques-metalliques\/comgraflex-sx\/","url":"https:\/\/comdiflex.com\/fr\/produits\/joints\/joints-plats-non-metalliques-metalliques\/comgraflex-sx\/","name":"Comdiflex | COMGRAFLEX \u00ae SX","isPartOf":{"@id":"https:\/\/comdiflex.com\/fr\/#website"},"datePublished":"2023-11-14T18:40:58+00:00","dateModified":"2026-01-19T10:37:45+00:00","description":"Mat\u00e9riau pour joints compos\u00e9 de graphite min\u00e9ral pur expans\u00e9. En raison des propri\u00e9t\u00e9s du graphite, il peut \u00eatre utilis\u00e9 de mani\u00e8re universelle, m\u00eame \u00e0 des pressions et temp\u00e9ratures \u00e9lev\u00e9es, avec une r\u00e9sistance exceptionnelle \u00e0 la vapeur.","breadcrumb":{"@id":"https:\/\/comdiflex.com\/fr\/produits\/joints\/joints-plats-non-metalliques-metalliques\/comgraflex-sx\/#breadcrumb"},"inLanguage":"fr-FR","potentialAction":[{"@type":"ReadAction","target":["https:\/\/comdiflex.com\/fr\/produits\/joints\/joints-plats-non-metalliques-metalliques\/comgraflex-sx\/"]}]},{"@type":"BreadcrumbList","@id":"https:\/\/comdiflex.com\/fr\/produits\/joints\/joints-plats-non-metalliques-metalliques\/comgraflex-sx\/#breadcrumb","itemListElement":[{"@type":"ListItem","position":1,"name":"Accueil","item":"https:\/\/comdiflex.com\/fr\/"},{"@type":"ListItem","position":2,"name":"Produits","item":"https:\/\/comdiflex.com\/fr\/produits\/"},{"@type":"ListItem","position":3,"name":"Joints","item":"https:\/\/comdiflex.com\/fr\/produits\/joints\/"},{"@type":"ListItem","position":4,"name":"Joints plats non m\u00e9talliques \/ m\u00e9talliques","item":"https:\/\/comdiflex.com\/fr\/produits\/joints\/joints-plats-non-metalliques-metalliques\/"},{"@type":"ListItem","position":5,"name":"COMGRAFLEX \u00ae SX"}]},{"@type":"WebSite","@id":"https:\/\/comdiflex.com\/fr\/#website","url":"https:\/\/comdiflex.com\/fr\/","name":"Comdiflex","description":"Fabricante de juntas y compensadores | Fabricaci\u00f3n urgente","publisher":{"@id":"https:\/\/comdiflex.com\/fr\/#organization"},"potentialAction":[{"@type":"SearchAction","target":{"@type":"EntryPoint","urlTemplate":"https:\/\/comdiflex.com\/fr\/?s={search_term_string}"},"query-input":{"@type":"PropertyValueSpecification","valueRequired":true,"valueName":"search_term_string"}}],"inLanguage":"fr-FR"},{"@type":"Organization","@id":"https:\/\/comdiflex.com\/fr\/#organization","name":"COMDIFLEX","url":"https:\/\/comdiflex.com\/fr\/","logo":{"@type":"ImageObject","inLanguage":"fr-FR","@id":"https:\/\/comdiflex.com\/fr\/#\/schema\/logo\/image\/","url":"https:\/\/comdiflex.com\/wp-content\/uploads\/2021\/06\/logocomdiflex275x62.png","contentUrl":"https:\/\/comdiflex.com\/wp-content\/uploads\/2021\/06\/logocomdiflex275x62.png","width":275,"height":62,"caption":"COMDIFLEX"},"image":{"@id":"https:\/\/comdiflex.com\/fr\/#\/schema\/logo\/image\/"},"sameAs":["https:\/\/www.linkedin.com\/company\/grupo-industrial-kempchen-comdiflex-s-a-\/"]}]}},"_links":{"self":[{"href":"https:\/\/comdiflex.com\/fr\/wp-json\/wp\/v2\/pages\/10860","targetHints":{"allow":["GET"]}}],"collection":[{"href":"https:\/\/comdiflex.com\/fr\/wp-json\/wp\/v2\/pages"}],"about":[{"href":"https:\/\/comdiflex.com\/fr\/wp-json\/wp\/v2\/types\/page"}],"author":[{"embeddable":true,"href":"https:\/\/comdiflex.com\/fr\/wp-json\/wp\/v2\/users\/1"}],"replies":[{"embeddable":true,"href":"https:\/\/comdiflex.com\/fr\/wp-json\/wp\/v2\/comments?post=10860"}],"version-history":[{"count":1,"href":"https:\/\/comdiflex.com\/fr\/wp-json\/wp\/v2\/pages\/10860\/revisions"}],"predecessor-version":[{"id":13376,"href":"https:\/\/comdiflex.com\/fr\/wp-json\/wp\/v2\/pages\/10860\/revisions\/13376"}],"up":[{"embeddable":true,"href":"https:\/\/comdiflex.com\/fr\/wp-json\/wp\/v2\/pages\/5407"}],"wp:attachment":[{"href":"https:\/\/comdiflex.com\/fr\/wp-json\/wp\/v2\/media?parent=10860"}],"curies":[{"name":"wp","href":"https:\/\/api.w.org\/{rel}","templated":true}]}}